{"id":26300,"date":"2025-11-07T15:49:27","date_gmt":"2025-11-07T20:49:27","guid":{"rendered":"https:\/\/lecochonsavant.com\/produit\/sweat-en-coton-queerwear-noir\/"},"modified":"2025-12-01T23:28:49","modified_gmt":"2025-12-02T04:28:49","slug":"sweat-en-coton-queerwear-noir","status":"publish","type":"product","link":"https:\/\/lecochonsavant.com\/en\/product\/sweat-en-coton-queerwear-noir\/","title":{"rendered":"Sweat en coton Queerwear noir"},"content":{"rendered":"<p data-start=\"168\" data-end=\"421\"><img decoding=\"async\" class=\"alignnone wp-image-32586\" src=\"https:\/\/lecochonsavant.com\/wp-content\/uploads\/2025\/11\/rabais-20-300x41.jpg\" alt=\"\" width=\"337\" height=\"46\" srcset=\"https:\/\/lecochonsavant.com\/wp-content\/uploads\/2025\/11\/rabais-20-300x41.jpg 300w, https:\/\/lecochonsavant.com\/wp-content\/uploads\/2025\/11\/rabais-20-64x9.jpg 64w, https:\/\/lecochonsavant.com\/wp-content\/uploads\/2025\/11\/rabais-20.jpg 528w\" sizes=\"(max-width: 337px) 100vw, 337px\" \/><\/p>\n<p data-start=\"168\" data-end=\"421\">Le sweat parfait pour ceux qui veulent \u00eatre <strong data-start=\"212\" data-end=\"251\">confortables\u2026 mais jamais innocents<\/strong>.<br data-start=\"252\" data-end=\"255\" \/>Douceur maximale, attitude minimale : tu l\u2019enfiles, et imm\u00e9diatement on a envie de te prendre dans ses bras\u2026 ou de te tirer par le col pour voir ce qu\u2019il y a dessous.<\/p>\n<p data-start=\"423\" data-end=\"606\">Avec son coton extensible, il s\u2019adapte \u00e0 toutes les morphologies :<br data-start=\"489\" data-end=\"492\" \/><strong data-start=\"492\" data-end=\"554\">mince, large, muscl\u00e9, velu, twink, daddy, ourson, licorne\u2026<\/strong> ce sweat \u00e9pouse tout le monde, sans discrimination.<\/p>\n<p data-start=\"608\" data-end=\"794\">La bande imprim\u00e9e \u201cQueerwear\u201d qui traverse la poitrine ?<br data-start=\"664\" data-end=\"667\" \/>C\u2019est comme un panneau lumineux qui dit :<br data-start=\"708\" data-end=\"711\" \/><strong data-start=\"711\" data-end=\"794\">\u00ab Oui, je suis mignon\u2026 et oui, je suis disponible pour inspection rapproch\u00e9e. \u00bb<\/strong><\/p>\n<hr data-start=\"796\" data-end=\"799\" \/>\n<h2 data-start=\"801\" data-end=\"836\"><strong data-start=\"804\" data-end=\"836\">Pourquoi tu vas le vouloir :<\/strong><\/h2>\n<p data-start=\"837\" data-end=\"1198\">\u2714 Tellement doux que les mains vont vouloir glisser dessous.<br data-start=\"897\" data-end=\"900\" \/>\u2714 Extensible juste assez pour les c\u00e2lins ET les mouvements suspects.<br data-start=\"968\" data-end=\"971\" \/>\u2714 Noir, \u00e9l\u00e9gant, mais avec une attitude de club queer \u00e0 3h du matin.<br data-start=\"1039\" data-end=\"1042\" \/>\u2714 Coupe flatteuse : ni trop large, ni trop serr\u00e9e\u2026 juste parfaitement dangereuse.<br data-start=\"1123\" data-end=\"1126\" \/>\u2714 Assez confortable pour Netflix, assez sexy pour <em data-start=\"1176\" data-end=\"1198\">\u201ctu restes dormir ?\u201d<\/em><\/p>\n<hr data-start=\"1200\" data-end=\"1203\" \/>\n<h2 data-start=\"1205\" data-end=\"1229\"><strong data-start=\"1208\" data-end=\"1229\">L\u2019effet garanti :<\/strong><\/h2>\n<p data-start=\"1230\" data-end=\"1380\">Tu arrives quelque part.<br data-start=\"1254\" data-end=\"1257\" \/>On te regarde.<br data-start=\"1271\" data-end=\"1274\" \/>On lit \u201cQueerwear\u201d.<br data-start=\"1293\" data-end=\"1296\" \/>On sourit.<br data-start=\"1306\" data-end=\"1309\" \/>Et ensuite, quelqu\u2019un pense :<br data-start=\"1338\" data-end=\"1341\" \/><strong data-start=\"1341\" data-end=\"1380\">\u00ab S\u2019il enl\u00e8ve le sweat\u2026 je meurs. \u00bb<\/strong><\/p>\n<p>\u2022 95\u00a0% coton, 5\u00a0% \u00e9lasthanne<br \/>\n\u2022 Poids du tissu\u00a0 : 265\u00a0g\/m\u00b2 (7,8\u00a0oz.\/yd.\u00b2)<br \/>\n\u2022 Coupe d\u00e9contract\u00e9e avec \u00e9paules tombantes<br \/>\n\u2022 L\u00e9g\u00e8rement extensible pour plus de confort et une meilleure tenue<br \/>\n\u2022 R\u00e9sistant au boulochage et durable apr\u00e8s plusieurs lavages<br \/>\n\u2022 Produit vierge provenant du Mexique<\/p>\n<p>Age restrictions: Pour les adultes<br \/>\nEU Warranty: 2\u00a0ans<\/p>\n<p>En conformit\u00e9 avec le R\u00e8glement pour la S\u00e9curit\u00e9 G\u00e9n\u00e9rale des Produits (RSGP), <b>sckript creations virtuelles inc.<\/b> et <b>SINDEN VENTURES LIMITED<\/b>garantissent que tous les produits de consommation propos\u00e9s sont s\u00fbrs et conformes aux normes de l&#8217;UE. Pour toutes questions ou pr\u00e9occupations concernant les mesures de s\u00e9curit\u00e9 des produits, veuillez contacter notre repr\u00e9sentant europ\u00e9en \u00e0 <b><span \n                data-original-string='\/2u6BsnEnZO2koJzEYMy7g==539uvt+TvCksPiog4RC6kY93uDBg8UH8Cn0+Y10f9uRkWI='\n                class='apbct-email-encoder'\n                title='This contact has been encoded by Anti-Spam by CleanTalk. Click to decode. To finish the decoding make sure that JavaScript is enabled in your browser.'>gp<span class=\"apbct-blur\">**<\/span>@<span class=\"apbct-blur\">************<\/span>es.com<\/span><\/b>. Vous pouvez \u00e9galement nous \u00e9crire \u00e0 <b>110 &#8211; 2905 mont\u00e9e Hamilton , QC, J0K 2T0 Canada<\/b> ou <b>Markou Evgenikou 11, Mesa Geitonia, 4002, Limassol, Cyprus.<b><\/b><\/b><\/p>","protected":false},"excerpt":{"rendered":"<p>Doux, extensible et con\u00e7u pour durer, ce sweat en coton allie confort et qualit\u00e9 pour un style d\u00e9contract\u00e9 qui convient \u00e0 toutes les morphologies. Sa forme \u00e9pur\u00e9e et son tissu respirant en font un \u00e9l\u00e9ment incontournable pour tout type de tenue.<\/p>","protected":false},"featured_media":26321,"comment_status":"open","ping_status":"closed","template":"","meta":{"nf_dc_page":"","_bbp_topic_count":0,"_bbp_reply_count":0,"_bbp_total_topic_count":0,"_bbp_total_reply_count":0,"_bbp_voice_count":0,"_bbp_anonymous_reply_count":0,"_bbp_topic_count_hidden":0,"_bbp_reply_count_hidden":0,"_bbp_forum_subforum_count":0,"jetpack_publicize_message":"","jetpack_publicize_feature_enabled":true,"jetpack_social_post_already_shared":true,"jetpack_social_options":{"image_generator_settings":{"template":"highway","default_image_id":0,"font":"","enabled":false},"version":2}},"product_brand":[109],"product_cat":[122],"product_tag":[123],"class_list":{"0":"post-26300","1":"product","2":"type-product","3":"status-publish","4":"has-post-thumbnail","6":"product_brand-cochon-savant","7":"product_cat-chandail","8":"product_tag-chandail","10":"first","11":"instock","12":"taxable","13":"shipping-taxable","14":"purchasable","15":"product-type-variable"},"jetpack_publicize_connections":[],"_links":{"self":[{"href":"https:\/\/lecochonsavant.com\/en\/wp-json\/wp\/v2\/product\/26300","targetHints":{"allow":["GET"]}}],"collection":[{"href":"https:\/\/lecochonsavant.com\/en\/wp-json\/wp\/v2\/product"}],"about":[{"href":"https:\/\/lecochonsavant.com\/en\/wp-json\/wp\/v2\/types\/product"}],"replies":[{"embeddable":true,"href":"https:\/\/lecochonsavant.com\/en\/wp-json\/wp\/v2\/comments?post=26300"}],"wp:featuredmedia":[{"embeddable":true,"href":"https:\/\/lecochonsavant.com\/en\/wp-json\/wp\/v2\/media\/26321"}],"wp:attachment":[{"href":"https:\/\/lecochonsavant.com\/en\/wp-json\/wp\/v2\/media?parent=26300"}],"wp:term":[{"taxonomy":"product_brand","embeddable":true,"href":"https:\/\/lecochonsavant.com\/en\/wp-json\/wp\/v2\/product_brand?post=26300"},{"taxonomy":"product_cat","embeddable":true,"href":"https:\/\/lecochonsavant.com\/en\/wp-json\/wp\/v2\/product_cat?post=26300"},{"taxonomy":"product_tag","embeddable":true,"href":"https:\/\/lecochonsavant.com\/en\/wp-json\/wp\/v2\/product_tag?post=26300"}],"curies":[{"name":"wp","href":"https:\/\/api.w.org\/{rel}","templated":true}]}}