{"id":26324,"date":"2025-11-07T15:58:07","date_gmt":"2025-11-07T20:58:07","guid":{"rendered":"https:\/\/lecochonsavant.com\/produit\/sweat-en-coton-queerwear-rose\/"},"modified":"2025-12-01T23:27:58","modified_gmt":"2025-12-02T04:27:58","slug":"sweat-en-coton-queerwear-rose","status":"publish","type":"product","link":"https:\/\/lecochonsavant.com\/en\/product\/sweat-en-coton-queerwear-rose\/","title":{"rendered":"Sweat en coton Queerwear rose"},"content":{"rendered":"<p data-start=\"155\" data-end=\"257\"><img decoding=\"async\" class=\"alignnone wp-image-32586\" src=\"https:\/\/lecochonsavant.com\/wp-content\/uploads\/2025\/11\/rabais-20-300x41.jpg\" alt=\"\" width=\"337\" height=\"46\" srcset=\"https:\/\/lecochonsavant.com\/wp-content\/uploads\/2025\/11\/rabais-20-300x41.jpg 300w, https:\/\/lecochonsavant.com\/wp-content\/uploads\/2025\/11\/rabais-20-64x9.jpg 64w, https:\/\/lecochonsavant.com\/wp-content\/uploads\/2025\/11\/rabais-20.jpg 528w\" sizes=\"(max-width: 337px) 100vw, 337px\" \/><\/p>\n<p data-start=\"155\" data-end=\"257\">Ce sweat rose, c\u2019est pas un v\u00eatement\u2026<br data-start=\"192\" data-end=\"195\" \/>C\u2019est une <strong data-start=\"205\" data-end=\"256\">invitation ouverte \u00e0 te regarder de haut en bas<\/strong>.<\/p>\n<p data-start=\"259\" data-end=\"519\">Ultra doux, extensible comme il faut, et tellement confortable que tu vas finir par oublier que tu le portes\u2026 mais <em data-start=\"374\" data-end=\"386\">les autres<\/em>, eux, vont l\u2019avoir bien en pleine vue.<br data-start=\"425\" data-end=\"428\" \/>Et crois-moi : <strong data-start=\"443\" data-end=\"519\">le rose, \u00e7a attire les yeux comme un crush toxique attire les probl\u00e8mes.<\/strong><\/p>\n<p data-start=\"521\" data-end=\"656\">Sa coupe est d\u00e9contract\u00e9e, mais son attitude ?<br data-start=\"567\" data-end=\"570\" \/><strong data-start=\"570\" data-end=\"656\">0 % discr\u00e8te, 100 % j\u2019assume, 200 % \u201cviens voir si je suis aussi doux en dessous.\u201d<\/strong><\/p>\n<p data-start=\"658\" data-end=\"815\">La bande Queerwear imprim\u00e9e en plein milieu, c\u2019est le message clair :<br data-start=\"727\" data-end=\"730\" \/><strong data-start=\"730\" data-end=\"815\">\u00ab Oui je suis cute. Oui je suis queer. Et oui, tu peux continuer \u00e0 me regarder. \u00bb<\/strong><\/p>\n<hr data-start=\"817\" data-end=\"820\" \/>\n<h2 data-start=\"822\" data-end=\"854\"><strong data-start=\"825\" data-end=\"854\">Pourquoi tu vas craquer :<\/strong><\/h2>\n<p data-start=\"855\" data-end=\"1227\">\u2714 Tellement doux que les c\u00e2lins deviennent une obligation sociale.<br data-start=\"921\" data-end=\"924\" \/>\u2714 Le rose met ta peau en valeur \u2014 n&#8217;importe laquelle, du lait au chocolat noir.<br data-start=\"1003\" data-end=\"1006\" \/>\u2714 Parfait pour les journ\u00e9es chill\u2026 ou les soir\u00e9es o\u00f9 tu veux faire monter la temp\u00e9rature.<br data-start=\"1095\" data-end=\"1098\" \/>\u2714 Coupe flatteuse qui dit : <em data-start=\"1126\" data-end=\"1154\">\u201cje suis relax, pas mort.\u201d<\/em><br data-start=\"1154\" data-end=\"1157\" \/>\u2714 L\u2019effet \u201cpull qu\u2019on veut t\u2019emprunter\u201d\u2026 mais qu\u2019on ne te rend jamais.<\/p>\n<hr data-start=\"1229\" data-end=\"1232\" \/>\n<h2 data-start=\"1234\" data-end=\"1262\"><strong data-start=\"1237\" data-end=\"1262\">Port\u00e9, \u00e7a fait quoi ?<\/strong><\/h2>\n<p data-start=\"1263\" data-end=\"1426\">Tu marches.<br data-start=\"1274\" data-end=\"1277\" \/>Le rose claque.<br data-start=\"1292\" data-end=\"1295\" \/>On tourne la t\u00eate.<br data-start=\"1313\" data-end=\"1316\" \/>On lit \u201cQUEERWEAR\u201d.<br data-start=\"1335\" data-end=\"1338\" \/>Et quelqu\u2019un pense tr\u00e8s fort :<br data-start=\"1368\" data-end=\"1371\" \/><strong data-start=\"1371\" data-end=\"1426\">\u00ab J\u2019aimerais bien voir ce qu\u2019il porte en dessous. \u00bb<\/strong><\/p>\n<p>\u2022 95\u00a0% coton, 5\u00a0% \u00e9lasthanne<br \/>\n\u2022 Poids du tissu\u00a0 : 265\u00a0g\/m\u00b2 (7,8\u00a0oz.\/yd.\u00b2)<br \/>\n\u2022 Coupe d\u00e9contract\u00e9e avec \u00e9paules tombantes<br \/>\n\u2022 L\u00e9g\u00e8rement extensible pour plus de confort et une meilleure tenue<br \/>\n\u2022 R\u00e9sistant au boulochage et durable apr\u00e8s plusieurs lavages<br \/>\n\u2022 Produit vierge provenant du Mexique<\/p>\n<p>Age restrictions: Pour les adultes<br \/>\nEU Warranty: 2\u00a0ans<\/p>\n<p>En conformit\u00e9 avec le R\u00e8glement pour la S\u00e9curit\u00e9 G\u00e9n\u00e9rale des Produits (RSGP), <b>sckript creations virtuelles inc.<\/b> et <b>SINDEN VENTURES LIMITED<\/b>garantissent que tous les produits de consommation propos\u00e9s sont s\u00fbrs et conformes aux normes de l&#8217;UE. Pour toutes questions ou pr\u00e9occupations concernant les mesures de s\u00e9curit\u00e9 des produits, veuillez contacter notre repr\u00e9sentant europ\u00e9en \u00e0 <b><span \n                data-original-string='5B2tVDMnXitbGdphySFjnA==539pw\/zfIyohvYe4BwAkUPiu+jSqwOx5tdqteXt43D2IuI='\n                class='apbct-email-encoder'\n                title='This contact has been encoded by Anti-Spam by CleanTalk. Click to decode. To finish the decoding make sure that JavaScript is enabled in your browser.'>gp<span class=\"apbct-blur\">**<\/span>@<span class=\"apbct-blur\">************<\/span>es.com<\/span><\/b>. Vous pouvez \u00e9galement nous \u00e9crire \u00e0 <b>110 &#8211; 2905 mont\u00e9e Hamilton , QC, J0K 2T0 Canada<\/b> ou <b>Markou Evgenikou 11, Mesa Geitonia, 4002, Limassol, Cyprus.<b><\/b><\/b><\/p>","protected":false},"excerpt":{"rendered":"<p>Doux, extensible et con\u00e7u pour durer, ce sweat en coton allie confort et qualit\u00e9 pour un style d\u00e9contract\u00e9 qui convient \u00e0 toutes les morphologies. Sa forme \u00e9pur\u00e9e et son tissu respirant en font un \u00e9l\u00e9ment incontournable pour tout type de tenue.<\/p>","protected":false},"featured_media":26339,"comment_status":"open","ping_status":"closed","template":"","meta":{"nf_dc_page":"","_bbp_topic_count":0,"_bbp_reply_count":0,"_bbp_total_topic_count":0,"_bbp_total_reply_count":0,"_bbp_voice_count":0,"_bbp_anonymous_reply_count":0,"_bbp_topic_count_hidden":0,"_bbp_reply_count_hidden":0,"_bbp_forum_subforum_count":0,"jetpack_publicize_message":"","jetpack_publicize_feature_enabled":true,"jetpack_social_post_already_shared":true,"jetpack_social_options":{"image_generator_settings":{"template":"highway","default_image_id":0,"font":"","enabled":false},"version":2}},"product_brand":[109],"product_cat":[122],"product_tag":[123],"class_list":{"0":"post-26324","1":"product","2":"type-product","3":"status-publish","4":"has-post-thumbnail","6":"product_brand-cochon-savant","7":"product_cat-chandail","8":"product_tag-chandail","10":"first","11":"instock","12":"taxable","13":"shipping-taxable","14":"purchasable","15":"product-type-variable"},"jetpack_publicize_connections":[],"_links":{"self":[{"href":"https:\/\/lecochonsavant.com\/en\/wp-json\/wp\/v2\/product\/26324","targetHints":{"allow":["GET"]}}],"collection":[{"href":"https:\/\/lecochonsavant.com\/en\/wp-json\/wp\/v2\/product"}],"about":[{"href":"https:\/\/lecochonsavant.com\/en\/wp-json\/wp\/v2\/types\/product"}],"replies":[{"embeddable":true,"href":"https:\/\/lecochonsavant.com\/en\/wp-json\/wp\/v2\/comments?post=26324"}],"wp:featuredmedia":[{"embeddable":true,"href":"https:\/\/lecochonsavant.com\/en\/wp-json\/wp\/v2\/media\/26339"}],"wp:attachment":[{"href":"https:\/\/lecochonsavant.com\/en\/wp-json\/wp\/v2\/media?parent=26324"}],"wp:term":[{"taxonomy":"product_brand","embeddable":true,"href":"https:\/\/lecochonsavant.com\/en\/wp-json\/wp\/v2\/product_brand?post=26324"},{"taxonomy":"product_cat","embeddable":true,"href":"https:\/\/lecochonsavant.com\/en\/wp-json\/wp\/v2\/product_cat?post=26324"},{"taxonomy":"product_tag","embeddable":true,"href":"https:\/\/lecochonsavant.com\/en\/wp-json\/wp\/v2\/product_tag?post=26324"}],"curies":[{"name":"wp","href":"https:\/\/api.w.org\/{rel}","templated":true}]}}