{"id":26740,"date":"2025-11-13T17:09:26","date_gmt":"2025-11-13T22:09:26","guid":{"rendered":"https:\/\/lecochonsavant.com\/?post_type=product&#038;p=26740"},"modified":"2025-12-02T17:27:35","modified_gmt":"2025-12-02T22:27:35","slug":"carte-privilege","status":"publish","type":"product","link":"https:\/\/lecochonsavant.com\/en\/product\/carte-privilege\/","title":{"rendered":"Carte Privil\u00e8ge"},"content":{"rendered":"<h3 data-start=\"656\" data-end=\"700\">\u2714\ufe0f <strong data-start=\"663\" data-end=\"700\">Rabais exclusifs sur les produits<\/strong><\/h3>\n<p data-start=\"701\" data-end=\"723\">Chaque membre re\u00e7oit :<\/p>\n<ul data-start=\"724\" data-end=\"948\">\n<li data-start=\"724\" data-end=\"780\">\n<p data-start=\"726\" data-end=\"780\"><strong data-start=\"726\" data-end=\"743\">\u00a0Rabais de 10% \u00e0 50%<\/strong> sur les produits marqu\u00e9s \u201cPrivil\u00e8ge\u201d<\/p>\n<\/li>\n<li data-start=\"874\" data-end=\"948\">\n<p data-start=\"876\" data-end=\"948\">Les rabais sont automatiquement appliqu\u00e9s d\u00e8s que le client est connect\u00e9<\/p>\n<\/li>\n<\/ul>\n<hr data-start=\"950\" data-end=\"953\" \/>\n<h3 data-start=\"955\" data-end=\"984\">\u2714\ufe0f <strong data-start=\"962\" data-end=\"984\">Journ\u00e9es Privil\u00e8ge<\/strong><\/h3>\n<p data-start=\"985\" data-end=\"1016\">\u00c0 certains moments de l\u2019ann\u00e9e :<\/p>\n<ul data-start=\"1017\" data-end=\"1198\">\n<li data-start=\"1017\" data-end=\"1052\">\n<p data-start=\"1019\" data-end=\"1052\">Le taux de rabais monte \u00e0 <strong data-start=\"1045\" data-end=\"1052\">35%<\/strong><\/p>\n<\/li>\n<li data-start=\"1053\" data-end=\"1145\">\n<p data-start=\"1055\" data-end=\"1145\">D\u2019autres produits rares ou sp\u00e9ciaux deviennent accessibles seulement aux membres privil\u00e8ge<\/p>\n<\/li>\n<li data-start=\"1146\" data-end=\"1198\">\n<p data-start=\"1148\" data-end=\"1198\">Journ\u00e9es annonc\u00e9es par infolettre et notifications<\/p>\n<\/li>\n<\/ul>\n<hr data-start=\"1200\" data-end=\"1203\" \/>\n<h3 data-start=\"1205\" data-end=\"1244\">\u2714\ufe0f <strong data-start=\"1212\" data-end=\"1244\">Acc\u00e8s \u00e0 des articles uniques<\/strong><\/h3>\n<p data-start=\"1245\" data-end=\"1314\">Certains produits, collections ou \u00e9ditions limit\u00e9es seront r\u00e9serv\u00e9s :<\/p>\n<ul data-start=\"1315\" data-end=\"1408\">\n<li data-start=\"1315\" data-end=\"1343\">\n<p data-start=\"1317\" data-end=\"1343\">Aux d\u00e9tenteurs de la carte<\/p>\n<\/li>\n<li data-start=\"1344\" data-end=\"1408\">\n<p data-start=\"1346\" data-end=\"1408\">Ou accessibles avec un rabais que les autres ne verront jamais<\/p>\n<\/li>\n<\/ul>\n<hr data-start=\"1410\" data-end=\"1413\" \/>\n<ul data-start=\"1506\" data-end=\"1653\">\n<li data-start=\"1612\" data-end=\"1653\">\n<p data-start=\"1614\" data-end=\"1653\">\n<\/li>\n<\/ul>","protected":false},"excerpt":{"rendered":"<p>La <strong data-start=\"275\" data-end=\"294\">Carte Privil\u00e8ge<\/strong> est la cl\u00e9 d\u2019entr\u00e9e vers l\u2019univers priv\u00e9 du <em data-start=\"339\" data-end=\"354\">Cochon Savant<\/em> \u2014 un espace r\u00e9serv\u00e9, \u00e9l\u00e9gant et pens\u00e9 pour ceux qui veulent profiter du meilleur\u2026 sans compromis.<\/p>","protected":false},"featured_media":28789,"comment_status":"open","ping_status":"closed","template":"","meta":{"nf_dc_page":"","_bbp_topic_count":0,"_bbp_reply_count":0,"_bbp_total_topic_count":0,"_bbp_total_reply_count":0,"_bbp_voice_count":0,"_bbp_anonymous_reply_count":0,"_bbp_topic_count_hidden":0,"_bbp_reply_count_hidden":0,"_bbp_forum_subforum_count":0,"jetpack_publicize_message":"","jetpack_publicize_feature_enabled":true,"jetpack_social_post_already_shared":true,"jetpack_social_options":{"image_generator_settings":{"template":"highway","default_image_id":0,"font":"","enabled":false},"version":2}},"product_brand":[109],"product_cat":[529],"product_tag":[530],"class_list":{"0":"post-26740","1":"product","2":"type-product","3":"status-publish","4":"has-post-thumbnail","6":"product_brand-cochon-savant","7":"product_cat-carte-membre","8":"product_tag-carte-membre","10":"first","11":"instock","12":"virtual","13":"taxable","14":"product-type-simple"},"jetpack_publicize_connections":[],"_links":{"self":[{"href":"https:\/\/lecochonsavant.com\/en\/wp-json\/wp\/v2\/product\/26740","targetHints":{"allow":["GET"]}}],"collection":[{"href":"https:\/\/lecochonsavant.com\/en\/wp-json\/wp\/v2\/product"}],"about":[{"href":"https:\/\/lecochonsavant.com\/en\/wp-json\/wp\/v2\/types\/product"}],"replies":[{"embeddable":true,"href":"https:\/\/lecochonsavant.com\/en\/wp-json\/wp\/v2\/comments?post=26740"}],"wp:featuredmedia":[{"embeddable":true,"href":"https:\/\/lecochonsavant.com\/en\/wp-json\/wp\/v2\/media\/28789"}],"wp:attachment":[{"href":"https:\/\/lecochonsavant.com\/en\/wp-json\/wp\/v2\/media?parent=26740"}],"wp:term":[{"taxonomy":"product_brand","embeddable":true,"href":"https:\/\/lecochonsavant.com\/en\/wp-json\/wp\/v2\/product_brand?post=26740"},{"taxonomy":"product_cat","embeddable":true,"href":"https:\/\/lecochonsavant.com\/en\/wp-json\/wp\/v2\/product_cat?post=26740"},{"taxonomy":"product_tag","embeddable":true,"href":"https:\/\/lecochonsavant.com\/en\/wp-json\/wp\/v2\/product_tag?post=26740"}],"curies":[{"name":"wp","href":"https:\/\/api.w.org\/{rel}","templated":true}]}}