{"id":27921,"date":"2025-11-26T19:12:17","date_gmt":"2025-11-27T00:12:17","guid":{"rendered":"https:\/\/lecochonsavant.com\/produit\/sexy-slips-pour-homme-en-simili-cuir-avec-rivets\/"},"modified":"2025-12-01T23:14:56","modified_gmt":"2025-12-02T04:14:56","slug":"sexy-slips-pour-homme-en-simili-cuir-avec-rivets","status":"publish","type":"product","link":"https:\/\/lecochonsavant.com\/en\/product\/sexy-slips-pour-homme-en-simili-cuir-avec-rivets\/","title":{"rendered":"Sexy slips pour homme en simili-cuir avec rivets."},"content":{"rendered":"<div class=\"flex max-w-full flex-col grow\">\n<div class=\"min-h-8 text-message relative flex w-full flex-col items-end gap-2 text-start break-words whitespace-normal [.text-message+&amp;]:mt-1\" dir=\"auto\" data-message-author-role=\"assistant\" data-message-id=\"7e5cf07f-11cb-4ec2-a3c2-714f9bddd6ba\" data-message-model-slug=\"gpt-5-1\">\n<div class=\"flex w-full flex-col gap-1 empty:hidden first:pt-[1px]\">\n<div class=\"markdown prose dark:prose-invert w-full break-words dark markdown-new-styling\">\n<h3 data-start=\"122\" data-end=\"197\"><img decoding=\"async\" class=\"alignnone wp-image-32586\" src=\"https:\/\/lecochonsavant.com\/wp-content\/uploads\/2025\/11\/rabais-20-300x41.jpg\" alt=\"\" width=\"337\" height=\"46\" srcset=\"https:\/\/lecochonsavant.com\/wp-content\/uploads\/2025\/11\/rabais-20-300x41.jpg 300w, https:\/\/lecochonsavant.com\/wp-content\/uploads\/2025\/11\/rabais-20-64x9.jpg 64w, https:\/\/lecochonsavant.com\/wp-content\/uploads\/2025\/11\/rabais-20.jpg 528w\" sizes=\"(max-width: 337px) 100vw, 337px\" \/><\/h3>\n<h3 data-start=\"122\" data-end=\"197\"><strong data-start=\"126\" data-end=\"197\">Slip sexy pour homme en simili-cuir avec rivets \u2014 attitude garantie<\/strong><\/h3>\n<p data-start=\"199\" data-end=\"440\">Ce slip en simili-cuir ne fait pas dans la discr\u00e9tion\u2026 et c\u2019est exactement pour \u00e7a qu\u2019on l\u2019adore.<br data-start=\"296\" data-end=\"299\" \/>Doux, moulant et superbement brillant, il \u00e9pouse tout ce qu\u2019il doit \u00e9pouser \u2014 avec juste assez de tension pour faire monter la temp\u00e9rature.<\/p>\n<p data-start=\"442\" data-end=\"697\">La rang\u00e9e de <strong data-start=\"455\" data-end=\"477\">rivets m\u00e9talliques<\/strong> \u00e0 l\u2019avant ajoute une touche brute, un clin d\u2019\u0153il assum\u00e9 aux esth\u00e9tiques f\u00e9tish et aux plaisirs nocturnes.<br data-start=\"583\" data-end=\"586\" \/>Port\u00e9 seul ou sous un jeans bien ajust\u00e9, il donne imm\u00e9diatement un <strong data-start=\"653\" data-end=\"696\">look dominant, s\u00fbr de lui, pr\u00eat \u00e0 jouer<\/strong>.<\/p>\n<p data-start=\"699\" data-end=\"783\">Un slip pour ceux qui aiment se sentir d\u00e9sir\u00e9s\u2026 et qui n\u2019ont pas peur de le montrer.<\/p>\n<h3 data-start=\"49\" data-end=\"86\"><strong data-start=\"53\" data-end=\"86\">Informations sur le produit :<\/strong><\/h3>\n<ul data-start=\"88\" data-end=\"424\">\n<li data-start=\"88\" data-end=\"118\">\n<p data-start=\"90\" data-end=\"118\"><strong data-start=\"90\" data-end=\"108\">Nom du tissu :<\/strong> cuir PU<\/p>\n<\/li>\n<li data-start=\"143\" data-end=\"203\">\n<p data-start=\"145\" data-end=\"203\"><strong data-start=\"145\" data-end=\"182\">Composition principale du tissu :<\/strong> fibre de polyester<\/p>\n<\/li>\n<\/ul>\n<hr data-start=\"426\" data-end=\"429\" \/>\n<h3 data-start=\"431\" data-end=\"446\"><strong data-start=\"435\" data-end=\"446\">Notes :<\/strong><\/h3>\n<ol data-start=\"448\" data-end=\"896\">\n<li data-start=\"448\" data-end=\"685\">\n<p data-start=\"451\" data-end=\"685\">Les tailles asiatiques sont 1 \u00e0 2 tailles plus petites que les tailles europ\u00e9ennes et am\u00e9ricaines. Si vous \u00eates entre deux tailles, choisissez la plus grande. Une diff\u00e9rence de 2 \u00e0 3 cm peut survenir en raison de la mesure manuelle.<\/p>\n<\/li>\n<li data-start=\"686\" data-end=\"836\">\n<p data-start=\"689\" data-end=\"836\">Veuillez v\u00e9rifier attentivement le tableau des tailles avant l\u2019achat. Si vous ne savez pas quelle taille choisir, contactez notre service client.<\/p>\n<\/li>\n<li data-start=\"837\" data-end=\"896\">\n<p data-start=\"840\" data-end=\"896\">Les couleurs peuvent varier l\u00e9g\u00e8rement selon les \u00e9crans.<\/p>\n<\/li>\n<\/ol>\n<hr data-start=\"898\" data-end=\"901\" \/>\n<h3 data-start=\"903\" data-end=\"935\"><strong data-start=\"907\" data-end=\"935\">Contenu de l\u2019emballage :<\/strong><\/h3>\n<ul data-start=\"937\" data-end=\"958\" data-is-last-node=\"\" data-is-only-node=\"\">\n<li data-start=\"937\" data-end=\"958\" data-is-last-node=\"\">\n<p data-start=\"939\" data-end=\"958\" data-is-last-node=\"\"><strong data-start=\"939\" data-end=\"958\" data-is-last-node=\"\">1 sous-v\u00eatement<\/strong><\/p>\n<\/li>\n<\/ul>\n<\/div>\n<\/div>\n<\/div>\n<\/div>\n<div class=\"z-0 flex min-h-[46px] justify-start\"><\/div>\n<div class=\"border-token-border-light my-2 flex gap-10 border-t pt-4\">\n<div class=\"flex items-center justify-center overflow-hidden h-14 w-14 rounded-lg\"><\/div>\n<\/div>\n","protected":false},"excerpt":{"rendered":"<p>Slip sexy pour homme en simili-cuir avec rivets \u2014 attitude garantie Ce slip en simili-cuir ne fait pas dans la discr\u00e9tion\u2026 et c\u2019est exactement pour \u00e7a qu\u2019on l\u2019adore.Doux, moulant et superbement brillant, il \u00e9pouse tout ce qu\u2019il doit \u00e9pouser \u2014 avec juste assez de tension pour faire monter la temp\u00e9rature. La rang\u00e9e de rivets m\u00e9talliques [&hellip;]<\/p>\n","protected":false},"featured_media":27916,"comment_status":"open","ping_status":"closed","template":"","meta":{"nf_dc_page":"","_bbp_topic_count":0,"_bbp_reply_count":0,"_bbp_total_topic_count":0,"_bbp_total_reply_count":0,"_bbp_voice_count":0,"_bbp_anonymous_reply_count":0,"_bbp_topic_count_hidden":0,"_bbp_reply_count_hidden":0,"_bbp_forum_subforum_count":0,"jetpack_publicize_message":"","jetpack_publicize_feature_enabled":true,"jetpack_social_post_already_shared":true,"jetpack_social_options":{"image_generator_settings":{"template":"highway","default_image_id":0,"font":"","enabled":false},"version":2}},"product_brand":[],"product_cat":[444],"product_tag":[544],"class_list":{"0":"post-27921","1":"product","2":"type-product","3":"status-publish","4":"has-post-thumbnail","6":"product_cat-slips","7":"product_tag-slips","9":"first","10":"instock","11":"taxable","12":"shipping-taxable","13":"purchasable","14":"product-type-variable"},"jetpack_publicize_connections":[],"_links":{"self":[{"href":"https:\/\/lecochonsavant.com\/en\/wp-json\/wp\/v2\/product\/27921","targetHints":{"allow":["GET"]}}],"collection":[{"href":"https:\/\/lecochonsavant.com\/en\/wp-json\/wp\/v2\/product"}],"about":[{"href":"https:\/\/lecochonsavant.com\/en\/wp-json\/wp\/v2\/types\/product"}],"replies":[{"embeddable":true,"href":"https:\/\/lecochonsavant.com\/en\/wp-json\/wp\/v2\/comments?post=27921"}],"wp:featuredmedia":[{"embeddable":true,"href":"https:\/\/lecochonsavant.com\/en\/wp-json\/wp\/v2\/media\/27916"}],"wp:attachment":[{"href":"https:\/\/lecochonsavant.com\/en\/wp-json\/wp\/v2\/media?parent=27921"}],"wp:term":[{"taxonomy":"product_brand","embeddable":true,"href":"https:\/\/lecochonsavant.com\/en\/wp-json\/wp\/v2\/product_brand?post=27921"},{"taxonomy":"product_cat","embeddable":true,"href":"https:\/\/lecochonsavant.com\/en\/wp-json\/wp\/v2\/product_cat?post=27921"},{"taxonomy":"product_tag","embeddable":true,"href":"https:\/\/lecochonsavant.com\/en\/wp-json\/wp\/v2\/product_tag?post=27921"}],"curies":[{"name":"wp","href":"https:\/\/api.w.org\/{rel}","templated":true}]}}