{"id":27941,"date":"2025-11-26T19:14:03","date_gmt":"2025-11-27T00:14:03","guid":{"rendered":"https:\/\/lecochonsavant.com\/produit\/mens-leggings-one-piece-tight-ultra-thin-stretch\/"},"modified":"2025-12-01T23:14:08","modified_gmt":"2025-12-02T04:14:08","slug":"mens-leggings-one-piece-tight-ultra-thin-stretch","status":"publish","type":"product","link":"https:\/\/lecochonsavant.com\/en\/product\/mens-leggings-one-piece-tight-ultra-thin-stretch\/","title":{"rendered":"Leggings Ultra-mince transparent extensible"},"content":{"rendered":"<p data-start=\"188\" data-end=\"262\"><img decoding=\"async\" class=\"alignnone wp-image-32586\" src=\"https:\/\/lecochonsavant.com\/wp-content\/uploads\/2025\/11\/rabais-20-300x41.jpg\" alt=\"\" width=\"337\" height=\"46\" srcset=\"https:\/\/lecochonsavant.com\/wp-content\/uploads\/2025\/11\/rabais-20-300x41.jpg 300w, https:\/\/lecochonsavant.com\/wp-content\/uploads\/2025\/11\/rabais-20-64x9.jpg 64w, https:\/\/lecochonsavant.com\/wp-content\/uploads\/2025\/11\/rabais-20.jpg 528w\" sizes=\"(max-width: 337px) 100vw, 337px\" \/><\/p>\n<p data-start=\"188\" data-end=\"262\">Oublie la discr\u00e9tion : ce legging est une <strong data-start=\"230\" data-end=\"261\">arme de distraction massive<\/strong>.<\/p>\n<p data-start=\"264\" data-end=\"597\">Ultra-mince au point d\u2019\u00eatre presque imaginaire, il colle \u00e0 la peau comme une caresse et <strong data-start=\"352\" data-end=\"380\">ne cache absolument rien<\/strong>.<br data-start=\"381\" data-end=\"384\" \/>Chaque courbe, chaque tension musculaire, chaque mouvement\u2026 tout devient une invitation.<br data-start=\"472\" data-end=\"475\" \/>Et ce qui se devine au centre ? Disons simplement que <strong data-start=\"529\" data-end=\"596\">c\u2019est le genre de silhouette qui fait arr\u00eater les conversations<\/strong>.<\/p>\n<p data-start=\"599\" data-end=\"693\">Son tissu extensible semble murmurer : <em data-start=\"638\" data-end=\"659\">\u201cRegarde-moi bien.\u201d<\/em><br data-start=\"659\" data-end=\"662\" \/>Et personne ne pourra dire non.<\/p>\n<p data-start=\"695\" data-end=\"858\">Parfait pour l\u2019entra\u00eenement, une soir\u00e9e tr\u00e8s priv\u00e9e\u2026 ou juste pour provoquer des \u00e9meutes \u00e0 la maison.<br data-start=\"796\" data-end=\"799\" \/>Tu marches, et c\u2019est tout le monde qui retient son souffle.<\/p>\n<p data-start=\"860\" data-end=\"989\">Un legging fait pour les audacieux.<br data-start=\"895\" data-end=\"898\" \/>Pour les joueurs.<br data-start=\"915\" data-end=\"918\" \/>Pour ceux qui n\u2019ont pas peur de montrer qu\u2019ils en ont\u2026 sous le legging.<\/p>\n<h3 data-start=\"49\" data-end=\"86\"><strong data-start=\"53\" data-end=\"86\">Informations sur le produit :<\/strong><\/h3>\n<ul data-start=\"88\" data-end=\"362\">\n<li data-start=\"88\" data-end=\"117\">\n<p data-start=\"90\" data-end=\"117\"><strong data-start=\"90\" data-end=\"105\">\u00c9paisseur :<\/strong> ultra-fin<\/p>\n<\/li>\n<li data-start=\"202\" data-end=\"249\">\n<p data-start=\"204\" data-end=\"249\"><strong data-start=\"204\" data-end=\"241\">Composition principale du tissu :<\/strong> nylon transparent<\/p>\n<\/li>\n<\/ul>\n<hr data-start=\"364\" data-end=\"367\" \/>\n<h3 data-start=\"369\" data-end=\"384\"><strong data-start=\"373\" data-end=\"384\">Notes :<\/strong><\/h3>\n<ol data-start=\"386\" data-end=\"830\">\n<li data-start=\"386\" data-end=\"623\">\n<p data-start=\"389\" data-end=\"623\">Les tailles asiatiques sont 1 \u00e0 2 tailles plus petites que les tailles europ\u00e9ennes et am\u00e9ricaines. Si vous \u00eates entre deux tailles, choisissez la plus grande. Une diff\u00e9rence de 2 \u00e0 3 cm peut survenir en raison de la mesure manuelle.<\/p>\n<\/li>\n<li data-start=\"624\" data-end=\"770\">\n<p data-start=\"627\" data-end=\"770\">Veuillez v\u00e9rifier attentivement le tableau des tailles avant d\u2019acheter. Si vous ne savez pas comment choisir, contactez notre service client.<\/p>\n<\/li>\n<li data-start=\"771\" data-end=\"830\">\n<p data-start=\"774\" data-end=\"830\">Les couleurs peuvent l\u00e9g\u00e8rement varier selon les \u00e9crans.<\/p>\n<\/li>\n<\/ol>\n<hr data-start=\"832\" data-end=\"835\" \/>\n<h3 data-start=\"837\" data-end=\"869\"><strong data-start=\"841\" data-end=\"869\">Contenu de l\u2019emballage :<\/strong><\/h3>\n<ul data-start=\"871\" data-end=\"892\" data-is-last-node=\"\" data-is-only-node=\"\">\n<li data-start=\"871\" data-end=\"892\" data-is-last-node=\"\">\n<p data-start=\"873\" data-end=\"892\" data-is-last-node=\"\">\n<\/li>\n<\/ul>\n<p><b>Product Image:<\/b><\/p>\n<p><img decoding=\"async\" src=\"https:\/\/oss-cf.cjdropshipping.com\/product\/2025\/02\/16\/08\/a963e904-0e4e-4997-9f73-2c9c81c64869_trans.jpeg\" \/><\/p>\n<p><img decoding=\"async\" src=\"https:\/\/oss-cf.cjdropshipping.com\/product\/2025\/02\/16\/08\/1ee9d155-51ce-45fb-8717-29252e100791_trans.jpeg\" \/><\/p>","protected":false},"excerpt":{"rendered":"<p>Oublie la discr\u00e9tion : ce legging est une arme de distraction massive. Ultra-mince au point d\u2019\u00eatre presque imaginaire, il colle \u00e0 la peau comme une caresse et ne cache absolument rien.Chaque courbe, chaque tension musculaire, chaque mouvement\u2026 tout devient une invitation.Et ce qui se devine au centre ? Disons simplement que c\u2019est le genre de [&hellip;]<\/p>\n","protected":false},"featured_media":27932,"comment_status":"open","ping_status":"closed","template":"","meta":{"nf_dc_page":"","_bbp_topic_count":0,"_bbp_reply_count":0,"_bbp_total_topic_count":0,"_bbp_total_reply_count":0,"_bbp_voice_count":0,"_bbp_anonymous_reply_count":0,"_bbp_topic_count_hidden":0,"_bbp_reply_count_hidden":0,"_bbp_forum_subforum_count":0,"jetpack_publicize_message":"","jetpack_publicize_feature_enabled":true,"jetpack_social_post_already_shared":true,"jetpack_social_options":{"image_generator_settings":{"template":"highway","default_image_id":0,"font":"","enabled":false},"version":2}},"product_brand":[],"product_cat":[216],"product_tag":[218,546],"class_list":{"0":"post-27941","1":"product","2":"type-product","3":"status-publish","4":"has-post-thumbnail","6":"product_cat-leggings","7":"product_tag-leggings","8":"product_tag-transparent","10":"first","11":"instock","12":"taxable","13":"shipping-taxable","14":"purchasable","15":"product-type-variable"},"jetpack_publicize_connections":[],"_links":{"self":[{"href":"https:\/\/lecochonsavant.com\/en\/wp-json\/wp\/v2\/product\/27941","targetHints":{"allow":["GET"]}}],"collection":[{"href":"https:\/\/lecochonsavant.com\/en\/wp-json\/wp\/v2\/product"}],"about":[{"href":"https:\/\/lecochonsavant.com\/en\/wp-json\/wp\/v2\/types\/product"}],"replies":[{"embeddable":true,"href":"https:\/\/lecochonsavant.com\/en\/wp-json\/wp\/v2\/comments?post=27941"}],"wp:featuredmedia":[{"embeddable":true,"href":"https:\/\/lecochonsavant.com\/en\/wp-json\/wp\/v2\/media\/27932"}],"wp:attachment":[{"href":"https:\/\/lecochonsavant.com\/en\/wp-json\/wp\/v2\/media?parent=27941"}],"wp:term":[{"taxonomy":"product_brand","embeddable":true,"href":"https:\/\/lecochonsavant.com\/en\/wp-json\/wp\/v2\/product_brand?post=27941"},{"taxonomy":"product_cat","embeddable":true,"href":"https:\/\/lecochonsavant.com\/en\/wp-json\/wp\/v2\/product_cat?post=27941"},{"taxonomy":"product_tag","embeddable":true,"href":"https:\/\/lecochonsavant.com\/en\/wp-json\/wp\/v2\/product_tag?post=27941"}],"curies":[{"name":"wp","href":"https:\/\/api.w.org\/{rel}","templated":true}]}}