{"id":27992,"date":"2025-11-26T19:19:16","date_gmt":"2025-11-27T00:19:16","guid":{"rendered":"https:\/\/lecochonsavant.com\/produit\/legging-thermique-avec-entrejambe-ouvert-leggings-fins-en-modal-serres\/"},"modified":"2025-12-01T23:13:34","modified_gmt":"2025-12-02T04:13:34","slug":"legging-thermique-avec-entrejambe-ouvert-leggings-fins-en-modal-serres","status":"publish","type":"product","link":"https:\/\/lecochonsavant.com\/en\/product\/legging-thermique-avec-entrejambe-ouvert-leggings-fins-en-modal-serres\/","title":{"rendered":"legging thermique  avec entrejambe ouvert, leggings fins en modal, serr\u00e9s."},"content":{"rendered":"<div class=\"flex max-w-full flex-col grow\">\n<div class=\"min-h-8 text-message relative flex w-full flex-col items-end gap-2 text-start break-words whitespace-normal [.text-message+&amp;]:mt-1\" dir=\"auto\" data-message-author-role=\"assistant\" data-message-id=\"dcffcb5d-2f86-4ffc-b9b1-2b4a5ee5447d\" data-message-model-slug=\"gpt-5-1\">\n<div class=\"flex w-full flex-col gap-1 empty:hidden first:pt-[1px]\">\n<div class=\"markdown prose dark:prose-invert w-full break-words dark markdown-new-styling\">\n<p data-start=\"211\" data-end=\"279\"><img decoding=\"async\" class=\"alignnone wp-image-32586\" src=\"https:\/\/lecochonsavant.com\/wp-content\/uploads\/2025\/11\/rabais-20-300x41.jpg\" alt=\"\" width=\"337\" height=\"46\" srcset=\"https:\/\/lecochonsavant.com\/wp-content\/uploads\/2025\/11\/rabais-20-300x41.jpg 300w, https:\/\/lecochonsavant.com\/wp-content\/uploads\/2025\/11\/rabais-20-64x9.jpg 64w, https:\/\/lecochonsavant.com\/wp-content\/uploads\/2025\/11\/rabais-20.jpg 528w\" sizes=\"(max-width: 337px) 100vw, 337px\" \/><\/p>\n<p data-start=\"211\" data-end=\"279\">Ce legging n\u2019essaie m\u00eame pas d\u2019\u00eatre sage \u2014 il s\u2019assume compl\u00e8tement.<\/p>\n<p data-start=\"281\" data-end=\"582\">Con\u00e7u en modal fin, doux et extensible, il \u00e9pouse chaque courbe avec une pr\u00e9cision presque ind\u00e9cente.<br data-start=\"382\" data-end=\"385\" \/>Mais c\u2019est surtout son d\u00e9tail signature qui fait tourner les t\u00eates :<br data-start=\"453\" data-end=\"456\" \/><strong data-start=\"456\" data-end=\"501\">une ouverture frontale totalement assum\u00e9e<\/strong>, pens\u00e9e pour ceux qui aiment la libert\u00e9, le confort\u2026<br data-start=\"554\" data-end=\"557\" \/>et l\u2019effet <em data-start=\"568\" data-end=\"573\">wow<\/em> garanti.<\/p>\n<p data-start=\"584\" data-end=\"721\">Chauds, moulants, provocants :<br data-start=\"614\" data-end=\"617\" \/>c\u2019est le m\u00e9lange parfait entre tenue d\u2019int\u00e9rieur sexy, sous-v\u00eatement audacieux et pi\u00e8ce f\u00e9tiche assum\u00e9e.<\/p>\n<p data-start=\"723\" data-end=\"870\">Id\u00e9al pour <strong data-start=\"734\" data-end=\"757\">montrer juste assez<\/strong>\u2026 ou tout montrer, selon ton humeur.<br data-start=\"793\" data-end=\"796\" \/>Avec ces leggings, tu ne passes plus incognito : tu deviens <em data-start=\"856\" data-end=\"869\">l\u2019\u00e9v\u00e9nement<\/em>.<\/p>\n<h3 data-start=\"50\" data-end=\"87\"><strong data-start=\"54\" data-end=\"87\">Informations sur le produit :<\/strong><\/h3>\n<ul data-start=\"89\" data-end=\"703\">\n<li data-start=\"516\" data-end=\"537\">\n<p data-start=\"518\" data-end=\"537\"><strong data-start=\"518\" data-end=\"529\">Tissu :<\/strong> modal<\/p>\n<\/li>\n<\/ul>\n<hr data-start=\"787\" data-end=\"790\" \/>\n<h3 data-start=\"792\" data-end=\"807\"><strong data-start=\"796\" data-end=\"807\">Notes :<\/strong><\/h3>\n<ol data-start=\"809\" data-end=\"1259\">\n<li data-start=\"809\" data-end=\"1046\">\n<p data-start=\"812\" data-end=\"1046\">Les tailles asiatiques sont 1 \u00e0 2 tailles plus petites que les tailles europ\u00e9ennes et am\u00e9ricaines. Si vous \u00eates entre deux tailles, choisissez la plus grande. Une diff\u00e9rence de 2 \u00e0 3 cm peut survenir en raison de la mesure manuelle.<\/p>\n<\/li>\n<li data-start=\"1047\" data-end=\"1199\">\n<p data-start=\"1050\" data-end=\"1199\">Veuillez v\u00e9rifier attentivement le tableau des tailles avant d\u2019acheter. Si vous ne savez pas quelle taille choisir, contactez notre service client.<\/p>\n<\/li>\n<li data-start=\"1200\" data-end=\"1259\">\n<p data-start=\"1203\" data-end=\"1259\">Les couleurs peuvent l\u00e9g\u00e8rement varier selon les \u00e9crans.<\/p>\n<\/li>\n<\/ol>\n<hr data-start=\"1261\" data-end=\"1264\" \/>\n<h3 data-start=\"1266\" data-end=\"1298\"><strong data-start=\"1270\" data-end=\"1298\">Contenu de l\u2019emballage :<\/strong><\/h3>\n<ul data-start=\"1300\" data-end=\"1326\" data-is-last-node=\"\" data-is-only-node=\"\">\n<li data-start=\"1300\" data-end=\"1326\" data-is-last-node=\"\">\n<p data-start=\"1302\" data-end=\"1326\" data-is-last-node=\"\"><strong data-start=\"1302\" data-end=\"1326\" data-is-last-node=\"\">Leggings ouverts \u00d7 1<\/strong><\/p>\n<\/li>\n<\/ul>\n<\/div>\n<\/div>\n<\/div>\n<\/div>\n<p><b>Product Image:<\/b><\/p>\n<p><img decoding=\"async\" src=\"https:\/\/oss-cf.cjdropshipping.com\/product\/2024\/11\/30\/01\/3cc86c66-55a5-497a-81b6-faa32624c275_trans.jpeg\" \/> <img decoding=\"async\" src=\"https:\/\/oss-cf.cjdropshipping.com\/product\/2024\/11\/30\/01\/d7f75f85-c49a-4e99-bedf-0cc7de1e6432_trans.jpeg\" \/> \u00a0<img decoding=\"async\" src=\"https:\/\/oss-cf.cjdropshipping.com\/product\/2024\/11\/30\/01\/062a1435-fdd0-4b34-b187-d92ecd240c09_trans.jpeg\" \/> \u00a0 \u00a0 \u00a0<img decoding=\"async\" src=\"https:\/\/oss-cf.cjdropshipping.com\/product\/2024\/11\/30\/01\/c3151563-0f1d-4171-8eba-a583976b7d71_trans.jpeg\" \/> \u00a0<img decoding=\"async\" src=\"https:\/\/oss-cf.cjdropshipping.com\/product\/2024\/11\/30\/01\/476d95c0-baa5-4c97-99c8-0b3fb868cd81_trans.jpeg\" \/> \u00a0<img decoding=\"async\" src=\"https:\/\/oss-cf.cjdropshipping.com\/product\/2024\/11\/30\/01\/7d3a81d3-1b26-42b8-8209-aa3ba4338a96_trans.jpeg\" \/><\/p>\n","protected":false},"excerpt":{"rendered":"<p>Ce legging n\u2019essaie m\u00eame pas d\u2019\u00eatre sage \u2014 il s\u2019assume compl\u00e8tement. Con\u00e7u en modal fin, doux et extensible, il \u00e9pouse chaque courbe avec une pr\u00e9cision presque ind\u00e9cente.Mais c\u2019est surtout son d\u00e9tail signature qui fait tourner les t\u00eates :une ouverture frontale totalement assum\u00e9e, pens\u00e9e pour ceux qui aiment la libert\u00e9, le confort\u2026et l\u2019effet wow garanti. Chauds, [&hellip;]<\/p>\n","protected":false},"featured_media":27982,"comment_status":"open","ping_status":"closed","template":"","meta":{"nf_dc_page":"","_bbp_topic_count":0,"_bbp_reply_count":0,"_bbp_total_topic_count":0,"_bbp_total_reply_count":0,"_bbp_voice_count":0,"_bbp_anonymous_reply_count":0,"_bbp_topic_count_hidden":0,"_bbp_reply_count_hidden":0,"_bbp_forum_subforum_count":0,"jetpack_publicize_message":"","jetpack_publicize_feature_enabled":true,"jetpack_social_post_already_shared":true,"jetpack_social_options":{"image_generator_settings":{"template":"highway","default_image_id":0,"font":"","enabled":false},"version":2}},"product_brand":[],"product_cat":[216],"product_tag":[218],"class_list":{"0":"post-27992","1":"product","2":"type-product","3":"status-publish","4":"has-post-thumbnail","6":"product_cat-leggings","7":"product_tag-leggings","9":"first","10":"instock","11":"taxable","12":"shipping-taxable","13":"purchasable","14":"product-type-variable"},"jetpack_publicize_connections":[],"_links":{"self":[{"href":"https:\/\/lecochonsavant.com\/en\/wp-json\/wp\/v2\/product\/27992","targetHints":{"allow":["GET"]}}],"collection":[{"href":"https:\/\/lecochonsavant.com\/en\/wp-json\/wp\/v2\/product"}],"about":[{"href":"https:\/\/lecochonsavant.com\/en\/wp-json\/wp\/v2\/types\/product"}],"replies":[{"embeddable":true,"href":"https:\/\/lecochonsavant.com\/en\/wp-json\/wp\/v2\/comments?post=27992"}],"wp:featuredmedia":[{"embeddable":true,"href":"https:\/\/lecochonsavant.com\/en\/wp-json\/wp\/v2\/media\/27982"}],"wp:attachment":[{"href":"https:\/\/lecochonsavant.com\/en\/wp-json\/wp\/v2\/media?parent=27992"}],"wp:term":[{"taxonomy":"product_brand","embeddable":true,"href":"https:\/\/lecochonsavant.com\/en\/wp-json\/wp\/v2\/product_brand?post=27992"},{"taxonomy":"product_cat","embeddable":true,"href":"https:\/\/lecochonsavant.com\/en\/wp-json\/wp\/v2\/product_cat?post=27992"},{"taxonomy":"product_tag","embeddable":true,"href":"https:\/\/lecochonsavant.com\/en\/wp-json\/wp\/v2\/product_tag?post=27992"}],"curies":[{"name":"wp","href":"https:\/\/api.w.org\/{rel}","templated":true}]}}