{"id":28131,"date":"2025-11-26T19:29:54","date_gmt":"2025-11-27T00:29:54","guid":{"rendered":"https:\/\/lecochonsavant.com\/produit\/i-shaped-camisole-filet-crochets\/"},"modified":"2025-12-01T23:11:40","modified_gmt":"2025-12-02T04:11:40","slug":"i-shaped-camisole-filet-crochets","status":"publish","type":"product","link":"https:\/\/lecochonsavant.com\/en\/product\/i-shaped-camisole-filet-crochets\/","title":{"rendered":"I-shaped Camisole filet crochets"},"content":{"rendered":"<div class=\"flex max-w-full flex-col grow\">\n<div class=\"min-h-8 text-message relative flex w-full flex-col items-end gap-2 text-start break-words whitespace-normal [.text-message+&amp;]:mt-1\" dir=\"auto\" data-message-author-role=\"assistant\" data-message-id=\"c3f0d1aa-70cb-497f-9e70-5ca63b9c6075\" data-message-model-slug=\"gpt-5-1\">\n<div class=\"flex w-full flex-col gap-1 empty:hidden first:pt-[1px]\">\n<div class=\"markdown prose dark:prose-invert w-full break-words dark markdown-new-styling\">\n<p data-start=\"150\" data-end=\"395\"><img decoding=\"async\" class=\"alignnone wp-image-32586\" src=\"https:\/\/lecochonsavant.com\/wp-content\/uploads\/2025\/11\/rabais-20-300x41.jpg\" alt=\"\" width=\"337\" height=\"46\" srcset=\"https:\/\/lecochonsavant.com\/wp-content\/uploads\/2025\/11\/rabais-20-300x41.jpg 300w, https:\/\/lecochonsavant.com\/wp-content\/uploads\/2025\/11\/rabais-20-64x9.jpg 64w, https:\/\/lecochonsavant.com\/wp-content\/uploads\/2025\/11\/rabais-20.jpg 528w\" sizes=\"(max-width: 337px) 100vw, 337px\" \/><\/p>\n<p data-start=\"150\" data-end=\"395\">Cette camisole en maille filet style crochet est con\u00e7ue pour attirer les regards\u2026 et ne plus les l\u00e2cher.<br data-start=\"251\" data-end=\"254\" \/>Avec sa <strong data-start=\"262\" data-end=\"285\">coupe en I profonde<\/strong> qui descend bas sous les bras, il d\u00e9voile le torse, les pectoraux et les \u00e9paules avec une sensualit\u00e9 assum\u00e9e.<\/p>\n<p data-start=\"397\" data-end=\"653\">La maille large met en valeur chaque ligne du corps, laisse deviner la peau et ajoute un effet <strong data-start=\"493\" data-end=\"526\">brut, sauvage, hyper-masculin<\/strong>.<br data-start=\"527\" data-end=\"530\" \/>L\u00e9ger, respirant, extensible : parfait pour l\u2019\u00e9t\u00e9, les soir\u00e9es, la plage, ou simplement pour \u00eatre irr\u00e9sistible \u00e0 la maison.<\/p>\n<p data-start=\"655\" data-end=\"751\">Disponible en plusieurs couleurs pour varier entre look discret, chaud et carr\u00e9ment provocateur.<\/p>\n<p data-start=\"753\" data-end=\"809\">Un indispensable pour celui qui aime \u00eatre vu\u2026 et d\u00e9sir\u00e9.<\/p>\n<h3 data-start=\"50\" data-end=\"87\"><strong data-start=\"54\" data-end=\"87\">Informations sur le produit :<\/strong><\/h3>\n<ul data-start=\"89\" data-end=\"338\">\n<li data-start=\"190\" data-end=\"231\">\n<p data-start=\"192\" data-end=\"231\"><strong data-start=\"192\" data-end=\"210\">Nom du tissu :<\/strong> fibre de polyester<\/p>\n<\/li>\n<\/ul>\n<hr data-start=\"340\" data-end=\"343\" \/>\n<h3 data-start=\"345\" data-end=\"360\"><strong data-start=\"349\" data-end=\"360\">Notes :<\/strong><\/h3>\n<ol data-start=\"362\" data-end=\"812\">\n<li data-start=\"362\" data-end=\"599\">\n<p data-start=\"365\" data-end=\"599\">Les tailles asiatiques sont 1 \u00e0 2 tailles plus petites que les tailles europ\u00e9ennes et am\u00e9ricaines. Si vous \u00eates entre deux tailles, choisissez la plus grande. Une diff\u00e9rence de 2 \u00e0 3 cm peut survenir en raison de la mesure manuelle.<\/p>\n<\/li>\n<li data-start=\"600\" data-end=\"752\">\n<p data-start=\"603\" data-end=\"752\">Veuillez v\u00e9rifier attentivement le tableau des tailles avant d\u2019acheter. Si vous ne savez pas quelle taille choisir, contactez notre service client.<\/p>\n<\/li>\n<li data-start=\"753\" data-end=\"812\">\n<p data-start=\"756\" data-end=\"812\">Les couleurs peuvent l\u00e9g\u00e8rement varier selon les \u00e9crans.<\/p>\n<\/li>\n<\/ol>\n<hr data-start=\"814\" data-end=\"817\" \/>\n<h3 data-start=\"819\" data-end=\"851\"><strong data-start=\"823\" data-end=\"851\">Contenu de l\u2019emballage :<\/strong><\/h3>\n<ul data-start=\"853\" data-end=\"883\" data-is-last-node=\"\" data-is-only-node=\"\">\n<li data-start=\"853\" data-end=\"883\" data-is-last-node=\"\">\n<p data-start=\"855\" data-end=\"883\" data-is-last-node=\"\"><strong data-start=\"855\" data-end=\"883\" data-is-last-node=\"\">D\u00e9bardeur pour homme \u00d7 1<\/strong><\/p>\n<\/li>\n<\/ul>\n<\/div>\n<\/div>\n<\/div>\n<\/div>\n","protected":false},"excerpt":{"rendered":"<p>Cette camisole en maille filet style crochet est con\u00e7ue pour attirer les regards\u2026 et ne plus les l\u00e2cher.Avec sa coupe en I profonde qui descend bas sous les bras, il d\u00e9voile le torse, les pectoraux et les \u00e9paules avec une sensualit\u00e9 assum\u00e9e. La maille large met en valeur chaque ligne du corps, laisse deviner la [&hellip;]<\/p>\n","protected":false},"featured_media":28121,"comment_status":"open","ping_status":"closed","template":"","meta":{"nf_dc_page":"","_bbp_topic_count":0,"_bbp_reply_count":0,"_bbp_total_topic_count":0,"_bbp_total_reply_count":0,"_bbp_voice_count":0,"_bbp_anonymous_reply_count":0,"_bbp_topic_count_hidden":0,"_bbp_reply_count_hidden":0,"_bbp_forum_subforum_count":0,"jetpack_publicize_message":"","jetpack_publicize_feature_enabled":true,"jetpack_social_post_already_shared":true,"jetpack_social_options":{"image_generator_settings":{"template":"highway","default_image_id":0,"font":"","enabled":false},"version":2}},"product_brand":[],"product_cat":[119],"product_tag":[173,552,228],"class_list":{"0":"post-28131","1":"product","2":"type-product","3":"status-publish","4":"has-post-thumbnail","6":"product_cat-tank-top","7":"product_tag-camisole","8":"product_tag-crochet","9":"product_tag-filet","11":"first","12":"instock","13":"taxable","14":"shipping-taxable","15":"purchasable","16":"product-type-variable"},"jetpack_publicize_connections":[],"_links":{"self":[{"href":"https:\/\/lecochonsavant.com\/en\/wp-json\/wp\/v2\/product\/28131","targetHints":{"allow":["GET"]}}],"collection":[{"href":"https:\/\/lecochonsavant.com\/en\/wp-json\/wp\/v2\/product"}],"about":[{"href":"https:\/\/lecochonsavant.com\/en\/wp-json\/wp\/v2\/types\/product"}],"replies":[{"embeddable":true,"href":"https:\/\/lecochonsavant.com\/en\/wp-json\/wp\/v2\/comments?post=28131"}],"wp:featuredmedia":[{"embeddable":true,"href":"https:\/\/lecochonsavant.com\/en\/wp-json\/wp\/v2\/media\/28121"}],"wp:attachment":[{"href":"https:\/\/lecochonsavant.com\/en\/wp-json\/wp\/v2\/media?parent=28131"}],"wp:term":[{"taxonomy":"product_brand","embeddable":true,"href":"https:\/\/lecochonsavant.com\/en\/wp-json\/wp\/v2\/product_brand?post=28131"},{"taxonomy":"product_cat","embeddable":true,"href":"https:\/\/lecochonsavant.com\/en\/wp-json\/wp\/v2\/product_cat?post=28131"},{"taxonomy":"product_tag","embeddable":true,"href":"https:\/\/lecochonsavant.com\/en\/wp-json\/wp\/v2\/product_tag?post=28131"}],"curies":[{"name":"wp","href":"https:\/\/api.w.org\/{rel}","templated":true}]}}