{"id":28166,"date":"2025-11-26T19:32:12","date_gmt":"2025-11-27T00:32:12","guid":{"rendered":"https:\/\/lecochonsavant.com\/produit\/ice-silk-seamless-camisole-col-rond-epaules-larges\/"},"modified":"2025-12-01T23:11:03","modified_gmt":"2025-12-02T04:11:03","slug":"ice-silk-seamless-camisole-col-rond-epaules-larges","status":"publish","type":"product","link":"https:\/\/lecochonsavant.com\/en\/product\/ice-silk-seamless-camisole-col-rond-epaules-larges\/","title":{"rendered":"Ice Silk Seamless camisole col rond \u00e9paules larges"},"content":{"rendered":"<div class=\"flex max-w-full flex-col grow\">\n<div class=\"min-h-8 text-message relative flex w-full flex-col items-end gap-2 text-start break-words whitespace-normal [.text-message+&amp;]:mt-1\" dir=\"auto\" data-message-author-role=\"assistant\" data-message-id=\"cef167db-1b88-4b00-a234-ca0670203d61\" data-message-model-slug=\"gpt-5-1\">\n<div class=\"flex w-full flex-col gap-1 empty:hidden first:pt-[1px]\">\n<div class=\"markdown prose dark:prose-invert w-full break-words dark markdown-new-styling\">\n<h3 data-start=\"49\" data-end=\"86\"><img decoding=\"async\" class=\"alignnone wp-image-32586\" src=\"https:\/\/lecochonsavant.com\/wp-content\/uploads\/2025\/11\/rabais-20-300x41.jpg\" alt=\"\" width=\"337\" height=\"46\" srcset=\"https:\/\/lecochonsavant.com\/wp-content\/uploads\/2025\/11\/rabais-20-300x41.jpg 300w, https:\/\/lecochonsavant.com\/wp-content\/uploads\/2025\/11\/rabais-20-64x9.jpg 64w, https:\/\/lecochonsavant.com\/wp-content\/uploads\/2025\/11\/rabais-20.jpg 528w\" sizes=\"(max-width: 337px) 100vw, 337px\" \/><\/h3>\n<h3 data-start=\"49\" data-end=\"86\">D\u00e9bardeur Ice Silk sans coutures, col rond et larges \u00e9paules \u2014 ultra-l\u00e9ger, doux comme la peau, respirant\u2026 et taill\u00e9 pour \u00e9pouser ton torse \u00e0 la perfection. Un basique propre, minimaliste\u2026 et terriblement attirant.<\/h3>\n<h3 data-start=\"49\" data-end=\"86\"><strong data-start=\"53\" data-end=\"86\">Informations sur le produit :<\/strong><\/h3>\n<ul data-start=\"88\" data-end=\"365\">\n<li data-start=\"88\" data-end=\"119\">\n<p data-start=\"90\" data-end=\"119\"><strong data-start=\"90\" data-end=\"108\">Nom du tissu :<\/strong> Ice Silk<\/p>\n<\/li>\n<li data-start=\"181\" data-end=\"241\">\n<p data-start=\"183\" data-end=\"241\"><strong data-start=\"183\" data-end=\"220\">Composition principale du tissu :<\/strong> fibre de polyester<\/p>\n<\/li>\n<li data-start=\"277\" data-end=\"342\">\n<p data-start=\"279\" data-end=\"342\"><strong data-start=\"279\" data-end=\"317\">\u00c9paisseur du tissu (poids au m\u00b2) :<\/strong> moyenne (141\u2013160 g\/m\u00b2)<\/p>\n<\/li>\n<\/ul>\n<hr data-start=\"367\" data-end=\"370\" \/>\n<h3 data-start=\"372\" data-end=\"391\"><strong data-start=\"376\" data-end=\"389\">Tailles :<\/strong><\/h3>\n<p data-start=\"392\" data-end=\"443\">(Unit\u00e9 : CM \u2014 aucune mesure fournie dans le texte.)<\/p>\n<hr data-start=\"445\" data-end=\"448\" \/>\n<h3 data-start=\"450\" data-end=\"465\"><strong data-start=\"454\" data-end=\"465\">Notes :<\/strong><\/h3>\n<ol data-start=\"467\" data-end=\"916\">\n<li data-start=\"467\" data-end=\"703\">\n<p data-start=\"470\" data-end=\"703\">Les tailles asiatiques sont 1 \u00e0 2 tailles plus petites que les tailles europ\u00e9ennes et am\u00e9ricaines. Si vous \u00eates entre deux tailles, choisissez la plus grande. Une tol\u00e9rance de 2 \u00e0 3 cm peut survenir en raison de la mesure manuelle.<\/p>\n<\/li>\n<li data-start=\"704\" data-end=\"856\">\n<p data-start=\"707\" data-end=\"856\">Veuillez v\u00e9rifier attentivement le tableau des tailles avant d\u2019acheter. Si vous ne savez pas quelle taille choisir, contactez notre service client.<\/p>\n<\/li>\n<li data-start=\"857\" data-end=\"916\">\n<p data-start=\"860\" data-end=\"916\">Les couleurs peuvent varier l\u00e9g\u00e8rement selon les \u00e9crans.<\/p>\n<\/li>\n<\/ol>\n<hr data-start=\"918\" data-end=\"921\" \/>\n<h3 data-start=\"923\" data-end=\"955\"><strong data-start=\"927\" data-end=\"955\">Contenu de l\u2019emballage :<\/strong><\/h3>\n<ul data-start=\"957\" data-end=\"987\" data-is-last-node=\"\" data-is-only-node=\"\">\n<li data-start=\"957\" data-end=\"987\" data-is-last-node=\"\">\n<p data-start=\"959\" data-end=\"987\" data-is-last-node=\"\"><strong data-start=\"959\" data-end=\"987\" data-is-last-node=\"\">D\u00e9bardeur pour homme \u00d7 1<\/strong><\/p>\n<\/li>\n<\/ul>\n<\/div>\n<\/div>\n<\/div>\n<\/div>\n<p><b>Product Image:<\/b><\/p>\n<p>&nbsp;<\/p>\n<p><img decoding=\"async\" src=\"https:\/\/cf.cjdropshipping.com\/17126208\/2404090659070322200.jpg\" \/><\/p>\n<p><img decoding=\"async\" src=\"https:\/\/cf.cjdropshipping.com\/17126208\/2404090659080322000.jpg\" \/><br \/>\n<img decoding=\"async\" src=\"https:\/\/cf.cjdropshipping.com\/17126208\/2404090659080325700.jpg\" \/><\/p>\n<p><img decoding=\"async\" src=\"https:\/\/cf.cjdropshipping.com\/17126208\/2404090659090321600.jpg\" \/><\/p>\n<p><img decoding=\"async\" src=\"https:\/\/cf.cjdropshipping.com\/17126208\/2404090659100320300.jpg\" \/><\/p>\n","protected":false},"excerpt":{"rendered":"<p>D\u00e9bardeur Ice Silk sans coutures, col rond et larges \u00e9paules \u2014 ultra-l\u00e9ger, doux comme la peau, respirant\u2026 et taill\u00e9 pour \u00e9pouser ton torse \u00e0 la perfection. Un basique propre, minimaliste\u2026 et terriblement attirant. Informations sur le produit : Nom du tissu : Ice Silk Composition principale du tissu : fibre de polyester \u00c9paisseur du tissu [&hellip;]<\/p>\n","protected":false},"featured_media":28156,"comment_status":"open","ping_status":"closed","template":"","meta":{"nf_dc_page":"","_bbp_topic_count":0,"_bbp_reply_count":0,"_bbp_total_topic_count":0,"_bbp_total_reply_count":0,"_bbp_voice_count":0,"_bbp_anonymous_reply_count":0,"_bbp_topic_count_hidden":0,"_bbp_reply_count_hidden":0,"_bbp_forum_subforum_count":0,"jetpack_publicize_message":"","jetpack_publicize_feature_enabled":true,"jetpack_social_post_already_shared":true,"jetpack_social_options":{"image_generator_settings":{"template":"highway","default_image_id":0,"font":"","enabled":false},"version":2}},"product_brand":[],"product_cat":[119],"product_tag":[173,553],"class_list":{"0":"post-28166","1":"product","2":"type-product","3":"status-publish","4":"has-post-thumbnail","6":"product_cat-tank-top","7":"product_tag-camisole","8":"product_tag-thanktop","10":"first","11":"instock","12":"taxable","13":"shipping-taxable","14":"purchasable","15":"product-type-variable"},"jetpack_publicize_connections":[],"_links":{"self":[{"href":"https:\/\/lecochonsavant.com\/en\/wp-json\/wp\/v2\/product\/28166","targetHints":{"allow":["GET"]}}],"collection":[{"href":"https:\/\/lecochonsavant.com\/en\/wp-json\/wp\/v2\/product"}],"about":[{"href":"https:\/\/lecochonsavant.com\/en\/wp-json\/wp\/v2\/types\/product"}],"replies":[{"embeddable":true,"href":"https:\/\/lecochonsavant.com\/en\/wp-json\/wp\/v2\/comments?post=28166"}],"wp:featuredmedia":[{"embeddable":true,"href":"https:\/\/lecochonsavant.com\/en\/wp-json\/wp\/v2\/media\/28156"}],"wp:attachment":[{"href":"https:\/\/lecochonsavant.com\/en\/wp-json\/wp\/v2\/media?parent=28166"}],"wp:term":[{"taxonomy":"product_brand","embeddable":true,"href":"https:\/\/lecochonsavant.com\/en\/wp-json\/wp\/v2\/product_brand?post=28166"},{"taxonomy":"product_cat","embeddable":true,"href":"https:\/\/lecochonsavant.com\/en\/wp-json\/wp\/v2\/product_cat?post=28166"},{"taxonomy":"product_tag","embeddable":true,"href":"https:\/\/lecochonsavant.com\/en\/wp-json\/wp\/v2\/product_tag?post=28166"}],"curies":[{"name":"wp","href":"https:\/\/api.w.org\/{rel}","templated":true}]}}