{"id":28276,"date":"2025-11-26T19:41:42","date_gmt":"2025-11-27T00:41:42","guid":{"rendered":"https:\/\/lecochonsavant.com\/produit\/jockstrap-jartiere-de-dentelles-pour-hommes\/"},"modified":"2025-12-01T23:09:34","modified_gmt":"2025-12-02T04:09:34","slug":"jockstrap-jartiere-de-dentelles-pour-hommes","status":"publish","type":"product","link":"https:\/\/lecochonsavant.com\/en\/product\/jockstrap-jartiere-de-dentelles-pour-hommes\/","title":{"rendered":"Jockstrap Jarti\u00e8re de dentelles pour hommes"},"content":{"rendered":"<p data-start=\"348\" data-end=\"560\"><img decoding=\"async\" class=\"alignnone wp-image-32586\" src=\"https:\/\/lecochonsavant.com\/wp-content\/uploads\/2025\/11\/rabais-20-300x41.jpg\" alt=\"\" width=\"337\" height=\"46\" srcset=\"https:\/\/lecochonsavant.com\/wp-content\/uploads\/2025\/11\/rabais-20-300x41.jpg 300w, https:\/\/lecochonsavant.com\/wp-content\/uploads\/2025\/11\/rabais-20-64x9.jpg 64w, https:\/\/lecochonsavant.com\/wp-content\/uploads\/2025\/11\/rabais-20.jpg 528w\" sizes=\"(max-width: 337px) 100vw, 337px\" \/><\/p>\n<p data-start=\"348\" data-end=\"560\">Voici la pi\u00e8ce qui transforme un simple moment en <strong data-start=\"398\" data-end=\"418\">fantasie assum\u00e9e<\/strong>.<br data-start=\"419\" data-end=\"422\" \/>L\u2019ensemble \u201c\u00c9veil Blanc\u201d enveloppe le corps d\u2019une dentelle fine et transparente,<br data-start=\"502\" data-end=\"505\" \/>douce comme une caresse\u2026 et dangereusement r\u00e9v\u00e9latrice.<\/p>\n<p data-start=\"562\" data-end=\"755\">La poche frontale sculpt\u00e9e assure un maintien parfait tout en mettant<br data-start=\"631\" data-end=\"634\" \/>la forme naturelle en valeur \u2014 juste ce qu\u2019il faut pour attirer le regard<br data-start=\"707\" data-end=\"710\" \/>et donner envie d\u2019approcher encore plus pr\u00e8s.<\/p>\n<p data-start=\"757\" data-end=\"929\">Les bandes lat\u00e9rales et le porte-jarretelles int\u00e9gr\u00e9 soulignent les hanches,<br data-start=\"833\" data-end=\"836\" \/>affinent la taille et cr\u00e9ent cette silhouette d\u00e9licieuse, entre lingerie<br data-start=\"908\" data-end=\"911\" \/>et art du teasing.<\/p>\n<p data-start=\"931\" data-end=\"952\"><strong data-start=\"931\" data-end=\"950\">\u00c0 porter pour :<\/strong><\/p>\n<ul data-start=\"953\" data-end=\"1057\">\n<li data-start=\"953\" data-end=\"964\">\n<p data-start=\"955\" data-end=\"964\">s\u00e9duire<\/p>\n<\/li>\n<li data-start=\"965\" data-end=\"979\">\n<p data-start=\"967\" data-end=\"979\">surprendre<\/p>\n<\/li>\n<li data-start=\"980\" data-end=\"1006\">\n<p data-start=\"982\" data-end=\"1006\">se sentir irr\u00e9sistible<\/p>\n<\/li>\n<li data-start=\"1007\" data-end=\"1057\">\n<p data-start=\"1009\" data-end=\"1057\">vivre une soir\u00e9e\u2026 qui ne finit pas dans le salon<\/p>\n<\/li>\n<\/ul>\n<p data-start=\"1059\" data-end=\"1137\"><strong data-start=\"1059\" data-end=\"1078\">Disponible en :<\/strong><br data-start=\"1078\" data-end=\"1081\" \/>\ud83e\udd0d Blanc innocent<br data-start=\"1098\" data-end=\"1101\" \/>\u2764\ufe0f Rouge tentation<br data-start=\"1119\" data-end=\"1122\" \/>\ud83d\udda4 Noir profond<\/p>\n<hr data-start=\"1139\" data-end=\"1142\" \/>\n<h2 data-start=\"1144\" data-end=\"1177\"><strong data-start=\"1147\" data-end=\"1177\">Pourquoi il pla\u00eet autant :<\/strong><\/h2>\n<ul data-start=\"1179\" data-end=\"1430\">\n<li data-start=\"1179\" data-end=\"1218\">\n<p data-start=\"1181\" data-end=\"1218\"><strong data-start=\"1181\" data-end=\"1216\">Dentelle extensible ultra-douce<\/strong><\/p>\n<\/li>\n<li data-start=\"1219\" data-end=\"1272\">\n<p data-start=\"1221\" data-end=\"1272\"><strong data-start=\"1221\" data-end=\"1242\">Poche ergonomique<\/strong> : maintien + mise en valeur<\/p>\n<\/li>\n<li data-start=\"1273\" data-end=\"1313\">\n<p data-start=\"1275\" data-end=\"1313\"><strong data-start=\"1275\" data-end=\"1311\">Design porte-jarretelles int\u00e9gr\u00e9<\/strong><\/p>\n<\/li>\n<li data-start=\"1314\" data-end=\"1403\">\n<p data-start=\"1316\" data-end=\"1403\"><strong data-start=\"1316\" data-end=\"1341\">Look boudoir masculin<\/strong>, parfait pour photo, danse, jeu ou simple plaisir personnel<\/p>\n<\/li>\n<li data-start=\"1404\" data-end=\"1430\">\n<p data-start=\"1406\" data-end=\"1430\"><strong data-start=\"1406\" data-end=\"1430\">Effet \u201cwow\u201d imm\u00e9diat<\/strong><\/p>\n<\/li>\n<\/ul>\n<hr data-start=\"1432\" data-end=\"1435\" \/>\n<p data-start=\"1437\" data-end=\"1619\">Si tu veux, je peux aussi te faire :<br data-start=\"1473\" data-end=\"1476\" \/>\ud83d\udd25 la version courte pour WooCommerce<br data-start=\"1513\" data-end=\"1516\" \/>\ud83d\udd25 un slogan pour banni\u00e8re ou pub<br data-start=\"1549\" data-end=\"1552\" \/>\ud83d\udd25 un texte version \u201chaute sensualit\u00e9\u201d pour la page Cochon Savant<\/p>\n<hr data-start=\"299\" data-end=\"302\" \/>\n<h3 data-start=\"304\" data-end=\"342\"><strong data-start=\"308\" data-end=\"342\">Informations sur les tailles :<\/strong><\/h3>\n<p data-start=\"344\" data-end=\"382\">(Aucune mesure fournie dans le texte.)<\/p>\n<hr data-start=\"384\" data-end=\"387\" \/>\n<h3 data-start=\"389\" data-end=\"404\"><strong data-start=\"393\" data-end=\"404\">Notes :<\/strong><\/h3>\n<ol data-start=\"406\" data-end=\"869\">\n<li data-start=\"406\" data-end=\"643\">\n<p data-start=\"409\" data-end=\"643\">Les tailles asiatiques sont 1 \u00e0 2 tailles plus petites que les tailles europ\u00e9ennes et am\u00e9ricaines. Si vous \u00eates entre deux tailles, choisissez la plus grande. Une diff\u00e9rence de 2 \u00e0 3 cm peut survenir en raison de la mesure manuelle.<\/p>\n<\/li>\n<li data-start=\"644\" data-end=\"796\">\n<p data-start=\"647\" data-end=\"796\">Veuillez v\u00e9rifier attentivement le tableau des tailles avant d\u2019acheter. Si vous ne savez pas quelle taille choisir, contactez notre service client.<\/p>\n<\/li>\n<li data-start=\"797\" data-end=\"869\">\n<p data-start=\"800\" data-end=\"869\">Les couleurs peuvent l\u00e9g\u00e8rement varier selon les \u00e9crans d\u2019ordinateur.<\/p>\n<\/li>\n<\/ol>\n<hr data-start=\"871\" data-end=\"874\" \/>\n<h3 data-start=\"876\" data-end=\"908\"><strong data-start=\"880\" data-end=\"908\">Contenu de l\u2019emballage :<\/strong><\/h3>\n<ul data-start=\"910\" data-end=\"931\" data-is-last-node=\"\" data-is-only-node=\"\">\n<li data-start=\"910\" data-end=\"931\" data-is-last-node=\"\">\n<p data-start=\"912\" data-end=\"931\" data-is-last-node=\"\"><strong data-start=\"912\" data-end=\"931\" data-is-last-node=\"\">1 sous-v\u00eatement<\/strong><\/p>\n<\/li>\n<\/ul>\n<p><b>Product Image:<\/b><\/p>\n<p><img decoding=\"async\" src=\"https:\/\/cf.cjdropshipping.com\/9f764fb8-fb8d-4955-9bbc-a8ac0b7006d9_trans.jpeg\" \/><\/p>\n<p><img decoding=\"async\" src=\"https:\/\/cf.cjdropshipping.com\/25abeff7-97fe-4616-b3bf-960feaccbf82_trans.jpeg\" \/><\/p>\n<p><img decoding=\"async\" src=\"https:\/\/cf.cjdropshipping.com\/8789e305-6c88-4a94-b771-abecac47c44f_trans.jpeg\" \/><\/p>","protected":false},"excerpt":{"rendered":"<p>Voici la pi\u00e8ce qui transforme un simple moment en fantasie assum\u00e9e.L\u2019ensemble \u201c\u00c9veil Blanc\u201d enveloppe le corps d\u2019une dentelle fine et transparente,douce comme une caresse\u2026 et dangereusement r\u00e9v\u00e9latrice. La poche frontale sculpt\u00e9e assure un maintien parfait tout en mettantla forme naturelle en valeur \u2014 juste ce qu\u2019il faut pour attirer le regardet donner envie d\u2019approcher encore [&hellip;]<\/p>\n","protected":false},"featured_media":28266,"comment_status":"open","ping_status":"closed","template":"","meta":{"nf_dc_page":"","_bbp_topic_count":0,"_bbp_reply_count":0,"_bbp_total_topic_count":0,"_bbp_total_reply_count":0,"_bbp_voice_count":0,"_bbp_anonymous_reply_count":0,"_bbp_topic_count_hidden":0,"_bbp_reply_count_hidden":0,"_bbp_forum_subforum_count":0,"jetpack_publicize_message":"","jetpack_publicize_feature_enabled":true,"jetpack_social_post_already_shared":true,"jetpack_social_options":{"image_generator_settings":{"template":"highway","default_image_id":0,"font":"","enabled":false},"version":2}},"product_brand":[],"product_cat":[281],"product_tag":[115,282],"class_list":{"0":"post-28276","1":"product","2":"type-product","3":"status-publish","4":"has-post-thumbnail","6":"product_cat-jockstrap","7":"product_tag-dentelle","8":"product_tag-jockstrap","10":"first","11":"instock","12":"taxable","13":"shipping-taxable","14":"purchasable","15":"product-type-variable"},"jetpack_publicize_connections":[],"_links":{"self":[{"href":"https:\/\/lecochonsavant.com\/en\/wp-json\/wp\/v2\/product\/28276","targetHints":{"allow":["GET"]}}],"collection":[{"href":"https:\/\/lecochonsavant.com\/en\/wp-json\/wp\/v2\/product"}],"about":[{"href":"https:\/\/lecochonsavant.com\/en\/wp-json\/wp\/v2\/types\/product"}],"replies":[{"embeddable":true,"href":"https:\/\/lecochonsavant.com\/en\/wp-json\/wp\/v2\/comments?post=28276"}],"wp:featuredmedia":[{"embeddable":true,"href":"https:\/\/lecochonsavant.com\/en\/wp-json\/wp\/v2\/media\/28266"}],"wp:attachment":[{"href":"https:\/\/lecochonsavant.com\/en\/wp-json\/wp\/v2\/media?parent=28276"}],"wp:term":[{"taxonomy":"product_brand","embeddable":true,"href":"https:\/\/lecochonsavant.com\/en\/wp-json\/wp\/v2\/product_brand?post=28276"},{"taxonomy":"product_cat","embeddable":true,"href":"https:\/\/lecochonsavant.com\/en\/wp-json\/wp\/v2\/product_cat?post=28276"},{"taxonomy":"product_tag","embeddable":true,"href":"https:\/\/lecochonsavant.com\/en\/wp-json\/wp\/v2\/product_tag?post=28276"}],"curies":[{"name":"wp","href":"https:\/\/api.w.org\/{rel}","templated":true}]}}