{"id":28351,"date":"2025-11-26T20:48:53","date_gmt":"2025-11-27T01:48:53","guid":{"rendered":"https:\/\/lecochonsavant.com\/produit\/erotic-roman-style-robe\/"},"modified":"2025-12-01T23:08:30","modified_gmt":"2025-12-02T04:08:30","slug":"erotic-roman-style-robe","status":"publish","type":"product","link":"https:\/\/lecochonsavant.com\/en\/product\/erotic-roman-style-robe\/","title":{"rendered":"Erotic Roman Style Robe"},"content":{"rendered":"<p data-start=\"324\" data-end=\"397\"><img decoding=\"async\" class=\"alignnone wp-image-32586\" src=\"https:\/\/lecochonsavant.com\/wp-content\/uploads\/2025\/11\/rabais-20-300x41.jpg\" alt=\"\" width=\"337\" height=\"46\" srcset=\"https:\/\/lecochonsavant.com\/wp-content\/uploads\/2025\/11\/rabais-20-300x41.jpg 300w, https:\/\/lecochonsavant.com\/wp-content\/uploads\/2025\/11\/rabais-20-64x9.jpg 64w, https:\/\/lecochonsavant.com\/wp-content\/uploads\/2025\/11\/rabais-20.jpg 528w\" sizes=\"(max-width: 337px) 100vw, 337px\" \/><\/p>\n<p data-start=\"324\" data-end=\"397\">Le <strong data-start=\"327\" data-end=\"345\">Drap\u00e9 Mystique<\/strong> n\u2019est pas un simple gilet :<br data-start=\"373\" data-end=\"376\" \/>c\u2019est une invitation.<\/p>\n<p data-start=\"399\" data-end=\"693\">Sa coupe ouverte, longue et fluide, glisse le long du corps<br data-start=\"458\" data-end=\"461\" \/>et laisse les \u00e9paules, les pectoraux et les abdos parfaitement visibles.<br data-start=\"533\" data-end=\"536\" \/>Le tissu extensible \u00e9pouse les lignes sans les serrer,<br data-start=\"590\" data-end=\"593\" \/>donne du mouvement, respire bien<br data-start=\"625\" data-end=\"628\" \/>et cr\u00e9e ce look \u00e0 la fois mystique, sensuel et totalement assum\u00e9.<\/p>\n<p data-start=\"695\" data-end=\"882\">La capuche ajoute un effet <em data-start=\"722\" data-end=\"739\">fantasy warrior<\/em> moderne,<br data-start=\"748\" data-end=\"751\" \/>et donne au look une profondeur visuelle irr\u00e9sistible \u2014<br data-start=\"806\" data-end=\"809\" \/>tu sembles sortir d\u2019un rituel interdit\u2026 ou d\u2019un shooting mode tr\u00e8s priv\u00e9.<\/p>\n<p data-start=\"884\" data-end=\"1014\">Porte-le avec un short, un boxer, un jean,<br data-start=\"926\" data-end=\"929\" \/>ou\u2026 rien d\u2019autre.<br data-start=\"946\" data-end=\"949\" \/>De jour comme de nuit, le Drap\u00e9 Mystique fait toujours son effet.<\/p>\n<p data-start=\"1016\" data-end=\"1034\"><strong data-start=\"1016\" data-end=\"1032\">Id\u00e9al pour :<\/strong><\/p>\n<ul data-start=\"1035\" data-end=\"1149\">\n<li data-start=\"1035\" data-end=\"1054\">\n<p data-start=\"1037\" data-end=\"1054\">soir\u00e9es priv\u00e9es<\/p>\n<\/li>\n<li data-start=\"1055\" data-end=\"1068\">\n<p data-start=\"1057\" data-end=\"1068\">festivals<\/p>\n<\/li>\n<li data-start=\"1069\" data-end=\"1086\">\n<p data-start=\"1071\" data-end=\"1086\">s\u00e9ances photo<\/p>\n<\/li>\n<li data-start=\"1087\" data-end=\"1109\">\n<p data-start=\"1089\" data-end=\"1109\">lounge \u00e0 la maison<\/p>\n<\/li>\n<li data-start=\"1110\" data-end=\"1149\">\n<p data-start=\"1112\" data-end=\"1149\">moments o\u00f9 tu veux \u00eatre vu\u2026 et d\u00e9sir\u00e9<\/p>\n<\/li>\n<\/ul>\n<p data-start=\"1151\" data-end=\"1197\"><strong data-start=\"1151\" data-end=\"1170\">Disponible en :<\/strong> Blanc, noir et brun cacao.<\/p>\n<p data-start=\"1199\" data-end=\"1304\"><strong data-start=\"1199\" data-end=\"1214\">Mots-cl\u00e9s :<\/strong> gilet sexy homme, hooded vest, tenue festival homme, cardi sans manches, look fantasy gay<\/p>\n<hr data-start=\"1306\" data-end=\"1309\" \/>\n<p data-start=\"1311\" data-end=\"1521\">Si tu veux, je te fais :<br data-start=\"1335\" data-end=\"1338\" \/>\ud83d\udd25 une version extra-courte pour WooCommerce<br data-start=\"1382\" data-end=\"1385\" \/>\ud83d\udd25 une version plus CRUE &amp; provocante pour Le Cochon Savant<br data-start=\"1444\" data-end=\"1447\" \/>\ud83d\udd25 ou un texte harmonis\u00e9 pour toute ta collection \u201cDrap\u00e9s &amp; Hoodies sexy\u201d.<\/p>\n<h3 data-start=\"129\" data-end=\"174\"><strong data-start=\"133\" data-end=\"148\">Mat\u00e9riaux :<\/strong> ac\u00e9tate, lycra, spandex<\/h3>\n<h3 data-start=\"197\" data-end=\"242\"><strong data-start=\"201\" data-end=\"227\">Longueur des manches :<\/strong> sans manches<\/h3>\n<h3 data-start=\"243\" data-end=\"268\"><strong data-start=\"247\" data-end=\"256\">Col :<\/strong> \u00e0 capuche<\/h3>\n<p data-start=\"306\" data-end=\"395\">D\u00e9voile ta sensualit\u00e9 dans cette robe de style romain \u00e9rotique. Sexy et tr\u00e8s confortable.<\/p>\n<p><!--br{mso-data-placement:same-cell;}td{color:#000000;font-size:12.0pt;font-family:\u5b8b\u4f53;font-weight:400;font-style:normal;text-decoration:none;text-align:general;vertical-align:middle;mso-number-format:General;mso-protection:locked visible;}.et1{color:#000000;font-size:12.0pt;font-family:\u5b8b\u4f53;font-weight:400;font-style:normal;text-decoration:none;text-align:general;vertical-align:middle;mso-number-format:General;mso-protection:locked visible;}--><\/p>","protected":false},"excerpt":{"rendered":"<p>Le Drap\u00e9 Mystique n\u2019est pas un simple gilet :c\u2019est une invitation. Sa coupe ouverte, longue et fluide, glisse le long du corpset laisse les \u00e9paules, les pectoraux et les abdos parfaitement visibles.Le tissu extensible \u00e9pouse les lignes sans les serrer,donne du mouvement, respire bienet cr\u00e9e ce look \u00e0 la fois mystique, sensuel et totalement assum\u00e9. [&hellip;]<\/p>\n","protected":false},"featured_media":28346,"comment_status":"open","ping_status":"closed","template":"","meta":{"nf_dc_page":"","_bbp_topic_count":0,"_bbp_reply_count":0,"_bbp_total_topic_count":0,"_bbp_total_reply_count":0,"_bbp_voice_count":0,"_bbp_anonymous_reply_count":0,"_bbp_topic_count_hidden":0,"_bbp_reply_count_hidden":0,"_bbp_forum_subforum_count":0,"jetpack_publicize_message":"","jetpack_publicize_feature_enabled":true,"jetpack_social_post_already_shared":true,"jetpack_social_options":{"image_generator_settings":{"template":"highway","default_image_id":0,"font":"","enabled":false},"version":2}},"product_brand":[],"product_cat":[556],"product_tag":[557],"class_list":{"0":"post-28351","1":"product","2":"type-product","3":"status-publish","4":"has-post-thumbnail","6":"product_cat-robe-de-chambre","7":"product_tag-robe-de-chambre","9":"first","10":"instock","11":"taxable","12":"shipping-taxable","13":"purchasable","14":"product-type-variable"},"jetpack_publicize_connections":[],"_links":{"self":[{"href":"https:\/\/lecochonsavant.com\/en\/wp-json\/wp\/v2\/product\/28351","targetHints":{"allow":["GET"]}}],"collection":[{"href":"https:\/\/lecochonsavant.com\/en\/wp-json\/wp\/v2\/product"}],"about":[{"href":"https:\/\/lecochonsavant.com\/en\/wp-json\/wp\/v2\/types\/product"}],"replies":[{"embeddable":true,"href":"https:\/\/lecochonsavant.com\/en\/wp-json\/wp\/v2\/comments?post=28351"}],"wp:featuredmedia":[{"embeddable":true,"href":"https:\/\/lecochonsavant.com\/en\/wp-json\/wp\/v2\/media\/28346"}],"wp:attachment":[{"href":"https:\/\/lecochonsavant.com\/en\/wp-json\/wp\/v2\/media?parent=28351"}],"wp:term":[{"taxonomy":"product_brand","embeddable":true,"href":"https:\/\/lecochonsavant.com\/en\/wp-json\/wp\/v2\/product_brand?post=28351"},{"taxonomy":"product_cat","embeddable":true,"href":"https:\/\/lecochonsavant.com\/en\/wp-json\/wp\/v2\/product_cat?post=28351"},{"taxonomy":"product_tag","embeddable":true,"href":"https:\/\/lecochonsavant.com\/en\/wp-json\/wp\/v2\/product_tag?post=28351"}],"curies":[{"name":"wp","href":"https:\/\/api.w.org\/{rel}","templated":true}]}}