{"id":28460,"date":"2025-11-26T20:55:37","date_gmt":"2025-11-27T01:55:37","guid":{"rendered":"https:\/\/lecochonsavant.com\/produit\/robe-longue-decontractee-imprimee-style-dubai\/"},"modified":"2025-12-01T23:06:56","modified_gmt":"2025-12-02T04:06:56","slug":"robe-longue-decontractee-imprimee-style-dubai","status":"publish","type":"product","link":"https:\/\/lecochonsavant.com\/en\/product\/robe-longue-decontractee-imprimee-style-dubai\/","title":{"rendered":"Robe longue d\u00e9contract\u00e9e imprim\u00e9e, style Dubai."},"content":{"rendered":"<p data-start=\"290\" data-end=\"366\"><img decoding=\"async\" class=\"alignnone wp-image-32586\" src=\"https:\/\/lecochonsavant.com\/wp-content\/uploads\/2025\/11\/rabais-20-300x41.jpg\" alt=\"\" width=\"337\" height=\"46\" srcset=\"https:\/\/lecochonsavant.com\/wp-content\/uploads\/2025\/11\/rabais-20-300x41.jpg 300w, https:\/\/lecochonsavant.com\/wp-content\/uploads\/2025\/11\/rabais-20-64x9.jpg 64w, https:\/\/lecochonsavant.com\/wp-content\/uploads\/2025\/11\/rabais-20.jpg 528w\" sizes=\"(max-width: 337px) 100vw, 337px\" \/><\/p>\n<p data-start=\"290\" data-end=\"366\"><strong data-start=\"307\" data-end=\"366\">Quand tu l\u2019enfiles\u2026 on dirait que la nuit t\u2019appartient.<\/strong><\/p>\n<p data-start=\"402\" data-end=\"668\">Inspir\u00e9 des motifs tribaux modernes et des silhouettes fluides,<br data-start=\"465\" data-end=\"468\" \/>le kimono <strong data-start=\"478\" data-end=\"496\">Rituel du Soir<\/strong> transforme n\u2019importe quelle pi\u00e8ce en sc\u00e8ne.<br data-start=\"540\" data-end=\"543\" \/>Il glisse sur le corps avec un drap\u00e9 ample, myst\u00e9rieux,<br data-start=\"598\" data-end=\"601\" \/>comme si chaque mouvement cachait une intention\u2026 ou une invitation.<\/p>\n<p data-start=\"670\" data-end=\"849\">Les symboles dor\u00e9s captent la lumi\u00e8re,<br data-start=\"708\" data-end=\"711\" \/>les couleurs profondes attirent le regard,<br data-start=\"753\" data-end=\"756\" \/>et la coupe large amplifie la pr\u00e9sence.<br data-start=\"795\" data-end=\"798\" \/>Tu n\u2019es pas juste habill\u00e9 : <strong data-start=\"826\" data-end=\"849\">tu es une ambiance.<\/strong><\/p>\n<p data-start=\"851\" data-end=\"901\">Sa mati\u00e8re douce et respirante le rend parfait :<\/p>\n<ul data-start=\"902\" data-end=\"1106\">\n<li data-start=\"902\" data-end=\"959\">\n<p data-start=\"904\" data-end=\"959\">au r\u00e9veil, quand tu domines encore un peu le silence,<\/p>\n<\/li>\n<li data-start=\"960\" data-end=\"1027\">\n<p data-start=\"962\" data-end=\"1027\">le soir, pour surprendre quelqu\u2019un qui ne s\u2019attendait pas \u00e0 \u00e7a,<\/p>\n<\/li>\n<li data-start=\"1028\" data-end=\"1106\">\n<p data-start=\"1030\" data-end=\"1106\">ou lors d\u2019un moment \u00e0 deux\u2026 o\u00f9 <em data-start=\"1061\" data-end=\"1082\">retirer la ceinture<\/em> devient le vrai rituel.<\/p>\n<\/li>\n<\/ul>\n<p data-start=\"1108\" data-end=\"1141\">Disponible dans deux palettes :<\/p>\n<ul data-start=\"1142\" data-end=\"1263\">\n<li data-start=\"1142\" data-end=\"1201\">\n<p data-start=\"1144\" data-end=\"1201\"><strong data-start=\"1144\" data-end=\"1166\">Rouge &amp; or profond<\/strong> \u2014 chaud, \u00e9nergique, irr\u00e9sistible<\/p>\n<\/li>\n<li data-start=\"1202\" data-end=\"1263\">\n<p data-start=\"1204\" data-end=\"1263\"><strong data-start=\"1204\" data-end=\"1230\">Noir &amp; blanc graphique<\/strong> \u2014 \u00e9l\u00e9gant, tranchant, hypnotique<\/p>\n<\/li>\n<\/ul>\n<p data-start=\"1265\" data-end=\"1404\">Long, fluide, sensuel sans \u00eatre explicite.<br data-start=\"1307\" data-end=\"1310\" \/>Un kimono pour hommes qui veulent \u00eatre \u00e0 la fois <strong data-start=\"1359\" data-end=\"1403\">confortables, beaux\u2026 et un peu dangereux<\/strong>.<\/p>\n<p data-start=\"1406\" data-end=\"1521\"><strong data-start=\"1406\" data-end=\"1421\">Mots-cl\u00e9s :<\/strong> kimono homme imprim\u00e9, robe de chambre sensuelle, kimono tribal moderne, tenue sexy loungewear homme<\/p>\n<hr data-start=\"1523\" data-end=\"1526\" \/>\n<p data-start=\"1528\" data-end=\"1734\">Si tu veux, je peux aussi :<br data-start=\"1555\" data-end=\"1558\" \/>\ud83d\udd25 faire une <strong data-start=\"1571\" data-end=\"1606\">version courte pour WooCommerce<\/strong> (deux lignes, tr\u00e8s vendeuse)<br data-start=\"1635\" data-end=\"1638\" \/>\ud83d\udd25 \u00e9crire une <strong data-start=\"1652\" data-end=\"1676\">description plus hot<\/strong><br data-start=\"1676\" data-end=\"1679\" \/>\ud83d\udd25 harmoniser avec la description du mod\u00e8le pr\u00e9c\u00e9dent<\/p>\n<h3 data-start=\"49\" data-end=\"86\"><strong data-start=\"53\" data-end=\"86\">Informations sur le produit :<\/strong><\/h3>\n<ul data-start=\"88\" data-end=\"327\">\n<li data-start=\"139\" data-end=\"186\">\n<p data-start=\"141\" data-end=\"186\"><strong data-start=\"141\" data-end=\"178\">Composition principale du tissu :<\/strong> coton<\/p>\n<\/li>\n<li data-start=\"187\" data-end=\"218\">\n<p data-start=\"189\" data-end=\"218\"><strong data-start=\"189\" data-end=\"210\">Teneur en coton :<\/strong> 100 %<\/p>\n<\/li>\n<\/ul>\n<hr data-start=\"437\" data-end=\"440\" \/>\n<h3 data-start=\"442\" data-end=\"457\"><strong data-start=\"446\" data-end=\"457\">Notes :<\/strong><\/h3>\n<ol data-start=\"459\" data-end=\"909\">\n<li data-start=\"459\" data-end=\"696\">\n<p data-start=\"462\" data-end=\"696\">Les tailles asiatiques sont 1 \u00e0 2 tailles plus petites que les tailles europ\u00e9ennes et am\u00e9ricaines. Si vous \u00eates entre deux tailles, choisissez la plus grande. Une diff\u00e9rence de 2 \u00e0 3 cm peut survenir en raison de la mesure manuelle.<\/p>\n<\/li>\n<li data-start=\"697\" data-end=\"849\">\n<p data-start=\"700\" data-end=\"849\">Veuillez v\u00e9rifier attentivement le tableau des tailles avant d\u2019acheter. Si vous ne savez pas quelle taille choisir, contactez notre service client.<\/p>\n<\/li>\n<li data-start=\"850\" data-end=\"909\">\n<p data-start=\"853\" data-end=\"909\">Les couleurs peuvent l\u00e9g\u00e8rement varier selon les \u00e9crans.<\/p>\n<\/li>\n<\/ol>\n<hr data-start=\"911\" data-end=\"914\" \/>\n<h3 data-start=\"916\" data-end=\"948\"><strong data-start=\"920\" data-end=\"948\">Contenu de l\u2019emballage :<\/strong><\/h3>\n<ul data-start=\"950\" data-end=\"982\">\n<li data-start=\"950\" data-end=\"982\">\n<p data-start=\"952\" data-end=\"982\"><strong data-start=\"952\" data-end=\"982\">1 robe en coton pour homme<\/strong><\/p>\n<\/li>\n<\/ul>","protected":false},"excerpt":{"rendered":"<p>Quand tu l\u2019enfiles\u2026 on dirait que la nuit t\u2019appartient. Inspir\u00e9 des motifs tribaux modernes et des silhouettes fluides,le kimono Rituel du Soir transforme n\u2019importe quelle pi\u00e8ce en sc\u00e8ne.Il glisse sur le corps avec un drap\u00e9 ample, myst\u00e9rieux,comme si chaque mouvement cachait une intention\u2026 ou une invitation. Les symboles dor\u00e9s captent la lumi\u00e8re,les couleurs profondes attirent [&hellip;]<\/p>\n","protected":false},"featured_media":28455,"comment_status":"open","ping_status":"closed","template":"","meta":{"nf_dc_page":"","_bbp_topic_count":0,"_bbp_reply_count":0,"_bbp_total_topic_count":0,"_bbp_total_reply_count":0,"_bbp_voice_count":0,"_bbp_anonymous_reply_count":0,"_bbp_topic_count_hidden":0,"_bbp_reply_count_hidden":0,"_bbp_forum_subforum_count":0,"jetpack_publicize_message":"","jetpack_publicize_feature_enabled":true,"jetpack_social_post_already_shared":true,"jetpack_social_options":{"image_generator_settings":{"template":"highway","default_image_id":0,"font":"","enabled":false},"version":2}},"product_brand":[],"product_cat":[556],"product_tag":[557],"class_list":{"0":"post-28460","1":"product","2":"type-product","3":"status-publish","4":"has-post-thumbnail","6":"product_cat-robe-de-chambre","7":"product_tag-robe-de-chambre","9":"first","10":"instock","11":"taxable","12":"shipping-taxable","13":"purchasable","14":"product-type-variable"},"jetpack_publicize_connections":[],"_links":{"self":[{"href":"https:\/\/lecochonsavant.com\/en\/wp-json\/wp\/v2\/product\/28460","targetHints":{"allow":["GET"]}}],"collection":[{"href":"https:\/\/lecochonsavant.com\/en\/wp-json\/wp\/v2\/product"}],"about":[{"href":"https:\/\/lecochonsavant.com\/en\/wp-json\/wp\/v2\/types\/product"}],"replies":[{"embeddable":true,"href":"https:\/\/lecochonsavant.com\/en\/wp-json\/wp\/v2\/comments?post=28460"}],"wp:featuredmedia":[{"embeddable":true,"href":"https:\/\/lecochonsavant.com\/en\/wp-json\/wp\/v2\/media\/28455"}],"wp:attachment":[{"href":"https:\/\/lecochonsavant.com\/en\/wp-json\/wp\/v2\/media?parent=28460"}],"wp:term":[{"taxonomy":"product_brand","embeddable":true,"href":"https:\/\/lecochonsavant.com\/en\/wp-json\/wp\/v2\/product_brand?post=28460"},{"taxonomy":"product_cat","embeddable":true,"href":"https:\/\/lecochonsavant.com\/en\/wp-json\/wp\/v2\/product_cat?post=28460"},{"taxonomy":"product_tag","embeddable":true,"href":"https:\/\/lecochonsavant.com\/en\/wp-json\/wp\/v2\/product_tag?post=28460"}],"curies":[{"name":"wp","href":"https:\/\/api.w.org\/{rel}","templated":true}]}}