{"id":28549,"date":"2025-11-26T21:04:02","date_gmt":"2025-11-27T02:04:02","guid":{"rendered":"https:\/\/lecochonsavant.com\/produit\/robe-de-chambre-dhiver-pour-homme-en-flanelle-corail-vetements-dinterieur-pyjama-epaissi\/"},"modified":"2025-12-01T23:05:03","modified_gmt":"2025-12-02T04:05:03","slug":"robe-de-chambre-dhiver-pour-homme-en-flanelle-corail-vetements-dinterieur-pyjama-epaissi","status":"publish","type":"product","link":"https:\/\/lecochonsavant.com\/en\/product\/robe-de-chambre-dhiver-pour-homme-en-flanelle-corail-vetements-dinterieur-pyjama-epaissi\/","title":{"rendered":"Robe de chambre d\u2019hiver pour homme en flanelle corail, v\u00eatements d\u2019int\u00e9rieur, pyjama \u00e9paissi."},"content":{"rendered":"<p data-start=\"350\" data-end=\"424\"><img decoding=\"async\" class=\"alignnone wp-image-32586\" src=\"https:\/\/lecochonsavant.com\/wp-content\/uploads\/2025\/11\/rabais-20-300x41.jpg\" alt=\"\" width=\"337\" height=\"46\" srcset=\"https:\/\/lecochonsavant.com\/wp-content\/uploads\/2025\/11\/rabais-20-300x41.jpg 300w, https:\/\/lecochonsavant.com\/wp-content\/uploads\/2025\/11\/rabais-20-64x9.jpg 64w, https:\/\/lecochonsavant.com\/wp-content\/uploads\/2025\/11\/rabais-20.jpg 528w\" sizes=\"(max-width: 337px) 100vw, 337px\" \/><\/p>\n<p data-start=\"350\" data-end=\"424\">Le <strong data-start=\"353\" data-end=\"369\">Nuit d\u2019H\u00f4tel<\/strong> n\u2019est pas un simple peignoir.<br data-start=\"399\" data-end=\"402\" \/>C\u2019est un <strong data-start=\"411\" data-end=\"423\">sc\u00e9nario<\/strong>.<\/p>\n<p data-start=\"426\" data-end=\"607\">Le velours dense \u00e9pouse le corps et suit chaque mouvement<br data-start=\"483\" data-end=\"486\" \/>avec une lourdeur sensuelle qui rappelle les suites priv\u00e9es,<br data-start=\"546\" data-end=\"549\" \/>les draps \u00e9pais,<br data-start=\"565\" data-end=\"568\" \/>et les moments o\u00f9 on ne se presse plus.<\/p>\n<p data-start=\"609\" data-end=\"803\">Sa coupe longue descend jusqu\u2019aux chevilles,<br data-start=\"653\" data-end=\"656\" \/>glisse sur les \u00e9paules comme une caresse,<br data-start=\"697\" data-end=\"700\" \/>et transforme la silhouette en pr\u00e9sence magn\u00e9tique.<br data-start=\"751\" data-end=\"754\" \/>On ne marche plus.<br data-start=\"772\" data-end=\"775\" \/>On <strong data-start=\"778\" data-end=\"787\">entre<\/strong> dans une pi\u00e8ce.<\/p>\n<p data-start=\"805\" data-end=\"946\">La ceinture large permet de marquer la taille,<br data-start=\"851\" data-end=\"854\" \/>d\u2019ouvrir ou de fermer juste ce qu\u2019il faut,<br data-start=\"896\" data-end=\"899\" \/>selon l\u2019humeur ou selon la personne devant soi.<\/p>\n<p data-start=\"948\" data-end=\"979\">Les couleurs donnent le ton :<\/p>\n<ul data-start=\"981\" data-end=\"1257\">\n<li data-start=\"981\" data-end=\"1038\">\n<p data-start=\"983\" data-end=\"1038\"><strong data-start=\"983\" data-end=\"995\">Bordeaux<\/strong> : passion feutr\u00e9e, chaleur et tentation.<\/p>\n<\/li>\n<li data-start=\"1039\" data-end=\"1093\">\n<p data-start=\"1041\" data-end=\"1093\"><strong data-start=\"1041\" data-end=\"1055\">Bleu royal<\/strong> : myst\u00e8re, calme, autorit\u00e9 subtile.<\/p>\n<\/li>\n<li data-start=\"1094\" data-end=\"1135\">\n<p data-start=\"1096\" data-end=\"1135\"><strong data-start=\"1096\" data-end=\"1111\">Blanc neige<\/strong> : puret\u00e9\u2026 dangereuse.<\/p>\n<\/li>\n<li data-start=\"1136\" data-end=\"1201\">\n<p data-start=\"1138\" data-end=\"1201\"><strong data-start=\"1138\" data-end=\"1152\">Gris acier<\/strong> : moderne, luxueux, irr\u00e9sistiblement masculin.<\/p>\n<\/li>\n<li data-start=\"1202\" data-end=\"1257\">\n<p data-start=\"1204\" data-end=\"1257\"><strong data-start=\"1204\" data-end=\"1220\">Noir profond<\/strong> : nuit totale, promesse silencieuse.<\/p>\n<\/li>\n<\/ul>\n<p data-start=\"1259\" data-end=\"1612\">C\u2019est le peignoir id\u00e9al pour :<br data-start=\"1289\" data-end=\"1292\" \/>\ud83d\udd25 sortir de la douche et laisser le velours boire la chaleur du corps<br data-start=\"1362\" data-end=\"1365\" \/>\ud83d\udd25 accueillir quelqu\u2019un avec un calme qui en dit long<br data-start=\"1418\" data-end=\"1421\" \/>\ud83d\udd25 poser \u00e9l\u00e9gamment pour un selfie priv\u00e9\u2026 ou pas si priv\u00e9<br data-start=\"1478\" data-end=\"1481\" \/>\ud83d\udd25 tra\u00eener le matin avec une allure digne d\u2019un h\u00f4tel 5 \u00e9toiles<br data-start=\"1543\" data-end=\"1546\" \/>\ud83d\udd25 offrir une sensation de luxe absolu, m\u00eame dans un moment simple<\/p>\n<p data-start=\"1614\" data-end=\"1800\">Doux, chaud, enveloppant \u2014 mais toujours sexy.<br data-start=\"1660\" data-end=\"1663\" \/>Le <strong data-start=\"1666\" data-end=\"1682\">Nuit d\u2019H\u00f4tel<\/strong> transforme n\u2019importe quel matin,<br data-start=\"1715\" data-end=\"1718\" \/>n\u2019importe quelle soir\u00e9e,<br data-start=\"1742\" data-end=\"1745\" \/>en quelque chose de\u2026 <strong data-start=\"1766\" data-end=\"1799\">juste un peu plus int\u00e9ressant<\/strong>.<\/p>\n<h3 data-start=\"49\" data-end=\"86\"><strong data-start=\"53\" data-end=\"86\">Informations sur le produit :<\/strong><\/h3>\n<ul data-start=\"88\" data-end=\"642\">\n<li data-start=\"177\" data-end=\"202\">\n<p data-start=\"179\" data-end=\"202\"><strong data-start=\"179\" data-end=\"193\">Longueur :<\/strong> longue<\/p>\n<\/li>\n<li data-start=\"203\" data-end=\"260\">\n<p data-start=\"205\" data-end=\"260\"><strong data-start=\"205\" data-end=\"237\">\u00c9paisseur du tissu (poids) :<\/strong> \u00e9pais (251\u2013300 g\/m\u00b2)<\/p>\n<\/li>\n<li data-start=\"397\" data-end=\"457\">\n<p data-start=\"399\" data-end=\"457\"><strong data-start=\"399\" data-end=\"436\">Composition principale du tissu :<\/strong> fibre de polyester<\/p>\n<\/li>\n<\/ul>\n<hr data-start=\"644\" data-end=\"647\" \/>\n<h3 data-start=\"649\" data-end=\"668\"><strong data-start=\"653\" data-end=\"666\">Tailles :<\/strong><\/h3>\n<p data-start=\"669\" data-end=\"718\">(Aucune mesure sp\u00e9cifique fournie dans le texte.)<\/p>\n<hr data-start=\"720\" data-end=\"723\" \/>\n<h3 data-start=\"725\" data-end=\"740\"><strong data-start=\"729\" data-end=\"740\">Notes :<\/strong><\/h3>\n<ol data-start=\"742\" data-end=\"1192\">\n<li data-start=\"742\" data-end=\"979\">\n<p data-start=\"745\" data-end=\"979\">Les tailles asiatiques sont 1 \u00e0 2 tailles plus petites que les tailles europ\u00e9ennes et am\u00e9ricaines. Si vous \u00eates entre deux tailles, choisissez la plus grande. Une diff\u00e9rence de 2 \u00e0 3 cm peut survenir en raison de la mesure manuelle.<\/p>\n<\/li>\n<li data-start=\"980\" data-end=\"1132\">\n<p data-start=\"983\" data-end=\"1132\">Veuillez v\u00e9rifier attentivement le tableau des tailles avant d\u2019acheter. Si vous ne savez pas quelle taille choisir, contactez notre service client.<\/p>\n<\/li>\n<li data-start=\"1133\" data-end=\"1192\">\n<p data-start=\"1136\" data-end=\"1192\">Les couleurs peuvent varier l\u00e9g\u00e8rement selon les \u00e9crans.<\/p>\n<\/li>\n<\/ol>\n<hr data-start=\"1194\" data-end=\"1197\" \/>\n<h3 data-start=\"1199\" data-end=\"1231\"><strong data-start=\"1203\" data-end=\"1231\">Contenu de l\u2019emballage :<\/strong><\/h3>\n<ul data-start=\"1233\" data-end=\"1267\">\n<li data-start=\"1233\" data-end=\"1267\">\n<p data-start=\"1235\" data-end=\"1267\"><strong data-start=\"1235\" data-end=\"1267\">1 robe de chambre \/ peignoir<\/strong><\/p>\n<\/li>\n<\/ul>\n<p><b>Product Image:<\/b><\/p>\n<p><img decoding=\"async\" src=\"https:\/\/cf.cjdropshipping.com\/17126208\/2404091018210329100.jpg\" \/><\/p>","protected":false},"excerpt":{"rendered":"<p>Le Nuit d\u2019H\u00f4tel n\u2019est pas un simple peignoir.C\u2019est un sc\u00e9nario. Le velours dense \u00e9pouse le corps et suit chaque mouvementavec une lourdeur sensuelle qui rappelle les suites priv\u00e9es,les draps \u00e9pais,et les moments o\u00f9 on ne se presse plus. Sa coupe longue descend jusqu\u2019aux chevilles,glisse sur les \u00e9paules comme une caresse,et transforme la silhouette en pr\u00e9sence [&hellip;]<\/p>\n","protected":false},"featured_media":28539,"comment_status":"open","ping_status":"closed","template":"","meta":{"nf_dc_page":"","_bbp_topic_count":0,"_bbp_reply_count":0,"_bbp_total_topic_count":0,"_bbp_total_reply_count":0,"_bbp_voice_count":0,"_bbp_anonymous_reply_count":0,"_bbp_topic_count_hidden":0,"_bbp_reply_count_hidden":0,"_bbp_forum_subforum_count":0,"jetpack_publicize_message":"","jetpack_publicize_feature_enabled":true,"jetpack_social_post_already_shared":true,"jetpack_social_options":{"image_generator_settings":{"template":"highway","default_image_id":0,"font":"","enabled":false},"version":2}},"product_brand":[],"product_cat":[556],"product_tag":[557],"class_list":{"0":"post-28549","1":"product","2":"type-product","3":"status-publish","4":"has-post-thumbnail","6":"product_cat-robe-de-chambre","7":"product_tag-robe-de-chambre","9":"first","10":"instock","11":"taxable","12":"shipping-taxable","13":"purchasable","14":"product-type-variable"},"jetpack_publicize_connections":[],"_links":{"self":[{"href":"https:\/\/lecochonsavant.com\/en\/wp-json\/wp\/v2\/product\/28549","targetHints":{"allow":["GET"]}}],"collection":[{"href":"https:\/\/lecochonsavant.com\/en\/wp-json\/wp\/v2\/product"}],"about":[{"href":"https:\/\/lecochonsavant.com\/en\/wp-json\/wp\/v2\/types\/product"}],"replies":[{"embeddable":true,"href":"https:\/\/lecochonsavant.com\/en\/wp-json\/wp\/v2\/comments?post=28549"}],"wp:featuredmedia":[{"embeddable":true,"href":"https:\/\/lecochonsavant.com\/en\/wp-json\/wp\/v2\/media\/28539"}],"wp:attachment":[{"href":"https:\/\/lecochonsavant.com\/en\/wp-json\/wp\/v2\/media?parent=28549"}],"wp:term":[{"taxonomy":"product_brand","embeddable":true,"href":"https:\/\/lecochonsavant.com\/en\/wp-json\/wp\/v2\/product_brand?post=28549"},{"taxonomy":"product_cat","embeddable":true,"href":"https:\/\/lecochonsavant.com\/en\/wp-json\/wp\/v2\/product_cat?post=28549"},{"taxonomy":"product_tag","embeddable":true,"href":"https:\/\/lecochonsavant.com\/en\/wp-json\/wp\/v2\/product_tag?post=28549"}],"curies":[{"name":"wp","href":"https:\/\/api.w.org\/{rel}","templated":true}]}}