{"id":30110,"date":"2025-11-27T18:20:09","date_gmt":"2025-11-27T23:20:09","guid":{"rendered":"https:\/\/lecochonsavant.com\/produit\/chemise-matelassee-en-velours-avec-impression-geometrique-3d-col-a-revers-elegant\/"},"modified":"2025-12-01T22:36:47","modified_gmt":"2025-12-02T03:36:47","slug":"chemise-matelassee-en-velours-avec-impression-geometrique-3d-col-a-revers-elegant","status":"publish","type":"product","link":"https:\/\/lecochonsavant.com\/en\/product\/chemise-matelassee-en-velours-avec-impression-geometrique-3d-col-a-revers-elegant\/","title":{"rendered":"Chemise matelass\u00e9e en velours avec impression g\u00e9om\u00e9trique 3D \u2013 col \u00e0 revers \u00e9l\u00e9gant"},"content":{"rendered":"<p data-start=\"267\" data-end=\"343\"><img decoding=\"async\" class=\"alignnone  wp-image-32586\" src=\"https:\/\/lecochonsavant.com\/wp-content\/uploads\/2025\/11\/rabais-20-300x41.jpg\" alt=\"\" width=\"329\" height=\"45\" srcset=\"https:\/\/lecochonsavant.com\/wp-content\/uploads\/2025\/11\/rabais-20-300x41.jpg 300w, https:\/\/lecochonsavant.com\/wp-content\/uploads\/2025\/11\/rabais-20-64x9.jpg 64w, https:\/\/lecochonsavant.com\/wp-content\/uploads\/2025\/11\/rabais-20.jpg 528w\" sizes=\"(max-width: 329px) 100vw, 329px\" \/><\/p>\n<p data-start=\"267\" data-end=\"343\"><strong data-start=\"291\" data-end=\"343\">Look brut. Pr\u00e9sence chaude. S\u00e9duction naturelle.<\/strong><\/p>\n<p data-start=\"345\" data-end=\"685\"><strong data-start=\"345\" data-end=\"369\">Description longue :<\/strong><br data-start=\"369\" data-end=\"372\" \/>La surchemise <strong data-start=\"386\" data-end=\"400\">Wild Atlas<\/strong> m\u00e9lange le style outdoor, la chaleur du tissu et une \u00e9nergie virile qui ne passe jamais inaper\u00e7ue.<br data-start=\"499\" data-end=\"502\" \/>Le motif g\u00e9om\u00e9trique, inspir\u00e9 des textures du d\u00e9sert et des palettes de voyage, pose tout de suite une ambiance : un homme s\u00fbr de lui, libre, un peu sauvage\u2026 et terriblement attirant.<\/p>\n<p data-start=\"687\" data-end=\"972\">La coupe ample tombe naturellement sur les \u00e9paules, cr\u00e9ant cette silhouette masculine forte et relax.<br data-start=\"788\" data-end=\"791\" \/>Tu la portes ouverte pour montrer ton torse, ferm\u00e9e pour un look plus myst\u00e9rieux \u2014 dans les deux cas, elle attire.<br data-start=\"905\" data-end=\"908\" \/>La mati\u00e8re \u00e9paisse donne envie de s\u2019approcher\u2026 et de s\u2019y perdre.<\/p>\n<p data-start=\"974\" data-end=\"1142\">Parfaite pour :<br data-start=\"989\" data-end=\"992\" \/>\ud83d\udd25 une sortie en ville<br data-start=\"1014\" data-end=\"1017\" \/>\ud83d\udd25 un look de plage en fin de journ\u00e9e<br data-start=\"1054\" data-end=\"1057\" \/>\ud83d\udd25 une soir\u00e9e autour d\u2019un feu<br data-start=\"1086\" data-end=\"1089\" \/>\ud83d\udd25 un style masculin assum\u00e9, un peu brut, un peu sexy<\/p>\n<h2 data-start=\"121\" data-end=\"146\"><strong data-start=\"124\" data-end=\"146\">D\u00e9tails du produit<\/strong><\/h2>\n<p data-start=\"148\" data-end=\"471\"><strong data-start=\"179\" data-end=\"191\">Poches :<\/strong> poches plaqu\u00e9es<br data-start=\"344\" data-end=\"347\" \/><strong data-start=\"347\" data-end=\"375\">Composition principale :<\/strong> polyester<br data-start=\"385\" data-end=\"388\" data-is-only-node=\"\" \/><strong data-start=\"388\" data-end=\"409\">Type de manches :<\/strong> manches de style chemise<\/p>\n<hr data-start=\"473\" data-end=\"476\" \/>\n<h2 data-start=\"478\" data-end=\"505\"><strong data-start=\"481\" data-end=\"505\">Note sur les tailles<\/strong><\/h2>\n<ol data-start=\"507\" data-end=\"849\">\n<li data-start=\"507\" data-end=\"683\">\n<p data-start=\"510\" data-end=\"683\">Les tailles asiatiques sont <strong data-start=\"538\" data-end=\"568\">1 \u00e0 2 tailles plus petites<\/strong> que les tailles nord-am\u00e9ricaines ou europ\u00e9ennes. Si vous \u00eates entre deux tailles, choisissez la <strong data-start=\"665\" data-end=\"680\">plus grande<\/strong>.<\/p>\n<\/li>\n<li data-start=\"684\" data-end=\"785\">\n<p data-start=\"687\" data-end=\"785\">V\u00e9rifiez le guide des tailles avant achat. Contactez notre service client si vous avez un doute.<\/p>\n<\/li>\n<li data-start=\"786\" data-end=\"849\">\n<p data-start=\"789\" data-end=\"849\">Selon votre \u00e9cran, la couleur r\u00e9elle peut l\u00e9g\u00e8rement varier.<\/p>\n<\/li>\n<\/ol>\n<hr data-start=\"851\" data-end=\"854\" \/>\n<h2 data-start=\"856\" data-end=\"879\"><strong data-start=\"859\" data-end=\"879\">Contenu du colis<\/strong><\/h2>\n<p data-start=\"881\" data-end=\"894\"><strong data-start=\"881\" data-end=\"894\">1 \u00d7 Veste<\/strong><\/p>","protected":false},"excerpt":{"rendered":"<p>Look brut. Pr\u00e9sence chaude. S\u00e9duction naturelle. Description longue :La surchemise Wild Atlas m\u00e9lange le style outdoor, la chaleur du tissu et une \u00e9nergie virile qui ne passe jamais inaper\u00e7ue.Le motif g\u00e9om\u00e9trique, inspir\u00e9 des textures du d\u00e9sert et des palettes de voyage, pose tout de suite une ambiance : un homme s\u00fbr de lui, libre, un [&hellip;]<\/p>\n","protected":false},"featured_media":30100,"comment_status":"open","ping_status":"closed","template":"","meta":{"nf_dc_page":"","_bbp_topic_count":0,"_bbp_reply_count":0,"_bbp_total_topic_count":0,"_bbp_total_reply_count":0,"_bbp_voice_count":0,"_bbp_anonymous_reply_count":0,"_bbp_topic_count_hidden":0,"_bbp_reply_count_hidden":0,"_bbp_forum_subforum_count":0,"jetpack_publicize_message":"","jetpack_publicize_feature_enabled":true,"jetpack_social_post_already_shared":true,"jetpack_social_options":{"image_generator_settings":{"template":"highway","default_image_id":0,"font":"","enabled":false},"version":2}},"product_brand":[],"product_cat":[578],"product_tag":[226],"class_list":{"0":"post-30110","1":"product","2":"type-product","3":"status-publish","4":"has-post-thumbnail","6":"product_cat-veste-2","7":"product_tag-veste","9":"first","10":"instock","11":"taxable","12":"shipping-taxable","13":"purchasable","14":"product-type-variable"},"jetpack_publicize_connections":[],"_links":{"self":[{"href":"https:\/\/lecochonsavant.com\/en\/wp-json\/wp\/v2\/product\/30110","targetHints":{"allow":["GET"]}}],"collection":[{"href":"https:\/\/lecochonsavant.com\/en\/wp-json\/wp\/v2\/product"}],"about":[{"href":"https:\/\/lecochonsavant.com\/en\/wp-json\/wp\/v2\/types\/product"}],"replies":[{"embeddable":true,"href":"https:\/\/lecochonsavant.com\/en\/wp-json\/wp\/v2\/comments?post=30110"}],"wp:featuredmedia":[{"embeddable":true,"href":"https:\/\/lecochonsavant.com\/en\/wp-json\/wp\/v2\/media\/30100"}],"wp:attachment":[{"href":"https:\/\/lecochonsavant.com\/en\/wp-json\/wp\/v2\/media?parent=30110"}],"wp:term":[{"taxonomy":"product_brand","embeddable":true,"href":"https:\/\/lecochonsavant.com\/en\/wp-json\/wp\/v2\/product_brand?post=30110"},{"taxonomy":"product_cat","embeddable":true,"href":"https:\/\/lecochonsavant.com\/en\/wp-json\/wp\/v2\/product_cat?post=30110"},{"taxonomy":"product_tag","embeddable":true,"href":"https:\/\/lecochonsavant.com\/en\/wp-json\/wp\/v2\/product_tag?post=30110"}],"curies":[{"name":"wp","href":"https:\/\/api.w.org\/{rel}","templated":true}]}}