{"id":30494,"date":"2025-11-27T20:52:46","date_gmt":"2025-11-28T01:52:46","guid":{"rendered":"https:\/\/lecochonsavant.com\/produit\/camisole-pour-homme-polyester-leger-sport-detente\/"},"modified":"2025-12-01T22:31:54","modified_gmt":"2025-12-02T03:31:54","slug":"camisole-pour-homme-polyester-leger-sport-detente","status":"publish","type":"product","link":"https:\/\/lecochonsavant.com\/en\/product\/camisole-pour-homme-polyester-leger-sport-detente\/","title":{"rendered":"Camisole pour homme \u2013 polyester l\u00e9ger"},"content":{"rendered":"<p data-start=\"232\" data-end=\"316\"><img decoding=\"async\" class=\"alignnone  wp-image-32586\" src=\"https:\/\/lecochonsavant.com\/wp-content\/uploads\/2025\/11\/rabais-20-300x41.jpg\" alt=\"\" width=\"337\" height=\"46\" srcset=\"https:\/\/lecochonsavant.com\/wp-content\/uploads\/2025\/11\/rabais-20-300x41.jpg 300w, https:\/\/lecochonsavant.com\/wp-content\/uploads\/2025\/11\/rabais-20-64x9.jpg 64w, https:\/\/lecochonsavant.com\/wp-content\/uploads\/2025\/11\/rabais-20.jpg 528w\" sizes=\"(max-width: 337px) 100vw, 337px\" \/><\/p>\n<p data-start=\"232\" data-end=\"316\"><strong data-start=\"256\" data-end=\"316\">Moulant juste ce qu\u2019il faut\u2026 provocant comme tu l\u2019aimes.<\/strong><\/p>\n<p data-start=\"318\" data-end=\"590\"><strong data-start=\"318\" data-end=\"342\">Description longue :<\/strong><br data-start=\"342\" data-end=\"345\" \/>Le d\u00e9bardeur <strong data-start=\"358\" data-end=\"370\">BodyLine<\/strong> est un essentiel pour ceux qui aiment montrer leur corps sans d\u00e9tour.<br data-start=\"440\" data-end=\"443\" \/>Le tissu extensible se plaque contre ton torse, souligne tes pectoraux, attrape la lumi\u00e8re sur tes \u00e9paules et met ta silhouette en pleine \u00e9vidence.<\/p>\n<p data-start=\"592\" data-end=\"627\">Simple ? Oui.<br data-start=\"605\" data-end=\"608\" \/>Sage ? Pas du tout.<\/p>\n<p data-start=\"629\" data-end=\"835\">Chaque mouvement fait glisser la mati\u00e8re contre tes muscles, accentue ta forme, r\u00e9v\u00e8le ton travail au gym.<br data-start=\"735\" data-end=\"738\" \/>C\u2019est le genre de haut que tu mets au quotidien\u2026 mais qui finit toujours par attirer les regards.<\/p>\n<p data-start=\"837\" data-end=\"958\">Parfait pour :<br data-start=\"851\" data-end=\"854\" \/>\ud83d\udd25 l\u2019\u00e9t\u00e9<br data-start=\"862\" data-end=\"865\" \/>\ud83d\udd25 les sorties<br data-start=\"879\" data-end=\"882\" \/>\ud83d\udd25 les entra\u00eenements<br data-start=\"902\" data-end=\"905\" \/>\ud83d\udd25 ou juste te sentir puissant et sexy dans ton corps<\/p>\n<p data-start=\"960\" data-end=\"1127\">Disponible en plusieurs couleurs : du blanc innocent au marine intense en passant par des tons plus chauds, selon <strong data-start=\"1074\" data-end=\"1126\">comment tu veux que les regards glissent sur toi<\/strong>.<\/p>\n<h2 data-start=\"121\" data-end=\"146\"><strong data-start=\"124\" data-end=\"146\">D\u00e9tails du produit<\/strong><\/h2>\n<p data-start=\"148\" data-end=\"580\"><strong data-start=\"302\" data-end=\"313\">Coupe :<\/strong> ajust\u00e9e (slim)<br data-start=\"328\" data-end=\"331\" \/><strong data-start=\"331\" data-end=\"346\">\u00c9paisseur :<\/strong> fine<br data-start=\"351\" data-end=\"354\" \/><strong data-start=\"354\" data-end=\"365\">Tissu :<\/strong> polyester<\/p>\n<hr data-start=\"582\" data-end=\"585\" \/>\n<h2 data-start=\"587\" data-end=\"614\"><strong data-start=\"590\" data-end=\"614\">Note sur les tailles<\/strong><\/h2>\n<ol data-start=\"616\" data-end=\"967\">\n<li data-start=\"616\" data-end=\"792\">\n<p data-start=\"619\" data-end=\"792\">Les tailles asiatiques sont <strong data-start=\"647\" data-end=\"677\">1 \u00e0 2 tailles plus petites<\/strong> que les tailles nord-am\u00e9ricaines et europ\u00e9ennes. Si vous \u00eates entre deux tailles, choisissez <strong data-start=\"771\" data-end=\"789\">la plus grande<\/strong>.<\/p>\n<\/li>\n<li data-start=\"793\" data-end=\"902\">\n<p data-start=\"796\" data-end=\"902\">V\u00e9rifiez attentivement le tableau des tailles avant achat. En cas de doute, contactez le service client.<\/p>\n<\/li>\n<li data-start=\"903\" data-end=\"967\">\n<p data-start=\"906\" data-end=\"967\">Les couleurs peuvent l\u00e9g\u00e8rement varier selon l\u2019\u00e9cran utilis\u00e9.<\/p>\n<\/li>\n<\/ol>\n<hr data-start=\"969\" data-end=\"972\" \/>\n<h2 data-start=\"974\" data-end=\"997\"><strong data-start=\"977\" data-end=\"997\">Contenu du colis<\/strong><\/h2>\n<p data-start=\"999\" data-end=\"1016\"><strong data-start=\"999\" data-end=\"1016\">1 \u00d7 D\u00e9bardeur<\/strong><\/p>\n<p>&nbsp;<\/p>","protected":false},"excerpt":{"rendered":"<p>Moulant juste ce qu\u2019il faut\u2026 provocant comme tu l\u2019aimes. Description longue :Le d\u00e9bardeur BodyLine est un essentiel pour ceux qui aiment montrer leur corps sans d\u00e9tour.Le tissu extensible se plaque contre ton torse, souligne tes pectoraux, attrape la lumi\u00e8re sur tes \u00e9paules et met ta silhouette en pleine \u00e9vidence. Simple ? Oui.Sage ? Pas du [&hellip;]<\/p>\n","protected":false},"featured_media":30485,"comment_status":"open","ping_status":"closed","template":"","meta":{"nf_dc_page":"","_bbp_topic_count":0,"_bbp_reply_count":0,"_bbp_total_topic_count":0,"_bbp_total_reply_count":0,"_bbp_voice_count":0,"_bbp_anonymous_reply_count":0,"_bbp_topic_count_hidden":0,"_bbp_reply_count_hidden":0,"_bbp_forum_subforum_count":0,"jetpack_publicize_message":"","jetpack_publicize_feature_enabled":true,"jetpack_social_post_already_shared":true,"jetpack_social_options":{"image_generator_settings":{"template":"highway","default_image_id":0,"font":"","enabled":false},"version":2}},"product_brand":[],"product_cat":[119],"product_tag":[173],"class_list":{"0":"post-30494","1":"product","2":"type-product","3":"status-publish","4":"has-post-thumbnail","6":"product_cat-tank-top","7":"product_tag-camisole","9":"first","10":"instock","11":"taxable","12":"shipping-taxable","13":"purchasable","14":"product-type-variable"},"jetpack_publicize_connections":[],"_links":{"self":[{"href":"https:\/\/lecochonsavant.com\/en\/wp-json\/wp\/v2\/product\/30494","targetHints":{"allow":["GET"]}}],"collection":[{"href":"https:\/\/lecochonsavant.com\/en\/wp-json\/wp\/v2\/product"}],"about":[{"href":"https:\/\/lecochonsavant.com\/en\/wp-json\/wp\/v2\/types\/product"}],"replies":[{"embeddable":true,"href":"https:\/\/lecochonsavant.com\/en\/wp-json\/wp\/v2\/comments?post=30494"}],"wp:featuredmedia":[{"embeddable":true,"href":"https:\/\/lecochonsavant.com\/en\/wp-json\/wp\/v2\/media\/30485"}],"wp:attachment":[{"href":"https:\/\/lecochonsavant.com\/en\/wp-json\/wp\/v2\/media?parent=30494"}],"wp:term":[{"taxonomy":"product_brand","embeddable":true,"href":"https:\/\/lecochonsavant.com\/en\/wp-json\/wp\/v2\/product_brand?post=30494"},{"taxonomy":"product_cat","embeddable":true,"href":"https:\/\/lecochonsavant.com\/en\/wp-json\/wp\/v2\/product_cat?post=30494"},{"taxonomy":"product_tag","embeddable":true,"href":"https:\/\/lecochonsavant.com\/en\/wp-json\/wp\/v2\/product_tag?post=30494"}],"curies":[{"name":"wp","href":"https:\/\/api.w.org\/{rel}","templated":true}]}}