{"id":30625,"date":"2025-11-27T21:00:37","date_gmt":"2025-11-28T02:00:37","guid":{"rendered":"https:\/\/lecochonsavant.com\/produit\/t-shirt-manches-courtes-pour-homme-col-semi-roule-coupe-loose-moderne\/"},"modified":"2025-12-01T22:29:47","modified_gmt":"2025-12-02T03:29:47","slug":"t-shirt-manches-courtes-pour-homme-col-semi-roule-coupe-loose-moderne","status":"publish","type":"product","link":"https:\/\/lecochonsavant.com\/en\/product\/t-shirt-manches-courtes-pour-homme-col-semi-roule-coupe-loose-moderne\/","title":{"rendered":"T-shirt manches courtes pour homme \u2013 col semi-roul\u00e9, coupe loose moderne"},"content":{"rendered":"<p data-start=\"295\" data-end=\"374\"><img decoding=\"async\" class=\"alignnone  wp-image-32586\" src=\"https:\/\/lecochonsavant.com\/wp-content\/uploads\/2025\/11\/rabais-20-300x41.jpg\" alt=\"\" width=\"344\" height=\"47\" srcset=\"https:\/\/lecochonsavant.com\/wp-content\/uploads\/2025\/11\/rabais-20-300x41.jpg 300w, https:\/\/lecochonsavant.com\/wp-content\/uploads\/2025\/11\/rabais-20-64x9.jpg 64w, https:\/\/lecochonsavant.com\/wp-content\/uploads\/2025\/11\/rabais-20.jpg 528w\" sizes=\"(max-width: 344px) 100vw, 344px\" \/><\/p>\n<p data-start=\"295\" data-end=\"374\"><strong data-start=\"319\" data-end=\"374\">Douceur sur la peau. Tentation dans les mouvements.<\/strong><\/p>\n<p data-start=\"376\" data-end=\"517\"><strong data-start=\"376\" data-end=\"400\">Description longue :<\/strong><br data-start=\"400\" data-end=\"403\" \/>Le t-shirt <strong data-start=\"414\" data-end=\"427\">Soft Flow<\/strong> est la pi\u00e8ce parfaite quand tu veux \u00eatre sexy\u2026<br data-start=\"474\" data-end=\"477\" \/>mais sans avoir l\u2019air de faire expr\u00e8s.<\/p>\n<p data-start=\"519\" data-end=\"762\">Le tissu pliss\u00e9 tombe en vagues souples sur ton torse, glisse l\u00e9g\u00e8rement quand tu bouges, et laisse deviner la forme de ton corps sous une mati\u00e8re douce, l\u00e9g\u00e8re, presque sensuelle.<br data-start=\"699\" data-end=\"702\" \/>Ce n\u2019est pas moulant \u2014 mais c\u2019est justement \u00e7a qui attire.<\/p>\n<p data-start=\"764\" data-end=\"1003\">La coupe ample met en valeur les \u00e9paules, la taille, et cr\u00e9e ce contraste irr\u00e9sistible entre <strong data-start=\"857\" data-end=\"876\">volume du tissu<\/strong> et <strong data-start=\"880\" data-end=\"898\">ligne du corps<\/strong>.<br data-start=\"899\" data-end=\"902\" \/>Tu te penches, \u00e7a flotte.<br data-start=\"927\" data-end=\"930\" \/>Tu respires, \u00e7a ondule.<br data-start=\"953\" data-end=\"956\" \/>Et quelqu\u2019un qui regarde\u2026 ne voit plus que toi.<\/p>\n<p data-start=\"1005\" data-end=\"1161\">C\u2019est le haut parfait pour un look chic, relax, masculin, mais avec un sous-texte tr\u00e8s clair :<br data-start=\"1099\" data-end=\"1102\" \/><strong data-start=\"1102\" data-end=\"1161\">propre, doux, impeccable\u2026 mais dangereusement attirant.<\/strong><\/p>\n<p data-start=\"1163\" data-end=\"1276\">Disponible en couleurs neutres et nature<\/p>\n<p data-start=\"131\" data-end=\"156\"><strong data-start=\"134\" data-end=\"156\">D\u00e9tails du produit<br \/>\n<\/strong><strong data-start=\"314\" data-end=\"335\">Type de manches :<\/strong> manches courtes \/ mi-longues<br data-start=\"470\" data-end=\"473\" \/><strong data-start=\"473\" data-end=\"494\">Tissu principal :<\/strong> polyester<\/p>\n<hr data-start=\"601\" data-end=\"604\" \/>\n<h2 data-start=\"606\" data-end=\"633\"><strong data-start=\"609\" data-end=\"633\">Note sur les tailles<\/strong><\/h2>\n<ol data-start=\"635\" data-end=\"980\">\n<li data-start=\"635\" data-end=\"811\">\n<p data-start=\"638\" data-end=\"811\">Les tailles asiatiques sont <strong data-start=\"666\" data-end=\"696\">1 \u00e0 2 tailles plus petites<\/strong> que les tailles nord-am\u00e9ricaines ou europ\u00e9ennes. Si vous \u00eates entre deux tailles, choisissez <strong data-start=\"790\" data-end=\"808\">la plus grande<\/strong>.<\/p>\n<\/li>\n<li data-start=\"812\" data-end=\"915\">\n<p data-start=\"815\" data-end=\"915\">Consultez le tableau des tailles avant d\u2019acheter. En cas de doute, contactez notre service client.<\/p>\n<\/li>\n<li data-start=\"916\" data-end=\"980\">\n<p data-start=\"919\" data-end=\"980\">Les couleurs peuvent varier l\u00e9g\u00e8rement selon l\u2019\u00e9cran utilis\u00e9.<\/p>\n<\/li>\n<\/ol>\n<hr data-start=\"982\" data-end=\"985\" \/>\n<h2 data-start=\"987\" data-end=\"1010\"><strong data-start=\"990\" data-end=\"1010\">Contenu du colis<\/strong><\/h2>\n<p data-start=\"1012\" data-end=\"1042\"><strong data-start=\"1012\" data-end=\"1042\">1 \u00d7 Haut \u00e0 manches courtes<\/strong><\/p>","protected":false},"excerpt":{"rendered":"<p>Douceur sur la peau. Tentation dans les mouvements. Description longue :Le t-shirt Soft Flow est la pi\u00e8ce parfaite quand tu veux \u00eatre sexy\u2026mais sans avoir l\u2019air de faire expr\u00e8s. Le tissu pliss\u00e9 tombe en vagues souples sur ton torse, glisse l\u00e9g\u00e8rement quand tu bouges, et laisse deviner la forme de ton corps sous une mati\u00e8re [&hellip;]<\/p>\n","protected":false},"featured_media":30617,"comment_status":"open","ping_status":"closed","template":"","meta":{"nf_dc_page":"","_bbp_topic_count":0,"_bbp_reply_count":0,"_bbp_total_topic_count":0,"_bbp_total_reply_count":0,"_bbp_voice_count":0,"_bbp_anonymous_reply_count":0,"_bbp_topic_count_hidden":0,"_bbp_reply_count_hidden":0,"_bbp_forum_subforum_count":0,"jetpack_publicize_message":"","jetpack_publicize_feature_enabled":true,"jetpack_social_post_already_shared":true,"jetpack_social_options":{"image_generator_settings":{"template":"highway","default_image_id":0,"font":"","enabled":false},"version":2}},"product_brand":[],"product_cat":[122],"product_tag":[580],"class_list":{"0":"post-30625","1":"product","2":"type-product","3":"status-publish","4":"has-post-thumbnail","6":"product_cat-chandail","7":"product_tag-chandailmanche-court","9":"first","10":"instock","11":"taxable","12":"shipping-taxable","13":"purchasable","14":"product-type-variable"},"jetpack_publicize_connections":[],"_links":{"self":[{"href":"https:\/\/lecochonsavant.com\/en\/wp-json\/wp\/v2\/product\/30625","targetHints":{"allow":["GET"]}}],"collection":[{"href":"https:\/\/lecochonsavant.com\/en\/wp-json\/wp\/v2\/product"}],"about":[{"href":"https:\/\/lecochonsavant.com\/en\/wp-json\/wp\/v2\/types\/product"}],"replies":[{"embeddable":true,"href":"https:\/\/lecochonsavant.com\/en\/wp-json\/wp\/v2\/comments?post=30625"}],"wp:featuredmedia":[{"embeddable":true,"href":"https:\/\/lecochonsavant.com\/en\/wp-json\/wp\/v2\/media\/30617"}],"wp:attachment":[{"href":"https:\/\/lecochonsavant.com\/en\/wp-json\/wp\/v2\/media?parent=30625"}],"wp:term":[{"taxonomy":"product_brand","embeddable":true,"href":"https:\/\/lecochonsavant.com\/en\/wp-json\/wp\/v2\/product_brand?post=30625"},{"taxonomy":"product_cat","embeddable":true,"href":"https:\/\/lecochonsavant.com\/en\/wp-json\/wp\/v2\/product_cat?post=30625"},{"taxonomy":"product_tag","embeddable":true,"href":"https:\/\/lecochonsavant.com\/en\/wp-json\/wp\/v2\/product_tag?post=30625"}],"curies":[{"name":"wp","href":"https:\/\/api.w.org\/{rel}","templated":true}]}}