{"id":30958,"date":"2025-11-27T21:38:00","date_gmt":"2025-11-28T02:38:00","guid":{"rendered":"https:\/\/lecochonsavant.com\/produit\/chandail-top-crop-extensible\/"},"modified":"2025-12-01T22:20:33","modified_gmt":"2025-12-02T03:20:33","slug":"chandail-top-crop-extensible","status":"publish","type":"product","link":"https:\/\/lecochonsavant.com\/en\/product\/chandail-top-crop-extensible\/","title":{"rendered":"Chandail top-crop extensible"},"content":{"rendered":"<p data-start=\"383\" data-end=\"484\"><img decoding=\"async\" class=\"alignnone  wp-image-32586\" src=\"https:\/\/lecochonsavant.com\/wp-content\/uploads\/2025\/11\/rabais-20-300x41.jpg\" alt=\"\" width=\"344\" height=\"47\" srcset=\"https:\/\/lecochonsavant.com\/wp-content\/uploads\/2025\/11\/rabais-20-300x41.jpg 300w, https:\/\/lecochonsavant.com\/wp-content\/uploads\/2025\/11\/rabais-20-64x9.jpg 64w, https:\/\/lecochonsavant.com\/wp-content\/uploads\/2025\/11\/rabais-20.jpg 528w\" sizes=\"(max-width: 344px) 100vw, 344px\" \/><\/p>\n<p data-start=\"383\" data-end=\"484\">Ce haut moulant n\u2019est pas l\u00e0 pour couvrir.<br data-start=\"452\" data-end=\"455\" \/>Il est l\u00e0 pour <strong data-start=\"470\" data-end=\"483\">provoquer<\/strong>.<\/p>\n<p data-start=\"486\" data-end=\"709\">Le tissu stretch \u00e9pouse ton torse, souligne tes abdos, trace la ligne de ton ventre\u2026 et donne envie d\u2019y glisser les doigts.<br data-start=\"609\" data-end=\"612\" \/>Les manches longues accentuent encore plus le contraste : chaleur, tension, corps mis en sc\u00e8ne.<\/p>\n<p data-start=\"711\" data-end=\"942\">Quand tu tires le bas du chandail, comme sur la photo\u2026 c\u2019est fini.<br data-start=\"777\" data-end=\"780\" \/><strong data-start=\"780\" data-end=\"812\">Tous les regards descendents.<\/strong><br data-start=\"812\" data-end=\"815\" \/>Chaque mouvement soul\u00e8ve un peu plus le tissu, r\u00e9v\u00e8le un peu plus de peau, un peu plus de muscle \u2014 juste assez pour rendre fou.<\/p>\n<p data-start=\"944\" data-end=\"1137\">L\u00e9ger, respirant, ultra-ajust\u00e9, c\u2019est le haut parfait pour :<br data-start=\"1004\" data-end=\"1007\" \/>\u2013 t\u2019entra\u00eener (et te faire regarder),<br data-start=\"1044\" data-end=\"1047\" \/>\u2013 sortir avec une silhouette qui claque,<br data-start=\"1087\" data-end=\"1090\" \/>\u2013 ou juste montrer ce que tu travailles au gym.<\/p>\n<p data-start=\"1139\" data-end=\"1195\">Moulant. Chaud. Irr\u00e9sistible.<br data-start=\"1168\" data-end=\"1171\" \/><strong data-start=\"1171\" data-end=\"1195\">Un aimant \u00e0 regard.<\/strong><\/p>\n<p data-start=\"128\" data-end=\"153\"><strong data-start=\"131\" data-end=\"153\">D\u00e9tails du produit<strong data-start=\"325\" data-end=\"338\">Manches :<\/strong><span style=\"font-weight: 400;\">\u00a0longues<\/span><br style=\"font-weight: 400;\" data-start=\"346\" data-end=\"349\" \/><strong data-start=\"349\" data-end=\"377\">Composition principale :<\/strong><span style=\"font-weight: 400;\">\u00a0fibre de polyester<\/span><br style=\"font-weight: 400;\" data-start=\"443\" data-end=\"446\" data-is-only-node=\"\" \/><strong data-start=\"446\" data-end=\"457\">Style :<\/strong><span style=\"font-weight: 400;\">\u00a0haut basique polyvalent<\/span><br \/>\n<\/strong><\/p>\n<hr data-start=\"538\" data-end=\"541\" \/>\n<h2 data-start=\"543\" data-end=\"570\"><strong data-start=\"546\" data-end=\"570\">Note sur les tailles<\/strong><\/h2>\n<ol data-start=\"572\" data-end=\"905\">\n<li data-start=\"572\" data-end=\"744\">\n<p data-start=\"575\" data-end=\"744\">Les tailles asiatiques sont <strong data-start=\"603\" data-end=\"633\">1 \u00e0 2 tailles plus petites<\/strong> que les tailles nord-am\u00e9ricaines et europ\u00e9ennes. Si vous \u00eates entre deux tailles, prenez <strong data-start=\"723\" data-end=\"741\">la plus grande<\/strong>.<\/p>\n<\/li>\n<li data-start=\"745\" data-end=\"840\">\n<p data-start=\"748\" data-end=\"840\">V\u00e9rifiez le tableau des tailles avant achat. En cas de doute, contactez le service client.<\/p>\n<\/li>\n<li data-start=\"841\" data-end=\"905\">\n<p data-start=\"844\" data-end=\"905\">Les couleurs peuvent l\u00e9g\u00e8rement varier selon l\u2019\u00e9cran utilis\u00e9.<\/p>\n<\/li>\n<\/ol>\n<hr data-start=\"907\" data-end=\"910\" \/>\n<h2 data-start=\"912\" data-end=\"935\"><strong data-start=\"915\" data-end=\"935\">Contenu du colis<\/strong><\/h2>\n<p data-start=\"937\" data-end=\"965\"><strong data-start=\"937\" data-end=\"965\">1 \u00d7 Haut manches longues<\/strong><\/p>\n<p>&nbsp;<\/p>\n<p><b>Product Image:<\/b><\/p>\n<div>\n<p><img decoding=\"async\" src=\"https:\/\/oss-cf.cjdropshipping.com\/product\/2025\/07\/06\/03\/4df6e328-f679-404f-ba25-7bbc99f82423_trans.jpeg\" \/><img decoding=\"async\" src=\"https:\/\/oss-cf.cjdropshipping.com\/product\/2025\/07\/06\/03\/bcf09516-ea9d-4fb2-b76a-92dadd41ab97_trans.jpeg\" \/><\/p>\n<p><img decoding=\"async\" src=\"https:\/\/oss-cf.cjdropshipping.com\/product\/2025\/07\/06\/03\/79fe6ba6-0a4c-48c8-9e6a-ce87e5f1e426_trans.jpeg\" \/><\/p>\n<\/div>","protected":false},"excerpt":{"rendered":"<p>Ce haut moulant n\u2019est pas l\u00e0 pour couvrir.Il est l\u00e0 pour provoquer. Le tissu stretch \u00e9pouse ton torse, souligne tes abdos, trace la ligne de ton ventre\u2026 et donne envie d\u2019y glisser les doigts.Les manches longues accentuent encore plus le contraste : chaleur, tension, corps mis en sc\u00e8ne. Quand tu tires le bas du chandail, [&hellip;]<\/p>\n","protected":false},"featured_media":30953,"comment_status":"open","ping_status":"closed","template":"","meta":{"nf_dc_page":"","_bbp_topic_count":0,"_bbp_reply_count":0,"_bbp_total_topic_count":0,"_bbp_total_reply_count":0,"_bbp_voice_count":0,"_bbp_anonymous_reply_count":0,"_bbp_topic_count_hidden":0,"_bbp_reply_count_hidden":0,"_bbp_forum_subforum_count":0,"jetpack_publicize_message":"","jetpack_publicize_feature_enabled":true,"jetpack_social_post_already_shared":true,"jetpack_social_options":{"image_generator_settings":{"template":"highway","default_image_id":0,"font":"","enabled":false},"version":2}},"product_brand":[],"product_cat":[122],"product_tag":[123],"class_list":{"0":"post-30958","1":"product","2":"type-product","3":"status-publish","4":"has-post-thumbnail","6":"product_cat-chandail","7":"product_tag-chandail","9":"first","10":"instock","11":"taxable","12":"shipping-taxable","13":"purchasable","14":"product-type-variable"},"jetpack_publicize_connections":[],"_links":{"self":[{"href":"https:\/\/lecochonsavant.com\/en\/wp-json\/wp\/v2\/product\/30958","targetHints":{"allow":["GET"]}}],"collection":[{"href":"https:\/\/lecochonsavant.com\/en\/wp-json\/wp\/v2\/product"}],"about":[{"href":"https:\/\/lecochonsavant.com\/en\/wp-json\/wp\/v2\/types\/product"}],"replies":[{"embeddable":true,"href":"https:\/\/lecochonsavant.com\/en\/wp-json\/wp\/v2\/comments?post=30958"}],"wp:featuredmedia":[{"embeddable":true,"href":"https:\/\/lecochonsavant.com\/en\/wp-json\/wp\/v2\/media\/30953"}],"wp:attachment":[{"href":"https:\/\/lecochonsavant.com\/en\/wp-json\/wp\/v2\/media?parent=30958"}],"wp:term":[{"taxonomy":"product_brand","embeddable":true,"href":"https:\/\/lecochonsavant.com\/en\/wp-json\/wp\/v2\/product_brand?post=30958"},{"taxonomy":"product_cat","embeddable":true,"href":"https:\/\/lecochonsavant.com\/en\/wp-json\/wp\/v2\/product_cat?post=30958"},{"taxonomy":"product_tag","embeddable":true,"href":"https:\/\/lecochonsavant.com\/en\/wp-json\/wp\/v2\/product_tag?post=30958"}],"curies":[{"name":"wp","href":"https:\/\/api.w.org\/{rel}","templated":true}]}}