{"id":31318,"date":"2025-11-27T22:08:50","date_gmt":"2025-11-28T03:08:50","guid":{"rendered":"https:\/\/lecochonsavant.com\/produit\/debardeur-marin-homme-fashion-finition-boutons-metalliques-look-moderne\/"},"modified":"2025-12-01T22:13:39","modified_gmt":"2025-12-02T03:13:39","slug":"debardeur-marin-homme-fashion-finition-boutons-metalliques-look-moderne","status":"publish","type":"product","link":"https:\/\/lecochonsavant.com\/en\/product\/debardeur-marin-homme-fashion-finition-boutons-metalliques-look-moderne\/","title":{"rendered":"D\u00e9bardeur marin ajust\u00e9 \u2014 Rayures qui collent au corps, effet \u201ctorse irr\u00e9sistible\u201d"},"content":{"rendered":"<p data-start=\"178\" data-end=\"369\"><img decoding=\"async\" class=\"alignnone  wp-image-32586\" src=\"https:\/\/lecochonsavant.com\/wp-content\/uploads\/2025\/11\/rabais-20-300x41.jpg\" alt=\"\" width=\"344\" height=\"47\" srcset=\"https:\/\/lecochonsavant.com\/wp-content\/uploads\/2025\/11\/rabais-20-300x41.jpg 300w, https:\/\/lecochonsavant.com\/wp-content\/uploads\/2025\/11\/rabais-20-64x9.jpg 64w, https:\/\/lecochonsavant.com\/wp-content\/uploads\/2025\/11\/rabais-20.jpg 528w\" sizes=\"(max-width: 344px) 100vw, 344px\" \/><\/p>\n<p data-start=\"178\" data-end=\"369\">Ce d\u00e9bardeur joue la carte du <strong data-start=\"208\" data-end=\"223\">casual sexy<\/strong> \u00e0 la perfection.<br data-start=\"240\" data-end=\"243\" \/>Les rayures \u00e9pousent le torse, soulignent les pecs, suivent la ligne des abdos\u2026 et attirent exactement l\u2019attention o\u00f9 il faut.<\/p>\n<p data-start=\"371\" data-end=\"406\"><strong data-start=\"371\" data-end=\"404\">Pourquoi il fait de l\u2019effet :<\/strong><\/p>\n<ul data-start=\"407\" data-end=\"762\">\n<li data-start=\"407\" data-end=\"475\">\n<p data-start=\"409\" data-end=\"475\">Coupe pr\u00e8s du corps qui <strong data-start=\"433\" data-end=\"473\">dessine le haut du corps sans effort<\/strong><\/p>\n<\/li>\n<li data-start=\"476\" data-end=\"546\">\n<p data-start=\"478\" data-end=\"546\">Emmanchures larges = \u00e9paules mises en avant, bras sculpt\u00e9s expos\u00e9s<\/p>\n<\/li>\n<li data-start=\"547\" data-end=\"605\">\n<p data-start=\"549\" data-end=\"605\">Tissu l\u00e9ger qui <strong data-start=\"565\" data-end=\"603\">\u00e9pouse la peau quand il fait chaud<\/strong><\/p>\n<\/li>\n<li data-start=\"606\" data-end=\"669\">\n<p data-start=\"608\" data-end=\"669\">Vibes marines, estivales\u2026 mais clairement <strong data-start=\"650\" data-end=\"667\">pas innocence<\/strong><\/p>\n<\/li>\n<li data-start=\"670\" data-end=\"762\">\n<p data-start=\"672\" data-end=\"762\">Le genre de d\u00e9bardeur qui te transforme en fantasme ambulant juste en marchant dans la rue<\/p>\n<\/li>\n<\/ul>\n<p data-start=\"764\" data-end=\"862\">Simple, mais terriblement efficace.<br data-start=\"799\" data-end=\"802\" \/>Le parfait \u201cje ne fais rien\u2026 mais tout le monde me regarde\u201d.<\/p>\n<h2 data-start=\"130\" data-end=\"155\"><strong data-start=\"133\" data-end=\"155\">D\u00e9tails du produit<\/strong><\/h2>\n<p data-start=\"157\" data-end=\"472\"><strong data-start=\"157\" data-end=\"168\">Motif :<\/strong> rayures<br data-start=\"323\" data-end=\"326\" data-is-only-node=\"\" \/><strong data-start=\"326\" data-end=\"354\">Composition principale :<\/strong> fibre de polyester<\/p>\n<hr data-start=\"474\" data-end=\"477\" \/>\n<h2 data-start=\"479\" data-end=\"506\"><strong data-start=\"482\" data-end=\"506\">Note sur les tailles<\/strong><\/h2>\n<ol data-start=\"508\" data-end=\"814\">\n<li data-start=\"508\" data-end=\"689\">\n<p data-start=\"511\" data-end=\"689\">Les tailles asiatiques sont <strong data-start=\"539\" data-end=\"569\">1 \u00e0 2 tailles plus petites<\/strong> que les tailles nord-am\u00e9ricaines et europ\u00e9ennes.<br data-start=\"618\" data-end=\"621\" \/>Si vous \u00eates entre deux tailles, choisissez <strong data-start=\"668\" data-end=\"686\">la plus grande<\/strong>.<\/p>\n<\/li>\n<li data-start=\"690\" data-end=\"757\">\n<p data-start=\"693\" data-end=\"757\">V\u00e9rifiez attentivement le tableau des tailles avant d\u2019acheter.<\/p>\n<\/li>\n<li data-start=\"758\" data-end=\"814\">\n<p data-start=\"761\" data-end=\"814\">Les couleurs peuvent varier l\u00e9g\u00e8rement selon l\u2019\u00e9cran.<\/p>\n<\/li>\n<\/ol>\n<hr data-start=\"816\" data-end=\"819\" \/>\n<h2 data-start=\"821\" data-end=\"844\"><strong data-start=\"824\" data-end=\"844\">Contenu du colis<\/strong><\/h2>\n<p data-start=\"846\" data-end=\"871\"><strong data-start=\"846\" data-end=\"871\">1 \u00d7 Haut sans manches<\/strong><\/p>","protected":false},"excerpt":{"rendered":"<p>Ce d\u00e9bardeur joue la carte du casual sexy \u00e0 la perfection.Les rayures \u00e9pousent le torse, soulignent les pecs, suivent la ligne des abdos\u2026 et attirent exactement l\u2019attention o\u00f9 il faut. Pourquoi il fait de l\u2019effet : Coupe pr\u00e8s du corps qui dessine le haut du corps sans effort Emmanchures larges = \u00e9paules mises en avant, [&hellip;]<\/p>\n","protected":false},"featured_media":31313,"comment_status":"open","ping_status":"closed","template":"","meta":{"nf_dc_page":"","_bbp_topic_count":0,"_bbp_reply_count":0,"_bbp_total_topic_count":0,"_bbp_total_reply_count":0,"_bbp_voice_count":0,"_bbp_anonymous_reply_count":0,"_bbp_topic_count_hidden":0,"_bbp_reply_count_hidden":0,"_bbp_forum_subforum_count":0,"jetpack_publicize_message":"","jetpack_publicize_feature_enabled":true,"jetpack_social_post_already_shared":true,"jetpack_social_options":{"image_generator_settings":{"template":"highway","default_image_id":0,"font":"","enabled":false},"version":2}},"product_brand":[],"product_cat":[119],"product_tag":[173],"class_list":{"0":"post-31318","1":"product","2":"type-product","3":"status-publish","4":"has-post-thumbnail","6":"product_cat-tank-top","7":"product_tag-camisole","9":"first","10":"instock","11":"taxable","12":"shipping-taxable","13":"purchasable","14":"product-type-variable"},"jetpack_publicize_connections":[],"_links":{"self":[{"href":"https:\/\/lecochonsavant.com\/en\/wp-json\/wp\/v2\/product\/31318","targetHints":{"allow":["GET"]}}],"collection":[{"href":"https:\/\/lecochonsavant.com\/en\/wp-json\/wp\/v2\/product"}],"about":[{"href":"https:\/\/lecochonsavant.com\/en\/wp-json\/wp\/v2\/types\/product"}],"replies":[{"embeddable":true,"href":"https:\/\/lecochonsavant.com\/en\/wp-json\/wp\/v2\/comments?post=31318"}],"wp:featuredmedia":[{"embeddable":true,"href":"https:\/\/lecochonsavant.com\/en\/wp-json\/wp\/v2\/media\/31313"}],"wp:attachment":[{"href":"https:\/\/lecochonsavant.com\/en\/wp-json\/wp\/v2\/media?parent=31318"}],"wp:term":[{"taxonomy":"product_brand","embeddable":true,"href":"https:\/\/lecochonsavant.com\/en\/wp-json\/wp\/v2\/product_brand?post=31318"},{"taxonomy":"product_cat","embeddable":true,"href":"https:\/\/lecochonsavant.com\/en\/wp-json\/wp\/v2\/product_cat?post=31318"},{"taxonomy":"product_tag","embeddable":true,"href":"https:\/\/lecochonsavant.com\/en\/wp-json\/wp\/v2\/product_tag?post=31318"}],"curies":[{"name":"wp","href":"https:\/\/api.w.org\/{rel}","templated":true}]}}