{"id":31366,"date":"2025-11-27T22:17:27","date_gmt":"2025-11-28T03:17:27","guid":{"rendered":"https:\/\/lecochonsavant.com\/produit\/top-homme-en-maille-waffle-manches-longues-coupe-loose-et-confortable\/"},"modified":"2025-12-01T22:11:33","modified_gmt":"2025-12-02T03:11:33","slug":"top-homme-en-maille-waffle-manches-longues-coupe-loose-et-confortable","status":"publish","type":"product","link":"https:\/\/lecochonsavant.com\/en\/product\/top-homme-en-maille-waffle-manches-longues-coupe-loose-et-confortable\/","title":{"rendered":"Haut textur\u00e9 coupe loose \u2014 Confort absolu &#038; style minimal chic"},"content":{"rendered":"<p data-start=\"161\" data-end=\"403\"><img decoding=\"async\" class=\"alignnone  wp-image-32586\" src=\"https:\/\/lecochonsavant.com\/wp-content\/uploads\/2025\/11\/rabais-20-300x41.jpg\" alt=\"\" width=\"337\" height=\"46\" srcset=\"https:\/\/lecochonsavant.com\/wp-content\/uploads\/2025\/11\/rabais-20-300x41.jpg 300w, https:\/\/lecochonsavant.com\/wp-content\/uploads\/2025\/11\/rabais-20-64x9.jpg 64w, https:\/\/lecochonsavant.com\/wp-content\/uploads\/2025\/11\/rabais-20.jpg 528w\" sizes=\"(max-width: 337px) 100vw, 337px\" \/><\/p>\n<p data-start=\"161\" data-end=\"403\">Ce haut oversize en maille textur\u00e9e offre une silhouette fluide et relax, tout en restant \u00e9l\u00e9gant et parfaitement structur\u00e9. Sa coupe ample enveloppe le corps avec douceur, cr\u00e9ant un look \u00e0 la fois d\u00e9contract\u00e9, moderne et subtilement sensuel.<\/p>\n<p data-start=\"405\" data-end=\"571\">Le tissu l\u00e9ger et respirant donne un look naturel, id\u00e9al pour un style effortless mais soign\u00e9 \u2014 que ce soit pour sortir, relaxer ou cr\u00e9er un look urbain minimaliste.<\/p>\n<p data-start=\"573\" data-end=\"599\"><strong data-start=\"573\" data-end=\"597\">\u2714 Caract\u00e9ristiques :<\/strong><\/p>\n<ul data-start=\"600\" data-end=\"816\">\n<li data-start=\"600\" data-end=\"629\">\n<p data-start=\"602\" data-end=\"629\">Coupe loose ultra-confort<\/p>\n<\/li>\n<li data-start=\"630\" data-end=\"658\">\n<p data-start=\"632\" data-end=\"658\">Texture gaufr\u00e9e \u00e9l\u00e9gante<\/p>\n<\/li>\n<li data-start=\"659\" data-end=\"690\">\n<p data-start=\"661\" data-end=\"690\">Mati\u00e8re douce et respirante<\/p>\n<\/li>\n<li data-start=\"691\" data-end=\"713\">\n<p data-start=\"693\" data-end=\"713\">Style minimal chic<\/p>\n<\/li>\n<li data-start=\"714\" data-end=\"773\">\n<p data-start=\"716\" data-end=\"773\">Parfait pour looks streetwear, lounge ou casual habill\u00e9<\/p>\n<\/li>\n<li data-start=\"774\" data-end=\"816\">\n<p data-start=\"776\" data-end=\"816\">Unisexe, polyvalent, facile \u00e0 assortir<\/p>\n<\/li>\n<\/ul>\n<p data-start=\"818\" data-end=\"905\"><strong data-start=\"818\" data-end=\"905\">Un essentiel moderne, \u00e0 la fois simple, classe et incroyablement agr\u00e9able \u00e0 porter.<\/strong><\/p>\n<p data-start=\"907\" data-end=\"978\" data-is-last-node=\"\" data-is-only-node=\"\">Tu veux une version plus sexy, plus sobre, ou orient\u00e9e mode\/editorial ?<\/p>\n<h2 data-start=\"76\" data-end=\"101\"><strong data-start=\"79\" data-end=\"101\">D\u00e9tails du produit<br \/>\n<\/strong><strong style=\"font-size: 16px;\" data-start=\"278\" data-end=\"288\">Type :<\/strong><span style=\"font-size: 16px;\"> pull-over (sans fermeture)<\/span><\/h2>\n<hr data-start=\"436\" data-end=\"439\" \/>\n<h2 data-start=\"441\" data-end=\"465\"><strong data-start=\"444\" data-end=\"465\">Notes importantes<\/strong><\/h2>\n<ol data-start=\"467\" data-end=\"789\">\n<li data-start=\"467\" data-end=\"648\">\n<p data-start=\"470\" data-end=\"648\">Les tailles asiatiques sont <strong data-start=\"498\" data-end=\"528\">1 \u00e0 2 tailles plus petites<\/strong> que les tailles nord-am\u00e9ricaines et europ\u00e9ennes.<br data-start=\"577\" data-end=\"580\" \/>Si vous \u00eates entre deux tailles, choisissez <strong data-start=\"627\" data-end=\"645\">la plus grande<\/strong>.<\/p>\n<\/li>\n<li data-start=\"649\" data-end=\"725\">\n<p data-start=\"652\" data-end=\"725\">Pr\u00e9voir une diff\u00e9rence de <strong data-start=\"678\" data-end=\"690\">2 \u00e0 3 cm<\/strong> en raison de la mesure manuelle.<\/p>\n<\/li>\n<li data-start=\"726\" data-end=\"789\">\n<p data-start=\"729\" data-end=\"789\">Selon l\u2019\u00e9cran, la couleur r\u00e9elle peut <strong data-start=\"767\" data-end=\"788\">l\u00e9g\u00e8rement varier<\/strong>.<\/p>\n<\/li>\n<\/ol>\n<hr data-start=\"791\" data-end=\"794\" \/>\n<h2 data-start=\"796\" data-end=\"819\"><strong data-start=\"799\" data-end=\"819\">Contenu du colis<\/strong><\/h2>\n<p data-start=\"821\" data-end=\"839\"><strong data-start=\"821\" data-end=\"839\">1 \u00d7 haut (top)<\/strong><\/p>","protected":false},"excerpt":{"rendered":"<p>Ce haut oversize en maille textur\u00e9e offre une silhouette fluide et relax, tout en restant \u00e9l\u00e9gant et parfaitement structur\u00e9. Sa coupe ample enveloppe le corps avec douceur, cr\u00e9ant un look \u00e0 la fois d\u00e9contract\u00e9, moderne et subtilement sensuel. Le tissu l\u00e9ger et respirant donne un look naturel, id\u00e9al pour un style effortless mais soign\u00e9 \u2014 [&hellip;]<\/p>\n","protected":false},"featured_media":31356,"comment_status":"open","ping_status":"closed","template":"","meta":{"nf_dc_page":"","_bbp_topic_count":0,"_bbp_reply_count":0,"_bbp_total_topic_count":0,"_bbp_total_reply_count":0,"_bbp_voice_count":0,"_bbp_anonymous_reply_count":0,"_bbp_topic_count_hidden":0,"_bbp_reply_count_hidden":0,"_bbp_forum_subforum_count":0,"jetpack_publicize_message":"","jetpack_publicize_feature_enabled":true,"jetpack_social_post_already_shared":true,"jetpack_social_options":{"image_generator_settings":{"template":"highway","default_image_id":0,"font":"","enabled":false},"version":2}},"product_brand":[],"product_cat":[122],"product_tag":[123],"class_list":{"0":"post-31366","1":"product","2":"type-product","3":"status-publish","4":"has-post-thumbnail","6":"product_cat-chandail","7":"product_tag-chandail","9":"first","10":"instock","11":"taxable","12":"shipping-taxable","13":"purchasable","14":"product-type-variable"},"jetpack_publicize_connections":[],"_links":{"self":[{"href":"https:\/\/lecochonsavant.com\/en\/wp-json\/wp\/v2\/product\/31366","targetHints":{"allow":["GET"]}}],"collection":[{"href":"https:\/\/lecochonsavant.com\/en\/wp-json\/wp\/v2\/product"}],"about":[{"href":"https:\/\/lecochonsavant.com\/en\/wp-json\/wp\/v2\/types\/product"}],"replies":[{"embeddable":true,"href":"https:\/\/lecochonsavant.com\/en\/wp-json\/wp\/v2\/comments?post=31366"}],"wp:featuredmedia":[{"embeddable":true,"href":"https:\/\/lecochonsavant.com\/en\/wp-json\/wp\/v2\/media\/31356"}],"wp:attachment":[{"href":"https:\/\/lecochonsavant.com\/en\/wp-json\/wp\/v2\/media?parent=31366"}],"wp:term":[{"taxonomy":"product_brand","embeddable":true,"href":"https:\/\/lecochonsavant.com\/en\/wp-json\/wp\/v2\/product_brand?post=31366"},{"taxonomy":"product_cat","embeddable":true,"href":"https:\/\/lecochonsavant.com\/en\/wp-json\/wp\/v2\/product_cat?post=31366"},{"taxonomy":"product_tag","embeddable":true,"href":"https:\/\/lecochonsavant.com\/en\/wp-json\/wp\/v2\/product_tag?post=31366"}],"curies":[{"name":"wp","href":"https:\/\/api.w.org\/{rel}","templated":true}]}}