{"id":31423,"date":"2025-11-27T22:22:12","date_gmt":"2025-11-28T03:22:12","guid":{"rendered":"https:\/\/lecochonsavant.com\/produit\/combinaison-sans-manches-pour-homme-coupe-ajustee-respirant-silhouette-gainante\/"},"modified":"2025-12-01T22:08:47","modified_gmt":"2025-12-02T03:08:47","slug":"combinaison-sans-manches-pour-homme-coupe-ajustee-respirant-silhouette-gainante","status":"publish","type":"product","link":"https:\/\/lecochonsavant.com\/en\/product\/combinaison-sans-manches-pour-homme-coupe-ajustee-respirant-silhouette-gainante\/","title":{"rendered":"Combinaison sans manches pour homme \u2013 coupe ajust\u00e9e, respirant, silhouette gainante"},"content":{"rendered":"<h3 data-start=\"109\" data-end=\"205\"><img decoding=\"async\" class=\"alignnone  wp-image-32586\" src=\"https:\/\/lecochonsavant.com\/wp-content\/uploads\/2025\/11\/rabais-20-300x41.jpg\" alt=\"\" width=\"359\" height=\"49\" srcset=\"https:\/\/lecochonsavant.com\/wp-content\/uploads\/2025\/11\/rabais-20-300x41.jpg 300w, https:\/\/lecochonsavant.com\/wp-content\/uploads\/2025\/11\/rabais-20-64x9.jpg 64w, https:\/\/lecochonsavant.com\/wp-content\/uploads\/2025\/11\/rabais-20.jpg 528w\" sizes=\"(max-width: 359px) 100vw, 359px\" \/><\/h3>\n<h3 data-start=\"109\" data-end=\"205\"><strong data-start=\"113\" data-end=\"205\">Combinaison sans manches pour homme \u2014 Coupe ajust\u00e9e, respirante et silhouette sculptante<\/strong><\/h3>\n<p data-start=\"207\" data-end=\"492\">Cette combinaison sans manches offre un parfait m\u00e9lange de sensualit\u00e9, de confort et de style.<br data-start=\"301\" data-end=\"304\" \/>Son tissu l\u00e9ger, c\u00f4tel\u00e9 et l\u00e9g\u00e8rement transparent \u00e9pouse chaque courbe du torse pour cr\u00e9er une <strong data-start=\"399\" data-end=\"441\">silhouette gainante et ultra flatteuse<\/strong>, sans jamais compromettre la libert\u00e9 de mouvement.<\/p>\n<p data-start=\"494\" data-end=\"749\">Les c\u00f4t\u00e9s profond\u00e9ment \u00e9chancr\u00e9s r\u00e9v\u00e8lent juste ce qu\u2019il faut pour un look audacieux, assum\u00e9 et terriblement s\u00e9duisant.<br data-start=\"613\" data-end=\"616\" \/>La mati\u00e8re extensible assure un maintien naturel, tandis que la zone d\u2019entrejambe permet un ajustement facile et un port confortable.<\/p>\n<p data-start=\"751\" data-end=\"777\"><strong data-start=\"751\" data-end=\"775\">\u2714 Caract\u00e9ristiques :<\/strong><\/p>\n<ul data-start=\"778\" data-end=\"1138\">\n<li data-start=\"778\" data-end=\"829\">\n<p data-start=\"780\" data-end=\"829\">Tissu respirant, extensible et doux sur la peau<\/p>\n<\/li>\n<li data-start=\"830\" data-end=\"886\">\n<p data-start=\"832\" data-end=\"886\">Coupe moulante qui sculpte et met en valeur le buste<\/p>\n<\/li>\n<li data-start=\"887\" data-end=\"947\">\n<p data-start=\"889\" data-end=\"947\">\u00c9chancrures lat\u00e9rales profondes pour un effet ultra-sexy<\/p>\n<\/li>\n<li data-start=\"948\" data-end=\"974\">\n<p data-start=\"950\" data-end=\"974\">D\u00e9collet\u00e9 rond moderne<\/p>\n<\/li>\n<li data-start=\"975\" data-end=\"1037\">\n<p data-start=\"977\" data-end=\"1037\">Confortable pour bouger, danser ou porter sous un pantalon<\/p>\n<\/li>\n<li data-start=\"1038\" data-end=\"1103\">\n<p data-start=\"1040\" data-end=\"1103\">Parfait pour soir\u00e9es, clubwear, s\u00e9ances photo ou jeux de r\u00f4le<\/p>\n<\/li>\n<li data-start=\"1104\" data-end=\"1138\">\n<p data-start=\"1106\" data-end=\"1138\">Entretien facile, s\u00e9chage rapide<\/p>\n<\/li>\n<\/ul>\n<p data-start=\"1140\" data-end=\"1235\" data-is-last-node=\"\" data-is-only-node=\"\"><strong data-start=\"1140\" data-end=\"1235\" data-is-last-node=\"\">Un incontournable pour les hommes qui aiment les pi\u00e8ces audacieuses, sensuelles et styl\u00e9es.<\/strong><\/p>\n<h2 data-start=\"69\" data-end=\"94\"><strong data-start=\"72\" data-end=\"94\">D\u00e9tails du produit<\/strong><\/h2>\n<p data-start=\"96\" data-end=\"269\"><strong data-start=\"153\" data-end=\"167\">Couleurs :<\/strong> noir, blanc, gris fonc\u00e9<br data-start=\"191\" data-end=\"194\" \/><strong data-start=\"194\" data-end=\"222\">Composition principale:<\/strong> nylon<br data-start=\"228\" data-end=\"231\" \/><strong data-start=\"231\" data-end=\"243\">Taille :<\/strong> taille unique<\/p>\n<hr data-start=\"271\" data-end=\"274\" \/>\n<h2 data-start=\"276\" data-end=\"300\"><strong data-start=\"279\" data-end=\"300\">Notes importantes<\/strong><\/h2>\n<ul data-start=\"302\" data-end=\"544\">\n<li data-start=\"302\" data-end=\"426\">\n<p data-start=\"304\" data-end=\"426\">Les tailles asiatiques sont g\u00e9n\u00e9ralement <strong data-start=\"345\" data-end=\"375\">1 \u00e0 2 tailles plus petites<\/strong> que les tailles europ\u00e9ennes et nord-am\u00e9ricaines.<\/p>\n<\/li>\n<li data-start=\"427\" data-end=\"488\">\n<p data-start=\"429\" data-end=\"488\">Pr\u00e9voir <strong data-start=\"437\" data-end=\"460\">2\u20133 cm de variation<\/strong> selon la mesure manuelle.<\/p>\n<\/li>\n<li data-start=\"489\" data-end=\"544\">\n<p data-start=\"491\" data-end=\"544\">Les couleurs peuvent varier l\u00e9g\u00e8rement selon l\u2019\u00e9cran.<\/p>\n<\/li>\n<\/ul>\n<hr data-start=\"546\" data-end=\"549\" \/>\n<h2 data-start=\"551\" data-end=\"574\"><strong data-start=\"554\" data-end=\"574\">Contenu du colis<\/strong><\/h2>\n<p data-start=\"576\" data-end=\"587\"><strong data-start=\"576\" data-end=\"587\">Top \u00d7 1<\/strong><\/p>","protected":false},"excerpt":{"rendered":"<p>Combinaison sans manches pour homme \u2014 Coupe ajust\u00e9e, respirante et silhouette sculptante Cette combinaison sans manches offre un parfait m\u00e9lange de sensualit\u00e9, de confort et de style.Son tissu l\u00e9ger, c\u00f4tel\u00e9 et l\u00e9g\u00e8rement transparent \u00e9pouse chaque courbe du torse pour cr\u00e9er une silhouette gainante et ultra flatteuse, sans jamais compromettre la libert\u00e9 de mouvement. Les c\u00f4t\u00e9s [&hellip;]<\/p>\n","protected":false},"featured_media":31415,"comment_status":"open","ping_status":"closed","template":"","meta":{"nf_dc_page":"","_bbp_topic_count":0,"_bbp_reply_count":0,"_bbp_total_topic_count":0,"_bbp_total_reply_count":0,"_bbp_voice_count":0,"_bbp_anonymous_reply_count":0,"_bbp_topic_count_hidden":0,"_bbp_reply_count_hidden":0,"_bbp_forum_subforum_count":0,"jetpack_publicize_message":"","jetpack_publicize_feature_enabled":true,"jetpack_social_post_already_shared":true,"jetpack_social_options":{"image_generator_settings":{"template":"highway","default_image_id":0,"font":"","enabled":false},"version":2}},"product_brand":[],"product_cat":[558],"product_tag":[559],"class_list":{"0":"post-31423","1":"product","2":"type-product","3":"status-publish","4":"has-post-thumbnail","6":"product_cat-bodysuit","7":"product_tag-bodysuit","9":"first","10":"instock","11":"taxable","12":"shipping-taxable","13":"purchasable","14":"product-type-variable"},"jetpack_publicize_connections":[],"_links":{"self":[{"href":"https:\/\/lecochonsavant.com\/en\/wp-json\/wp\/v2\/product\/31423","targetHints":{"allow":["GET"]}}],"collection":[{"href":"https:\/\/lecochonsavant.com\/en\/wp-json\/wp\/v2\/product"}],"about":[{"href":"https:\/\/lecochonsavant.com\/en\/wp-json\/wp\/v2\/types\/product"}],"replies":[{"embeddable":true,"href":"https:\/\/lecochonsavant.com\/en\/wp-json\/wp\/v2\/comments?post=31423"}],"wp:featuredmedia":[{"embeddable":true,"href":"https:\/\/lecochonsavant.com\/en\/wp-json\/wp\/v2\/media\/31415"}],"wp:attachment":[{"href":"https:\/\/lecochonsavant.com\/en\/wp-json\/wp\/v2\/media?parent=31423"}],"wp:term":[{"taxonomy":"product_brand","embeddable":true,"href":"https:\/\/lecochonsavant.com\/en\/wp-json\/wp\/v2\/product_brand?post=31423"},{"taxonomy":"product_cat","embeddable":true,"href":"https:\/\/lecochonsavant.com\/en\/wp-json\/wp\/v2\/product_cat?post=31423"},{"taxonomy":"product_tag","embeddable":true,"href":"https:\/\/lecochonsavant.com\/en\/wp-json\/wp\/v2\/product_tag?post=31423"}],"curies":[{"name":"wp","href":"https:\/\/api.w.org\/{rel}","templated":true}]}}