{"id":31509,"date":"2025-11-29T12:36:32","date_gmt":"2025-11-29T17:36:32","guid":{"rendered":"https:\/\/lecochonsavant.com\/produit\/camisole-a-diamants\/"},"modified":"2025-12-01T22:06:43","modified_gmt":"2025-12-02T03:06:43","slug":"camisole-a-diamants","status":"publish","type":"product","link":"https:\/\/lecochonsavant.com\/en\/product\/camisole-a-diamants\/","title":{"rendered":"Harnais scintillant en strass \u2014 Top bijou int\u00e9gral pour torse"},"content":{"rendered":"<article class=\"text-token-text-primary w-full focus:outline-none [--shadow-height:45px] has-data-writing-block:pointer-events-none has-data-writing-block:-mt-(--shadow-height) has-data-writing-block:pt-(--shadow-height) [&amp;:has([data-writing-block])&gt;*]:pointer-events-auto scroll-mt-[calc(var(--header-height)+min(200px,max(70px,20svh)))]\" dir=\"auto\" tabindex=\"-1\" data-turn-id=\"request-692b2f42-67b0-8329-8b3e-5c7bb3835418-51\" data-testid=\"conversation-turn-394\" data-scroll-anchor=\"true\" data-turn=\"assistant\">\n<div class=\"text-base my-auto mx-auto pb-10 [--thread-content-margin:--spacing(4)] thread-sm:[--thread-content-margin:--spacing(6)] thread-lg:[--thread-content-margin:--spacing(16)] px-(--thread-content-margin)\">\n<div class=\"[--thread-content-max-width:40rem] thread-lg:[--thread-content-max-width:48rem] mx-auto max-w-(--thread-content-max-width) flex-1 group\/turn-messages focus-visible:outline-hidden relative flex w-full min-w-0 flex-col agent-turn\" tabindex=\"-1\">\n<div class=\"flex max-w-full flex-col grow\">\n<div class=\"min-h-8 text-message relative flex w-full flex-col items-end gap-2 text-start break-words whitespace-normal [.text-message+&amp;]:mt-1\" dir=\"auto\" data-message-author-role=\"assistant\" data-message-id=\"6740b40a-53a5-4bdb-a2d7-8d55d221fd8b\" data-message-model-slug=\"gpt-5-1\">\n<div class=\"flex w-full flex-col gap-1 empty:hidden first:pt-[1px]\">\n<div class=\"markdown prose dark:prose-invert w-full break-words dark markdown-new-styling\">\n<p data-start=\"156\" data-end=\"416\"><img decoding=\"async\" class=\"alignnone  wp-image-32586\" src=\"https:\/\/lecochonsavant.com\/wp-content\/uploads\/2025\/11\/rabais-20-300x41.jpg\" alt=\"\" width=\"337\" height=\"46\" srcset=\"https:\/\/lecochonsavant.com\/wp-content\/uploads\/2025\/11\/rabais-20-300x41.jpg 300w, https:\/\/lecochonsavant.com\/wp-content\/uploads\/2025\/11\/rabais-20-64x9.jpg 64w, https:\/\/lecochonsavant.com\/wp-content\/uploads\/2025\/11\/rabais-20.jpg 528w\" sizes=\"(max-width: 337px) 100vw, 337px\" \/><\/p>\n<p data-start=\"156\" data-end=\"416\">Ce harnais spectaculaire transforme le torse en v\u00e9ritable <strong data-start=\"214\" data-end=\"244\">surface de lumi\u00e8re vivante<\/strong>.<br data-start=\"245\" data-end=\"248\" \/>Compos\u00e9 de larges cristaux rectangulaires reli\u00e9s entre eux par des anneaux m\u00e9talliques, il cr\u00e9e une armure scintillante qui capte chaque mouvement\u2026 et tous les regards.<\/p>\n<p data-start=\"418\" data-end=\"574\">Un accessoire irr\u00e9sistible pour la sc\u00e8ne, les soir\u00e9es glam, les shootings, les performances ou les moments o\u00f9 tu veux simplement <strong data-start=\"547\" data-end=\"573\">faire briller la pi\u00e8ce<\/strong>.<\/p>\n<p data-start=\"576\" data-end=\"602\"><strong data-start=\"576\" data-end=\"600\">\u2714 Caract\u00e9ristiques :<\/strong><\/p>\n<ul data-start=\"603\" data-end=\"917\">\n<li data-start=\"603\" data-end=\"651\">\n<p data-start=\"605\" data-end=\"651\">Cristaux effet diamant, taille rectangulaire<\/p>\n<\/li>\n<li data-start=\"652\" data-end=\"722\">\n<p data-start=\"654\" data-end=\"722\">Structure souple et mobile : suit parfaitement les formes du torse<\/p>\n<\/li>\n<li data-start=\"723\" data-end=\"776\">\n<p data-start=\"725\" data-end=\"776\">Effet miroir sous la lumi\u00e8re \u2014 ultra photog\u00e9nique<\/p>\n<\/li>\n<li data-start=\"777\" data-end=\"799\">\n<p data-start=\"779\" data-end=\"799\">Ajustable, unisexe<\/p>\n<\/li>\n<li data-start=\"800\" data-end=\"846\">\n<p data-start=\"802\" data-end=\"846\">Design audacieux, assum\u00e9, intens\u00e9ment sexy<\/p>\n<\/li>\n<li data-start=\"847\" data-end=\"917\">\n<p data-start=\"849\" data-end=\"917\">Id\u00e9al pour clubwear, spectacles, danse, mode, performance artistique<\/p>\n<\/li>\n<\/ul>\n<p data-start=\"919\" data-end=\"970\" data-is-last-node=\"\" data-is-only-node=\"\"><strong data-start=\"919\" data-end=\"970\" data-is-last-node=\"\">Une pi\u00e8ce qui ne se porte pas : elle se r\u00e9v\u00e8le.<\/strong><\/p>\n<\/div>\n<\/div>\n<\/div>\n<\/div>\n<\/div>\n<\/div>\n<\/article>\n<p><img decoding=\"async\" src=\"https:\/\/oss-cf.cjdropshipping.com\/product\/2025\/10\/27\/12\/57d072d4-388f-4272-9804-07ab807b0317_trans.jpeg\" \/><\/p>\n<h3 data-start=\"60\" data-end=\"98\"><strong data-start=\"64\" data-end=\"98\">Pr\u00e9vention \/ Avis importants :<\/strong><\/h3>\n<ol data-start=\"100\" data-end=\"696\">\n<li data-start=\"100\" data-end=\"344\">\n<p data-start=\"103\" data-end=\"344\"><strong data-start=\"103\" data-end=\"161\">Les tailles asiatiques sont 1 \u00e0 2 tailles plus petites<\/strong> que les tailles europ\u00e9ennes et am\u00e9ricaines. Si vous \u00eates entre deux tailles, choisissez la plus grande. Veuillez pr\u00e9voir <strong data-start=\"283\" data-end=\"309\">2 \u00e0 3 cm de diff\u00e9rence<\/strong> en raison de la mesure manuelle.<\/p>\n<\/li>\n<li data-start=\"345\" data-end=\"513\">\n<p data-start=\"348\" data-end=\"513\"><strong data-start=\"348\" data-end=\"423\">Veuillez v\u00e9rifier attentivement le tableau des tailles avant d\u2019acheter.<\/strong> Si vous ne savez pas quelle taille choisir, veuillez contacter notre service client\u00e8le.<\/p>\n<\/li>\n<li data-start=\"514\" data-end=\"696\">\n<p data-start=\"517\" data-end=\"696\">Comme vous le savez, <strong data-start=\"538\" data-end=\"601\">chaque \u00e9cran d\u2019ordinateur affiche les couleurs diff\u00e9remment<\/strong>. La couleur r\u00e9elle de l\u2019article peut donc l\u00e9g\u00e8rement varier par rapport aux images ci-dessous.<\/p>\n<\/li>\n<\/ol>\n<hr data-start=\"698\" data-end=\"701\" \/>\n<h3 data-start=\"703\" data-end=\"732\"><strong data-start=\"707\" data-end=\"730\">Liste d\u2019emballage :<\/strong><\/h3>\n<ul data-start=\"733\" data-end=\"782\">\n<li data-start=\"733\" data-end=\"782\">\n<p data-start=\"735\" data-end=\"782\"><strong data-start=\"735\" data-end=\"782\">Cha\u00eene corporelle en alliage pour homme \u00d7 1<\/strong><\/p>\n<\/li>\n<\/ul>\n<p><b>Product Image:<\/b><\/p>\n<p><img decoding=\"async\" src=\"https:\/\/cf.cjdropshipping.com\/quick\/product\/61cea061-063f-4e27-b6aa-580acc79aa82.jpg\" \/><\/p>\n","protected":false},"excerpt":{"rendered":"<p>Ce harnais spectaculaire transforme le torse en v\u00e9ritable surface de lumi\u00e8re vivante.Compos\u00e9 de larges cristaux rectangulaires reli\u00e9s entre eux par des anneaux m\u00e9talliques, il cr\u00e9e une armure scintillante qui capte chaque mouvement\u2026 et tous les regards. Un accessoire irr\u00e9sistible pour la sc\u00e8ne, les soir\u00e9es glam, les shootings, les performances ou les moments o\u00f9 tu veux [&hellip;]<\/p>\n","protected":false},"featured_media":31504,"comment_status":"open","ping_status":"closed","template":"","meta":{"nf_dc_page":"","_bbp_topic_count":0,"_bbp_reply_count":0,"_bbp_total_topic_count":0,"_bbp_total_reply_count":0,"_bbp_voice_count":0,"_bbp_anonymous_reply_count":0,"_bbp_topic_count_hidden":0,"_bbp_reply_count_hidden":0,"_bbp_forum_subforum_count":0,"jetpack_publicize_message":"","jetpack_publicize_feature_enabled":true,"jetpack_social_post_already_shared":true,"jetpack_social_options":{"image_generator_settings":{"template":"highway","default_image_id":0,"font":"","enabled":false},"version":2}},"product_brand":[],"product_cat":[590],"product_tag":[591],"class_list":{"0":"post-31509","1":"product","2":"type-product","3":"status-publish","4":"has-post-thumbnail","6":"product_cat-bijoux","7":"product_tag-bijoux","9":"first","10":"instock","11":"taxable","12":"shipping-taxable","13":"purchasable","14":"product-type-variable"},"jetpack_publicize_connections":[],"_links":{"self":[{"href":"https:\/\/lecochonsavant.com\/en\/wp-json\/wp\/v2\/product\/31509","targetHints":{"allow":["GET"]}}],"collection":[{"href":"https:\/\/lecochonsavant.com\/en\/wp-json\/wp\/v2\/product"}],"about":[{"href":"https:\/\/lecochonsavant.com\/en\/wp-json\/wp\/v2\/types\/product"}],"replies":[{"embeddable":true,"href":"https:\/\/lecochonsavant.com\/en\/wp-json\/wp\/v2\/comments?post=31509"}],"wp:featuredmedia":[{"embeddable":true,"href":"https:\/\/lecochonsavant.com\/en\/wp-json\/wp\/v2\/media\/31504"}],"wp:attachment":[{"href":"https:\/\/lecochonsavant.com\/en\/wp-json\/wp\/v2\/media?parent=31509"}],"wp:term":[{"taxonomy":"product_brand","embeddable":true,"href":"https:\/\/lecochonsavant.com\/en\/wp-json\/wp\/v2\/product_brand?post=31509"},{"taxonomy":"product_cat","embeddable":true,"href":"https:\/\/lecochonsavant.com\/en\/wp-json\/wp\/v2\/product_cat?post=31509"},{"taxonomy":"product_tag","embeddable":true,"href":"https:\/\/lecochonsavant.com\/en\/wp-json\/wp\/v2\/product_tag?post=31509"}],"curies":[{"name":"wp","href":"https:\/\/api.w.org\/{rel}","templated":true}]}}