{"id":31521,"date":"2025-11-29T12:37:58","date_gmt":"2025-11-29T17:37:58","guid":{"rendered":"https:\/\/lecochonsavant.com\/produit\/nouvelle-chaine-depaule-a-franges-multi-couches-chaine-corporelle-pour-hommes-ornee-de-strass\/"},"modified":"2025-12-01T22:05:36","modified_gmt":"2025-12-02T03:05:36","slug":"nouvelle-chaine-depaule-a-franges-multi-couches-chaine-corporelle-pour-hommes-ornee-de-strass","status":"publish","type":"product","link":"https:\/\/lecochonsavant.com\/en\/product\/nouvelle-chaine-depaule-a-franges-multi-couches-chaine-corporelle-pour-hommes-ornee-de-strass\/","title":{"rendered":"Cha\u00eene corporelle \u00e9paule &#038; torse \u2014 Ornement perl\u00e9 multi-lignes"},"content":{"rendered":"<p data-start=\"162\" data-end=\"450\"><img decoding=\"async\" class=\"alignnone  wp-image-32586\" src=\"https:\/\/lecochonsavant.com\/wp-content\/uploads\/2025\/11\/rabais-20-300x41.jpg\" alt=\"\" width=\"359\" height=\"49\" srcset=\"https:\/\/lecochonsavant.com\/wp-content\/uploads\/2025\/11\/rabais-20-300x41.jpg 300w, https:\/\/lecochonsavant.com\/wp-content\/uploads\/2025\/11\/rabais-20-64x9.jpg 64w, https:\/\/lecochonsavant.com\/wp-content\/uploads\/2025\/11\/rabais-20.jpg 528w\" sizes=\"(max-width: 359px) 100vw, 359px\" \/><\/p>\n<p data-start=\"162\" data-end=\"450\">Pi\u00e8ce ultra-raffin\u00e9e compos\u00e9e de cha\u00eenes fines et de perles scintillantes qui \u00e9pousent les \u00e9paules et descendent le long du torse.<br data-start=\"292\" data-end=\"295\" \/>Ce bijou corporel cr\u00e9e un effet <strong data-start=\"327\" data-end=\"351\">ang\u00e9lique et sensuel<\/strong>, parfait pour sublimer une silhouette nue, un look de sc\u00e8ne, un shooting ou une soir\u00e9e th\u00e9matique.<\/p>\n<p data-start=\"452\" data-end=\"478\"><strong data-start=\"452\" data-end=\"476\">\u2714 Caract\u00e9ristiques :<\/strong><\/p>\n<ul data-start=\"479\" data-end=\"758\">\n<li data-start=\"479\" data-end=\"520\">\n<p data-start=\"481\" data-end=\"520\">Structure d\u00e9licate en cha\u00eenes perl\u00e9es<\/p>\n<\/li>\n<li data-start=\"521\" data-end=\"565\">\n<p data-start=\"523\" data-end=\"565\">\u00c9paulettes d\u00e9coratives avec motif ajour\u00e9<\/p>\n<\/li>\n<li data-start=\"566\" data-end=\"614\">\n<p data-start=\"568\" data-end=\"614\">Chute centrale \u00e9l\u00e9gante qui allonge le torse<\/p>\n<\/li>\n<li data-start=\"615\" data-end=\"646\">\n<p data-start=\"617\" data-end=\"646\">Design l\u00e9ger et confortable<\/p>\n<\/li>\n<li data-start=\"647\" data-end=\"698\">\n<p data-start=\"649\" data-end=\"698\">Ajustable \u2014 convient \u00e0 diff\u00e9rentes morphologies<\/p>\n<\/li>\n<li data-start=\"699\" data-end=\"758\">\n<p data-start=\"701\" data-end=\"758\">Style unisexe, id\u00e9al pour looks glam, fantasy ou clubwear<\/p>\n<\/li>\n<\/ul>\n<p data-start=\"760\" data-end=\"823\" data-is-last-node=\"\" data-is-only-node=\"\"><strong data-start=\"760\" data-end=\"823\" data-is-last-node=\"\">Un bijou de corps qui transforme litt\u00e9ralement la pr\u00e9sence.<\/strong><\/p>\n<h3 data-start=\"60\" data-end=\"99\"><strong data-start=\"64\" data-end=\"97\">Informations sur le produit :<\/strong><\/h3>\n<ul data-start=\"100\" data-end=\"294\">\n<li data-start=\"135\" data-end=\"164\">\n<p data-start=\"137\" data-end=\"164\"><strong data-start=\"137\" data-end=\"151\">Couleurs :<\/strong> Or, argent<\/p>\n<\/li>\n<li data-start=\"165\" data-end=\"190\">\n<p data-start=\"167\" data-end=\"190\"><strong data-start=\"167\" data-end=\"181\">Mat\u00e9riau :<\/strong> Strass<\/p>\n<\/li>\n<\/ul>\n<hr data-start=\"296\" data-end=\"299\" \/>\n<h3 data-start=\"301\" data-end=\"330\"><strong data-start=\"305\" data-end=\"328\">Liste d\u2019emballage :<\/strong><\/h3>\n<ul data-start=\"331\" data-end=\"380\">\n<li data-start=\"331\" data-end=\"380\">\n<p data-start=\"333\" data-end=\"380\"><strong data-start=\"333\" data-end=\"380\">Cha\u00eene corporelle en alliage pour homme \u00d7 1<\/strong><\/p>\n<\/li>\n<\/ul>","protected":false},"excerpt":{"rendered":"<p>Pi\u00e8ce ultra-raffin\u00e9e compos\u00e9e de cha\u00eenes fines et de perles scintillantes qui \u00e9pousent les \u00e9paules et descendent le long du torse.Ce bijou corporel cr\u00e9e un effet ang\u00e9lique et sensuel, parfait pour sublimer une silhouette nue, un look de sc\u00e8ne, un shooting ou une soir\u00e9e th\u00e9matique. \u2714 Caract\u00e9ristiques : Structure d\u00e9licate en cha\u00eenes perl\u00e9es \u00c9paulettes d\u00e9coratives avec [&hellip;]<\/p>\n","protected":false},"featured_media":31516,"comment_status":"open","ping_status":"closed","template":"","meta":{"nf_dc_page":"","_bbp_topic_count":0,"_bbp_reply_count":0,"_bbp_total_topic_count":0,"_bbp_total_reply_count":0,"_bbp_voice_count":0,"_bbp_anonymous_reply_count":0,"_bbp_topic_count_hidden":0,"_bbp_reply_count_hidden":0,"_bbp_forum_subforum_count":0,"jetpack_publicize_message":"","jetpack_publicize_feature_enabled":true,"jetpack_social_post_already_shared":true,"jetpack_social_options":{"image_generator_settings":{"template":"highway","default_image_id":0,"font":"","enabled":false},"version":2}},"product_brand":[],"product_cat":[590],"product_tag":[591],"class_list":{"0":"post-31521","1":"product","2":"type-product","3":"status-publish","4":"has-post-thumbnail","6":"product_cat-bijoux","7":"product_tag-bijoux","9":"first","10":"instock","11":"taxable","12":"shipping-taxable","13":"purchasable","14":"product-type-variable"},"jetpack_publicize_connections":[],"_links":{"self":[{"href":"https:\/\/lecochonsavant.com\/en\/wp-json\/wp\/v2\/product\/31521","targetHints":{"allow":["GET"]}}],"collection":[{"href":"https:\/\/lecochonsavant.com\/en\/wp-json\/wp\/v2\/product"}],"about":[{"href":"https:\/\/lecochonsavant.com\/en\/wp-json\/wp\/v2\/types\/product"}],"replies":[{"embeddable":true,"href":"https:\/\/lecochonsavant.com\/en\/wp-json\/wp\/v2\/comments?post=31521"}],"wp:featuredmedia":[{"embeddable":true,"href":"https:\/\/lecochonsavant.com\/en\/wp-json\/wp\/v2\/media\/31516"}],"wp:attachment":[{"href":"https:\/\/lecochonsavant.com\/en\/wp-json\/wp\/v2\/media?parent=31521"}],"wp:term":[{"taxonomy":"product_brand","embeddable":true,"href":"https:\/\/lecochonsavant.com\/en\/wp-json\/wp\/v2\/product_brand?post=31521"},{"taxonomy":"product_cat","embeddable":true,"href":"https:\/\/lecochonsavant.com\/en\/wp-json\/wp\/v2\/product_cat?post=31521"},{"taxonomy":"product_tag","embeddable":true,"href":"https:\/\/lecochonsavant.com\/en\/wp-json\/wp\/v2\/product_tag?post=31521"}],"curies":[{"name":"wp","href":"https:\/\/api.w.org\/{rel}","templated":true}]}}