{"id":31529,"date":"2025-11-29T12:38:59","date_gmt":"2025-11-29T17:38:59","guid":{"rendered":"https:\/\/lecochonsavant.com\/produit\/chaine-corporelle-pour-hommes-harnais-mode-a-franges-et-chaines-multi-couches\/"},"modified":"2025-12-01T22:04:43","modified_gmt":"2025-12-02T03:04:43","slug":"chaine-corporelle-pour-hommes-harnais-mode-a-franges-et-chaines-multi-couches","status":"publish","type":"product","link":"https:\/\/lecochonsavant.com\/en\/product\/chaine-corporelle-pour-hommes-harnais-mode-a-franges-et-chaines-multi-couches\/","title":{"rendered":"Harnais-cha\u00eene pour homme \u2014 Design punk \u00e0 pointes, multi-anneaux"},"content":{"rendered":"<article class=\"text-token-text-primary w-full focus:outline-none [--shadow-height:45px] has-data-writing-block:pointer-events-none has-data-writing-block:-mt-(--shadow-height) has-data-writing-block:pt-(--shadow-height) [&amp;:has([data-writing-block])&gt;*]:pointer-events-auto scroll-mt-[calc(var(--header-height)+min(200px,max(70px,20svh)))]\" dir=\"auto\" tabindex=\"-1\" data-turn-id=\"request-692b2f42-67b0-8329-8b3e-5c7bb3835418-49\" data-testid=\"conversation-turn-390\" data-scroll-anchor=\"true\" data-turn=\"assistant\">\n<div class=\"text-base my-auto mx-auto pb-10 [--thread-content-margin:--spacing(4)] thread-sm:[--thread-content-margin:--spacing(6)] thread-lg:[--thread-content-margin:--spacing(16)] px-(--thread-content-margin)\">\n<div class=\"[--thread-content-max-width:40rem] thread-lg:[--thread-content-max-width:48rem] mx-auto max-w-(--thread-content-max-width) flex-1 group\/turn-messages focus-visible:outline-hidden relative flex w-full min-w-0 flex-col agent-turn\" tabindex=\"-1\">\n<div class=\"flex max-w-full flex-col grow\">\n<div class=\"min-h-8 text-message relative flex w-full flex-col items-end gap-2 text-start break-words whitespace-normal [.text-message+&amp;]:mt-1\" dir=\"auto\" data-message-author-role=\"assistant\" data-message-id=\"7d507ba1-ef98-44f0-ba71-0d5950404354\" data-message-model-slug=\"gpt-5-1\">\n<div class=\"flex w-full flex-col gap-1 empty:hidden first:pt-[1px]\">\n<div class=\"markdown prose dark:prose-invert w-full break-words dark markdown-new-styling\">\n<p data-start=\"193\" data-end=\"510\"><img decoding=\"async\" class=\"alignnone  wp-image-32586\" src=\"https:\/\/lecochonsavant.com\/wp-content\/uploads\/2025\/11\/rabais-20-300x41.jpg\" alt=\"\" width=\"359\" height=\"49\" srcset=\"https:\/\/lecochonsavant.com\/wp-content\/uploads\/2025\/11\/rabais-20-300x41.jpg 300w, https:\/\/lecochonsavant.com\/wp-content\/uploads\/2025\/11\/rabais-20-64x9.jpg 64w, https:\/\/lecochonsavant.com\/wp-content\/uploads\/2025\/11\/rabais-20.jpg 528w\" sizes=\"(max-width: 359px) 100vw, 359px\" \/><\/p>\n<p data-start=\"193\" data-end=\"510\">Accessoire spectaculaire en m\u00e9tal, con\u00e7u pour \u00e9pouser le torse avec un style r\u00e9solument punk et avant-gardiste.<br data-start=\"304\" data-end=\"307\" \/>Ce harnais combine <strong data-start=\"326\" data-end=\"346\">cha\u00eenes \u00e9paisses<\/strong>, <strong data-start=\"348\" data-end=\"368\">anneaux centraux<\/strong>, et <strong data-start=\"373\" data-end=\"403\">rang\u00e9es de petites pointes<\/strong> pour cr\u00e9er une pi\u00e8ce visuelle forte, id\u00e9ale pour les looks de soir\u00e9e, performances, shootings ou clubwear.<\/p>\n<p data-start=\"512\" data-end=\"538\"><strong data-start=\"512\" data-end=\"536\">\u2714 Caract\u00e9ristiques :<\/strong><\/p>\n<ul data-start=\"539\" data-end=\"799\">\n<li data-start=\"539\" data-end=\"584\">\n<p data-start=\"541\" data-end=\"584\">Harnais m\u00e9tallique couvrant torse complet<\/p>\n<\/li>\n<li data-start=\"585\" data-end=\"632\">\n<p data-start=\"587\" data-end=\"632\">Cha\u00eenes multi-rangs reli\u00e9es par des anneaux<\/p>\n<\/li>\n<li data-start=\"633\" data-end=\"679\">\n<p data-start=\"635\" data-end=\"679\">Rang\u00e9es d\u00e9coratives de pointes m\u00e9talliques<\/p>\n<\/li>\n<li data-start=\"680\" data-end=\"715\">\n<p data-start=\"682\" data-end=\"715\">Structure l\u00e9g\u00e8re et confortable<\/p>\n<\/li>\n<li data-start=\"716\" data-end=\"736\">\n<p data-start=\"718\" data-end=\"736\">Taille ajustable<\/p>\n<\/li>\n<li data-start=\"737\" data-end=\"799\">\n<p data-start=\"739\" data-end=\"799\">Look unisex, adapt\u00e9 aux silhouettes masculines et androgynes<\/p>\n<\/li>\n<\/ul>\n<p data-start=\"801\" data-end=\"870\" data-is-last-node=\"\" data-is-only-node=\"\"><strong data-start=\"801\" data-end=\"870\" data-is-last-node=\"\">Un accessoire puissant pour affirmer style, attitude et pr\u00e9sence.<\/strong><\/p>\n<\/div>\n<\/div>\n<\/div>\n<\/div>\n<\/div>\n<\/div>\n<\/article>\n<ul data-start=\"100\" data-end=\"261\">\n<li data-start=\"162\" data-end=\"186\">\n<p data-start=\"164\" data-end=\"186\"><strong data-start=\"164\" data-end=\"177\">Couleur :<\/strong> Argent<\/p>\n<\/li>\n<li data-start=\"187\" data-end=\"212\">\n<p data-start=\"189\" data-end=\"212\"><strong data-start=\"189\" data-end=\"202\">Tailles :<\/strong> S, M, L<\/p>\n<\/li>\n<\/ul>\n<p><b>Size:<\/b><\/p>\n<p><img decoding=\"async\" src=\"https:\/\/oss-cf.cjdropshipping.com\/product\/2025\/10\/27\/12\/41f1f211-b158-40b6-87dc-c8d2e8ad726f_trans.jpeg\" \/><\/p>\n<h3 data-start=\"268\" data-end=\"297\"><strong data-start=\"272\" data-end=\"295\">Liste d\u2019emballage :<\/strong><\/h3>\n<ul data-start=\"298\" data-end=\"347\">\n<li data-start=\"298\" data-end=\"347\">\n<p data-start=\"300\" data-end=\"347\"><strong data-start=\"300\" data-end=\"347\">Cha\u00eene corporelle en alliage pour homme \u00d7 1<\/strong><\/p>\n<\/li>\n<\/ul>\n<p>&nbsp;<\/p>\n<p><b>Product Image:<\/b><\/p>\n<p><img decoding=\"async\" src=\"https:\/\/cf.cjdropshipping.com\/quick\/product\/a683ed3a-cd4e-4858-9216-ae85b9f234c5.jpg\" \/><\/p>\n<p><img decoding=\"async\" src=\"https:\/\/cf.cjdropshipping.com\/quick\/product\/b621fa87-da83-4f4f-8c77-5460f28e385e.jpg\" \/><\/p>\n<p><img decoding=\"async\" src=\"https:\/\/cf.cjdropshipping.com\/quick\/product\/bb9b3ecf-b494-492f-9390-788453d7bfa2.jpg\" \/><br \/>\n<img decoding=\"async\" src=\"https:\/\/cf.cjdropshipping.com\/quick\/product\/e4eb7e1c-6ef1-4098-95f0-2e3e7f0d7bd2.jpg\" \/><\/p>\n","protected":false},"excerpt":{"rendered":"<p>Accessoire spectaculaire en m\u00e9tal, con\u00e7u pour \u00e9pouser le torse avec un style r\u00e9solument punk et avant-gardiste.Ce harnais combine cha\u00eenes \u00e9paisses, anneaux centraux, et rang\u00e9es de petites pointes pour cr\u00e9er une pi\u00e8ce visuelle forte, id\u00e9ale pour les looks de soir\u00e9e, performances, shootings ou clubwear. \u2714 Caract\u00e9ristiques : Harnais m\u00e9tallique couvrant torse complet Cha\u00eenes multi-rangs reli\u00e9es par [&hellip;]<\/p>\n","protected":false},"featured_media":31524,"comment_status":"open","ping_status":"closed","template":"","meta":{"nf_dc_page":"","_bbp_topic_count":0,"_bbp_reply_count":0,"_bbp_total_topic_count":0,"_bbp_total_reply_count":0,"_bbp_voice_count":0,"_bbp_anonymous_reply_count":0,"_bbp_topic_count_hidden":0,"_bbp_reply_count_hidden":0,"_bbp_forum_subforum_count":0,"jetpack_publicize_message":"","jetpack_publicize_feature_enabled":true,"jetpack_social_post_already_shared":true,"jetpack_social_options":{"image_generator_settings":{"template":"highway","default_image_id":0,"font":"","enabled":false},"version":2}},"product_brand":[],"product_cat":[590],"product_tag":[591],"class_list":{"0":"post-31529","1":"product","2":"type-product","3":"status-publish","4":"has-post-thumbnail","6":"product_cat-bijoux","7":"product_tag-bijoux","9":"first","10":"instock","11":"taxable","12":"shipping-taxable","13":"purchasable","14":"product-type-variable"},"jetpack_publicize_connections":[],"_links":{"self":[{"href":"https:\/\/lecochonsavant.com\/en\/wp-json\/wp\/v2\/product\/31529","targetHints":{"allow":["GET"]}}],"collection":[{"href":"https:\/\/lecochonsavant.com\/en\/wp-json\/wp\/v2\/product"}],"about":[{"href":"https:\/\/lecochonsavant.com\/en\/wp-json\/wp\/v2\/types\/product"}],"replies":[{"embeddable":true,"href":"https:\/\/lecochonsavant.com\/en\/wp-json\/wp\/v2\/comments?post=31529"}],"wp:featuredmedia":[{"embeddable":true,"href":"https:\/\/lecochonsavant.com\/en\/wp-json\/wp\/v2\/media\/31524"}],"wp:attachment":[{"href":"https:\/\/lecochonsavant.com\/en\/wp-json\/wp\/v2\/media?parent=31529"}],"wp:term":[{"taxonomy":"product_brand","embeddable":true,"href":"https:\/\/lecochonsavant.com\/en\/wp-json\/wp\/v2\/product_brand?post=31529"},{"taxonomy":"product_cat","embeddable":true,"href":"https:\/\/lecochonsavant.com\/en\/wp-json\/wp\/v2\/product_cat?post=31529"},{"taxonomy":"product_tag","embeddable":true,"href":"https:\/\/lecochonsavant.com\/en\/wp-json\/wp\/v2\/product_tag?post=31529"}],"curies":[{"name":"wp","href":"https:\/\/api.w.org\/{rel}","templated":true}]}}