{"id":31541,"date":"2025-11-29T12:40:19","date_gmt":"2025-11-29T17:40:19","guid":{"rendered":"https:\/\/lecochonsavant.com\/produit\/chaines-corporelles-pour-hommes-style-europeen-et-americain-sexy\/"},"modified":"2025-12-01T22:03:52","modified_gmt":"2025-12-02T03:03:52","slug":"chaines-corporelles-pour-hommes-style-europeen-et-americain-sexy","status":"publish","type":"product","link":"https:\/\/lecochonsavant.com\/en\/product\/chaines-corporelles-pour-hommes-style-europeen-et-americain-sexy\/","title":{"rendered":"\u00c9paulette-cha\u00eene pour hommes \u2014 Cape de cha\u00eenes multi-rangs"},"content":{"rendered":"<p data-start=\"158\" data-end=\"422\"><img decoding=\"async\" class=\"alignnone  wp-image-32586\" src=\"https:\/\/lecochonsavant.com\/wp-content\/uploads\/2025\/11\/rabais-20-300x41.jpg\" alt=\"\" width=\"351\" height=\"48\" srcset=\"https:\/\/lecochonsavant.com\/wp-content\/uploads\/2025\/11\/rabais-20-300x41.jpg 300w, https:\/\/lecochonsavant.com\/wp-content\/uploads\/2025\/11\/rabais-20-64x9.jpg 64w, https:\/\/lecochonsavant.com\/wp-content\/uploads\/2025\/11\/rabais-20.jpg 528w\" sizes=\"(max-width: 351px) 100vw, 351px\" \/><\/p>\n<p data-start=\"158\" data-end=\"422\">Pi\u00e8ce spectaculaire inspir\u00e9e du style gladiateur moderne. Cette \u00e9paulette-cha\u00eene transforme instantan\u00e9ment le torse en parure sculpturale : chaque rang de cha\u00eenes tombe en cascade sur les \u00e9paules et la poitrine, cr\u00e9ant un effet majestueux, sensuel et ultra-visuel.<\/p>\n<p data-start=\"424\" data-end=\"450\"><strong data-start=\"424\" data-end=\"448\">\u2714 Caract\u00e9ristiques :<\/strong><\/p>\n<ul data-start=\"451\" data-end=\"762\">\n<li data-start=\"451\" data-end=\"498\">\n<p data-start=\"453\" data-end=\"498\">\u00c9paulette en m\u00e9tal avec cha\u00eenes multi-rangs<\/p>\n<\/li>\n<li data-start=\"499\" data-end=\"556\">\n<p data-start=\"501\" data-end=\"556\">Design en demi-cape, couvrant \u00e9paules + haut du torse<\/p>\n<\/li>\n<li data-start=\"557\" data-end=\"602\">\n<p data-start=\"559\" data-end=\"602\">Anneau central d\u00e9coratif au niveau du col<\/p>\n<\/li>\n<li data-start=\"603\" data-end=\"655\">\n<p data-start=\"605\" data-end=\"655\">M\u00e9tal l\u00e9ger, confortable et agr\u00e9able sur la peau<\/p>\n<\/li>\n<li data-start=\"656\" data-end=\"685\">\n<p data-start=\"658\" data-end=\"685\">Taille ajustable, unisexe<\/p>\n<\/li>\n<li data-start=\"686\" data-end=\"762\">\n<p data-start=\"688\" data-end=\"762\">Parfait pour soir\u00e9es, performances, shootings, clubwear et looks audacieux<\/p>\n<\/li>\n<\/ul>\n<h3 data-start=\"60\" data-end=\"99\"><strong data-start=\"64\" data-end=\"97\">Informations sur le produit :<\/strong><\/h3>\n<ul data-start=\"100\" data-end=\"384\">\n<li data-start=\"100\" data-end=\"141\">\n<p data-start=\"102\" data-end=\"141\"><strong data-start=\"102\" data-end=\"116\">Couleurs :<\/strong> Or, argent, noir canon<\/p>\n<\/li>\n<li data-start=\"347\" data-end=\"384\">\n<p data-start=\"349\" data-end=\"384\"><strong data-start=\"349\" data-end=\"368\">Circonf\u00e9rence :<\/strong> 81 cm et plus<\/p>\n<\/li>\n<\/ul>\n<hr data-start=\"386\" data-end=\"389\" \/>\n<h3 data-start=\"391\" data-end=\"420\"><strong data-start=\"395\" data-end=\"418\">Liste d\u2019emballage :<\/strong><\/h3>\n<ul data-start=\"421\" data-end=\"465\">\n<li data-start=\"421\" data-end=\"465\">\n<p data-start=\"423\" data-end=\"465\"><strong data-start=\"423\" data-end=\"465\">Cha\u00eene d\u2019\u00e9paules double en alliage \u00d7 1<\/strong><\/p>\n<\/li>\n<\/ul>","protected":false},"excerpt":{"rendered":"<p>Pi\u00e8ce spectaculaire inspir\u00e9e du style gladiateur moderne. Cette \u00e9paulette-cha\u00eene transforme instantan\u00e9ment le torse en parure sculpturale : chaque rang de cha\u00eenes tombe en cascade sur les \u00e9paules et la poitrine, cr\u00e9ant un effet majestueux, sensuel et ultra-visuel. \u2714 Caract\u00e9ristiques : \u00c9paulette en m\u00e9tal avec cha\u00eenes multi-rangs Design en demi-cape, couvrant \u00e9paules + haut du torse [&hellip;]<\/p>\n","protected":false},"featured_media":31536,"comment_status":"open","ping_status":"closed","template":"","meta":{"nf_dc_page":"","_bbp_topic_count":0,"_bbp_reply_count":0,"_bbp_total_topic_count":0,"_bbp_total_reply_count":0,"_bbp_voice_count":0,"_bbp_anonymous_reply_count":0,"_bbp_topic_count_hidden":0,"_bbp_reply_count_hidden":0,"_bbp_forum_subforum_count":0,"jetpack_publicize_message":"","jetpack_publicize_feature_enabled":true,"jetpack_social_post_already_shared":true,"jetpack_social_options":{"image_generator_settings":{"template":"highway","default_image_id":0,"font":"","enabled":false},"version":2}},"product_brand":[],"product_cat":[590],"product_tag":[591],"class_list":{"0":"post-31541","1":"product","2":"type-product","3":"status-publish","4":"has-post-thumbnail","6":"product_cat-bijoux","7":"product_tag-bijoux","9":"first","10":"instock","11":"taxable","12":"shipping-taxable","13":"purchasable","14":"product-type-variable"},"jetpack_publicize_connections":[],"_links":{"self":[{"href":"https:\/\/lecochonsavant.com\/en\/wp-json\/wp\/v2\/product\/31541","targetHints":{"allow":["GET"]}}],"collection":[{"href":"https:\/\/lecochonsavant.com\/en\/wp-json\/wp\/v2\/product"}],"about":[{"href":"https:\/\/lecochonsavant.com\/en\/wp-json\/wp\/v2\/types\/product"}],"replies":[{"embeddable":true,"href":"https:\/\/lecochonsavant.com\/en\/wp-json\/wp\/v2\/comments?post=31541"}],"wp:featuredmedia":[{"embeddable":true,"href":"https:\/\/lecochonsavant.com\/en\/wp-json\/wp\/v2\/media\/31536"}],"wp:attachment":[{"href":"https:\/\/lecochonsavant.com\/en\/wp-json\/wp\/v2\/media?parent=31541"}],"wp:term":[{"taxonomy":"product_brand","embeddable":true,"href":"https:\/\/lecochonsavant.com\/en\/wp-json\/wp\/v2\/product_brand?post=31541"},{"taxonomy":"product_cat","embeddable":true,"href":"https:\/\/lecochonsavant.com\/en\/wp-json\/wp\/v2\/product_cat?post=31541"},{"taxonomy":"product_tag","embeddable":true,"href":"https:\/\/lecochonsavant.com\/en\/wp-json\/wp\/v2\/product_tag?post=31541"}],"curies":[{"name":"wp","href":"https:\/\/api.w.org\/{rel}","templated":true}]}}