{"id":31562,"date":"2025-11-29T12:44:15","date_gmt":"2025-11-29T17:44:15","guid":{"rendered":"https:\/\/lecochonsavant.com\/produit\/sangle-de-poitrine-et-brassard-pour-hommes-en-cuir-verni\/"},"modified":"2025-12-01T22:02:25","modified_gmt":"2025-12-02T03:02:25","slug":"sangle-de-poitrine-et-brassard-pour-hommes-en-cuir-verni","status":"publish","type":"product","link":"https:\/\/lecochonsavant.com\/en\/product\/sangle-de-poitrine-et-brassard-pour-hommes-en-cuir-verni\/","title":{"rendered":"Harnais de poitrine bicolore \u2014 Design sportif et accent m\u00e9tallique"},"content":{"rendered":"<p data-start=\"148\" data-end=\"394\"><img decoding=\"async\" class=\"alignnone  wp-image-32586\" src=\"https:\/\/lecochonsavant.com\/wp-content\/uploads\/2025\/11\/rabais-20-300x41.jpg\" alt=\"\" width=\"351\" height=\"48\" srcset=\"https:\/\/lecochonsavant.com\/wp-content\/uploads\/2025\/11\/rabais-20-300x41.jpg 300w, https:\/\/lecochonsavant.com\/wp-content\/uploads\/2025\/11\/rabais-20-64x9.jpg 64w, https:\/\/lecochonsavant.com\/wp-content\/uploads\/2025\/11\/rabais-20.jpg 528w\" sizes=\"(max-width: 351px) 100vw, 351px\" \/><\/p>\n<p data-start=\"148\" data-end=\"394\">Un harnais pens\u00e9 pour mettre en valeur le torse, alliant <strong data-start=\"205\" data-end=\"228\">esth\u00e9tique sportive<\/strong>, bandes bicolores percutantes et d\u00e9tails m\u00e9talliques robustes. L\u00e9ger, confortable et ajustable, il ajoute instantan\u00e9ment une touche provocante, masculine et assum\u00e9e.<\/p>\n<p data-start=\"396\" data-end=\"422\"><strong data-start=\"396\" data-end=\"420\">\u2714 Caract\u00e9ristiques :<\/strong><\/p>\n<ul data-start=\"423\" data-end=\"676\">\n<li data-start=\"423\" data-end=\"480\">\n<p data-start=\"425\" data-end=\"480\">Harnais de poitrine bicolore, look sportif et moderne<\/p>\n<\/li>\n<li data-start=\"481\" data-end=\"531\">\n<p data-start=\"483\" data-end=\"531\">Anneaux et rivets m\u00e9talliques, finition solide<\/p>\n<\/li>\n<li data-start=\"532\" data-end=\"570\">\n<p data-start=\"534\" data-end=\"570\">Ajustable pour un maintien parfait<\/p>\n<\/li>\n<li data-start=\"571\" data-end=\"608\">\n<p data-start=\"573\" data-end=\"608\">Mati\u00e8re souple, agr\u00e9able \u00e0 porter<\/p>\n<\/li>\n<li data-start=\"609\" data-end=\"676\">\n<p data-start=\"611\" data-end=\"676\">Id\u00e9al pour soir\u00e9es, festivals, shooting, clubbing ou tenue priv\u00e9e<\/p>\n<\/li>\n<\/ul>\n<p data-start=\"678\" data-end=\"743\"><strong data-start=\"678\" data-end=\"706\">\u2714 Couleurs disponibles :<\/strong><br data-start=\"706\" data-end=\"709\" \/>\ud83d\udd35 Bleu &amp; noir<br data-start=\"723\" data-end=\"726\" \/>\ud83d\udd34 Rouge &amp; noir<\/p>\n<p data-start=\"745\" data-end=\"827\" data-is-last-node=\"\" data-is-only-node=\"\"><strong data-start=\"745\" data-end=\"827\" data-is-last-node=\"\">Un accessoire affirm\u00e9 pour ceux qui aiment se d\u00e9marquer\u2026 et se faire regarder.<\/strong><\/p>\n<hr data-start=\"274\" data-end=\"277\" \/>\n<h3 data-start=\"279\" data-end=\"308\"><strong data-start=\"283\" data-end=\"306\">Liste d\u2019emballage :<\/strong><\/h3>\n<ul data-start=\"309\" data-end=\"337\">\n<li data-start=\"309\" data-end=\"337\">\n<p data-start=\"311\" data-end=\"337\"><strong data-start=\"311\" data-end=\"337\">Sangle de poitrine \u00d7 1<\/strong><\/p>\n<\/li>\n<\/ul>\n<p>&nbsp;<\/p>\n<p><b>Product Image:<\/b><\/p>\n<p><img decoding=\"async\" src=\"https:\/\/cf.cjdropshipping.com\/quick\/product\/db8df5aa-6cca-4af1-8e92-f09451aa367e.jpg\" \/><\/p>","protected":false},"excerpt":{"rendered":"<p>Un harnais pens\u00e9 pour mettre en valeur le torse, alliant esth\u00e9tique sportive, bandes bicolores percutantes et d\u00e9tails m\u00e9talliques robustes. L\u00e9ger, confortable et ajustable, il ajoute instantan\u00e9ment une touche provocante, masculine et assum\u00e9e. \u2714 Caract\u00e9ristiques : Harnais de poitrine bicolore, look sportif et moderne Anneaux et rivets m\u00e9talliques, finition solide Ajustable pour un maintien parfait Mati\u00e8re [&hellip;]<\/p>\n","protected":false},"featured_media":31559,"comment_status":"open","ping_status":"closed","template":"","meta":{"nf_dc_page":"","_bbp_topic_count":0,"_bbp_reply_count":0,"_bbp_total_topic_count":0,"_bbp_total_reply_count":0,"_bbp_voice_count":0,"_bbp_anonymous_reply_count":0,"_bbp_topic_count_hidden":0,"_bbp_reply_count_hidden":0,"_bbp_forum_subforum_count":0,"jetpack_publicize_message":"","jetpack_publicize_feature_enabled":true,"jetpack_social_post_already_shared":true,"jetpack_social_options":{"image_generator_settings":{"template":"highway","default_image_id":0,"font":"","enabled":false},"version":2}},"product_brand":[],"product_cat":[312],"product_tag":[],"class_list":{"0":"post-31562","1":"product","2":"type-product","3":"status-publish","4":"has-post-thumbnail","6":"product_cat-harnais","8":"first","9":"instock","10":"taxable","11":"shipping-taxable","12":"purchasable","13":"product-type-variable"},"jetpack_publicize_connections":[],"_links":{"self":[{"href":"https:\/\/lecochonsavant.com\/en\/wp-json\/wp\/v2\/product\/31562","targetHints":{"allow":["GET"]}}],"collection":[{"href":"https:\/\/lecochonsavant.com\/en\/wp-json\/wp\/v2\/product"}],"about":[{"href":"https:\/\/lecochonsavant.com\/en\/wp-json\/wp\/v2\/types\/product"}],"replies":[{"embeddable":true,"href":"https:\/\/lecochonsavant.com\/en\/wp-json\/wp\/v2\/comments?post=31562"}],"wp:featuredmedia":[{"embeddable":true,"href":"https:\/\/lecochonsavant.com\/en\/wp-json\/wp\/v2\/media\/31559"}],"wp:attachment":[{"href":"https:\/\/lecochonsavant.com\/en\/wp-json\/wp\/v2\/media?parent=31562"}],"wp:term":[{"taxonomy":"product_brand","embeddable":true,"href":"https:\/\/lecochonsavant.com\/en\/wp-json\/wp\/v2\/product_brand?post=31562"},{"taxonomy":"product_cat","embeddable":true,"href":"https:\/\/lecochonsavant.com\/en\/wp-json\/wp\/v2\/product_cat?post=31562"},{"taxonomy":"product_tag","embeddable":true,"href":"https:\/\/lecochonsavant.com\/en\/wp-json\/wp\/v2\/product_tag?post=31562"}],"curies":[{"name":"wp","href":"https:\/\/api.w.org\/{rel}","templated":true}]}}