{"id":31579,"date":"2025-11-29T12:46:41","date_gmt":"2025-11-29T17:46:41","guid":{"rendered":"https:\/\/lecochonsavant.com\/produit\/tatouage-autocollant-jus-vegetal-petit-modele-pour-le-bras-couvrance-complete\/"},"modified":"2025-12-01T22:01:14","modified_gmt":"2025-12-02T03:01:14","slug":"tatouage-autocollant-jus-vegetal-petit-modele-pour-le-bras-couvrance-complete","status":"publish","type":"product","link":"https:\/\/lecochonsavant.com\/en\/product\/tatouage-autocollant-jus-vegetal-petit-modele-pour-le-bras-couvrance-complete\/","title":{"rendered":"Tatouage autocollant \u201cjus v\u00e9g\u00e9tal\u201d \u2014 Petit mod\u00e8le pour le bras, couvrance compl\u00e8te"},"content":{"rendered":"<p data-start=\"162\" data-end=\"377\"><img decoding=\"async\" class=\"alignnone  wp-image-32586\" src=\"https:\/\/lecochonsavant.com\/wp-content\/uploads\/2025\/11\/rabais-20-300x41.jpg\" alt=\"\" width=\"359\" height=\"49\" srcset=\"https:\/\/lecochonsavant.com\/wp-content\/uploads\/2025\/11\/rabais-20-300x41.jpg 300w, https:\/\/lecochonsavant.com\/wp-content\/uploads\/2025\/11\/rabais-20-64x9.jpg 64w, https:\/\/lecochonsavant.com\/wp-content\/uploads\/2025\/11\/rabais-20.jpg 528w\" sizes=\"(max-width: 359px) 100vw, 359px\" \/><\/p>\n<p data-start=\"162\" data-end=\"377\">Un tatouage temporaire au <strong data-start=\"188\" data-end=\"217\">design v\u00e9g\u00e9tal artistique<\/strong>, parfait pour donner un effet manchon r\u00e9aliste sans engagement permanent. Son motif dense et organique apporte une touche \u00e0 la fois sauvage, styl\u00e9e et moderne.<\/p>\n<p data-start=\"379\" data-end=\"405\"><strong data-start=\"379\" data-end=\"403\">\u2714 Caract\u00e9ristiques :<\/strong><\/p>\n<ul data-start=\"406\" data-end=\"695\">\n<li data-start=\"406\" data-end=\"453\">\n<p data-start=\"408\" data-end=\"453\">Motif v\u00e9g\u00e9tal d\u00e9taill\u00e9, effet \u201cfull sleeve\u201d<\/p>\n<\/li>\n<li data-start=\"454\" data-end=\"501\">\n<p data-start=\"456\" data-end=\"501\">Application facile, r\u00e9sultat ultra-r\u00e9aliste<\/p>\n<\/li>\n<li data-start=\"502\" data-end=\"548\">\n<p data-start=\"504\" data-end=\"548\">Waterproof et r\u00e9sistant \u00e0 la transpiration<\/p>\n<\/li>\n<li data-start=\"549\" data-end=\"596\">\n<p data-start=\"551\" data-end=\"596\">Tient <strong data-start=\"557\" data-end=\"572\">3 \u00e0 7 jours<\/strong> selon le type de peau<\/p>\n<\/li>\n<li data-start=\"597\" data-end=\"695\">\n<p data-start=\"599\" data-end=\"695\">Id\u00e9al pour sorties, festivals, shooting ou simplement pour tester un look avant un vrai tatouage<\/p>\n<\/li>\n<\/ul>\n<p data-start=\"697\" data-end=\"761\"><strong data-start=\"697\" data-end=\"711\">\u2714 Taille :<\/strong><br data-start=\"711\" data-end=\"714\" \/>Petit mod\u00e8le couvrant enti\u00e8rement l\u2019avant-bras.<\/p>\n<p data-start=\"763\" data-end=\"844\" data-is-last-node=\"\" data-is-only-node=\"\"><strong data-start=\"763\" data-end=\"844\" data-is-last-node=\"\">Un tatouage temporaire express qui transforme ton style en quelques secondes.<\/strong><\/p>\n<h3 data-start=\"60\" data-end=\"99\"><\/h3>\n<ul data-start=\"100\" data-end=\"630\">\n<li data-start=\"351\" data-end=\"378\">\n<p data-start=\"353\" data-end=\"378\"><strong data-start=\"353\" data-end=\"365\">Taille :<\/strong> 17 \u00d7 24 cm<\/p>\n<\/li>\n<li data-start=\"513\" data-end=\"549\">\n<p data-start=\"515\" data-end=\"549\"><strong data-start=\"515\" data-end=\"536\">Type d\u2019ornement :<\/strong> D\u00e9coration<\/p>\n<\/li>\n<li data-start=\"550\" data-end=\"602\">\n<p data-start=\"552\" data-end=\"602\"><strong data-start=\"552\" data-end=\"567\">Technique :<\/strong> Impression par transfert \u00e0 l\u2019eau<\/p>\n<\/li>\n<\/ul>\n<hr data-start=\"632\" data-end=\"635\" \/>\n<h3 data-start=\"637\" data-end=\"666\"><strong data-start=\"641\" data-end=\"664\">Liste d\u2019emballage :<\/strong><\/h3>\n<ul data-start=\"667\" data-end=\"697\">\n<li data-start=\"667\" data-end=\"697\">\n<p data-start=\"669\" data-end=\"697\"><strong data-start=\"669\" data-end=\"697\">Tatouage autocollant \u00d7 1<\/strong><\/p>\n<\/li>\n<\/ul>","protected":false},"excerpt":{"rendered":"<p>Un tatouage temporaire au design v\u00e9g\u00e9tal artistique, parfait pour donner un effet manchon r\u00e9aliste sans engagement permanent. Son motif dense et organique apporte une touche \u00e0 la fois sauvage, styl\u00e9e et moderne. \u2714 Caract\u00e9ristiques : Motif v\u00e9g\u00e9tal d\u00e9taill\u00e9, effet \u201cfull sleeve\u201d Application facile, r\u00e9sultat ultra-r\u00e9aliste Waterproof et r\u00e9sistant \u00e0 la transpiration Tient 3 \u00e0 7 [&hellip;]<\/p>\n","protected":false},"featured_media":31569,"comment_status":"open","ping_status":"closed","template":"","meta":{"nf_dc_page":"","_bbp_topic_count":0,"_bbp_reply_count":0,"_bbp_total_topic_count":0,"_bbp_total_reply_count":0,"_bbp_voice_count":0,"_bbp_anonymous_reply_count":0,"_bbp_topic_count_hidden":0,"_bbp_reply_count_hidden":0,"_bbp_forum_subforum_count":0,"jetpack_publicize_message":"","jetpack_publicize_feature_enabled":true,"jetpack_social_post_already_shared":true,"jetpack_social_options":{"image_generator_settings":{"template":"highway","default_image_id":0,"font":"","enabled":false},"version":2}},"product_brand":[],"product_cat":[592],"product_tag":[593],"class_list":{"0":"post-31579","1":"product","2":"type-product","3":"status-publish","4":"has-post-thumbnail","6":"product_cat-cosmetique","7":"product_tag-cosmetique","9":"first","10":"instock","11":"taxable","12":"shipping-taxable","13":"purchasable","14":"product-type-variable"},"jetpack_publicize_connections":[],"_links":{"self":[{"href":"https:\/\/lecochonsavant.com\/en\/wp-json\/wp\/v2\/product\/31579","targetHints":{"allow":["GET"]}}],"collection":[{"href":"https:\/\/lecochonsavant.com\/en\/wp-json\/wp\/v2\/product"}],"about":[{"href":"https:\/\/lecochonsavant.com\/en\/wp-json\/wp\/v2\/types\/product"}],"replies":[{"embeddable":true,"href":"https:\/\/lecochonsavant.com\/en\/wp-json\/wp\/v2\/comments?post=31579"}],"wp:featuredmedia":[{"embeddable":true,"href":"https:\/\/lecochonsavant.com\/en\/wp-json\/wp\/v2\/media\/31569"}],"wp:attachment":[{"href":"https:\/\/lecochonsavant.com\/en\/wp-json\/wp\/v2\/media?parent=31579"}],"wp:term":[{"taxonomy":"product_brand","embeddable":true,"href":"https:\/\/lecochonsavant.com\/en\/wp-json\/wp\/v2\/product_brand?post=31579"},{"taxonomy":"product_cat","embeddable":true,"href":"https:\/\/lecochonsavant.com\/en\/wp-json\/wp\/v2\/product_cat?post=31579"},{"taxonomy":"product_tag","embeddable":true,"href":"https:\/\/lecochonsavant.com\/en\/wp-json\/wp\/v2\/product_tag?post=31579"}],"curies":[{"name":"wp","href":"https:\/\/api.w.org\/{rel}","templated":true}]}}