{"id":31615,"date":"2025-11-29T12:47:49","date_gmt":"2025-11-29T17:47:49","guid":{"rendered":"https:\/\/lecochonsavant.com\/produit\/haines-corporelles-a-anneaux-ajoures-pour-homme-style-simple-et-tendance-au-caractere-affirme\/"},"modified":"2025-12-01T22:00:00","modified_gmt":"2025-12-02T03:00:00","slug":"haines-corporelles-a-anneaux-ajoures-pour-homme-style-simple-et-tendance-au-caractere-affirme","status":"publish","type":"product","link":"https:\/\/lecochonsavant.com\/en\/product\/haines-corporelles-a-anneaux-ajoures-pour-homme-style-simple-et-tendance-au-caractere-affirme\/","title":{"rendered":"Cha\u00eenes corporelles \u00e0 anneaux ajour\u00e9s"},"content":{"rendered":"<p data-start=\"152\" data-end=\"422\"><img decoding=\"async\" class=\"alignnone  wp-image-32586\" src=\"https:\/\/lecochonsavant.com\/wp-content\/uploads\/2025\/11\/rabais-20-300x41.jpg\" alt=\"\" width=\"373\" height=\"51\" srcset=\"https:\/\/lecochonsavant.com\/wp-content\/uploads\/2025\/11\/rabais-20-300x41.jpg 300w, https:\/\/lecochonsavant.com\/wp-content\/uploads\/2025\/11\/rabais-20-64x9.jpg 64w, https:\/\/lecochonsavant.com\/wp-content\/uploads\/2025\/11\/rabais-20.jpg 528w\" sizes=\"(max-width: 373px) 100vw, 373px\" \/><\/p>\n<p data-start=\"152\" data-end=\"422\">Ce bijou corporel transforme instantan\u00e9ment n\u2019importe quelle tenue en look <strong data-start=\"227\" data-end=\"238\">sensuel<\/strong>, <strong data-start=\"240\" data-end=\"248\">mode<\/strong>, et <strong data-start=\"253\" data-end=\"270\">charismatique<\/strong>. Les cha\u00eenes m\u00e9talliques multi-rangs, reli\u00e9es par de larges anneaux ajour\u00e9s, cr\u00e9ent un effet spectaculaire qui met en valeur le torse et la silhouette.<\/p>\n<p data-start=\"424\" data-end=\"450\"><strong data-start=\"424\" data-end=\"448\">\u2714 Caract\u00e9ristiques :<\/strong><\/p>\n<ul data-start=\"451\" data-end=\"757\">\n<li data-start=\"451\" data-end=\"498\">\n<p data-start=\"453\" data-end=\"498\">Cha\u00eenes m\u00e9talliques l\u00e9g\u00e8res et confortables<\/p>\n<\/li>\n<li data-start=\"499\" data-end=\"553\">\n<p data-start=\"501\" data-end=\"553\">Anneaux ajour\u00e9s pour un style moderne et graphique<\/p>\n<\/li>\n<li data-start=\"554\" data-end=\"601\">\n<p data-start=\"556\" data-end=\"601\">Ajustable \u00e0 la taille pour un port\u00e9 parfait<\/p>\n<\/li>\n<li data-start=\"602\" data-end=\"685\">\n<p data-start=\"604\" data-end=\"685\">Compatible avec t-shirts transparents, d\u00e9bardeurs, tenues de soir\u00e9e ou torse nu<\/p>\n<\/li>\n<li data-start=\"686\" data-end=\"757\">\n<p data-start=\"688\" data-end=\"757\">Un accessoire id\u00e9al pour soir\u00e9es, nightlife, shooting ou performances<\/p>\n<\/li>\n<\/ul>\n<p data-start=\"759\" data-end=\"848\"><strong data-start=\"759\" data-end=\"772\">\u2714 Effet :<\/strong><br data-start=\"772\" data-end=\"775\" \/>\u00c9l\u00e9gant, sexy, l\u00e9g\u00e8rement f\u00e9tiche\u2026 parfait pour attirer tous les regards.<\/p>\n<p data-start=\"850\" data-end=\"911\" data-is-last-node=\"\" data-is-only-node=\"\"><strong data-start=\"850\" data-end=\"911\" data-is-last-node=\"\">Un bijou corporel qui \u00e9l\u00e8ve ton look au niveau sup\u00e9rieur.<\/strong><\/p>\n<ul data-start=\"100\" data-end=\"297\">\n<li data-start=\"269\" data-end=\"297\">\n<p data-start=\"271\" data-end=\"297\"><strong data-start=\"271\" data-end=\"285\">Longueur :<\/strong> 80\u2013100 cm<\/p>\n<\/li>\n<\/ul>\n<hr data-start=\"299\" data-end=\"302\" \/>\n<h3 data-start=\"304\" data-end=\"333\"><strong data-start=\"308\" data-end=\"331\">Liste d\u2019emballage :<\/strong><\/h3>\n<ul data-start=\"334\" data-end=\"361\">\n<li data-start=\"334\" data-end=\"361\">\n<p data-start=\"336\" data-end=\"361\"><strong data-start=\"336\" data-end=\"361\">Cha\u00eene corporelle \u00d7 1<\/strong><\/p>\n<\/li>\n<\/ul>\n<p>&nbsp;<\/p>\n<p><b>Product Image:<\/b><br \/>\n<img decoding=\"async\" src=\"https:\/\/oss-cf.cjdropshipping.com\/product\/2025\/07\/08\/16\/140a8e84-2702-43a9-b952-5ae0c76d2fd1_trans.jpeg\" \/><\/p>","protected":false},"excerpt":{"rendered":"<p>Ce bijou corporel transforme instantan\u00e9ment n\u2019importe quelle tenue en look sensuel, mode, et charismatique. Les cha\u00eenes m\u00e9talliques multi-rangs, reli\u00e9es par de larges anneaux ajour\u00e9s, cr\u00e9ent un effet spectaculaire qui met en valeur le torse et la silhouette. \u2714 Caract\u00e9ristiques : Cha\u00eenes m\u00e9talliques l\u00e9g\u00e8res et confortables Anneaux ajour\u00e9s pour un style moderne et graphique Ajustable \u00e0 [&hellip;]<\/p>\n","protected":false},"featured_media":31610,"comment_status":"open","ping_status":"closed","template":"","meta":{"nf_dc_page":"","_bbp_topic_count":0,"_bbp_reply_count":0,"_bbp_total_topic_count":0,"_bbp_total_reply_count":0,"_bbp_voice_count":0,"_bbp_anonymous_reply_count":0,"_bbp_topic_count_hidden":0,"_bbp_reply_count_hidden":0,"_bbp_forum_subforum_count":0,"jetpack_publicize_message":"","jetpack_publicize_feature_enabled":true,"jetpack_social_post_already_shared":true,"jetpack_social_options":{"image_generator_settings":{"template":"highway","default_image_id":0,"font":"","enabled":false},"version":2}},"product_brand":[],"product_cat":[590],"product_tag":[591],"class_list":{"0":"post-31615","1":"product","2":"type-product","3":"status-publish","4":"has-post-thumbnail","6":"product_cat-bijoux","7":"product_tag-bijoux","9":"first","10":"instock","11":"taxable","12":"shipping-taxable","13":"purchasable","14":"product-type-variable"},"jetpack_publicize_connections":[],"_links":{"self":[{"href":"https:\/\/lecochonsavant.com\/en\/wp-json\/wp\/v2\/product\/31615","targetHints":{"allow":["GET"]}}],"collection":[{"href":"https:\/\/lecochonsavant.com\/en\/wp-json\/wp\/v2\/product"}],"about":[{"href":"https:\/\/lecochonsavant.com\/en\/wp-json\/wp\/v2\/types\/product"}],"replies":[{"embeddable":true,"href":"https:\/\/lecochonsavant.com\/en\/wp-json\/wp\/v2\/comments?post=31615"}],"wp:featuredmedia":[{"embeddable":true,"href":"https:\/\/lecochonsavant.com\/en\/wp-json\/wp\/v2\/media\/31610"}],"wp:attachment":[{"href":"https:\/\/lecochonsavant.com\/en\/wp-json\/wp\/v2\/media?parent=31615"}],"wp:term":[{"taxonomy":"product_brand","embeddable":true,"href":"https:\/\/lecochonsavant.com\/en\/wp-json\/wp\/v2\/product_brand?post=31615"},{"taxonomy":"product_cat","embeddable":true,"href":"https:\/\/lecochonsavant.com\/en\/wp-json\/wp\/v2\/product_cat?post=31615"},{"taxonomy":"product_tag","embeddable":true,"href":"https:\/\/lecochonsavant.com\/en\/wp-json\/wp\/v2\/product_tag?post=31615"}],"curies":[{"name":"wp","href":"https:\/\/api.w.org\/{rel}","templated":true}]}}