{"id":31623,"date":"2025-11-29T12:49:58","date_gmt":"2025-11-29T17:49:58","guid":{"rendered":"https:\/\/lecochonsavant.com\/produit\/tatouage-autocollant-a-lettres-anglaises-pour-homme-waterproof-et-durable-pour-bras-ou-dos\/"},"modified":"2025-12-01T21:59:16","modified_gmt":"2025-12-02T02:59:16","slug":"tatouage-autocollant-a-lettres-anglaises-pour-homme-waterproof-et-durable-pour-bras-ou-dos","status":"publish","type":"product","link":"https:\/\/lecochonsavant.com\/en\/product\/tatouage-autocollant-a-lettres-anglaises-pour-homme-waterproof-et-durable-pour-bras-ou-dos\/","title":{"rendered":"Tatouage autocollant \u00e0 lettres anglaises pour homme \u2014 Waterproof et durable, pour bras ou dos"},"content":{"rendered":"<p data-start=\"154\" data-end=\"380\"><img decoding=\"async\" class=\"alignnone  wp-image-32586\" src=\"https:\/\/lecochonsavant.com\/wp-content\/uploads\/2025\/11\/rabais-20-300x41.jpg\" alt=\"\" width=\"388\" height=\"53\" srcset=\"https:\/\/lecochonsavant.com\/wp-content\/uploads\/2025\/11\/rabais-20-300x41.jpg 300w, https:\/\/lecochonsavant.com\/wp-content\/uploads\/2025\/11\/rabais-20-64x9.jpg 64w, https:\/\/lecochonsavant.com\/wp-content\/uploads\/2025\/11\/rabais-20.jpg 528w\" sizes=\"(max-width: 388px) 100vw, 388px\" \/><\/p>\n<p data-start=\"154\" data-end=\"380\">Ajoute une touche <strong data-start=\"172\" data-end=\"182\">street<\/strong>, <strong data-start=\"184\" data-end=\"195\">rebelle<\/strong> et <strong data-start=\"199\" data-end=\"218\">ultra-masculine<\/strong> \u00e0 ton look avec ce tatouage autocollant \u00e0 lettres anglaises. Son style typographique puissant imite parfaitement un vrai tattoo, sans douleur et sans engagement.<\/p>\n<p data-start=\"382\" data-end=\"408\"><strong data-start=\"382\" data-end=\"406\">\u2714 Caract\u00e9ristiques :<\/strong><\/p>\n<ul data-start=\"409\" data-end=\"679\">\n<li data-start=\"409\" data-end=\"450\">\n<p data-start=\"411\" data-end=\"450\"><strong data-start=\"411\" data-end=\"448\">Waterproof &amp; r\u00e9sistant \u00e0 la sueur<\/strong><\/p>\n<\/li>\n<li data-start=\"451\" data-end=\"503\">\n<p data-start=\"453\" data-end=\"503\"><strong data-start=\"453\" data-end=\"478\">Durable : 3 \u00e0 7 jours<\/strong> selon ton type de peau<\/p>\n<\/li>\n<li data-start=\"504\" data-end=\"562\">\n<p data-start=\"506\" data-end=\"562\"><strong data-start=\"506\" data-end=\"524\">Effet r\u00e9aliste<\/strong>, id\u00e9al pour looks urbains ou photos<\/p>\n<\/li>\n<li data-start=\"563\" data-end=\"637\">\n<p data-start=\"565\" data-end=\"637\">Convient pour <strong data-start=\"579\" data-end=\"587\">bras<\/strong>, <strong data-start=\"589\" data-end=\"603\">avant-bras<\/strong>, <strong data-start=\"605\" data-end=\"615\">\u00e9paule<\/strong>, <strong data-start=\"617\" data-end=\"626\">torse<\/strong>, <strong data-start=\"628\" data-end=\"635\">dos<\/strong><\/p>\n<\/li>\n<li data-start=\"638\" data-end=\"679\">\n<p data-start=\"640\" data-end=\"679\"><strong data-start=\"640\" data-end=\"662\">Application simple<\/strong> \u2022 Retrait facile<\/p>\n<\/li>\n<\/ul>\n<p data-start=\"681\" data-end=\"808\"><strong data-start=\"681\" data-end=\"701\">\u2714 Parfait pour :<\/strong><br data-start=\"701\" data-end=\"704\" \/>S\u00e9ances photo, soir\u00e9es, festivals, looks streetwear, performances, cosplay ou test avant un vrai tattoo.<\/p>\n<p data-start=\"810\" data-end=\"864\" data-is-last-node=\"\" data-is-only-node=\"\"><strong data-start=\"810\" data-end=\"864\" data-is-last-node=\"\">Un tattoo audacieux, masculin\u2026 et 100% temporaire.<\/strong><\/p>\n<ul data-start=\"100\" data-end=\"208\">\n<li data-start=\"180\" data-end=\"208\">\n<p data-start=\"182\" data-end=\"208\"><strong data-start=\"182\" data-end=\"194\">Taille :<\/strong> 9,8 \u00d7 22 cm<\/p>\n<\/li>\n<\/ul>\n<hr data-start=\"210\" data-end=\"213\" \/>\n<h3 data-start=\"215\" data-end=\"244\"><strong data-start=\"219\" data-end=\"242\">Liste d\u2019emballage :<\/strong><\/h3>\n<ul data-start=\"245\" data-end=\"275\">\n<li data-start=\"245\" data-end=\"275\">\n<p data-start=\"247\" data-end=\"275\"><strong data-start=\"247\" data-end=\"275\">Tatouage autocollant \u00d7 1<\/strong><\/p>\n<\/li>\n<\/ul>\n<p>&nbsp;<\/p>","protected":false},"excerpt":{"rendered":"<p>Ajoute une touche street, rebelle et ultra-masculine \u00e0 ton look avec ce tatouage autocollant \u00e0 lettres anglaises. Son style typographique puissant imite parfaitement un vrai tattoo, sans douleur et sans engagement. \u2714 Caract\u00e9ristiques : Waterproof &amp; r\u00e9sistant \u00e0 la sueur Durable : 3 \u00e0 7 jours selon ton type de peau Effet r\u00e9aliste, id\u00e9al pour [&hellip;]<\/p>\n","protected":false},"featured_media":31618,"comment_status":"open","ping_status":"closed","template":"","meta":{"nf_dc_page":"","_bbp_topic_count":0,"_bbp_reply_count":0,"_bbp_total_topic_count":0,"_bbp_total_reply_count":0,"_bbp_voice_count":0,"_bbp_anonymous_reply_count":0,"_bbp_topic_count_hidden":0,"_bbp_reply_count_hidden":0,"_bbp_forum_subforum_count":0,"jetpack_publicize_message":"","jetpack_publicize_feature_enabled":true,"jetpack_social_post_already_shared":true,"jetpack_social_options":{"image_generator_settings":{"template":"highway","default_image_id":0,"font":"","enabled":false},"version":2}},"product_brand":[],"product_cat":[592],"product_tag":[594],"class_list":{"0":"post-31623","1":"product","2":"type-product","3":"status-publish","4":"has-post-thumbnail","6":"product_cat-cosmetique","7":"product_tag-tattoo","9":"first","10":"instock","11":"taxable","12":"shipping-taxable","13":"purchasable","14":"product-type-variable"},"jetpack_publicize_connections":[],"_links":{"self":[{"href":"https:\/\/lecochonsavant.com\/en\/wp-json\/wp\/v2\/product\/31623","targetHints":{"allow":["GET"]}}],"collection":[{"href":"https:\/\/lecochonsavant.com\/en\/wp-json\/wp\/v2\/product"}],"about":[{"href":"https:\/\/lecochonsavant.com\/en\/wp-json\/wp\/v2\/types\/product"}],"replies":[{"embeddable":true,"href":"https:\/\/lecochonsavant.com\/en\/wp-json\/wp\/v2\/comments?post=31623"}],"wp:featuredmedia":[{"embeddable":true,"href":"https:\/\/lecochonsavant.com\/en\/wp-json\/wp\/v2\/media\/31618"}],"wp:attachment":[{"href":"https:\/\/lecochonsavant.com\/en\/wp-json\/wp\/v2\/media?parent=31623"}],"wp:term":[{"taxonomy":"product_brand","embeddable":true,"href":"https:\/\/lecochonsavant.com\/en\/wp-json\/wp\/v2\/product_brand?post=31623"},{"taxonomy":"product_cat","embeddable":true,"href":"https:\/\/lecochonsavant.com\/en\/wp-json\/wp\/v2\/product_cat?post=31623"},{"taxonomy":"product_tag","embeddable":true,"href":"https:\/\/lecochonsavant.com\/en\/wp-json\/wp\/v2\/product_tag?post=31623"}],"curies":[{"name":"wp","href":"https:\/\/api.w.org\/{rel}","templated":true}]}}