{"id":31631,"date":"2025-11-29T12:51:36","date_gmt":"2025-11-29T17:51:36","guid":{"rendered":"https:\/\/lecochonsavant.com\/produit\/tatouage-autocollant-ailes-waterproof-resistant-tenue-3-a-7-jours-effet-realiste-pour-le-dos\/"},"modified":"2025-12-01T21:58:27","modified_gmt":"2025-12-02T02:58:27","slug":"tatouage-autocollant-ailes-waterproof-resistant-tenue-3-a-7-jours-effet-realiste-pour-le-dos","status":"publish","type":"product","link":"https:\/\/lecochonsavant.com\/en\/product\/tatouage-autocollant-ailes-waterproof-resistant-tenue-3-a-7-jours-effet-realiste-pour-le-dos\/","title":{"rendered":"Tatouage autocollant ailes \u2014 Waterproof, r\u00e9sistant, tenue 3 \u00e0 7 jours, effet r\u00e9aliste pour le dos"},"content":{"rendered":"<div class=\"flex max-w-full flex-col grow\">\n<div class=\"min-h-8 text-message relative flex w-full flex-col items-end gap-2 text-start break-words whitespace-normal [.text-message+&amp;]:mt-1\" dir=\"auto\" data-message-author-role=\"assistant\" data-message-id=\"ccb810f5-ffe5-472a-983b-b5204bb27f49\" data-message-model-slug=\"gpt-5-1\">\n<div class=\"flex w-full flex-col gap-1 empty:hidden first:pt-[1px]\">\n<div class=\"markdown prose dark:prose-invert w-full break-words dark markdown-new-styling\">\n<p data-start=\"170\" data-end=\"425\"><img decoding=\"async\" class=\"alignnone  wp-image-32586\" src=\"https:\/\/lecochonsavant.com\/wp-content\/uploads\/2025\/11\/rabais-20-300x41.jpg\" alt=\"\" width=\"380\" height=\"52\" srcset=\"https:\/\/lecochonsavant.com\/wp-content\/uploads\/2025\/11\/rabais-20-300x41.jpg 300w, https:\/\/lecochonsavant.com\/wp-content\/uploads\/2025\/11\/rabais-20-64x9.jpg 64w, https:\/\/lecochonsavant.com\/wp-content\/uploads\/2025\/11\/rabais-20.jpg 528w\" sizes=\"(max-width: 380px) 100vw, 380px\" \/><\/p>\n<p data-start=\"170\" data-end=\"425\">Transforme ton dos en \u0153uvre d\u2019art avec ce tatouage autocollant grand format repr\u00e9sentant une paire d\u2019ailes d\u00e9taill\u00e9es et ultra-r\u00e9alistes. Parfait pour une s\u00e9ance photo, une soir\u00e9e, un festival, un cosplay ou simplement pour le plaisir d\u2019un look audacieux.<\/p>\n<p data-start=\"427\" data-end=\"453\"><strong data-start=\"427\" data-end=\"451\">\u2714 Caract\u00e9ristiques :<\/strong><\/p>\n<ul data-start=\"454\" data-end=\"728\">\n<li data-start=\"454\" data-end=\"495\">\n<p data-start=\"456\" data-end=\"495\"><strong data-start=\"456\" data-end=\"493\">Waterproof &amp; r\u00e9sistant \u00e0 la sueur<\/strong><\/p>\n<\/li>\n<li data-start=\"496\" data-end=\"548\">\n<p data-start=\"498\" data-end=\"548\"><strong data-start=\"498\" data-end=\"516\">Effet r\u00e9aliste<\/strong>, avec d\u00e9tails fins des plumes<\/p>\n<\/li>\n<li data-start=\"549\" data-end=\"606\">\n<p data-start=\"551\" data-end=\"606\"><strong data-start=\"551\" data-end=\"574\">Tenue : 3 \u00e0 7 jours<\/strong> (selon type de peau et soins)<\/p>\n<\/li>\n<li data-start=\"607\" data-end=\"655\">\n<p data-start=\"609\" data-end=\"655\"><strong data-start=\"609\" data-end=\"631\">Application facile<\/strong>, retrait sans douleur<\/p>\n<\/li>\n<li data-start=\"656\" data-end=\"728\">\n<p data-start=\"658\" data-end=\"728\">Grande taille : id\u00e9al pour le <strong data-start=\"688\" data-end=\"695\">dos<\/strong>, les <strong data-start=\"701\" data-end=\"712\">\u00e9paules<\/strong> ou le <strong data-start=\"719\" data-end=\"728\">torse<\/strong><\/p>\n<\/li>\n<\/ul>\n<p data-start=\"730\" data-end=\"837\"><strong data-start=\"730\" data-end=\"748\">\u2714 Id\u00e9al pour :<\/strong><br data-start=\"748\" data-end=\"751\" \/>Photoshoots, soir\u00e9es, plage, festivals, d\u00e9guisements, performances, looks artistiques.<\/p>\n<p data-start=\"839\" data-end=\"914\" data-is-last-node=\"\" data-is-only-node=\"\"><strong data-start=\"839\" data-end=\"914\" data-is-last-node=\"\">Un tatouage temporaire spectaculaire, sans engagement \u2014 juste du style.<\/strong><\/p>\n<\/div>\n<\/div>\n<\/div>\n<\/div>\n<h3 data-start=\"60\" data-end=\"99\"><strong data-start=\"64\" data-end=\"97\">Informations sur le produit :<\/strong><\/h3>\n<ul data-start=\"100\" data-end=\"451\">\n<li data-start=\"120\" data-end=\"177\">\n<p data-start=\"122\" data-end=\"177\"><strong data-start=\"122\" data-end=\"150\">Proc\u00e9d\u00e9 de fabrication :<\/strong> Impression par transfert<\/p>\n<\/li>\n<li data-start=\"178\" data-end=\"213\">\n<p data-start=\"180\" data-end=\"213\"><strong data-start=\"180\" data-end=\"192\">Taille :<\/strong> Zhengzhang 70 \u00d7 50<\/p>\n<\/li>\n<li data-start=\"369\" data-end=\"421\">\n<p data-start=\"371\" data-end=\"421\"><strong data-start=\"371\" data-end=\"386\">Technique :<\/strong> Impression par transfert \u00e0 l\u2019eau<\/p>\n<\/li>\n<\/ul>\n<hr data-start=\"453\" data-end=\"456\" \/>\n<h3 data-start=\"458\" data-end=\"487\"><strong data-start=\"462\" data-end=\"485\">Liste d\u2019emballage :<\/strong><\/h3>\n<ul data-start=\"488\" data-end=\"518\">\n<li data-start=\"488\" data-end=\"518\">\n<p data-start=\"490\" data-end=\"518\"><strong data-start=\"490\" data-end=\"518\">Tatouage autocollant \u00d7 1<\/strong><\/p>\n<\/li>\n<\/ul>\n<p>&nbsp;<\/p>\n","protected":false},"excerpt":{"rendered":"<p>Transforme ton dos en \u0153uvre d\u2019art avec ce tatouage autocollant grand format repr\u00e9sentant une paire d\u2019ailes d\u00e9taill\u00e9es et ultra-r\u00e9alistes. Parfait pour une s\u00e9ance photo, une soir\u00e9e, un festival, un cosplay ou simplement pour le plaisir d\u2019un look audacieux. \u2714 Caract\u00e9ristiques : Waterproof &amp; r\u00e9sistant \u00e0 la sueur Effet r\u00e9aliste, avec d\u00e9tails fins des plumes Tenue [&hellip;]<\/p>\n","protected":false},"featured_media":31626,"comment_status":"open","ping_status":"closed","template":"","meta":{"nf_dc_page":"","_bbp_topic_count":0,"_bbp_reply_count":0,"_bbp_total_topic_count":0,"_bbp_total_reply_count":0,"_bbp_voice_count":0,"_bbp_anonymous_reply_count":0,"_bbp_topic_count_hidden":0,"_bbp_reply_count_hidden":0,"_bbp_forum_subforum_count":0,"jetpack_publicize_message":"","jetpack_publicize_feature_enabled":true,"jetpack_social_post_already_shared":true,"jetpack_social_options":{"image_generator_settings":{"template":"highway","default_image_id":0,"font":"","enabled":false},"version":2}},"product_brand":[],"product_cat":[592],"product_tag":[594],"class_list":{"0":"post-31631","1":"product","2":"type-product","3":"status-publish","4":"has-post-thumbnail","6":"product_cat-cosmetique","7":"product_tag-tattoo","9":"first","10":"instock","11":"taxable","12":"shipping-taxable","13":"purchasable","14":"product-type-variable"},"jetpack_publicize_connections":[],"_links":{"self":[{"href":"https:\/\/lecochonsavant.com\/en\/wp-json\/wp\/v2\/product\/31631","targetHints":{"allow":["GET"]}}],"collection":[{"href":"https:\/\/lecochonsavant.com\/en\/wp-json\/wp\/v2\/product"}],"about":[{"href":"https:\/\/lecochonsavant.com\/en\/wp-json\/wp\/v2\/types\/product"}],"replies":[{"embeddable":true,"href":"https:\/\/lecochonsavant.com\/en\/wp-json\/wp\/v2\/comments?post=31631"}],"wp:featuredmedia":[{"embeddable":true,"href":"https:\/\/lecochonsavant.com\/en\/wp-json\/wp\/v2\/media\/31626"}],"wp:attachment":[{"href":"https:\/\/lecochonsavant.com\/en\/wp-json\/wp\/v2\/media?parent=31631"}],"wp:term":[{"taxonomy":"product_brand","embeddable":true,"href":"https:\/\/lecochonsavant.com\/en\/wp-json\/wp\/v2\/product_brand?post=31631"},{"taxonomy":"product_cat","embeddable":true,"href":"https:\/\/lecochonsavant.com\/en\/wp-json\/wp\/v2\/product_cat?post=31631"},{"taxonomy":"product_tag","embeddable":true,"href":"https:\/\/lecochonsavant.com\/en\/wp-json\/wp\/v2\/product_tag?post=31631"}],"curies":[{"name":"wp","href":"https:\/\/api.w.org\/{rel}","templated":true}]}}