{"id":31640,"date":"2025-11-29T12:53:13","date_gmt":"2025-11-29T17:53:13","guid":{"rendered":"https:\/\/lecochonsavant.com\/produit\/chaine-de-taille-en-metal-a-double-rang-polyvalente\/"},"modified":"2025-12-01T21:57:31","modified_gmt":"2025-12-02T02:57:31","slug":"chaine-de-taille-en-metal-a-double-rang-polyvalente","status":"publish","type":"product","link":"https:\/\/lecochonsavant.com\/en\/product\/chaine-de-taille-en-metal-a-double-rang-polyvalente\/","title":{"rendered":"Cha\u00eene de taille en m\u00e9tal \u00e0 double rang \u2014 Polyvalente"},"content":{"rendered":"<p data-start=\"201\" data-end=\"451\"><img decoding=\"async\" class=\"alignnone  wp-image-32586\" src=\"https:\/\/lecochonsavant.com\/wp-content\/uploads\/2025\/11\/rabais-20-300x41.jpg\" alt=\"\" width=\"380\" height=\"52\" srcset=\"https:\/\/lecochonsavant.com\/wp-content\/uploads\/2025\/11\/rabais-20-300x41.jpg 300w, https:\/\/lecochonsavant.com\/wp-content\/uploads\/2025\/11\/rabais-20-64x9.jpg 64w, https:\/\/lecochonsavant.com\/wp-content\/uploads\/2025\/11\/rabais-20.jpg 528w\" sizes=\"(max-width: 380px) 100vw, 380px\" \/><\/p>\n<p data-start=\"201\" data-end=\"451\">Un bijou qui ne suit aucune r\u00e8gle\u2026 sauf la tienne.<br data-start=\"251\" data-end=\"254\" \/>Gliss\u00e9e \u00e0 la hanche, cette double cha\u00eene de perles attire l\u2019\u0153il exactement o\u00f9 il faut \u2014 un d\u00e9tail discret, mais terriblement suggestif.<br data-start=\"389\" data-end=\"392\" \/>\u00c0 porter avec un jean, un torse nu, ou juste ton assurance\u2026<\/p>\n<p data-start=\"453\" data-end=\"531\"><strong data-start=\"453\" data-end=\"529\">Un accessoire qui dit : regarde\u2026 mais touche seulement si j\u2019en ai envie.<\/strong><\/p>\n<hr data-start=\"533\" data-end=\"536\" \/>\n<p data-start=\"538\" data-end=\"596\">Si tu veux, je peux t\u2019en faire <strong data-start=\"569\" data-end=\"592\">5 autres variations<\/strong> :<\/p>\n<ul data-start=\"597\" data-end=\"686\">\n<li data-start=\"597\" data-end=\"610\">\n<p data-start=\"599\" data-end=\"610\">plus sexy<\/p>\n<\/li>\n<li data-start=\"611\" data-end=\"624\">\n<p data-start=\"613\" data-end=\"624\">plus chic<\/p>\n<\/li>\n<li data-start=\"625\" data-end=\"644\">\n<p data-start=\"627\" data-end=\"644\">plus audacieuse<\/p>\n<\/li>\n<li data-start=\"645\" data-end=\"665\">\n<p data-start=\"647\" data-end=\"665\">plus minimaliste<\/p>\n<\/li>\n<li data-start=\"666\" data-end=\"686\">\n<p data-start=\"668\" data-end=\"686\">plus queer-coded<\/p>\n<\/li>\n<\/ul>\n<p>Size: 115cm<br \/>\n<b>Packing list: <\/b><\/p>\n<p>Cha\u00eene de taille *1<\/p>","protected":false},"excerpt":{"rendered":"<p>Un bijou qui ne suit aucune r\u00e8gle\u2026 sauf la tienne.Gliss\u00e9e \u00e0 la hanche, cette double cha\u00eene de perles attire l\u2019\u0153il exactement o\u00f9 il faut \u2014 un d\u00e9tail discret, mais terriblement suggestif.\u00c0 porter avec un jean, un torse nu, ou juste ton assurance\u2026 Un accessoire qui dit : regarde\u2026 mais touche seulement si j\u2019en ai envie. [&hellip;]<\/p>\n","protected":false},"featured_media":31634,"comment_status":"open","ping_status":"closed","template":"","meta":{"nf_dc_page":"","_bbp_topic_count":0,"_bbp_reply_count":0,"_bbp_total_topic_count":0,"_bbp_total_reply_count":0,"_bbp_voice_count":0,"_bbp_anonymous_reply_count":0,"_bbp_topic_count_hidden":0,"_bbp_reply_count_hidden":0,"_bbp_forum_subforum_count":0,"jetpack_publicize_message":"","jetpack_publicize_feature_enabled":true,"jetpack_social_post_already_shared":true,"jetpack_social_options":{"image_generator_settings":{"template":"highway","default_image_id":0,"font":"","enabled":false},"version":2}},"product_brand":[],"product_cat":[590],"product_tag":[591],"class_list":{"0":"post-31640","1":"product","2":"type-product","3":"status-publish","4":"has-post-thumbnail","6":"product_cat-bijoux","7":"product_tag-bijoux","9":"first","10":"instock","11":"taxable","12":"shipping-taxable","13":"purchasable","14":"product-type-variable"},"jetpack_publicize_connections":[],"_links":{"self":[{"href":"https:\/\/lecochonsavant.com\/en\/wp-json\/wp\/v2\/product\/31640","targetHints":{"allow":["GET"]}}],"collection":[{"href":"https:\/\/lecochonsavant.com\/en\/wp-json\/wp\/v2\/product"}],"about":[{"href":"https:\/\/lecochonsavant.com\/en\/wp-json\/wp\/v2\/types\/product"}],"replies":[{"embeddable":true,"href":"https:\/\/lecochonsavant.com\/en\/wp-json\/wp\/v2\/comments?post=31640"}],"wp:featuredmedia":[{"embeddable":true,"href":"https:\/\/lecochonsavant.com\/en\/wp-json\/wp\/v2\/media\/31634"}],"wp:attachment":[{"href":"https:\/\/lecochonsavant.com\/en\/wp-json\/wp\/v2\/media?parent=31640"}],"wp:term":[{"taxonomy":"product_brand","embeddable":true,"href":"https:\/\/lecochonsavant.com\/en\/wp-json\/wp\/v2\/product_brand?post=31640"},{"taxonomy":"product_cat","embeddable":true,"href":"https:\/\/lecochonsavant.com\/en\/wp-json\/wp\/v2\/product_cat?post=31640"},{"taxonomy":"product_tag","embeddable":true,"href":"https:\/\/lecochonsavant.com\/en\/wp-json\/wp\/v2\/product_tag?post=31640"}],"curies":[{"name":"wp","href":"https:\/\/api.w.org\/{rel}","templated":true}]}}