{"id":31655,"date":"2025-11-29T12:57:02","date_gmt":"2025-11-29T17:57:02","guid":{"rendered":"https:\/\/lecochonsavant.com\/produit\/ceinture-en-cuir-de-type-binding-accessoire-de-bande-abdominale\/"},"modified":"2025-12-01T21:53:34","modified_gmt":"2025-12-02T02:53:34","slug":"ceinture-en-cuir-de-type-binding-accessoire-de-bande-abdominale","status":"publish","type":"product","link":"https:\/\/lecochonsavant.com\/en\/product\/ceinture-en-cuir-de-type-binding-accessoire-de-bande-abdominale\/","title":{"rendered":"Ceinture en cuir de type \u201cbinding\u201d \u2014 Accessoire de bande abdominale"},"content":{"rendered":"<p data-start=\"220\" data-end=\"518\"><img decoding=\"async\" class=\"alignnone  wp-image-32586\" src=\"https:\/\/lecochonsavant.com\/wp-content\/uploads\/2025\/11\/rabais-20-300x41.jpg\" alt=\"\" width=\"366\" height=\"50\" srcset=\"https:\/\/lecochonsavant.com\/wp-content\/uploads\/2025\/11\/rabais-20-300x41.jpg 300w, https:\/\/lecochonsavant.com\/wp-content\/uploads\/2025\/11\/rabais-20-64x9.jpg 64w, https:\/\/lecochonsavant.com\/wp-content\/uploads\/2025\/11\/rabais-20.jpg 528w\" sizes=\"(max-width: 366px) 100vw, 366px\" \/><\/p>\n<p data-start=\"220\" data-end=\"518\">Un harnais audacieux, pens\u00e9 pour sculpter le torse et mettre en valeur chaque ligne du corps. Son design en sangles crois\u00e9es cr\u00e9e un effet visuel fort, rappelant l\u2019esth\u00e9tique <em data-start=\"395\" data-end=\"404\">bondage<\/em> moderne, parfaite pour les soir\u00e9es, les \u00e9v\u00e9nements fetish, les s\u00e9ances photo ou simplement pour pimenter un look.<\/p>\n<p data-start=\"520\" data-end=\"543\"><strong data-start=\"520\" data-end=\"541\">\ud83d\udd25 Points forts :<\/strong><\/p>\n<ul data-start=\"544\" data-end=\"769\">\n<li data-start=\"544\" data-end=\"608\">\n<p data-start=\"546\" data-end=\"608\">Structure multi-sangles pour un maintien sexy et g\u00e9om\u00e9trique<\/p>\n<\/li>\n<li data-start=\"609\" data-end=\"662\">\n<p data-start=\"611\" data-end=\"662\">Anneaux m\u00e9talliques robustes pour un look affirm\u00e9<\/p>\n<\/li>\n<li data-start=\"663\" data-end=\"715\">\n<p data-start=\"665\" data-end=\"715\">Enti\u00e8rement ajustable : torse, poitrine, \u00e9paules<\/p>\n<\/li>\n<li data-start=\"716\" data-end=\"769\">\n<p data-start=\"718\" data-end=\"769\">Id\u00e9al pour la sc\u00e8ne, le nightlife ou le jeu priv\u00e9<\/p>\n<\/li>\n<\/ul>\n<p data-start=\"771\" data-end=\"797\"><strong data-start=\"771\" data-end=\"795\">\u2728 Caract\u00e9ristiques :<\/strong><\/p>\n<ul data-start=\"798\" data-end=\"910\">\n<li data-start=\"798\" data-end=\"846\">\n<p data-start=\"800\" data-end=\"846\">Mati\u00e8re synth\u00e9tique r\u00e9sistante (simili-cuir)<\/p>\n<\/li>\n<li data-start=\"847\" data-end=\"878\">\n<p data-start=\"849\" data-end=\"878\">Boucles m\u00e9talliques solides<\/p>\n<\/li>\n<li data-start=\"879\" data-end=\"910\">\n<p data-start=\"881\" data-end=\"910\">Taille ajustable et unisexe<\/p>\n<\/li>\n<\/ul>\n<p data-start=\"912\" data-end=\"965\" data-is-last-node=\"\" data-is-only-node=\"\"><strong data-start=\"912\" data-end=\"965\" data-is-last-node=\"\">Un harnais qui attire les regards \u2014 et les mains.<\/strong><\/p>\n<h3 data-start=\"52\" data-end=\"91\"><strong data-start=\"56\" data-end=\"89\">Informations sur le produit :<\/strong><\/h3>\n<ul data-start=\"92\" data-end=\"169\">\n<li data-start=\"123\" data-end=\"145\">\n<p data-start=\"125\" data-end=\"145\"><strong data-start=\"125\" data-end=\"138\">Couleur :<\/strong> Noir<\/p>\n<\/li>\n<li data-start=\"146\" data-end=\"169\">\n<p data-start=\"148\" data-end=\"169\"><strong data-start=\"148\" data-end=\"162\">Mat\u00e9riau :<\/strong> Cuir<\/p>\n<\/li>\n<\/ul>\n<hr data-start=\"171\" data-end=\"174\" \/>\n<h3 data-start=\"176\" data-end=\"205\"><strong data-start=\"180\" data-end=\"203\">Liste d\u2019emballage :<\/strong><\/h3>\n<ul data-start=\"206\" data-end=\"222\">\n<li data-start=\"206\" data-end=\"222\">\n<p data-start=\"208\" data-end=\"222\"><strong data-start=\"208\" data-end=\"222\">Sangle \u00d7 1<\/strong><\/p>\n<\/li>\n<\/ul>","protected":false},"excerpt":{"rendered":"<p>Un harnais audacieux, pens\u00e9 pour sculpter le torse et mettre en valeur chaque ligne du corps. Son design en sangles crois\u00e9es cr\u00e9e un effet visuel fort, rappelant l\u2019esth\u00e9tique bondage moderne, parfaite pour les soir\u00e9es, les \u00e9v\u00e9nements fetish, les s\u00e9ances photo ou simplement pour pimenter un look. \ud83d\udd25 Points forts : Structure multi-sangles pour un maintien [&hellip;]<\/p>\n","protected":false},"featured_media":31650,"comment_status":"open","ping_status":"closed","template":"","meta":{"nf_dc_page":"","_bbp_topic_count":0,"_bbp_reply_count":0,"_bbp_total_topic_count":0,"_bbp_total_reply_count":0,"_bbp_voice_count":0,"_bbp_anonymous_reply_count":0,"_bbp_topic_count_hidden":0,"_bbp_reply_count_hidden":0,"_bbp_forum_subforum_count":0,"jetpack_publicize_message":"","jetpack_publicize_feature_enabled":true,"jetpack_social_post_already_shared":true,"jetpack_social_options":{"image_generator_settings":{"template":"highway","default_image_id":0,"font":"","enabled":false},"version":2}},"product_brand":[],"product_cat":[312],"product_tag":[118],"class_list":{"0":"post-31655","1":"product","2":"type-product","3":"status-publish","4":"has-post-thumbnail","6":"product_cat-harnais","7":"product_tag-harnais","9":"first","10":"instock","11":"taxable","12":"shipping-taxable","13":"purchasable","14":"product-type-variable"},"jetpack_publicize_connections":[],"_links":{"self":[{"href":"https:\/\/lecochonsavant.com\/en\/wp-json\/wp\/v2\/product\/31655","targetHints":{"allow":["GET"]}}],"collection":[{"href":"https:\/\/lecochonsavant.com\/en\/wp-json\/wp\/v2\/product"}],"about":[{"href":"https:\/\/lecochonsavant.com\/en\/wp-json\/wp\/v2\/types\/product"}],"replies":[{"embeddable":true,"href":"https:\/\/lecochonsavant.com\/en\/wp-json\/wp\/v2\/comments?post=31655"}],"wp:featuredmedia":[{"embeddable":true,"href":"https:\/\/lecochonsavant.com\/en\/wp-json\/wp\/v2\/media\/31650"}],"wp:attachment":[{"href":"https:\/\/lecochonsavant.com\/en\/wp-json\/wp\/v2\/media?parent=31655"}],"wp:term":[{"taxonomy":"product_brand","embeddable":true,"href":"https:\/\/lecochonsavant.com\/en\/wp-json\/wp\/v2\/product_brand?post=31655"},{"taxonomy":"product_cat","embeddable":true,"href":"https:\/\/lecochonsavant.com\/en\/wp-json\/wp\/v2\/product_cat?post=31655"},{"taxonomy":"product_tag","embeddable":true,"href":"https:\/\/lecochonsavant.com\/en\/wp-json\/wp\/v2\/product_tag?post=31655"}],"curies":[{"name":"wp","href":"https:\/\/api.w.org\/{rel}","templated":true}]}}