{"id":31664,"date":"2025-11-29T12:58:47","date_gmt":"2025-11-29T17:58:47","guid":{"rendered":"https:\/\/lecochonsavant.com\/produit\/chaine-eclair-metal-style-hip-hop-punk-decontracte-pour-pantalon\/"},"modified":"2025-12-01T21:52:44","modified_gmt":"2025-12-02T02:52:44","slug":"chaine-eclair-metal-style-hip-hop-punk-decontracte-pour-pantalon","status":"publish","type":"product","link":"https:\/\/lecochonsavant.com\/en\/product\/chaine-eclair-metal-style-hip-hop-punk-decontracte-pour-pantalon\/","title":{"rendered":"chaine \u00e9clair m\u00e9tal style hip-hop\/punk d\u00e9contract\u00e9 pour pantalon"},"content":{"rendered":"<article class=\"text-token-text-primary w-full focus:outline-none [--shadow-height:45px] has-data-writing-block:pointer-events-none has-data-writing-block:-mt-(--shadow-height) has-data-writing-block:pt-(--shadow-height) [&amp;:has([data-writing-block])&gt;*]:pointer-events-auto scroll-mt-[calc(var(--header-height)+min(200px,max(70px,20svh)))]\" dir=\"auto\" tabindex=\"-1\" data-turn-id=\"request-692b2f42-67b0-8329-8b3e-5c7bb3835418-39\" data-testid=\"conversation-turn-370\" data-scroll-anchor=\"true\" data-turn=\"assistant\">\n<div class=\"text-base my-auto mx-auto pb-10 [--thread-content-margin:--spacing(4)] thread-sm:[--thread-content-margin:--spacing(6)] thread-lg:[--thread-content-margin:--spacing(16)] px-(--thread-content-margin)\">\n<div class=\"[--thread-content-max-width:40rem] thread-lg:[--thread-content-max-width:48rem] mx-auto max-w-(--thread-content-max-width) flex-1 group\/turn-messages focus-visible:outline-hidden relative flex w-full min-w-0 flex-col agent-turn\" tabindex=\"-1\">\n<div class=\"flex max-w-full flex-col grow\">\n<div class=\"min-h-8 text-message relative flex w-full flex-col items-end gap-2 text-start break-words whitespace-normal [.text-message+&amp;]:mt-1\" dir=\"auto\" data-message-author-role=\"assistant\" data-message-id=\"b4770172-94f0-4626-83f5-5cc603b4af96\" data-message-model-slug=\"gpt-5-1\">\n<div class=\"flex w-full flex-col gap-1 empty:hidden first:pt-[1px]\">\n<div class=\"markdown prose dark:prose-invert w-full break-words dark markdown-new-styling\">\n<p data-start=\"148\" data-end=\"401\"><img decoding=\"async\" class=\"alignnone  wp-image-32586\" src=\"https:\/\/lecochonsavant.com\/wp-content\/uploads\/2025\/11\/rabais-20-300x41.jpg\" alt=\"\" width=\"380\" height=\"52\" srcset=\"https:\/\/lecochonsavant.com\/wp-content\/uploads\/2025\/11\/rabais-20-300x41.jpg 300w, https:\/\/lecochonsavant.com\/wp-content\/uploads\/2025\/11\/rabais-20-64x9.jpg 64w, https:\/\/lecochonsavant.com\/wp-content\/uploads\/2025\/11\/rabais-20.jpg 528w\" sizes=\"(max-width: 380px) 100vw, 380px\" \/><\/p>\n<p data-start=\"148\" data-end=\"401\">Une pi\u00e8ce forte pour affirmer ton style. Cette cha\u00eene multi-rangs en m\u00e9tal \u00e9pais apporte une touche street, rebelle et parfaitement tendance. Que ce soit sur un jeans noir, un pantalon cargo ou ton look nightlife, elle donne instantan\u00e9ment du caract\u00e8re.<\/p>\n<p data-start=\"403\" data-end=\"426\"><strong data-start=\"403\" data-end=\"424\">\ud83d\udd25 Points forts :<\/strong><\/p>\n<ul data-start=\"427\" data-end=\"646\">\n<li data-start=\"427\" data-end=\"465\">\n<p data-start=\"429\" data-end=\"465\">Maillons larges au look industriel<\/p>\n<\/li>\n<li data-start=\"466\" data-end=\"512\">\n<p data-start=\"468\" data-end=\"512\">Trois rangs pour un effet visuel impactant<\/p>\n<\/li>\n<li data-start=\"513\" data-end=\"579\">\n<p data-start=\"515\" data-end=\"579\">Accessoire parfait pour un style urbain, hip-hop ou alternatif<\/p>\n<\/li>\n<li data-start=\"580\" data-end=\"646\">\n<p data-start=\"582\" data-end=\"646\">Polyvalente : pantalon, jupe, short, tenue de soir\u00e9e ou festival<\/p>\n<\/li>\n<\/ul>\n<p data-start=\"648\" data-end=\"674\"><strong data-start=\"648\" data-end=\"672\">\u2728 Caract\u00e9ristiques :<\/strong><\/p>\n<ul data-start=\"675\" data-end=\"766\">\n<li data-start=\"675\" data-end=\"706\">\n<p data-start=\"677\" data-end=\"706\">M\u00e9tal l\u00e9ger imitation acier<\/p>\n<\/li>\n<li data-start=\"707\" data-end=\"745\">\n<p data-start=\"709\" data-end=\"745\">Fermoirs robustes, faciles \u00e0 fixer<\/p>\n<\/li>\n<li data-start=\"746\" data-end=\"766\">\n<p data-start=\"748\" data-end=\"766\">Longueur ajustable<\/p>\n<\/li>\n<\/ul>\n<p data-start=\"768\" data-end=\"829\" data-is-last-node=\"\" data-is-only-node=\"\"><strong data-start=\"768\" data-end=\"829\" data-is-last-node=\"\">Un accessoire simple, puissant et irr\u00e9sistiblement styl\u00e9.<\/strong><\/p>\n<\/div>\n<\/div>\n<\/div>\n<\/div>\n<\/div>\n<\/div>\n<\/article>\n<h3 data-start=\"296\" data-end=\"335\"><strong data-start=\"300\" data-end=\"333\">Informations sur le produit :<\/strong><\/h3>\n<ul data-start=\"336\" data-end=\"560\">\n<li data-start=\"533\" data-end=\"560\">\n<p data-start=\"535\" data-end=\"560\"><strong data-start=\"535\" data-end=\"549\">Longueur :<\/strong> 60\u201380 cm<\/p>\n<\/li>\n<\/ul>\n<hr data-start=\"562\" data-end=\"565\" \/>\n<h3 data-start=\"567\" data-end=\"596\"><strong data-start=\"571\" data-end=\"594\">Liste d\u2019emballage :<\/strong><\/h3>\n<ul data-start=\"597\" data-end=\"637\">\n<li data-start=\"597\" data-end=\"637\">\n<p data-start=\"599\" data-end=\"637\"><strong data-start=\"599\" data-end=\"637\">Fermeture \u00e9clair pour pantalon \u00d7 1<\/strong><\/p>\n<\/li>\n<\/ul>\n<p><img decoding=\"async\" src=\"https:\/\/cf.cjdropshipping.com\/quick\/product\/79cf34aa-6352-4791-82c5-a4bba7b8fa17.jpg\" \/><\/p>\n<p><img decoding=\"async\" src=\"https:\/\/cf.cjdropshipping.com\/quick\/product\/b8b14acc-fa28-41cc-9a8e-ea245674f05b.jpg\" \/><\/p>\n","protected":false},"excerpt":{"rendered":"<p>Une pi\u00e8ce forte pour affirmer ton style. Cette cha\u00eene multi-rangs en m\u00e9tal \u00e9pais apporte une touche street, rebelle et parfaitement tendance. Que ce soit sur un jeans noir, un pantalon cargo ou ton look nightlife, elle donne instantan\u00e9ment du caract\u00e8re. \ud83d\udd25 Points forts : Maillons larges au look industriel Trois rangs pour un effet visuel [&hellip;]<\/p>\n","protected":false},"featured_media":31658,"comment_status":"open","ping_status":"closed","template":"","meta":{"nf_dc_page":"","_bbp_topic_count":0,"_bbp_reply_count":0,"_bbp_total_topic_count":0,"_bbp_total_reply_count":0,"_bbp_voice_count":0,"_bbp_anonymous_reply_count":0,"_bbp_topic_count_hidden":0,"_bbp_reply_count_hidden":0,"_bbp_forum_subforum_count":0,"jetpack_publicize_message":"","jetpack_publicize_feature_enabled":true,"jetpack_social_post_already_shared":true,"jetpack_social_options":{"image_generator_settings":{"template":"highway","default_image_id":0,"font":"","enabled":false},"version":2}},"product_brand":[],"product_cat":[590],"product_tag":[591],"class_list":{"0":"post-31664","1":"product","2":"type-product","3":"status-publish","4":"has-post-thumbnail","6":"product_cat-bijoux","7":"product_tag-bijoux","9":"first","10":"instock","11":"taxable","12":"shipping-taxable","13":"purchasable","14":"product-type-variable"},"jetpack_publicize_connections":[],"_links":{"self":[{"href":"https:\/\/lecochonsavant.com\/en\/wp-json\/wp\/v2\/product\/31664","targetHints":{"allow":["GET"]}}],"collection":[{"href":"https:\/\/lecochonsavant.com\/en\/wp-json\/wp\/v2\/product"}],"about":[{"href":"https:\/\/lecochonsavant.com\/en\/wp-json\/wp\/v2\/types\/product"}],"replies":[{"embeddable":true,"href":"https:\/\/lecochonsavant.com\/en\/wp-json\/wp\/v2\/comments?post=31664"}],"wp:featuredmedia":[{"embeddable":true,"href":"https:\/\/lecochonsavant.com\/en\/wp-json\/wp\/v2\/media\/31658"}],"wp:attachment":[{"href":"https:\/\/lecochonsavant.com\/en\/wp-json\/wp\/v2\/media?parent=31664"}],"wp:term":[{"taxonomy":"product_brand","embeddable":true,"href":"https:\/\/lecochonsavant.com\/en\/wp-json\/wp\/v2\/product_brand?post=31664"},{"taxonomy":"product_cat","embeddable":true,"href":"https:\/\/lecochonsavant.com\/en\/wp-json\/wp\/v2\/product_cat?post=31664"},{"taxonomy":"product_tag","embeddable":true,"href":"https:\/\/lecochonsavant.com\/en\/wp-json\/wp\/v2\/product_tag?post=31664"}],"curies":[{"name":"wp","href":"https:\/\/api.w.org\/{rel}","templated":true}]}}