{"id":31672,"date":"2025-11-29T13:01:10","date_gmt":"2025-11-29T18:01:10","guid":{"rendered":"https:\/\/lecochonsavant.com\/produit\/chaine-de-taille-en-plastique-fluorescent-style-europe-amerique-ornement-avec-pendentif-alien\/"},"modified":"2025-12-01T21:51:45","modified_gmt":"2025-12-02T02:51:45","slug":"chaine-de-taille-en-plastique-fluorescent-style-europe-amerique-ornement-avec-pendentif-alien","status":"publish","type":"product","link":"https:\/\/lecochonsavant.com\/en\/product\/chaine-de-taille-en-plastique-fluorescent-style-europe-amerique-ornement-avec-pendentif-alien\/","title":{"rendered":"Cha\u00eene de taille en plastique fluorescent \u2014 Style Europe\/Am\u00e9rique, ornement avec pendentif alien"},"content":{"rendered":"<p data-start=\"201\" data-end=\"454\"><img decoding=\"async\" class=\"alignnone  wp-image-32586\" src=\"https:\/\/lecochonsavant.com\/wp-content\/uploads\/2025\/11\/rabais-20-300x41.jpg\" alt=\"\" width=\"366\" height=\"50\" srcset=\"https:\/\/lecochonsavant.com\/wp-content\/uploads\/2025\/11\/rabais-20-300x41.jpg 300w, https:\/\/lecochonsavant.com\/wp-content\/uploads\/2025\/11\/rabais-20-64x9.jpg 64w, https:\/\/lecochonsavant.com\/wp-content\/uploads\/2025\/11\/rabais-20.jpg 528w\" sizes=\"(max-width: 366px) 100vw, 366px\" \/><\/p>\n<p data-start=\"201\" data-end=\"454\">Un accessoire \u00e9lectrique pour celles et ceux qui aiment attirer les regards.<br data-start=\"277\" data-end=\"280\" \/>Cette cha\u00eene multi-rangs m\u00e9lange <strong data-start=\"313\" data-end=\"338\">plastique fluorescent<\/strong> et <strong data-start=\"342\" data-end=\"373\">cha\u00eenes m\u00e9talliques l\u00e9g\u00e8res<\/strong>, avec des <strong data-start=\"384\" data-end=\"404\">pendentifs alien<\/strong> ultra-color\u00e9s pour un look extraterrestre assum\u00e9.<\/p>\n<p data-start=\"456\" data-end=\"486\"><strong data-start=\"456\" data-end=\"484\">\ud83d\udc7d Pourquoi on l\u2019adore :<\/strong><\/p>\n<ul data-start=\"487\" data-end=\"719\">\n<li data-start=\"487\" data-end=\"536\">\n<p data-start=\"489\" data-end=\"536\">Couleurs fluorescentes qui pop instantan\u00e9ment<\/p>\n<\/li>\n<li data-start=\"537\" data-end=\"612\">\n<p data-start=\"539\" data-end=\"612\">Style inspir\u00e9 des sc\u00e8nes <em data-start=\"564\" data-end=\"581\">Europe\/Am\u00e9rique<\/em> : rave, festivals, nightlife<\/p>\n<\/li>\n<li data-start=\"613\" data-end=\"653\">\n<p data-start=\"615\" data-end=\"653\">Pendentifs alien fun et provocateurs<\/p>\n<\/li>\n<li data-start=\"654\" data-end=\"719\">\n<p data-start=\"656\" data-end=\"719\">Accessoire parfait sur jeans, shorts, mini-jupes ou look street<\/p>\n<\/li>\n<\/ul>\n<p data-start=\"721\" data-end=\"747\"><strong data-start=\"721\" data-end=\"745\">\u2728 Caract\u00e9ristiques :<\/strong><\/p>\n<ul data-start=\"748\" data-end=\"850\">\n<li data-start=\"748\" data-end=\"782\">\n<p data-start=\"750\" data-end=\"782\">Cha\u00eene plastique + m\u00e9tal l\u00e9ger<\/p>\n<\/li>\n<li data-start=\"783\" data-end=\"820\">\n<p data-start=\"785\" data-end=\"820\">Pendentifs iconiques t\u00eate d\u2019alien<\/p>\n<\/li>\n<li data-start=\"821\" data-end=\"850\">\n<p data-start=\"823\" data-end=\"850\">Ajustable et ultra-visuelle<\/p>\n<\/li>\n<\/ul>\n<p data-start=\"852\" data-end=\"933\"><strong data-start=\"852\" data-end=\"928\">Un accessoire intergalactique pour un look qui ne passe jamais inaper\u00e7u.<\/strong> \ud83d\udd25\ud83d\udc7d<\/p>\n<h3 data-start=\"60\" data-end=\"99\"><strong data-start=\"64\" data-end=\"97\">Informations sur le produit :<\/strong><\/h3>\n<ul data-start=\"100\" data-end=\"588\">\n<li data-start=\"100\" data-end=\"124\">\n<p data-start=\"102\" data-end=\"124\"><strong data-start=\"102\" data-end=\"115\">Largeur :<\/strong> 2,5 cm<\/p>\n<\/li>\n<li data-start=\"125\" data-end=\"189\">\n<p data-start=\"127\" data-end=\"189\"><strong data-start=\"127\" data-end=\"141\">Couleurs :<\/strong> Variante cha\u00eene orange, variante cha\u00eene verte<\/p>\n<\/li>\n<li data-start=\"190\" data-end=\"213\">\n<p data-start=\"192\" data-end=\"213\"><strong data-start=\"192\" data-end=\"204\">Taille :<\/strong> 115 cm<\/p>\n<\/li>\n<li data-start=\"299\" data-end=\"323\">\n<p data-start=\"301\" data-end=\"323\"><strong data-start=\"301\" data-end=\"315\">Mat\u00e9riau :<\/strong> M\u00e9tal<\/p>\n<\/li>\n<li data-start=\"527\" data-end=\"552\">\n<p data-start=\"529\" data-end=\"552\"><strong data-start=\"529\" data-end=\"543\">Longueur :<\/strong> 110 cm<\/p>\n<\/li>\n<\/ul>\n<hr data-start=\"590\" data-end=\"593\" \/>\n<h3 data-start=\"595\" data-end=\"624\"><strong data-start=\"599\" data-end=\"622\">Liste d\u2019emballage :<\/strong><\/h3>\n<ul data-start=\"625\" data-end=\"664\">\n<li data-start=\"625\" data-end=\"664\">\n<p data-start=\"627\" data-end=\"664\"><strong data-start=\"627\" data-end=\"664\">Cha\u00eene de taille en plastique \u00d7 1<\/strong><\/p>\n<\/li>\n<\/ul>\n<p><b>Product Image:<\/b><\/p>\n<p><img decoding=\"async\" src=\"https:\/\/oss-cf.cjdropshipping.com\/product\/2024\/08\/06\/09\/25f53512-9563-453f-b810-49c254074f5d_trans.jpeg\" \/><\/p>","protected":false},"excerpt":{"rendered":"<p>Un accessoire \u00e9lectrique pour celles et ceux qui aiment attirer les regards.Cette cha\u00eene multi-rangs m\u00e9lange plastique fluorescent et cha\u00eenes m\u00e9talliques l\u00e9g\u00e8res, avec des pendentifs alien ultra-color\u00e9s pour un look extraterrestre assum\u00e9. \ud83d\udc7d Pourquoi on l\u2019adore : Couleurs fluorescentes qui pop instantan\u00e9ment Style inspir\u00e9 des sc\u00e8nes Europe\/Am\u00e9rique : rave, festivals, nightlife Pendentifs alien fun et provocateurs [&hellip;]<\/p>\n","protected":false},"featured_media":31667,"comment_status":"open","ping_status":"closed","template":"","meta":{"nf_dc_page":"","_bbp_topic_count":0,"_bbp_reply_count":0,"_bbp_total_topic_count":0,"_bbp_total_reply_count":0,"_bbp_voice_count":0,"_bbp_anonymous_reply_count":0,"_bbp_topic_count_hidden":0,"_bbp_reply_count_hidden":0,"_bbp_forum_subforum_count":0,"jetpack_publicize_message":"","jetpack_publicize_feature_enabled":true,"jetpack_social_post_already_shared":true,"jetpack_social_options":{"image_generator_settings":{"template":"highway","default_image_id":0,"font":"","enabled":false},"version":2}},"product_brand":[],"product_cat":[590],"product_tag":[591],"class_list":{"0":"post-31672","1":"product","2":"type-product","3":"status-publish","4":"has-post-thumbnail","6":"product_cat-bijoux","7":"product_tag-bijoux","9":"first","10":"instock","11":"taxable","12":"shipping-taxable","13":"purchasable","14":"product-type-variable"},"jetpack_publicize_connections":[],"_links":{"self":[{"href":"https:\/\/lecochonsavant.com\/en\/wp-json\/wp\/v2\/product\/31672","targetHints":{"allow":["GET"]}}],"collection":[{"href":"https:\/\/lecochonsavant.com\/en\/wp-json\/wp\/v2\/product"}],"about":[{"href":"https:\/\/lecochonsavant.com\/en\/wp-json\/wp\/v2\/types\/product"}],"replies":[{"embeddable":true,"href":"https:\/\/lecochonsavant.com\/en\/wp-json\/wp\/v2\/comments?post=31672"}],"wp:featuredmedia":[{"embeddable":true,"href":"https:\/\/lecochonsavant.com\/en\/wp-json\/wp\/v2\/media\/31667"}],"wp:attachment":[{"href":"https:\/\/lecochonsavant.com\/en\/wp-json\/wp\/v2\/media?parent=31672"}],"wp:term":[{"taxonomy":"product_brand","embeddable":true,"href":"https:\/\/lecochonsavant.com\/en\/wp-json\/wp\/v2\/product_brand?post=31672"},{"taxonomy":"product_cat","embeddable":true,"href":"https:\/\/lecochonsavant.com\/en\/wp-json\/wp\/v2\/product_cat?post=31672"},{"taxonomy":"product_tag","embeddable":true,"href":"https:\/\/lecochonsavant.com\/en\/wp-json\/wp\/v2\/product_tag?post=31672"}],"curies":[{"name":"wp","href":"https:\/\/api.w.org\/{rel}","templated":true}]}}