{"id":31687,"date":"2025-11-29T13:15:03","date_gmt":"2025-11-29T18:15:03","guid":{"rendered":"https:\/\/lecochonsavant.com\/produit\/chaine-de-taille-en-metal-multi-couches-style-avant-gardiste-tendance-et-passe-partout\/"},"modified":"2025-12-01T21:51:02","modified_gmt":"2025-12-02T02:51:02","slug":"chaine-de-taille-en-metal-multi-couches-style-avant-gardiste-tendance-et-passe-partout","status":"publish","type":"product","link":"https:\/\/lecochonsavant.com\/en\/product\/chaine-de-taille-en-metal-multi-couches-style-avant-gardiste-tendance-et-passe-partout\/","title":{"rendered":"Cha\u00eene de taille en m\u00e9tal multi-couches \u2014 Style avant-gardiste, tendance et passe-partout"},"content":{"rendered":"<p data-start=\"216\" data-end=\"412\"><img decoding=\"async\" class=\"alignnone  wp-image-32586\" src=\"https:\/\/lecochonsavant.com\/wp-content\/uploads\/2025\/11\/rabais-20-300x41.jpg\" alt=\"\" width=\"380\" height=\"52\" srcset=\"https:\/\/lecochonsavant.com\/wp-content\/uploads\/2025\/11\/rabais-20-300x41.jpg 300w, https:\/\/lecochonsavant.com\/wp-content\/uploads\/2025\/11\/rabais-20-64x9.jpg 64w, https:\/\/lecochonsavant.com\/wp-content\/uploads\/2025\/11\/rabais-20.jpg 528w\" sizes=\"(max-width: 380px) 100vw, 380px\" \/><\/p>\n<p data-start=\"216\" data-end=\"412\">Une cha\u00eene audacieuse qui habille instantan\u00e9ment la silhouette.<br data-start=\"279\" data-end=\"282\" \/>Avec ses rang\u00e9es m\u00e9talliques superpos\u00e9es, elle ajoute une touche rebelle, sensuelle et r\u00e9solument styl\u00e9e \u00e0 n\u2019importe quelle tenue.<\/p>\n<p data-start=\"414\" data-end=\"438\"><strong data-start=\"414\" data-end=\"436\">\ud83d\udca5 Effet garanti :<\/strong><\/p>\n<ul data-start=\"439\" data-end=\"636\">\n<li data-start=\"439\" data-end=\"487\">\n<p data-start=\"441\" data-end=\"487\">Met en valeur les hanches et le d\u00e9hanchement<\/p>\n<\/li>\n<li data-start=\"488\" data-end=\"563\">\n<p data-start=\"490\" data-end=\"563\">Donne un look avant-gardiste parfait pour sorties, festivals, nightlife<\/p>\n<\/li>\n<li data-start=\"564\" data-end=\"636\">\n<p data-start=\"566\" data-end=\"636\">Polyvalente : se porte sur jeans, pantalon cargo, shorts ou streetwear<\/p>\n<\/li>\n<\/ul>\n<p data-start=\"638\" data-end=\"664\"><strong data-start=\"638\" data-end=\"662\">\u2728 Caract\u00e9ristiques :<\/strong><\/p>\n<ul data-start=\"665\" data-end=\"791\">\n<li data-start=\"665\" data-end=\"695\">\n<p data-start=\"667\" data-end=\"695\">Cha\u00eene m\u00e9tal multi-couches<\/p>\n<\/li>\n<li data-start=\"696\" data-end=\"742\">\n<p data-start=\"698\" data-end=\"742\">Mousquetons pratiques pour accroche rapide<\/p>\n<\/li>\n<li data-start=\"743\" data-end=\"791\">\n<p data-start=\"745\" data-end=\"791\">Design fluide qui suit les mouvements du corps<\/p>\n<\/li>\n<\/ul>\n<p data-start=\"793\" data-end=\"861\"><strong data-start=\"793\" data-end=\"861\">Un accessoire audacieux, passe-partout\u2026 et impossible \u00e0 ignorer.<\/strong><\/p>\n<hr data-start=\"336\" data-end=\"339\" \/>\n<h3 data-start=\"341\" data-end=\"370\"><strong data-start=\"345\" data-end=\"368\">Liste d\u2019emballage :<\/strong><\/h3>\n<ul data-start=\"371\" data-end=\"410\">\n<li data-start=\"371\" data-end=\"410\">\n<p data-start=\"373\" data-end=\"410\"><strong data-start=\"373\" data-end=\"410\">Pendentif de cha\u00eene de taille \u00d7 1<\/strong><\/p>\n<\/li>\n<\/ul>","protected":false},"excerpt":{"rendered":"<p>Une cha\u00eene audacieuse qui habille instantan\u00e9ment la silhouette.Avec ses rang\u00e9es m\u00e9talliques superpos\u00e9es, elle ajoute une touche rebelle, sensuelle et r\u00e9solument styl\u00e9e \u00e0 n\u2019importe quelle tenue. \ud83d\udca5 Effet garanti : Met en valeur les hanches et le d\u00e9hanchement Donne un look avant-gardiste parfait pour sorties, festivals, nightlife Polyvalente : se porte sur jeans, pantalon cargo, shorts [&hellip;]<\/p>\n","protected":false},"featured_media":31677,"comment_status":"open","ping_status":"closed","template":"","meta":{"nf_dc_page":"","_bbp_topic_count":0,"_bbp_reply_count":0,"_bbp_total_topic_count":0,"_bbp_total_reply_count":0,"_bbp_voice_count":0,"_bbp_anonymous_reply_count":0,"_bbp_topic_count_hidden":0,"_bbp_reply_count_hidden":0,"_bbp_forum_subforum_count":0,"jetpack_publicize_message":"","jetpack_publicize_feature_enabled":true,"jetpack_social_post_already_shared":true,"jetpack_social_options":{"image_generator_settings":{"template":"highway","default_image_id":0,"font":"","enabled":false},"version":2}},"product_brand":[],"product_cat":[590],"product_tag":[591],"class_list":{"0":"post-31687","1":"product","2":"type-product","3":"status-publish","4":"has-post-thumbnail","6":"product_cat-bijoux","7":"product_tag-bijoux","9":"first","10":"instock","11":"taxable","12":"shipping-taxable","13":"purchasable","14":"product-type-variable"},"jetpack_publicize_connections":[],"_links":{"self":[{"href":"https:\/\/lecochonsavant.com\/en\/wp-json\/wp\/v2\/product\/31687","targetHints":{"allow":["GET"]}}],"collection":[{"href":"https:\/\/lecochonsavant.com\/en\/wp-json\/wp\/v2\/product"}],"about":[{"href":"https:\/\/lecochonsavant.com\/en\/wp-json\/wp\/v2\/types\/product"}],"replies":[{"embeddable":true,"href":"https:\/\/lecochonsavant.com\/en\/wp-json\/wp\/v2\/comments?post=31687"}],"wp:featuredmedia":[{"embeddable":true,"href":"https:\/\/lecochonsavant.com\/en\/wp-json\/wp\/v2\/media\/31677"}],"wp:attachment":[{"href":"https:\/\/lecochonsavant.com\/en\/wp-json\/wp\/v2\/media?parent=31687"}],"wp:term":[{"taxonomy":"product_brand","embeddable":true,"href":"https:\/\/lecochonsavant.com\/en\/wp-json\/wp\/v2\/product_brand?post=31687"},{"taxonomy":"product_cat","embeddable":true,"href":"https:\/\/lecochonsavant.com\/en\/wp-json\/wp\/v2\/product_cat?post=31687"},{"taxonomy":"product_tag","embeddable":true,"href":"https:\/\/lecochonsavant.com\/en\/wp-json\/wp\/v2\/product_tag?post=31687"}],"curies":[{"name":"wp","href":"https:\/\/api.w.org\/{rel}","templated":true}]}}