{"id":31702,"date":"2025-11-29T13:18:41","date_gmt":"2025-11-29T18:18:41","guid":{"rendered":"https:\/\/lecochonsavant.com\/produit\/sangle-de-contrainte-corporelle-pour-hommes-usage-quotidien\/"},"modified":"2025-12-01T21:49:17","modified_gmt":"2025-12-02T02:49:17","slug":"sangle-de-contrainte-corporelle-pour-hommes-usage-quotidien","status":"publish","type":"product","link":"https:\/\/lecochonsavant.com\/en\/product\/sangle-de-contrainte-corporelle-pour-hommes-usage-quotidien\/","title":{"rendered":"Harnais masculin minimaliste \u2014 Bretelles crois\u00e9es ajustables"},"content":{"rendered":"<p data-start=\"153\" data-end=\"332\"><img decoding=\"async\" class=\"alignnone  wp-image-32586\" src=\"https:\/\/lecochonsavant.com\/wp-content\/uploads\/2025\/11\/rabais-20-300x41.jpg\" alt=\"\" width=\"373\" height=\"51\" srcset=\"https:\/\/lecochonsavant.com\/wp-content\/uploads\/2025\/11\/rabais-20-300x41.jpg 300w, https:\/\/lecochonsavant.com\/wp-content\/uploads\/2025\/11\/rabais-20-64x9.jpg 64w, https:\/\/lecochonsavant.com\/wp-content\/uploads\/2025\/11\/rabais-20.jpg 528w\" sizes=\"(max-width: 373px) 100vw, 373px\" \/><\/p>\n<p data-start=\"153\" data-end=\"332\">Un harnais discret, nerveux et terriblement s\u00e9duisant.<br data-start=\"207\" data-end=\"210\" \/>Il souligne le torse, encadre les pectoraux et ajoute instantan\u00e9ment une touche fetish ou clubwear, sans \u00eatre trop charg\u00e9.<\/p>\n<p data-start=\"334\" data-end=\"357\"><strong data-start=\"334\" data-end=\"355\">\ud83d\udd25 Effet visuel :<\/strong><\/p>\n<ul data-start=\"358\" data-end=\"489\">\n<li data-start=\"358\" data-end=\"390\">\n<p data-start=\"360\" data-end=\"390\">Accentue la largeur du torse<\/p>\n<\/li>\n<li data-start=\"391\" data-end=\"431\">\n<p data-start=\"393\" data-end=\"431\">Donne un look athl\u00e9tique, s\u00fbr de lui<\/p>\n<\/li>\n<li data-start=\"432\" data-end=\"489\">\n<p data-start=\"434\" data-end=\"489\">Parfait pour bar, soir\u00e9e, sc\u00e8ne, festival ou photoshoot<\/p>\n<\/li>\n<\/ul>\n<p data-start=\"491\" data-end=\"517\"><strong data-start=\"491\" data-end=\"515\">\u2728 Caract\u00e9ristiques :<\/strong><\/p>\n<ul data-start=\"518\" data-end=\"696\">\n<li data-start=\"518\" data-end=\"569\">\n<p data-start=\"520\" data-end=\"569\">Sangles ajustables sur les c\u00f4t\u00e9s et dans le dos<\/p>\n<\/li>\n<li data-start=\"570\" data-end=\"604\">\n<p data-start=\"572\" data-end=\"604\">Anneaux et boucles m\u00e9talliques<\/p>\n<\/li>\n<li data-start=\"605\" data-end=\"645\">\n<p data-start=\"607\" data-end=\"645\">Se porte sur peau nue ou sur t-shirt<\/p>\n<\/li>\n<li data-start=\"646\" data-end=\"696\">\n<p data-start=\"648\" data-end=\"696\">Coupe crois\u00e9e dans le dos pour un maintien ferme<\/p>\n<\/li>\n<\/ul>\n<p data-start=\"698\" data-end=\"768\"><strong data-start=\"698\" data-end=\"725\">Un accessoire qui dit :<\/strong><br data-start=\"725\" data-end=\"728\" \/><em data-start=\"728\" data-end=\"768\">\u00ab Simple\u2026 mais impossible \u00e0 ignorer. \u00bb<\/em><\/p>","protected":false},"excerpt":{"rendered":"<p>Un harnais discret, nerveux et terriblement s\u00e9duisant.Il souligne le torse, encadre les pectoraux et ajoute instantan\u00e9ment une touche fetish ou clubwear, sans \u00eatre trop charg\u00e9. \ud83d\udd25 Effet visuel : Accentue la largeur du torse Donne un look athl\u00e9tique, s\u00fbr de lui Parfait pour bar, soir\u00e9e, sc\u00e8ne, festival ou photoshoot \u2728 Caract\u00e9ristiques : Sangles ajustables sur [&hellip;]<\/p>\n","protected":false},"featured_media":31695,"comment_status":"open","ping_status":"closed","template":"","meta":{"nf_dc_page":"","_bbp_topic_count":0,"_bbp_reply_count":0,"_bbp_total_topic_count":0,"_bbp_total_reply_count":0,"_bbp_voice_count":0,"_bbp_anonymous_reply_count":0,"_bbp_topic_count_hidden":0,"_bbp_reply_count_hidden":0,"_bbp_forum_subforum_count":0,"jetpack_publicize_message":"","jetpack_publicize_feature_enabled":true,"jetpack_social_post_already_shared":true,"jetpack_social_options":{"image_generator_settings":{"template":"highway","default_image_id":0,"font":"","enabled":false},"version":2}},"product_brand":[],"product_cat":[312],"product_tag":[118],"class_list":{"0":"post-31702","1":"product","2":"type-product","3":"status-publish","4":"has-post-thumbnail","6":"product_cat-harnais","7":"product_tag-harnais","9":"first","10":"instock","11":"taxable","12":"shipping-taxable","13":"purchasable","14":"product-type-variable"},"jetpack_publicize_connections":[],"_links":{"self":[{"href":"https:\/\/lecochonsavant.com\/en\/wp-json\/wp\/v2\/product\/31702","targetHints":{"allow":["GET"]}}],"collection":[{"href":"https:\/\/lecochonsavant.com\/en\/wp-json\/wp\/v2\/product"}],"about":[{"href":"https:\/\/lecochonsavant.com\/en\/wp-json\/wp\/v2\/types\/product"}],"replies":[{"embeddable":true,"href":"https:\/\/lecochonsavant.com\/en\/wp-json\/wp\/v2\/comments?post=31702"}],"wp:featuredmedia":[{"embeddable":true,"href":"https:\/\/lecochonsavant.com\/en\/wp-json\/wp\/v2\/media\/31695"}],"wp:attachment":[{"href":"https:\/\/lecochonsavant.com\/en\/wp-json\/wp\/v2\/media?parent=31702"}],"wp:term":[{"taxonomy":"product_brand","embeddable":true,"href":"https:\/\/lecochonsavant.com\/en\/wp-json\/wp\/v2\/product_brand?post=31702"},{"taxonomy":"product_cat","embeddable":true,"href":"https:\/\/lecochonsavant.com\/en\/wp-json\/wp\/v2\/product_cat?post=31702"},{"taxonomy":"product_tag","embeddable":true,"href":"https:\/\/lecochonsavant.com\/en\/wp-json\/wp\/v2\/product_tag?post=31702"}],"curies":[{"name":"wp","href":"https:\/\/api.w.org\/{rel}","templated":true}]}}