{"id":31721,"date":"2025-11-29T13:23:38","date_gmt":"2025-11-29T18:23:38","guid":{"rendered":"https:\/\/lecochonsavant.com\/produit\/bijou-chaine-corporelle-pour-hommes-chaine-de-taille-modele-unique\/"},"modified":"2025-12-01T21:47:18","modified_gmt":"2025-12-02T02:47:18","slug":"bijou-chaine-corporelle-pour-hommes-chaine-de-taille-modele-unique","status":"publish","type":"product","link":"https:\/\/lecochonsavant.com\/en\/product\/bijou-chaine-corporelle-pour-hommes-chaine-de-taille-modele-unique\/","title":{"rendered":"Bijou cha\u00eene corporelle pour hommes \u2014 Cha\u00eene de taille, mod\u00e8le unique"},"content":{"rendered":"<p data-start=\"152\" data-end=\"406\"><img decoding=\"async\" class=\"alignnone  wp-image-32586\" src=\"https:\/\/lecochonsavant.com\/wp-content\/uploads\/2025\/11\/rabais-20-300x41.jpg\" alt=\"\" width=\"380\" height=\"52\" srcset=\"https:\/\/lecochonsavant.com\/wp-content\/uploads\/2025\/11\/rabais-20-300x41.jpg 300w, https:\/\/lecochonsavant.com\/wp-content\/uploads\/2025\/11\/rabais-20-64x9.jpg 64w, https:\/\/lecochonsavant.com\/wp-content\/uploads\/2025\/11\/rabais-20.jpg 528w\" sizes=\"(max-width: 380px) 100vw, 380px\" \/><\/p>\n<p data-start=\"152\" data-end=\"406\">Un accessoire sexy, brut et \u00e9l\u00e9gant qui souligne la ligne du torse et la taille.<br data-start=\"232\" data-end=\"235\" \/>Ce bijou corporel en m\u00e9tal apporte une touche <strong data-start=\"281\" data-end=\"296\">fetish chic<\/strong>, parfaite pour un look assum\u00e9, une soir\u00e9e, un photoshoot ou un moment priv\u00e9\u2026 <em data-start=\"374\" data-end=\"406\">avec la bonne personne, ch\u00e9ri.<\/em><\/p>\n<p data-start=\"408\" data-end=\"429\"><strong data-start=\"408\" data-end=\"427\">\ud83d\udd25 Id\u00e9al pour :<\/strong><\/p>\n<ul data-start=\"430\" data-end=\"582\">\n<li data-start=\"430\" data-end=\"449\">\n<p data-start=\"432\" data-end=\"449\">Tenues clubwear<\/p>\n<\/li>\n<li data-start=\"450\" data-end=\"484\">\n<p data-start=\"452\" data-end=\"484\">Looks queer, fashion ou fetish<\/p>\n<\/li>\n<li data-start=\"485\" data-end=\"506\">\n<p data-start=\"487\" data-end=\"506\">Underwear parties<\/p>\n<\/li>\n<li data-start=\"507\" data-end=\"535\">\n<p data-start=\"509\" data-end=\"535\">Photographies sensuelles<\/p>\n<\/li>\n<li data-start=\"536\" data-end=\"582\">\n<p data-start=\"538\" data-end=\"582\">Accessoire statement sur t-shirt ou torse nu<\/p>\n<\/li>\n<\/ul>\n<p data-start=\"584\" data-end=\"610\"><strong data-start=\"584\" data-end=\"608\">\u2728 Caract\u00e9ristiques :<\/strong><\/p>\n<ul data-start=\"611\" data-end=\"821\">\n<li data-start=\"611\" data-end=\"654\">\n<p data-start=\"613\" data-end=\"654\">Cha\u00eene en alliage m\u00e9tallique r\u00e9sistante<\/p>\n<\/li>\n<li data-start=\"655\" data-end=\"690\">\n<p data-start=\"657\" data-end=\"690\">L\u00e9ger, confortable et ajustable<\/p>\n<\/li>\n<li data-start=\"691\" data-end=\"731\">\n<p data-start=\"693\" data-end=\"731\">Style minimaliste avec effet harnais<\/p>\n<\/li>\n<li data-start=\"732\" data-end=\"770\">\n<p data-start=\"734\" data-end=\"770\">Convient \u00e0 toutes les morphologies<\/p>\n<\/li>\n<li data-start=\"771\" data-end=\"821\">\n<p data-start=\"773\" data-end=\"821\">\u00c0 porter sur peau nue ou par-dessus un d\u00e9bardeur<\/p>\n<\/li>\n<\/ul>\n<p data-start=\"823\" data-end=\"938\" data-is-last-node=\"\" data-is-only-node=\"\">Un bijou simple, mais terriblement efficace\u2026<\/p>\n<p>\u00a0\u00a0 \u00a0<img decoding=\"async\" src=\"https:\/\/cf.cjdropshipping.com\/b58d92da-5873-4bb8-9288-940fa5e1c7d1.jpg\" \/> <img decoding=\"async\" src=\"https:\/\/cf.cjdropshipping.com\/88dbe80c-a2db-4ace-9810-8eae85a2f3a3.jpg\" \/><\/p>","protected":false},"excerpt":{"rendered":"<p>Un accessoire sexy, brut et \u00e9l\u00e9gant qui souligne la ligne du torse et la taille.Ce bijou corporel en m\u00e9tal apporte une touche fetish chic, parfaite pour un look assum\u00e9, une soir\u00e9e, un photoshoot ou un moment priv\u00e9\u2026 avec la bonne personne, ch\u00e9ri. \ud83d\udd25 Id\u00e9al pour : Tenues clubwear Looks queer, fashion ou fetish Underwear parties [&hellip;]<\/p>\n","protected":false},"featured_media":31715,"comment_status":"open","ping_status":"closed","template":"","meta":{"nf_dc_page":"","_bbp_topic_count":0,"_bbp_reply_count":0,"_bbp_total_topic_count":0,"_bbp_total_reply_count":0,"_bbp_voice_count":0,"_bbp_anonymous_reply_count":0,"_bbp_topic_count_hidden":0,"_bbp_reply_count_hidden":0,"_bbp_forum_subforum_count":0,"jetpack_publicize_message":"","jetpack_publicize_feature_enabled":true,"jetpack_social_post_already_shared":true,"jetpack_social_options":{"image_generator_settings":{"template":"highway","default_image_id":0,"font":"","enabled":false},"version":2}},"product_brand":[],"product_cat":[590],"product_tag":[591],"class_list":{"0":"post-31721","1":"product","2":"type-product","3":"status-publish","4":"has-post-thumbnail","6":"product_cat-bijoux","7":"product_tag-bijoux","9":"first","10":"instock","11":"taxable","12":"shipping-taxable","13":"purchasable","14":"product-type-variable"},"jetpack_publicize_connections":[],"_links":{"self":[{"href":"https:\/\/lecochonsavant.com\/en\/wp-json\/wp\/v2\/product\/31721","targetHints":{"allow":["GET"]}}],"collection":[{"href":"https:\/\/lecochonsavant.com\/en\/wp-json\/wp\/v2\/product"}],"about":[{"href":"https:\/\/lecochonsavant.com\/en\/wp-json\/wp\/v2\/types\/product"}],"replies":[{"embeddable":true,"href":"https:\/\/lecochonsavant.com\/en\/wp-json\/wp\/v2\/comments?post=31721"}],"wp:featuredmedia":[{"embeddable":true,"href":"https:\/\/lecochonsavant.com\/en\/wp-json\/wp\/v2\/media\/31715"}],"wp:attachment":[{"href":"https:\/\/lecochonsavant.com\/en\/wp-json\/wp\/v2\/media?parent=31721"}],"wp:term":[{"taxonomy":"product_brand","embeddable":true,"href":"https:\/\/lecochonsavant.com\/en\/wp-json\/wp\/v2\/product_brand?post=31721"},{"taxonomy":"product_cat","embeddable":true,"href":"https:\/\/lecochonsavant.com\/en\/wp-json\/wp\/v2\/product_cat?post=31721"},{"taxonomy":"product_tag","embeddable":true,"href":"https:\/\/lecochonsavant.com\/en\/wp-json\/wp\/v2\/product_tag?post=31721"}],"curies":[{"name":"wp","href":"https:\/\/api.w.org\/{rel}","templated":true}]}}