{"id":31729,"date":"2025-11-29T13:26:29","date_gmt":"2025-11-29T18:26:29","guid":{"rendered":"https:\/\/lecochonsavant.com\/produit\/accessoires-de-ceinture-boucle-de-jambe-sangle-pendante-pour-pantalon-sangle-de-cuisse-jarretiere\/"},"modified":"2025-12-01T21:46:25","modified_gmt":"2025-12-02T02:46:25","slug":"accessoires-de-ceinture-boucle-de-jambe-sangle-pendante-pour-pantalon-sangle-de-cuisse-jarretiere","status":"publish","type":"product","link":"https:\/\/lecochonsavant.com\/en\/product\/accessoires-de-ceinture-boucle-de-jambe-sangle-pendante-pour-pantalon-sangle-de-cuisse-jarretiere\/","title":{"rendered":"Accessoires de ceinture \u2014 Boucle de jambe, sangle pendante pour pantalon, sangle de cuisse, jarreti\u00e8re"},"content":{"rendered":"<div class=\"flex max-w-full flex-col grow\">\n<div class=\"min-h-8 text-message relative flex w-full flex-col items-end gap-2 text-start break-words whitespace-normal [.text-message+&amp;]:mt-1\" dir=\"auto\" data-message-author-role=\"assistant\" data-message-id=\"989922e5-0a3a-461b-9f8b-2c18ed1481d0\" data-message-model-slug=\"gpt-5-1\">\n<div class=\"flex w-full flex-col gap-1 empty:hidden first:pt-[1px]\">\n<div class=\"markdown prose dark:prose-invert w-full break-words dark markdown-new-styling\">\n<p data-start=\"183\" data-end=\"450\"><img decoding=\"async\" class=\"alignnone  wp-image-32586\" src=\"https:\/\/lecochonsavant.com\/wp-content\/uploads\/2025\/11\/rabais-20-300x41.jpg\" alt=\"\" width=\"380\" height=\"52\" srcset=\"https:\/\/lecochonsavant.com\/wp-content\/uploads\/2025\/11\/rabais-20-300x41.jpg 300w, https:\/\/lecochonsavant.com\/wp-content\/uploads\/2025\/11\/rabais-20-64x9.jpg 64w, https:\/\/lecochonsavant.com\/wp-content\/uploads\/2025\/11\/rabais-20.jpg 528w\" sizes=\"(max-width: 380px) 100vw, 380px\" \/><\/p>\n<p data-start=\"183\" data-end=\"450\">Un accessoire audacieux qui ajoute instantan\u00e9ment une touche <strong data-start=\"244\" data-end=\"270\">fetish, rock et virile<\/strong> \u00e0 n\u2019importe quel look.<br data-start=\"293\" data-end=\"296\" \/>Cette sangle de cuisse en cuir, inspir\u00e9e des jarreti\u00e8res masculines modernes, se fixe \u00e0 la ceinture et \u00e9pouse la jambe pour un style affirm\u00e9 et provocant.<\/p>\n<p data-start=\"452\" data-end=\"475\"><strong data-start=\"452\" data-end=\"473\">\ud83d\udd25 Parfait pour :<\/strong><\/p>\n<ul data-start=\"476\" data-end=\"598\">\n<li data-start=\"476\" data-end=\"502\">\n<p data-start=\"478\" data-end=\"502\">Look streetwear sombre<\/p>\n<\/li>\n<li data-start=\"503\" data-end=\"543\">\n<p data-start=\"505\" data-end=\"543\">Sorties en club ou \u00e9v\u00e9nements fetish<\/p>\n<\/li>\n<li data-start=\"544\" data-end=\"564\">\n<p data-start=\"546\" data-end=\"564\">Photoshoots sexy<\/p>\n<\/li>\n<li data-start=\"565\" data-end=\"598\">\n<p data-start=\"567\" data-end=\"598\">Tenues alternatives ou costumes<\/p>\n<\/li>\n<\/ul>\n<p data-start=\"600\" data-end=\"626\"><strong data-start=\"600\" data-end=\"624\">\u2728 Caract\u00e9ristiques :<\/strong><\/p>\n<ul data-start=\"627\" data-end=\"852\">\n<li data-start=\"627\" data-end=\"674\">\n<p data-start=\"629\" data-end=\"674\">Cuir synth\u00e9tique robuste, agr\u00e9able \u00e0 porter<\/p>\n<\/li>\n<li data-start=\"675\" data-end=\"719\">\n<p data-start=\"677\" data-end=\"719\">Anneaux m\u00e9talliques et rivets r\u00e9sistants<\/p>\n<\/li>\n<li data-start=\"720\" data-end=\"760\">\n<p data-start=\"722\" data-end=\"760\">Ajustable \u00e0 la taille et \u00e0 la cuisse<\/p>\n<\/li>\n<li data-start=\"761\" data-end=\"794\">\n<p data-start=\"763\" data-end=\"794\">Convient \u00e0 tous les pantalons<\/p>\n<\/li>\n<li data-start=\"795\" data-end=\"852\">\n<p data-start=\"797\" data-end=\"852\">Unisexe \u2014 pour hommes, femmes et personnes non-binaires<\/p>\n<\/li>\n<\/ul>\n<p data-start=\"854\" data-end=\"943\" data-is-last-node=\"\" data-is-only-node=\"\">Un d\u00e9tail qui change tout.<br data-start=\"880\" data-end=\"883\" \/><strong data-start=\"883\" data-end=\"943\" data-is-last-node=\"\">Tu l\u2019attaches\u2026 et tout ton style devient plus dangereux.<\/strong><\/p>\n<\/div>\n<\/div>\n<\/div>\n<\/div>\n<div class=\"z-0 flex min-h-[46px] justify-start\"><\/div>\n<div class=\"border-token-border-light my-2 flex gap-10 border-t pt-4\">\n<div class=\"flex items-center justify-center overflow-hidden h-14 w-14 rounded-lg\"><\/div>\n<\/div>\n","protected":false},"excerpt":{"rendered":"<p>Un accessoire audacieux qui ajoute instantan\u00e9ment une touche fetish, rock et virile \u00e0 n\u2019importe quel look.Cette sangle de cuisse en cuir, inspir\u00e9e des jarreti\u00e8res masculines modernes, se fixe \u00e0 la ceinture et \u00e9pouse la jambe pour un style affirm\u00e9 et provocant. \ud83d\udd25 Parfait pour : Look streetwear sombre Sorties en club ou \u00e9v\u00e9nements fetish Photoshoots [&hellip;]<\/p>\n","protected":false},"featured_media":31724,"comment_status":"open","ping_status":"closed","template":"","meta":{"nf_dc_page":"","_bbp_topic_count":0,"_bbp_reply_count":0,"_bbp_total_topic_count":0,"_bbp_total_reply_count":0,"_bbp_voice_count":0,"_bbp_anonymous_reply_count":0,"_bbp_topic_count_hidden":0,"_bbp_reply_count_hidden":0,"_bbp_forum_subforum_count":0,"jetpack_publicize_message":"","jetpack_publicize_feature_enabled":true,"jetpack_social_post_already_shared":true,"jetpack_social_options":{"image_generator_settings":{"template":"highway","default_image_id":0,"font":"","enabled":false},"version":2}},"product_brand":[],"product_cat":[312],"product_tag":[118],"class_list":{"0":"post-31729","1":"product","2":"type-product","3":"status-publish","4":"has-post-thumbnail","6":"product_cat-harnais","7":"product_tag-harnais","9":"first","10":"instock","11":"taxable","12":"shipping-taxable","13":"purchasable","14":"product-type-variable"},"jetpack_publicize_connections":[],"_links":{"self":[{"href":"https:\/\/lecochonsavant.com\/en\/wp-json\/wp\/v2\/product\/31729","targetHints":{"allow":["GET"]}}],"collection":[{"href":"https:\/\/lecochonsavant.com\/en\/wp-json\/wp\/v2\/product"}],"about":[{"href":"https:\/\/lecochonsavant.com\/en\/wp-json\/wp\/v2\/types\/product"}],"replies":[{"embeddable":true,"href":"https:\/\/lecochonsavant.com\/en\/wp-json\/wp\/v2\/comments?post=31729"}],"wp:featuredmedia":[{"embeddable":true,"href":"https:\/\/lecochonsavant.com\/en\/wp-json\/wp\/v2\/media\/31724"}],"wp:attachment":[{"href":"https:\/\/lecochonsavant.com\/en\/wp-json\/wp\/v2\/media?parent=31729"}],"wp:term":[{"taxonomy":"product_brand","embeddable":true,"href":"https:\/\/lecochonsavant.com\/en\/wp-json\/wp\/v2\/product_brand?post=31729"},{"taxonomy":"product_cat","embeddable":true,"href":"https:\/\/lecochonsavant.com\/en\/wp-json\/wp\/v2\/product_cat?post=31729"},{"taxonomy":"product_tag","embeddable":true,"href":"https:\/\/lecochonsavant.com\/en\/wp-json\/wp\/v2\/product_tag?post=31729"}],"curies":[{"name":"wp","href":"https:\/\/api.w.org\/{rel}","templated":true}]}}