{"id":31736,"date":"2025-11-29T13:28:15","date_gmt":"2025-11-29T18:28:15","guid":{"rendered":"https:\/\/lecochonsavant.com\/produit\/chaine-corporelle-a-franges-et-strass-multi-couches-style-plage\/"},"modified":"2025-12-01T21:45:40","modified_gmt":"2025-12-02T02:45:40","slug":"chaine-corporelle-a-franges-et-strass-multi-couches-style-plage","status":"publish","type":"product","link":"https:\/\/lecochonsavant.com\/en\/product\/chaine-corporelle-a-franges-et-strass-multi-couches-style-plage\/","title":{"rendered":"Cha\u00eene corporelle \u00e0 franges et strass, multi-couches"},"content":{"rendered":"<article class=\"text-token-text-primary w-full focus:outline-none [--shadow-height:45px] has-data-writing-block:pointer-events-none has-data-writing-block:-mt-(--shadow-height) has-data-writing-block:pt-(--shadow-height) [&amp;:has([data-writing-block])&gt;*]:pointer-events-auto scroll-mt-[calc(var(--header-height)+min(200px,max(70px,20svh)))]\" dir=\"auto\" tabindex=\"-1\" data-turn-id=\"request-692b2f42-67b0-8329-8b3e-5c7bb3835418-30\" data-testid=\"conversation-turn-352\" data-scroll-anchor=\"true\" data-turn=\"assistant\">\n<div class=\"text-base my-auto mx-auto pb-10 [--thread-content-margin:--spacing(4)] thread-sm:[--thread-content-margin:--spacing(6)] thread-lg:[--thread-content-margin:--spacing(16)] px-(--thread-content-margin)\">\n<div class=\"[--thread-content-max-width:40rem] thread-lg:[--thread-content-max-width:48rem] mx-auto max-w-(--thread-content-max-width) flex-1 group\/turn-messages focus-visible:outline-hidden relative flex w-full min-w-0 flex-col agent-turn\" tabindex=\"-1\">\n<div class=\"flex max-w-full flex-col grow\">\n<div class=\"min-h-8 text-message relative flex w-full flex-col items-end gap-2 text-start break-words whitespace-normal [.text-message+&amp;]:mt-1\" dir=\"auto\" data-message-author-role=\"assistant\" data-message-id=\"d732037b-d0db-4d09-a5e4-da171339f275\" data-message-model-slug=\"gpt-5-1\">\n<div class=\"flex w-full flex-col gap-1 empty:hidden first:pt-[1px]\">\n<div class=\"markdown prose dark:prose-invert w-full break-words dark markdown-new-styling\">\n<p data-start=\"181\" data-end=\"521\"><img decoding=\"async\" class=\"alignnone  wp-image-32586\" src=\"https:\/\/lecochonsavant.com\/wp-content\/uploads\/2025\/11\/rabais-20-300x41.jpg\" alt=\"\" width=\"395\" height=\"54\" srcset=\"https:\/\/lecochonsavant.com\/wp-content\/uploads\/2025\/11\/rabais-20-300x41.jpg 300w, https:\/\/lecochonsavant.com\/wp-content\/uploads\/2025\/11\/rabais-20-64x9.jpg 64w, https:\/\/lecochonsavant.com\/wp-content\/uploads\/2025\/11\/rabais-20.jpg 528w\" sizes=\"(max-width: 395px) 100vw, 395px\" \/><\/p>\n<p data-start=\"181\" data-end=\"521\">Une pi\u00e8ce de s\u00e9duction absolue.<br data-start=\"212\" data-end=\"215\" \/>Cette cha\u00eene corporelle \u00e0 franges, enti\u00e8rement sertie de strass, glisse sur le torse et cr\u00e9e un mouvement hypnotique \u00e0 chaque geste. Le design multi-couches souligne les lignes du corps et ajoute une touche de <strong data-start=\"425\" data-end=\"443\">luxe provocante<\/strong>, parfaite pour les soir\u00e9es, la sc\u00e8ne, les shootings ou les looks tr\u00e8s priv\u00e9s.<\/p>\n<p data-start=\"523\" data-end=\"549\"><strong data-start=\"523\" data-end=\"547\">\u2728 Caract\u00e9ristiques :<\/strong><\/p>\n<ul data-start=\"550\" data-end=\"815\">\n<li data-start=\"550\" data-end=\"592\">\n<p data-start=\"552\" data-end=\"592\">Multi-rangs avec franges scintillantes<\/p>\n<\/li>\n<li data-start=\"593\" data-end=\"658\">\n<p data-start=\"595\" data-end=\"658\">Strass haute brillance pour un effet \u201cwet light\u201d irr\u00e9sistible<\/p>\n<\/li>\n<li data-start=\"659\" data-end=\"709\">\n<p data-start=\"661\" data-end=\"709\">Design souple qui \u00e9pouse parfaitement le torse<\/p>\n<\/li>\n<li data-start=\"710\" data-end=\"782\">\n<p data-start=\"712\" data-end=\"782\">Unisexe \u2014 id\u00e9al pour looks glam-queer, clubbing, performances, Pride<\/p>\n<\/li>\n<li data-start=\"783\" data-end=\"815\">\n<p data-start=\"785\" data-end=\"815\">L\u00e9ger, confortable, ultra-sexy<\/p>\n<\/li>\n<\/ul>\n<p data-start=\"817\" data-end=\"927\" data-is-last-node=\"\" data-is-only-node=\"\"><strong data-start=\"817\" data-end=\"875\">Une pi\u00e8ce statement qui transforme ton corps en bijou.<\/strong><br data-start=\"875\" data-end=\"878\" \/>Parfaite pour attirer la lumi\u00e8re\u2026 et les regards.<\/p>\n<\/div>\n<\/div>\n<\/div>\n<\/div>\n<\/div>\n<\/div>\n<\/article>\n<h3 data-start=\"60\" data-end=\"99\"><strong data-start=\"64\" data-end=\"97\">Informations sur le produit :<\/strong><\/h3>\n<ul data-start=\"100\" data-end=\"343\">\n<li data-start=\"100\" data-end=\"153\">\n<p data-start=\"102\" data-end=\"153\"><strong data-start=\"102\" data-end=\"129\">Proc\u00e9d\u00e9 de traitement :<\/strong> Sertissage de pierres<\/p>\n<\/li>\n<li data-start=\"154\" data-end=\"187\">\n<p data-start=\"156\" data-end=\"187\"><strong data-start=\"156\" data-end=\"166\">Type :<\/strong> Cha\u00eene de poitrine<\/p>\n<\/li>\n<li data-start=\"212\" data-end=\"238\">\n<p data-start=\"214\" data-end=\"238\"><strong data-start=\"214\" data-end=\"228\">Mat\u00e9riau :<\/strong> Cris<\/p>\n<\/li>\n<li data-start=\"264\" data-end=\"303\">\n<p data-start=\"266\" data-end=\"303\"><strong data-start=\"266\" data-end=\"287\">Type de cristal :<\/strong> Cristal blanc<\/p>\n<\/li>\n<li data-start=\"304\" data-end=\"343\">\n<p data-start=\"306\" data-end=\"343\"><strong data-start=\"306\" data-end=\"319\">Couleur :<\/strong> Argent\u00e9 (plaqu\u00e9 argent)<\/p>\n<\/li>\n<\/ul>\n<hr data-start=\"345\" data-end=\"348\" \/>\n<h3 data-start=\"350\" data-end=\"384\"><strong data-start=\"354\" data-end=\"382\">Contenu de l\u2019emballage :<\/strong><\/h3>\n<ul data-start=\"385\" data-end=\"413\">\n<li data-start=\"385\" data-end=\"413\">\n<p data-start=\"387\" data-end=\"413\"><strong data-start=\"387\" data-end=\"413\">Cha\u00eene de poitrine \u00d7 1<\/strong><\/p>\n<\/li>\n<\/ul>\n","protected":false},"excerpt":{"rendered":"<p>Une pi\u00e8ce de s\u00e9duction absolue.Cette cha\u00eene corporelle \u00e0 franges, enti\u00e8rement sertie de strass, glisse sur le torse et cr\u00e9e un mouvement hypnotique \u00e0 chaque geste. Le design multi-couches souligne les lignes du corps et ajoute une touche de luxe provocante, parfaite pour les soir\u00e9es, la sc\u00e8ne, les shootings ou les looks tr\u00e8s priv\u00e9s. \u2728 Caract\u00e9ristiques [&hellip;]<\/p>\n","protected":false},"featured_media":31732,"comment_status":"open","ping_status":"closed","template":"","meta":{"nf_dc_page":"","_bbp_topic_count":0,"_bbp_reply_count":0,"_bbp_total_topic_count":0,"_bbp_total_reply_count":0,"_bbp_voice_count":0,"_bbp_anonymous_reply_count":0,"_bbp_topic_count_hidden":0,"_bbp_reply_count_hidden":0,"_bbp_forum_subforum_count":0,"jetpack_publicize_message":"","jetpack_publicize_feature_enabled":true,"jetpack_social_post_already_shared":true,"jetpack_social_options":{"image_generator_settings":{"template":"highway","default_image_id":0,"font":"","enabled":false},"version":2}},"product_brand":[],"product_cat":[590],"product_tag":[591],"class_list":{"0":"post-31736","1":"product","2":"type-product","3":"status-publish","4":"has-post-thumbnail","6":"product_cat-bijoux","7":"product_tag-bijoux","9":"first","10":"instock","11":"taxable","12":"shipping-taxable","13":"purchasable","14":"product-type-variable"},"jetpack_publicize_connections":[],"_links":{"self":[{"href":"https:\/\/lecochonsavant.com\/en\/wp-json\/wp\/v2\/product\/31736","targetHints":{"allow":["GET"]}}],"collection":[{"href":"https:\/\/lecochonsavant.com\/en\/wp-json\/wp\/v2\/product"}],"about":[{"href":"https:\/\/lecochonsavant.com\/en\/wp-json\/wp\/v2\/types\/product"}],"replies":[{"embeddable":true,"href":"https:\/\/lecochonsavant.com\/en\/wp-json\/wp\/v2\/comments?post=31736"}],"wp:featuredmedia":[{"embeddable":true,"href":"https:\/\/lecochonsavant.com\/en\/wp-json\/wp\/v2\/media\/31732"}],"wp:attachment":[{"href":"https:\/\/lecochonsavant.com\/en\/wp-json\/wp\/v2\/media?parent=31736"}],"wp:term":[{"taxonomy":"product_brand","embeddable":true,"href":"https:\/\/lecochonsavant.com\/en\/wp-json\/wp\/v2\/product_brand?post=31736"},{"taxonomy":"product_cat","embeddable":true,"href":"https:\/\/lecochonsavant.com\/en\/wp-json\/wp\/v2\/product_cat?post=31736"},{"taxonomy":"product_tag","embeddable":true,"href":"https:\/\/lecochonsavant.com\/en\/wp-json\/wp\/v2\/product_tag?post=31736"}],"curies":[{"name":"wp","href":"https:\/\/api.w.org\/{rel}","templated":true}]}}