{"id":31837,"date":"2025-11-29T13:41:20","date_gmt":"2025-11-29T18:41:20","guid":{"rendered":"https:\/\/lecochonsavant.com\/produit\/noeud-papillon-multi-couches-avec-coins-dores\/"},"modified":"2025-12-01T21:42:19","modified_gmt":"2025-12-02T02:42:19","slug":"noeud-papillon-multi-couches-avec-coins-dores","status":"publish","type":"product","link":"https:\/\/lecochonsavant.com\/en\/product\/noeud-papillon-multi-couches-avec-coins-dores\/","title":{"rendered":"N\u0153ud papillon multi-couches avec coins dor\u00e9s"},"content":{"rendered":"<p data-start=\"174\" data-end=\"514\"><img decoding=\"async\" class=\"alignnone  wp-image-32586\" src=\"https:\/\/lecochonsavant.com\/wp-content\/uploads\/2025\/11\/rabais-20-300x41.jpg\" alt=\"\" width=\"388\" height=\"53\" srcset=\"https:\/\/lecochonsavant.com\/wp-content\/uploads\/2025\/11\/rabais-20-300x41.jpg 300w, https:\/\/lecochonsavant.com\/wp-content\/uploads\/2025\/11\/rabais-20-64x9.jpg 64w, https:\/\/lecochonsavant.com\/wp-content\/uploads\/2025\/11\/rabais-20.jpg 528w\" sizes=\"(max-width: 388px) 100vw, 388px\" \/><\/p>\n<p data-start=\"174\" data-end=\"514\">Un accessoire qui transforme instantan\u00e9ment une tenue.<br data-start=\"228\" data-end=\"231\" \/>Ce <strong data-start=\"234\" data-end=\"265\">n\u0153ud papillon multi-couches<\/strong>, con\u00e7u avec un ruban satin\u00e9 riche et structur\u00e9, ajoute une touche de sophistication moderne \u00e0 tout look habill\u00e9. Les <strong data-start=\"383\" data-end=\"398\">coins dor\u00e9s<\/strong> et l\u2019ornement central apportent une \u00e9l\u00e9gance intemporelle \u2014 un m\u00e9lange subtil de luxe, de caract\u00e8re et de pr\u00e9sence.<\/p>\n<p data-start=\"890\" data-end=\"992\"><strong data-start=\"890\" data-end=\"992\">Un n\u0153ud papillon qui attire les regards \u2014 parfait pour ceux qui aiment se d\u00e9marquer avec \u00e9l\u00e9gance.<\/strong><\/p>\n<p data-start=\"368\" data-end=\"481\"><strong data-start=\"368\" data-end=\"389\">M\u00e9thode de port :<\/strong><br data-start=\"389\" data-end=\"392\" \/>Double pinces \u2014 peut \u00eatre fix\u00e9 ou \u00e9pingl\u00e9 au col, une m\u00e9thode de port simple et pratique.<\/p>\n<hr data-start=\"483\" data-end=\"486\" \/>\n<h3 data-start=\"488\" data-end=\"517\"><strong data-start=\"492\" data-end=\"515\">Liste d\u2019emballage :<\/strong><\/h3>\n<ul data-start=\"518\" data-end=\"541\">\n<li data-start=\"518\" data-end=\"541\">\n<p data-start=\"520\" data-end=\"541\"><strong data-start=\"520\" data-end=\"541\">N\u0153ud papillon \u00d7 1<\/strong><\/p>\n<\/li>\n<\/ul>","protected":false},"excerpt":{"rendered":"<p>Un accessoire qui transforme instantan\u00e9ment une tenue.Ce n\u0153ud papillon multi-couches, con\u00e7u avec un ruban satin\u00e9 riche et structur\u00e9, ajoute une touche de sophistication moderne \u00e0 tout look habill\u00e9. Les coins dor\u00e9s et l\u2019ornement central apportent une \u00e9l\u00e9gance intemporelle \u2014 un m\u00e9lange subtil de luxe, de caract\u00e8re et de pr\u00e9sence. Un n\u0153ud papillon qui attire les [&hellip;]<\/p>\n","protected":false},"featured_media":31827,"comment_status":"open","ping_status":"closed","template":"","meta":{"nf_dc_page":"","_bbp_topic_count":0,"_bbp_reply_count":0,"_bbp_total_topic_count":0,"_bbp_total_reply_count":0,"_bbp_voice_count":0,"_bbp_anonymous_reply_count":0,"_bbp_topic_count_hidden":0,"_bbp_reply_count_hidden":0,"_bbp_forum_subforum_count":0,"jetpack_publicize_message":"","jetpack_publicize_feature_enabled":true,"jetpack_social_post_already_shared":true,"jetpack_social_options":{"image_generator_settings":{"template":"highway","default_image_id":0,"font":"","enabled":false},"version":2}},"product_brand":[],"product_cat":[590],"product_tag":[591],"class_list":{"0":"post-31837","1":"product","2":"type-product","3":"status-publish","4":"has-post-thumbnail","6":"product_cat-bijoux","7":"product_tag-bijoux","9":"first","10":"instock","11":"taxable","12":"shipping-taxable","13":"purchasable","14":"product-type-variable"},"jetpack_publicize_connections":[],"_links":{"self":[{"href":"https:\/\/lecochonsavant.com\/en\/wp-json\/wp\/v2\/product\/31837","targetHints":{"allow":["GET"]}}],"collection":[{"href":"https:\/\/lecochonsavant.com\/en\/wp-json\/wp\/v2\/product"}],"about":[{"href":"https:\/\/lecochonsavant.com\/en\/wp-json\/wp\/v2\/types\/product"}],"replies":[{"embeddable":true,"href":"https:\/\/lecochonsavant.com\/en\/wp-json\/wp\/v2\/comments?post=31837"}],"wp:featuredmedia":[{"embeddable":true,"href":"https:\/\/lecochonsavant.com\/en\/wp-json\/wp\/v2\/media\/31827"}],"wp:attachment":[{"href":"https:\/\/lecochonsavant.com\/en\/wp-json\/wp\/v2\/media?parent=31837"}],"wp:term":[{"taxonomy":"product_brand","embeddable":true,"href":"https:\/\/lecochonsavant.com\/en\/wp-json\/wp\/v2\/product_brand?post=31837"},{"taxonomy":"product_cat","embeddable":true,"href":"https:\/\/lecochonsavant.com\/en\/wp-json\/wp\/v2\/product_cat?post=31837"},{"taxonomy":"product_tag","embeddable":true,"href":"https:\/\/lecochonsavant.com\/en\/wp-json\/wp\/v2\/product_tag?post=31837"}],"curies":[{"name":"wp","href":"https:\/\/api.w.org\/{rel}","templated":true}]}}