{"id":31900,"date":"2025-11-29T13:47:35","date_gmt":"2025-11-29T18:47:35","guid":{"rendered":"https:\/\/lecochonsavant.com\/produit\/chaine-de-taille-en-metal-style-hip-hop-motif-tete-de-mort-fantome\/"},"modified":"2025-12-01T21:41:07","modified_gmt":"2025-12-02T02:41:07","slug":"chaine-de-taille-en-metal-style-hip-hop-motif-tete-de-mort-fantome","status":"publish","type":"product","link":"https:\/\/lecochonsavant.com\/en\/product\/chaine-de-taille-en-metal-style-hip-hop-motif-tete-de-mort-fantome\/","title":{"rendered":"Cha\u00eene de taille en m\u00e9tal style hip-hop \u2014 Motif t\u00eate de mort\/fant\u00f4me"},"content":{"rendered":"<p data-start=\"124\" data-end=\"425\"><img decoding=\"async\" class=\"alignnone  wp-image-32586\" src=\"https:\/\/lecochonsavant.com\/wp-content\/uploads\/2025\/11\/rabais-20-300x41.jpg\" alt=\"\" width=\"395\" height=\"54\" srcset=\"https:\/\/lecochonsavant.com\/wp-content\/uploads\/2025\/11\/rabais-20-300x41.jpg 300w, https:\/\/lecochonsavant.com\/wp-content\/uploads\/2025\/11\/rabais-20-64x9.jpg 64w, https:\/\/lecochonsavant.com\/wp-content\/uploads\/2025\/11\/rabais-20.jpg 528w\" sizes=\"(max-width: 395px) 100vw, 395px\" \/><\/p>\n<p data-start=\"124\" data-end=\"425\">Ajoute du caract\u00e8re \u00e0 ton look avec cette <strong data-start=\"166\" data-end=\"195\">cha\u00eene de taille en m\u00e9tal<\/strong> inspir\u00e9e du streetwear et du hip-hop.<br data-start=\"233\" data-end=\"236\" \/>Son pendentif <strong data-start=\"250\" data-end=\"266\">t\u00eate de mort<\/strong> (ou fant\u00f4me selon le mod\u00e8le) apporte une touche rebelle et affirm\u00e9e, parfaite pour donner du style \u00e0 un jean, un short ou une tenue de soir\u00e9e plus audacieuse.<\/p>\n<p data-start=\"427\" data-end=\"453\"><strong data-start=\"427\" data-end=\"451\">\u2728 Caract\u00e9ristiques :<\/strong><\/p>\n<ul data-start=\"454\" data-end=\"696\">\n<li data-start=\"454\" data-end=\"496\">\n<p data-start=\"456\" data-end=\"496\">Cha\u00eene robuste en m\u00e9tal, effet vieilli<\/p>\n<\/li>\n<li data-start=\"497\" data-end=\"533\">\n<p data-start=\"499\" data-end=\"533\">Pendentif t\u00eate de mort \/ fant\u00f4me<\/p>\n<\/li>\n<li data-start=\"534\" data-end=\"569\">\n<p data-start=\"536\" data-end=\"569\">Look streetwear, biker, hip-hop<\/p>\n<\/li>\n<li data-start=\"570\" data-end=\"619\">\n<p data-start=\"572\" data-end=\"619\">S\u2019attache facilement \u00e0 un passant de ceinture<\/p>\n<\/li>\n<li data-start=\"620\" data-end=\"696\">\n<p data-start=\"622\" data-end=\"696\">Accessoire unisexe, parfait pour ajouter du punch \u00e0 n\u2019importe quelle tenue<\/p>\n<\/li>\n<\/ul>\n<p data-start=\"698\" data-end=\"781\"><strong data-start=\"698\" data-end=\"780\">Un accessoire qui attire le regard et affirme ta personnalit\u00e9, sans compromis.<\/strong><\/p>\n<ul data-start=\"101\" data-end=\"575\">\n<li data-start=\"288\" data-end=\"469\">\n<p data-start=\"290\" data-end=\"312\"><strong data-start=\"290\" data-end=\"310\">Sp\u00e9cifications :<\/strong><\/p>\n<ul data-start=\"315\" data-end=\"469\">\n<li data-start=\"315\" data-end=\"365\">\n<p data-start=\"317\" data-end=\"365\">Pendentif t\u00eate de mort : environ 3 cm de large<\/p>\n<\/li>\n<li data-start=\"368\" data-end=\"395\">\n<p data-start=\"370\" data-end=\"395\">Longueur : environ 8 cm<\/p>\n<\/li>\n<li data-start=\"398\" data-end=\"431\">\n<p data-start=\"400\" data-end=\"431\">Largeur cha\u00eene : environ 1 cm<\/p>\n<\/li>\n<li data-start=\"434\" data-end=\"469\">\n<p data-start=\"436\" data-end=\"469\">Longueur totale : environ 70 cm<\/p>\n<\/li>\n<\/ul>\n<\/li>\n<li data-start=\"470\" data-end=\"491\">\n<p data-start=\"472\" data-end=\"491\"><strong data-start=\"472\" data-end=\"483\">Poids :<\/strong> 158 g<\/p>\n<\/li>\n<li data-start=\"492\" data-end=\"575\">\n<p data-start=\"494\" data-end=\"575\"><strong data-start=\"494\" data-end=\"504\">Port :<\/strong> \u00c0 porter \u00e0 la taille, avec attaches automatiques aux deux extr\u00e9mit\u00e9s<\/p>\n<\/li>\n<\/ul>\n<hr data-start=\"577\" data-end=\"580\" \/>\n<h3 data-start=\"582\" data-end=\"611\"><strong data-start=\"586\" data-end=\"609\">Liste d\u2019emballage :<\/strong><\/h3>\n<ul data-start=\"612\" data-end=\"638\">\n<li data-start=\"612\" data-end=\"638\">\n<p data-start=\"614\" data-end=\"638\"><strong data-start=\"614\" data-end=\"638\">Cha\u00eene de taille \u00d7 1<\/strong><\/p>\n<\/li>\n<\/ul>\n<p><img decoding=\"async\" src=\"https:\/\/cf.cjdropshipping.com\/c5b07e0c-8224-46b0-b7ef-91ef750e84d8.png\" \/><\/p>","protected":false},"excerpt":{"rendered":"<p>Ajoute du caract\u00e8re \u00e0 ton look avec cette cha\u00eene de taille en m\u00e9tal inspir\u00e9e du streetwear et du hip-hop.Son pendentif t\u00eate de mort (ou fant\u00f4me selon le mod\u00e8le) apporte une touche rebelle et affirm\u00e9e, parfaite pour donner du style \u00e0 un jean, un short ou une tenue de soir\u00e9e plus audacieuse. \u2728 Caract\u00e9ristiques : Cha\u00eene [&hellip;]<\/p>\n","protected":false},"featured_media":31895,"comment_status":"open","ping_status":"closed","template":"","meta":{"nf_dc_page":"","_bbp_topic_count":0,"_bbp_reply_count":0,"_bbp_total_topic_count":0,"_bbp_total_reply_count":0,"_bbp_voice_count":0,"_bbp_anonymous_reply_count":0,"_bbp_topic_count_hidden":0,"_bbp_reply_count_hidden":0,"_bbp_forum_subforum_count":0,"jetpack_publicize_message":"","jetpack_publicize_feature_enabled":true,"jetpack_social_post_already_shared":true,"jetpack_social_options":{"image_generator_settings":{"template":"highway","default_image_id":0,"font":"","enabled":false},"version":2}},"product_brand":[],"product_cat":[590],"product_tag":[596],"class_list":{"0":"post-31900","1":"product","2":"type-product","3":"status-publish","4":"has-post-thumbnail","6":"product_cat-bijoux","7":"product_tag-chaine","9":"first","10":"instock","11":"taxable","12":"shipping-taxable","13":"purchasable","14":"product-type-variable"},"jetpack_publicize_connections":[],"_links":{"self":[{"href":"https:\/\/lecochonsavant.com\/en\/wp-json\/wp\/v2\/product\/31900","targetHints":{"allow":["GET"]}}],"collection":[{"href":"https:\/\/lecochonsavant.com\/en\/wp-json\/wp\/v2\/product"}],"about":[{"href":"https:\/\/lecochonsavant.com\/en\/wp-json\/wp\/v2\/types\/product"}],"replies":[{"embeddable":true,"href":"https:\/\/lecochonsavant.com\/en\/wp-json\/wp\/v2\/comments?post=31900"}],"wp:featuredmedia":[{"embeddable":true,"href":"https:\/\/lecochonsavant.com\/en\/wp-json\/wp\/v2\/media\/31895"}],"wp:attachment":[{"href":"https:\/\/lecochonsavant.com\/en\/wp-json\/wp\/v2\/media?parent=31900"}],"wp:term":[{"taxonomy":"product_brand","embeddable":true,"href":"https:\/\/lecochonsavant.com\/en\/wp-json\/wp\/v2\/product_brand?post=31900"},{"taxonomy":"product_cat","embeddable":true,"href":"https:\/\/lecochonsavant.com\/en\/wp-json\/wp\/v2\/product_cat?post=31900"},{"taxonomy":"product_tag","embeddable":true,"href":"https:\/\/lecochonsavant.com\/en\/wp-json\/wp\/v2\/product_tag?post=31900"}],"curies":[{"name":"wp","href":"https:\/\/api.w.org\/{rel}","templated":true}]}}