{"id":31951,"date":"2025-11-29T15:00:13","date_gmt":"2025-11-29T20:00:13","guid":{"rendered":"https:\/\/lecochonsavant.com\/produit\/bracelet-perles-dagate-style-europeen-americain-bracelet-de-priere-en-pierre-volcanique\/"},"modified":"2025-12-01T21:40:19","modified_gmt":"2025-12-02T02:40:19","slug":"bracelet-perles-dagate-style-europeen-americain-bracelet-de-priere-en-pierre-volcanique","status":"publish","type":"product","link":"https:\/\/lecochonsavant.com\/en\/product\/bracelet-perles-dagate-style-europeen-americain-bracelet-de-priere-en-pierre-volcanique\/","title":{"rendered":"Bracelet perles d\u2019agate style europ\u00e9en\/am\u00e9ricain \u2022 Bracelet de pri\u00e8re en pierre volcanique"},"content":{"rendered":"<h3 data-start=\"113\" data-end=\"178\"><img decoding=\"async\" class=\"alignnone  wp-image-32586\" src=\"https:\/\/lecochonsavant.com\/wp-content\/uploads\/2025\/11\/rabais-20-300x41.jpg\" alt=\"\" width=\"402\" height=\"55\" srcset=\"https:\/\/lecochonsavant.com\/wp-content\/uploads\/2025\/11\/rabais-20-300x41.jpg 300w, https:\/\/lecochonsavant.com\/wp-content\/uploads\/2025\/11\/rabais-20-64x9.jpg 64w, https:\/\/lecochonsavant.com\/wp-content\/uploads\/2025\/11\/rabais-20.jpg 528w\" sizes=\"(max-width: 402px) 100vw, 402px\" \/><\/h3>\n<h3 data-start=\"113\" data-end=\"178\"><strong data-start=\"117\" data-end=\"178\">Bracelet en perles naturelles \u2014 Agate &amp; pierre volcanique<\/strong><\/h3>\n<p data-start=\"180\" data-end=\"449\">Un bracelet authentique inspir\u00e9 des styles europ\u00e9ens et am\u00e9ricains, compos\u00e9 de <strong data-start=\"259\" data-end=\"277\">perles d\u2019agate<\/strong> et de <strong data-start=\"284\" data-end=\"305\">pierre volcanique<\/strong>.<br data-start=\"306\" data-end=\"309\" \/>Son look brut, organique et naturel en fait un accessoire parfait pour ceux qui aiment porter une touche d\u2019\u00e9nergie spirituelle au quotidien.<\/p>\n<p data-start=\"451\" data-end=\"477\"><strong data-start=\"451\" data-end=\"475\">\u2728 Caract\u00e9ristiques :<\/strong><\/p>\n<ul data-start=\"478\" data-end=\"724\">\n<li data-start=\"478\" data-end=\"528\">\n<p data-start=\"480\" data-end=\"528\">Perles en agate naturelle et pierre volcanique<\/p>\n<\/li>\n<li data-start=\"529\" data-end=\"570\">\n<p data-start=\"531\" data-end=\"570\">Style m\u00e9ditation \/ pri\u00e8re \/ bien-\u00eatre<\/p>\n<\/li>\n<li data-start=\"571\" data-end=\"617\">\n<p data-start=\"573\" data-end=\"617\">Texture unique, chaleureuse et authentique<\/p>\n<\/li>\n<li data-start=\"618\" data-end=\"665\">\n<p data-start=\"620\" data-end=\"665\">Bracelet extensible, confortable et unisexe<\/p>\n<\/li>\n<li data-start=\"666\" data-end=\"724\">\n<p data-start=\"668\" data-end=\"724\">Id\u00e9al pour compl\u00e9ter un look casual, boh\u00e8me ou spirituel<\/p>\n<\/li>\n<\/ul>\n<p data-start=\"726\" data-end=\"838\"><strong data-start=\"726\" data-end=\"838\">Un bracelet simple, naturel et charg\u00e9 de symbolique \u2014 parfait pour recentrer l\u2019esprit et affirmer son style.<\/strong><\/p>\n<h3 data-start=\"60\" data-end=\"99\"><strong data-start=\"64\" data-end=\"97\">Informations sur le produit :<\/strong><\/h3>\n<ul data-start=\"100\" data-end=\"237\">\n<li data-start=\"100\" data-end=\"136\">\n<p data-start=\"102\" data-end=\"136\"><strong data-start=\"102\" data-end=\"116\">Mat\u00e9riau :<\/strong> Pierre volcanique<\/p>\n<\/li>\n<li data-start=\"137\" data-end=\"160\">\n<p data-start=\"139\" data-end=\"160\"><strong data-start=\"139\" data-end=\"149\">Type :<\/strong> Bracelet<\/p>\n<\/li>\n<li data-start=\"161\" data-end=\"192\">\n<p data-start=\"163\" data-end=\"192\"><strong data-start=\"163\" data-end=\"184\">Style de cha\u00eene :<\/strong> Corde<\/p>\n<\/li>\n<li data-start=\"193\" data-end=\"214\">\n<p data-start=\"195\" data-end=\"214\"><strong data-start=\"195\" data-end=\"206\">S\u00e9rie :<\/strong> Bodhi<\/p>\n<\/li>\n<li data-start=\"215\" data-end=\"237\">\n<p data-start=\"217\" data-end=\"237\"><strong data-start=\"217\" data-end=\"230\">Couleur :<\/strong> Brun<\/p>\n<\/li>\n<\/ul>\n<hr data-start=\"239\" data-end=\"242\" \/>\n<h3 data-start=\"244\" data-end=\"273\"><strong data-start=\"248\" data-end=\"271\">Liste d\u2019emballage :<\/strong><\/h3>\n<ul data-start=\"274\" data-end=\"302\">\n<li data-start=\"274\" data-end=\"302\">\n<p data-start=\"276\" data-end=\"302\"><strong data-start=\"276\" data-end=\"302\">Bracelet de perles \u00d7 1<\/strong><\/p>\n<\/li>\n<\/ul>","protected":false},"excerpt":{"rendered":"<p>Bracelet en perles naturelles \u2014 Agate &amp; pierre volcanique Un bracelet authentique inspir\u00e9 des styles europ\u00e9ens et am\u00e9ricains, compos\u00e9 de perles d\u2019agate et de pierre volcanique.Son look brut, organique et naturel en fait un accessoire parfait pour ceux qui aiment porter une touche d\u2019\u00e9nergie spirituelle au quotidien. \u2728 Caract\u00e9ristiques : Perles en agate naturelle et [&hellip;]<\/p>\n","protected":false},"featured_media":31945,"comment_status":"open","ping_status":"closed","template":"","meta":{"nf_dc_page":"","_bbp_topic_count":0,"_bbp_reply_count":0,"_bbp_total_topic_count":0,"_bbp_total_reply_count":0,"_bbp_voice_count":0,"_bbp_anonymous_reply_count":0,"_bbp_topic_count_hidden":0,"_bbp_reply_count_hidden":0,"_bbp_forum_subforum_count":0,"jetpack_publicize_message":"","jetpack_publicize_feature_enabled":true,"jetpack_social_post_already_shared":true,"jetpack_social_options":{"image_generator_settings":{"template":"highway","default_image_id":0,"font":"","enabled":false},"version":2}},"product_brand":[],"product_cat":[590],"product_tag":[595],"class_list":{"0":"post-31951","1":"product","2":"type-product","3":"status-publish","4":"has-post-thumbnail","6":"product_cat-bijoux","7":"product_tag-bracelet","9":"first","10":"instock","11":"taxable","12":"shipping-taxable","13":"purchasable","14":"product-type-variable"},"jetpack_publicize_connections":[],"_links":{"self":[{"href":"https:\/\/lecochonsavant.com\/en\/wp-json\/wp\/v2\/product\/31951","targetHints":{"allow":["GET"]}}],"collection":[{"href":"https:\/\/lecochonsavant.com\/en\/wp-json\/wp\/v2\/product"}],"about":[{"href":"https:\/\/lecochonsavant.com\/en\/wp-json\/wp\/v2\/types\/product"}],"replies":[{"embeddable":true,"href":"https:\/\/lecochonsavant.com\/en\/wp-json\/wp\/v2\/comments?post=31951"}],"wp:featuredmedia":[{"embeddable":true,"href":"https:\/\/lecochonsavant.com\/en\/wp-json\/wp\/v2\/media\/31945"}],"wp:attachment":[{"href":"https:\/\/lecochonsavant.com\/en\/wp-json\/wp\/v2\/media?parent=31951"}],"wp:term":[{"taxonomy":"product_brand","embeddable":true,"href":"https:\/\/lecochonsavant.com\/en\/wp-json\/wp\/v2\/product_brand?post=31951"},{"taxonomy":"product_cat","embeddable":true,"href":"https:\/\/lecochonsavant.com\/en\/wp-json\/wp\/v2\/product_cat?post=31951"},{"taxonomy":"product_tag","embeddable":true,"href":"https:\/\/lecochonsavant.com\/en\/wp-json\/wp\/v2\/product_tag?post=31951"}],"curies":[{"name":"wp","href":"https:\/\/api.w.org\/{rel}","templated":true}]}}