{"id":31960,"date":"2025-11-29T15:02:10","date_gmt":"2025-11-29T20:02:10","guid":{"rendered":"https:\/\/lecochonsavant.com\/produit\/bracelet-pour-homme-en-acier-inoxydable-chaine-cubaine-vintage-avec-tete-de-loup-noire\/"},"modified":"2025-12-01T21:39:21","modified_gmt":"2025-12-02T02:39:21","slug":"bracelet-pour-homme-en-acier-inoxydable-chaine-cubaine-vintage-avec-tete-de-loup-noire","status":"publish","type":"product","link":"https:\/\/lecochonsavant.com\/en\/product\/bracelet-pour-homme-en-acier-inoxydable-chaine-cubaine-vintage-avec-tete-de-loup-noire\/","title":{"rendered":"Bracelet pour homme en acier inoxydable \u2014 Cha\u00eene cubaine vintage avec t\u00eate de loup noire"},"content":{"rendered":"<h3 data-start=\"104\" data-end=\"170\"><img decoding=\"async\" class=\"alignnone  wp-image-32586\" src=\"https:\/\/lecochonsavant.com\/wp-content\/uploads\/2025\/11\/rabais-20-300x41.jpg\" alt=\"\" width=\"395\" height=\"54\" srcset=\"https:\/\/lecochonsavant.com\/wp-content\/uploads\/2025\/11\/rabais-20-300x41.jpg 300w, https:\/\/lecochonsavant.com\/wp-content\/uploads\/2025\/11\/rabais-20-64x9.jpg 64w, https:\/\/lecochonsavant.com\/wp-content\/uploads\/2025\/11\/rabais-20.jpg 528w\" sizes=\"(max-width: 395px) 100vw, 395px\" \/><\/h3>\n<h3 data-start=\"104\" data-end=\"170\"><strong data-start=\"108\" data-end=\"170\">Bracelet t\u00eate de loup \u2014 Cha\u00eene cubaine en acier inoxydable<\/strong><\/h3>\n<p data-start=\"172\" data-end=\"469\">Un bracelet qui respire la force, la loyaut\u00e9 et l\u2019instinct sauvage.<br data-start=\"239\" data-end=\"242\" \/>Fabriqu\u00e9 en <strong data-start=\"254\" data-end=\"281\">acier inoxydable massif<\/strong>, il combine une <strong data-start=\"298\" data-end=\"324\">cha\u00eene cubaine vintage<\/strong> \u00e0 l\u2019allure brute et une <strong data-start=\"349\" data-end=\"371\">t\u00eate de loup noire<\/strong> finement sculpt\u00e9e. Ensemble, ils cr\u00e9ent un bijou puissant, charismatique et impossible \u00e0 ignorer.<\/p>\n<p data-start=\"471\" data-end=\"498\"><strong data-start=\"471\" data-end=\"496\">\ud83d\udd25 Caract\u00e9ristiques :<\/strong><\/p>\n<ul data-start=\"499\" data-end=\"801\">\n<li data-start=\"499\" data-end=\"562\">\n<p data-start=\"501\" data-end=\"562\">Acier titane robuste : r\u00e9sistant, ind\u00e9formable, durable<\/p>\n<\/li>\n<li data-start=\"563\" data-end=\"613\">\n<p data-start=\"565\" data-end=\"613\">Finition vintage sombre, masculine et raffin\u00e9e<\/p>\n<\/li>\n<li data-start=\"614\" data-end=\"693\">\n<p data-start=\"616\" data-end=\"693\">T\u00eate de loup d\u00e9taill\u00e9e : symbole de protection, d\u2019intuition et de puissance<\/p>\n<\/li>\n<li data-start=\"694\" data-end=\"755\">\n<p data-start=\"696\" data-end=\"755\">Cha\u00eene cubaine \u00e9paisse pour une pr\u00e9sence forte au poignet<\/p>\n<\/li>\n<li data-start=\"756\" data-end=\"801\">\n<p data-start=\"758\" data-end=\"801\">Confortable et facile \u00e0 porter au quotidien<\/p>\n<\/li>\n<\/ul>\n<p data-start=\"803\" data-end=\"878\"><strong data-start=\"803\" data-end=\"878\">Un bracelet pour ceux qui savent mener la meute \u2014 et ne suivent jamais.<\/strong><\/p>\n<hr data-start=\"253\" data-end=\"256\" \/>\n<h3 data-start=\"258\" data-end=\"287\"><strong data-start=\"262\" data-end=\"285\">Liste d\u2019emballage :<\/strong><\/h3>\n<ul data-start=\"288\" data-end=\"317\">\n<li data-start=\"288\" data-end=\"317\">\n<p data-start=\"290\" data-end=\"317\"><strong data-start=\"290\" data-end=\"317\">Bracelet pour homme \u00d7 1<\/strong><\/p>\n<\/li>\n<\/ul>","protected":false},"excerpt":{"rendered":"<p>Bracelet t\u00eate de loup \u2014 Cha\u00eene cubaine en acier inoxydable Un bracelet qui respire la force, la loyaut\u00e9 et l\u2019instinct sauvage.Fabriqu\u00e9 en acier inoxydable massif, il combine une cha\u00eene cubaine vintage \u00e0 l\u2019allure brute et une t\u00eate de loup noire finement sculpt\u00e9e. Ensemble, ils cr\u00e9ent un bijou puissant, charismatique et impossible \u00e0 ignorer. \ud83d\udd25 Caract\u00e9ristiques [&hellip;]<\/p>\n","protected":false},"featured_media":31954,"comment_status":"open","ping_status":"closed","template":"","meta":{"nf_dc_page":"","_bbp_topic_count":0,"_bbp_reply_count":0,"_bbp_total_topic_count":0,"_bbp_total_reply_count":0,"_bbp_voice_count":0,"_bbp_anonymous_reply_count":0,"_bbp_topic_count_hidden":0,"_bbp_reply_count_hidden":0,"_bbp_forum_subforum_count":0,"jetpack_publicize_message":"","jetpack_publicize_feature_enabled":true,"jetpack_social_post_already_shared":true,"jetpack_social_options":{"image_generator_settings":{"template":"highway","default_image_id":0,"font":"","enabled":false},"version":2}},"product_brand":[],"product_cat":[590],"product_tag":[595],"class_list":{"0":"post-31960","1":"product","2":"type-product","3":"status-publish","4":"has-post-thumbnail","6":"product_cat-bijoux","7":"product_tag-bracelet","9":"first","10":"instock","11":"taxable","12":"shipping-taxable","13":"purchasable","14":"product-type-variable"},"jetpack_publicize_connections":[],"_links":{"self":[{"href":"https:\/\/lecochonsavant.com\/en\/wp-json\/wp\/v2\/product\/31960","targetHints":{"allow":["GET"]}}],"collection":[{"href":"https:\/\/lecochonsavant.com\/en\/wp-json\/wp\/v2\/product"}],"about":[{"href":"https:\/\/lecochonsavant.com\/en\/wp-json\/wp\/v2\/types\/product"}],"replies":[{"embeddable":true,"href":"https:\/\/lecochonsavant.com\/en\/wp-json\/wp\/v2\/comments?post=31960"}],"wp:featuredmedia":[{"embeddable":true,"href":"https:\/\/lecochonsavant.com\/en\/wp-json\/wp\/v2\/media\/31954"}],"wp:attachment":[{"href":"https:\/\/lecochonsavant.com\/en\/wp-json\/wp\/v2\/media?parent=31960"}],"wp:term":[{"taxonomy":"product_brand","embeddable":true,"href":"https:\/\/lecochonsavant.com\/en\/wp-json\/wp\/v2\/product_brand?post=31960"},{"taxonomy":"product_cat","embeddable":true,"href":"https:\/\/lecochonsavant.com\/en\/wp-json\/wp\/v2\/product_cat?post=31960"},{"taxonomy":"product_tag","embeddable":true,"href":"https:\/\/lecochonsavant.com\/en\/wp-json\/wp\/v2\/product_tag?post=31960"}],"curies":[{"name":"wp","href":"https:\/\/api.w.org\/{rel}","templated":true}]}}