{"id":31969,"date":"2025-11-29T15:05:32","date_gmt":"2025-11-29T20:05:32","guid":{"rendered":"https:\/\/lecochonsavant.com\/produit\/bracelet-style-chinois-accessoires-cylindriques-a-motif-en-alliage-couleur-plomb-pierre-volcanique-et-pierre-de-pin-blanche\/"},"modified":"2025-12-01T21:38:38","modified_gmt":"2025-12-02T02:38:38","slug":"bracelet-style-chinois-accessoires-cylindriques-a-motif-en-alliage-couleur-plomb-pierre-volcanique-et-pierre-de-pin-blanche","status":"publish","type":"product","link":"https:\/\/lecochonsavant.com\/en\/product\/bracelet-style-chinois-accessoires-cylindriques-a-motif-en-alliage-couleur-plomb-pierre-volcanique-et-pierre-de-pin-blanche\/","title":{"rendered":"Bracelet pierre volcanique &#038; pierre de pin \u2014 Style chinois, d\u00e9tails sculpt\u00e9s"},"content":{"rendered":"<h3 data-start=\"97\" data-end=\"181\"><img decoding=\"async\" class=\"alignnone  wp-image-32586\" src=\"https:\/\/lecochonsavant.com\/wp-content\/uploads\/2025\/11\/rabais-20-300x41.jpg\" alt=\"\" width=\"373\" height=\"51\" srcset=\"https:\/\/lecochonsavant.com\/wp-content\/uploads\/2025\/11\/rabais-20-300x41.jpg 300w, https:\/\/lecochonsavant.com\/wp-content\/uploads\/2025\/11\/rabais-20-64x9.jpg 64w, https:\/\/lecochonsavant.com\/wp-content\/uploads\/2025\/11\/rabais-20.jpg 528w\" sizes=\"(max-width: 373px) 100vw, 373px\" \/><\/h3>\n<h3 data-start=\"97\" data-end=\"181\"><strong data-start=\"101\" data-end=\"181\">Bracelet pierre volcanique &amp; pierre de pin \u2014 Style chinois, d\u00e9tails sculpt\u00e9s<\/strong><\/h3>\n<p data-start=\"183\" data-end=\"426\">Un bracelet puissant et minimaliste, inspir\u00e9 de l\u2019esth\u00e9tique chinoise traditionnelle.<br data-start=\"268\" data-end=\"271\" \/>Les perles de pierre volcanique apportent une texture brute et masculine, tandis que la pierre de pin blanche ajoute une touche de puret\u00e9 et d\u2019\u00e9quilibre.<\/p>\n<p data-start=\"428\" data-end=\"542\">Au centre, un cylindre en alliage couleur plomb, finement orn\u00e9 de motifs orientaux, cr\u00e9e un contraste hypnotisant.<\/p>\n<p data-start=\"544\" data-end=\"570\"><strong data-start=\"544\" data-end=\"568\">\u2728 Caract\u00e9ristiques :<\/strong><\/p>\n<ul data-start=\"571\" data-end=\"891\">\n<li data-start=\"571\" data-end=\"646\">\n<p data-start=\"573\" data-end=\"646\">Perles en <strong data-start=\"583\" data-end=\"614\">pierre volcanique naturelle<\/strong> : \u00e9nergie, ancrage, intensit\u00e9<\/p>\n<\/li>\n<li data-start=\"647\" data-end=\"723\">\n<p data-start=\"649\" data-end=\"723\">Perles en <strong data-start=\"659\" data-end=\"684\">pierre de pin blanche<\/strong> : apaisante, lumineuse, harmonisante<\/p>\n<\/li>\n<li data-start=\"724\" data-end=\"776\">\n<p data-start=\"726\" data-end=\"776\">\u00c9l\u00e9ment cylindrique grav\u00e9, alliage couleur plomb<\/p>\n<\/li>\n<li data-start=\"777\" data-end=\"820\">\n<p data-start=\"779\" data-end=\"820\">Style asiatique \u00e9l\u00e9gant, zen et moderne<\/p>\n<\/li>\n<li data-start=\"821\" data-end=\"891\">\n<p data-start=\"823\" data-end=\"891\">Bracelet \u00e9lastique \u2014 s\u2019adapte facilement \u00e0 la plupart des poignets<\/p>\n<\/li>\n<\/ul>\n<p data-start=\"893\" data-end=\"959\"><strong data-start=\"893\" data-end=\"959\">Un accessoire qui \u00e9voque la force, l\u2019\u00e9quilibre\u2026 et le myst\u00e8re.<\/strong><\/p>\n<h3 data-start=\"60\" data-end=\"99\"><strong data-start=\"64\" data-end=\"97\">Informations sur le produit :<\/strong><\/h3>\n<ul data-start=\"100\" data-end=\"235\">\n<li data-start=\"100\" data-end=\"126\">\n<p data-start=\"102\" data-end=\"126\"><strong data-start=\"102\" data-end=\"116\">Mat\u00e9riau :<\/strong> Alliage<\/p>\n<\/li>\n<li data-start=\"127\" data-end=\"154\">\n<p data-start=\"129\" data-end=\"154\"><strong data-start=\"129\" data-end=\"140\">Forme :<\/strong> G\u00e9om\u00e9trique<\/p>\n<\/li>\n<li data-start=\"155\" data-end=\"196\">\n<p data-start=\"157\" data-end=\"196\"><strong data-start=\"157\" data-end=\"181\">Fonction bien-\u00eatre :<\/strong> Anti-fatigue<\/p>\n<\/li>\n<li data-start=\"197\" data-end=\"235\">\n<p data-start=\"199\" data-end=\"235\"><strong data-start=\"199\" data-end=\"211\">Taille :<\/strong> 17\u201319 cm \/ 6,5\u20137,5 po<\/p>\n<\/li>\n<\/ul>\n<hr data-start=\"237\" data-end=\"240\" \/>\n<h3 data-start=\"242\" data-end=\"271\"><strong data-start=\"246\" data-end=\"269\">Liste d\u2019emballage :<\/strong><\/h3>\n<ul data-start=\"272\" data-end=\"290\">\n<li data-start=\"272\" data-end=\"290\">\n<p data-start=\"274\" data-end=\"290\"><strong data-start=\"274\" data-end=\"290\">Bracelet \u00d7 1<\/strong><\/p>\n<\/li>\n<\/ul>","protected":false},"excerpt":{"rendered":"<p>Bracelet pierre volcanique &amp; pierre de pin \u2014 Style chinois, d\u00e9tails sculpt\u00e9s Un bracelet puissant et minimaliste, inspir\u00e9 de l\u2019esth\u00e9tique chinoise traditionnelle.Les perles de pierre volcanique apportent une texture brute et masculine, tandis que la pierre de pin blanche ajoute une touche de puret\u00e9 et d\u2019\u00e9quilibre. Au centre, un cylindre en alliage couleur plomb, finement [&hellip;]<\/p>\n","protected":false},"featured_media":31963,"comment_status":"open","ping_status":"closed","template":"","meta":{"nf_dc_page":"","_bbp_topic_count":0,"_bbp_reply_count":0,"_bbp_total_topic_count":0,"_bbp_total_reply_count":0,"_bbp_voice_count":0,"_bbp_anonymous_reply_count":0,"_bbp_topic_count_hidden":0,"_bbp_reply_count_hidden":0,"_bbp_forum_subforum_count":0,"jetpack_publicize_message":"","jetpack_publicize_feature_enabled":true,"jetpack_social_post_already_shared":true,"jetpack_social_options":{"image_generator_settings":{"template":"highway","default_image_id":0,"font":"","enabled":false},"version":2}},"product_brand":[],"product_cat":[590],"product_tag":[595],"class_list":{"0":"post-31969","1":"product","2":"type-product","3":"status-publish","4":"has-post-thumbnail","6":"product_cat-bijoux","7":"product_tag-bracelet","9":"first","10":"instock","11":"taxable","12":"shipping-taxable","13":"purchasable","14":"product-type-variable"},"jetpack_publicize_connections":[],"_links":{"self":[{"href":"https:\/\/lecochonsavant.com\/en\/wp-json\/wp\/v2\/product\/31969","targetHints":{"allow":["GET"]}}],"collection":[{"href":"https:\/\/lecochonsavant.com\/en\/wp-json\/wp\/v2\/product"}],"about":[{"href":"https:\/\/lecochonsavant.com\/en\/wp-json\/wp\/v2\/types\/product"}],"replies":[{"embeddable":true,"href":"https:\/\/lecochonsavant.com\/en\/wp-json\/wp\/v2\/comments?post=31969"}],"wp:featuredmedia":[{"embeddable":true,"href":"https:\/\/lecochonsavant.com\/en\/wp-json\/wp\/v2\/media\/31963"}],"wp:attachment":[{"href":"https:\/\/lecochonsavant.com\/en\/wp-json\/wp\/v2\/media?parent=31969"}],"wp:term":[{"taxonomy":"product_brand","embeddable":true,"href":"https:\/\/lecochonsavant.com\/en\/wp-json\/wp\/v2\/product_brand?post=31969"},{"taxonomy":"product_cat","embeddable":true,"href":"https:\/\/lecochonsavant.com\/en\/wp-json\/wp\/v2\/product_cat?post=31969"},{"taxonomy":"product_tag","embeddable":true,"href":"https:\/\/lecochonsavant.com\/en\/wp-json\/wp\/v2\/product_tag?post=31969"}],"curies":[{"name":"wp","href":"https:\/\/api.w.org\/{rel}","templated":true}]}}