{"id":31988,"date":"2025-11-29T15:06:37","date_gmt":"2025-11-29T20:06:37","guid":{"rendered":"https:\/\/lecochonsavant.com\/produit\/bracelet-en-oeil-de-tigre-et-pierre-de-lave\/"},"modified":"2025-12-01T21:36:44","modified_gmt":"2025-12-02T02:36:44","slug":"bracelet-en-oeil-de-tigre-et-pierre-de-lave","status":"publish","type":"product","link":"https:\/\/lecochonsavant.com\/en\/product\/bracelet-en-oeil-de-tigre-et-pierre-de-lave\/","title":{"rendered":"Bracelet en \u0153il-de-tigre et pierre de lave"},"content":{"rendered":"<h3 data-start=\"129\" data-end=\"156\"><img decoding=\"async\" class=\"alignnone  wp-image-32586\" src=\"https:\/\/lecochonsavant.com\/wp-content\/uploads\/2025\/11\/rabais-20-300x41.jpg\" alt=\"\" width=\"380\" height=\"52\" srcset=\"https:\/\/lecochonsavant.com\/wp-content\/uploads\/2025\/11\/rabais-20-300x41.jpg 300w, https:\/\/lecochonsavant.com\/wp-content\/uploads\/2025\/11\/rabais-20-64x9.jpg 64w, https:\/\/lecochonsavant.com\/wp-content\/uploads\/2025\/11\/rabais-20.jpg 528w\" sizes=\"(max-width: 380px) 100vw, 380px\" \/><\/h3>\n<h3 data-start=\"129\" data-end=\"156\"><strong data-start=\"133\" data-end=\"156\">Pierre \u0152il-de-Tigre<\/strong><\/h3>\n<p data-start=\"158\" data-end=\"547\">L\u2019<strong data-start=\"160\" data-end=\"176\">\u0153il-de-tigre<\/strong> est un cristal travers\u00e9 de lignes dor\u00e9es lumineuses. C\u2019est une pierre puissante, reconnue depuis plusieurs ann\u00e9es pour aider \u00e0 <strong data-start=\"304\" data-end=\"323\">lib\u00e9rer la peur<\/strong>, <strong data-start=\"325\" data-end=\"346\">apaiser l\u2019anxi\u00e9t\u00e9<\/strong> et favoriser <strong data-start=\"360\" data-end=\"374\">l\u2019harmonie<\/strong> et <strong data-start=\"378\" data-end=\"393\">l\u2019\u00e9quilibre<\/strong>.<br data-start=\"394\" data-end=\"397\" \/>Dans de nombreuses cultures, on consid\u00e8re que l\u2019\u0153il-de-tigre <strong data-start=\"458\" data-end=\"478\">stimule l\u2019esprit<\/strong> et aide \u00e0 prendre des d\u00e9cisions avec <strong data-start=\"516\" data-end=\"526\">clart\u00e9<\/strong> et <strong data-start=\"530\" data-end=\"546\">discernement<\/strong>.<\/p>\n<p data-start=\"549\" data-end=\"717\">L\u2019\u0152il-de-Tigre invite celui qui le porte \u00e0 <strong data-start=\"592\" data-end=\"625\">embrasser sa force int\u00e9rieure<\/strong>, \u00e0 renforcer sa <strong data-start=\"642\" data-end=\"665\">volont\u00e9 personnelle<\/strong>, et \u00e0 faire appel \u00e0 ses <strong data-start=\"690\" data-end=\"716\">pouvoirs de protection<\/strong>.<\/p>\n<hr data-start=\"719\" data-end=\"722\" \/>\n<h3 data-start=\"724\" data-end=\"756\"><strong data-start=\"728\" data-end=\"754\">Propri\u00e9t\u00e9s physiques :<\/strong><\/h3>\n<ul data-start=\"757\" data-end=\"844\">\n<li data-start=\"757\" data-end=\"797\">\n<p data-start=\"759\" data-end=\"797\">Excellent pour <strong data-start=\"774\" data-end=\"795\">fortifier le sang<\/strong><\/p>\n<\/li>\n<li data-start=\"798\" data-end=\"844\">\n<p data-start=\"800\" data-end=\"844\">Aide \u00e0 <strong data-start=\"807\" data-end=\"844\">\u00e9quilibrer le syst\u00e8me endocrinien<\/strong><\/p>\n<\/li>\n<\/ul>\n<div style=\"text-align: center;\"><\/div>","protected":false},"excerpt":{"rendered":"<p>Pierre \u0152il-de-Tigre L\u2019\u0153il-de-tigre est un cristal travers\u00e9 de lignes dor\u00e9es lumineuses. C\u2019est une pierre puissante, reconnue depuis plusieurs ann\u00e9es pour aider \u00e0 lib\u00e9rer la peur, apaiser l\u2019anxi\u00e9t\u00e9 et favoriser l\u2019harmonie et l\u2019\u00e9quilibre.Dans de nombreuses cultures, on consid\u00e8re que l\u2019\u0153il-de-tigre stimule l\u2019esprit et aide \u00e0 prendre des d\u00e9cisions avec clart\u00e9 et discernement. L\u2019\u0152il-de-Tigre invite celui qui [&hellip;]<\/p>\n","protected":false},"featured_media":31982,"comment_status":"open","ping_status":"closed","template":"","meta":{"nf_dc_page":"","_bbp_topic_count":0,"_bbp_reply_count":0,"_bbp_total_topic_count":0,"_bbp_total_reply_count":0,"_bbp_voice_count":0,"_bbp_anonymous_reply_count":0,"_bbp_topic_count_hidden":0,"_bbp_reply_count_hidden":0,"_bbp_forum_subforum_count":0,"jetpack_publicize_message":"","jetpack_publicize_feature_enabled":true,"jetpack_social_post_already_shared":true,"jetpack_social_options":{"image_generator_settings":{"template":"highway","default_image_id":0,"font":"","enabled":false},"version":2}},"product_brand":[],"product_cat":[590],"product_tag":[595],"class_list":{"0":"post-31988","1":"product","2":"type-product","3":"status-publish","4":"has-post-thumbnail","6":"product_cat-bijoux","7":"product_tag-bracelet","9":"first","10":"instock","11":"taxable","12":"shipping-taxable","13":"purchasable","14":"product-type-variable"},"jetpack_publicize_connections":[],"_links":{"self":[{"href":"https:\/\/lecochonsavant.com\/en\/wp-json\/wp\/v2\/product\/31988","targetHints":{"allow":["GET"]}}],"collection":[{"href":"https:\/\/lecochonsavant.com\/en\/wp-json\/wp\/v2\/product"}],"about":[{"href":"https:\/\/lecochonsavant.com\/en\/wp-json\/wp\/v2\/types\/product"}],"replies":[{"embeddable":true,"href":"https:\/\/lecochonsavant.com\/en\/wp-json\/wp\/v2\/comments?post=31988"}],"wp:featuredmedia":[{"embeddable":true,"href":"https:\/\/lecochonsavant.com\/en\/wp-json\/wp\/v2\/media\/31982"}],"wp:attachment":[{"href":"https:\/\/lecochonsavant.com\/en\/wp-json\/wp\/v2\/media?parent=31988"}],"wp:term":[{"taxonomy":"product_brand","embeddable":true,"href":"https:\/\/lecochonsavant.com\/en\/wp-json\/wp\/v2\/product_brand?post=31988"},{"taxonomy":"product_cat","embeddable":true,"href":"https:\/\/lecochonsavant.com\/en\/wp-json\/wp\/v2\/product_cat?post=31988"},{"taxonomy":"product_tag","embeddable":true,"href":"https:\/\/lecochonsavant.com\/en\/wp-json\/wp\/v2\/product_tag?post=31988"}],"curies":[{"name":"wp","href":"https:\/\/api.w.org\/{rel}","templated":true}]}}