{"id":31992,"date":"2025-11-29T15:08:07","date_gmt":"2025-11-29T20:08:07","guid":{"rendered":"https:\/\/lecochonsavant.com\/produit\/bracelet-raffine-mariage-et-amour\/"},"modified":"2025-12-01T21:35:33","modified_gmt":"2025-12-02T02:35:33","slug":"bracelet-raffine-mariage-et-amour","status":"publish","type":"product","link":"https:\/\/lecochonsavant.com\/en\/product\/bracelet-raffine-mariage-et-amour\/","title":{"rendered":"Bracelet raffin\u00e9 \u201cmariage et amour\u201d"},"content":{"rendered":"<h3 data-start=\"105\" data-end=\"171\"><img decoding=\"async\" class=\"alignnone  wp-image-32586\" src=\"https:\/\/lecochonsavant.com\/wp-content\/uploads\/2025\/11\/rabais-20-300x41.jpg\" alt=\"\" width=\"410\" height=\"56\" srcset=\"https:\/\/lecochonsavant.com\/wp-content\/uploads\/2025\/11\/rabais-20-300x41.jpg 300w, https:\/\/lecochonsavant.com\/wp-content\/uploads\/2025\/11\/rabais-20-64x9.jpg 64w, https:\/\/lecochonsavant.com\/wp-content\/uploads\/2025\/11\/rabais-20.jpg 528w\" sizes=\"(max-width: 410px) 100vw, 410px\" \/><\/h3>\n<h3 data-start=\"105\" data-end=\"171\"><strong data-start=\"109\" data-end=\"171\">Bracelet \u201cMariage &amp; Amour\u201d \u2014 Cuir vintage et symbole sacr\u00e9<\/strong><\/h3>\n<p data-start=\"173\" data-end=\"412\">Un bracelet charg\u00e9 de sens, pens\u00e9 pour ceux qui croient \u00e0 la force des liens. Son cuir brun tress\u00e9, \u00e9pais et chaleureux, encadre une plaque m\u00e9tallique orn\u00e9e du <strong data-start=\"333\" data-end=\"363\">symbole de la Fleur de Vie<\/strong>, embl\u00e8me d\u2019harmonie, d\u2019union et d\u2019amour durable.<\/p>\n<p data-start=\"414\" data-end=\"432\"><strong data-start=\"414\" data-end=\"430\">\ud83d\udcab D\u00e9tails :<\/strong><\/p>\n<ul data-start=\"433\" data-end=\"672\">\n<li data-start=\"433\" data-end=\"469\">\n<p data-start=\"435\" data-end=\"469\">Cuir v\u00e9ritable, finition vintage<\/p>\n<\/li>\n<li data-start=\"470\" data-end=\"506\">\n<p data-start=\"472\" data-end=\"506\">Tressage artisanal sur les bords<\/p>\n<\/li>\n<li data-start=\"507\" data-end=\"572\">\n<p data-start=\"509\" data-end=\"572\">Plaque m\u00e9tallique grav\u00e9e : symbole de connexion et d\u2019\u00e9ternit\u00e9<\/p>\n<\/li>\n<li data-start=\"573\" data-end=\"632\">\n<p data-start=\"575\" data-end=\"632\">Style affirm\u00e9 : spirituel, masculin, boh\u00e8me, intemporel<\/p>\n<\/li>\n<li data-start=\"633\" data-end=\"672\">\n<p data-start=\"635\" data-end=\"672\">Ajustable et confortable au poignet<\/p>\n<\/li>\n<\/ul>\n<p data-start=\"674\" data-end=\"797\"><strong data-start=\"674\" data-end=\"735\">\u2764\ufe0f Un bijou qui parle de lien, d\u2019engagement et de passion<\/strong> \u2014 \u00e0 offrir\u2026 ou \u00e0 porter pour rappeler ce qui compte vraiment.<\/p>","protected":false},"excerpt":{"rendered":"<p>Bracelet \u201cMariage &amp; Amour\u201d \u2014 Cuir vintage et symbole sacr\u00e9 Un bracelet charg\u00e9 de sens, pens\u00e9 pour ceux qui croient \u00e0 la force des liens. Son cuir brun tress\u00e9, \u00e9pais et chaleureux, encadre une plaque m\u00e9tallique orn\u00e9e du symbole de la Fleur de Vie, embl\u00e8me d\u2019harmonie, d\u2019union et d\u2019amour durable. \ud83d\udcab D\u00e9tails : Cuir v\u00e9ritable, [&hellip;]<\/p>\n","protected":false},"featured_media":31991,"comment_status":"open","ping_status":"closed","template":"","meta":{"nf_dc_page":"","_bbp_topic_count":0,"_bbp_reply_count":0,"_bbp_total_topic_count":0,"_bbp_total_reply_count":0,"_bbp_voice_count":0,"_bbp_anonymous_reply_count":0,"_bbp_topic_count_hidden":0,"_bbp_reply_count_hidden":0,"_bbp_forum_subforum_count":0,"jetpack_publicize_message":"","jetpack_publicize_feature_enabled":true,"jetpack_social_post_already_shared":true,"jetpack_social_options":{"image_generator_settings":{"template":"highway","default_image_id":0,"font":"","enabled":false},"version":2}},"product_brand":[],"product_cat":[590],"product_tag":[595],"class_list":{"0":"post-31992","1":"product","2":"type-product","3":"status-publish","4":"has-post-thumbnail","6":"product_cat-bijoux","7":"product_tag-bracelet","9":"first","10":"instock","11":"taxable","12":"shipping-taxable","13":"purchasable","14":"product-type-variable"},"jetpack_publicize_connections":[],"_links":{"self":[{"href":"https:\/\/lecochonsavant.com\/en\/wp-json\/wp\/v2\/product\/31992","targetHints":{"allow":["GET"]}}],"collection":[{"href":"https:\/\/lecochonsavant.com\/en\/wp-json\/wp\/v2\/product"}],"about":[{"href":"https:\/\/lecochonsavant.com\/en\/wp-json\/wp\/v2\/types\/product"}],"replies":[{"embeddable":true,"href":"https:\/\/lecochonsavant.com\/en\/wp-json\/wp\/v2\/comments?post=31992"}],"wp:featuredmedia":[{"embeddable":true,"href":"https:\/\/lecochonsavant.com\/en\/wp-json\/wp\/v2\/media\/31991"}],"wp:attachment":[{"href":"https:\/\/lecochonsavant.com\/en\/wp-json\/wp\/v2\/media?parent=31992"}],"wp:term":[{"taxonomy":"product_brand","embeddable":true,"href":"https:\/\/lecochonsavant.com\/en\/wp-json\/wp\/v2\/product_brand?post=31992"},{"taxonomy":"product_cat","embeddable":true,"href":"https:\/\/lecochonsavant.com\/en\/wp-json\/wp\/v2\/product_cat?post=31992"},{"taxonomy":"product_tag","embeddable":true,"href":"https:\/\/lecochonsavant.com\/en\/wp-json\/wp\/v2\/product_tag?post=31992"}],"curies":[{"name":"wp","href":"https:\/\/api.w.org\/{rel}","templated":true}]}}