{"id":32011,"date":"2025-11-29T15:09:45","date_gmt":"2025-11-29T20:09:45","guid":{"rendered":"https:\/\/lecochonsavant.com\/produit\/bracelet-en-acier-titane-noir\/"},"modified":"2025-12-01T21:35:47","modified_gmt":"2025-12-02T02:35:47","slug":"bracelet-en-acier-titane-noir","status":"publish","type":"product","link":"https:\/\/lecochonsavant.com\/en\/product\/bracelet-en-acier-titane-noir\/","title":{"rendered":"Bracelet en cuir premium \u2014 Fermoir magn\u00e9tique titane noir"},"content":{"rendered":"<h3 data-start=\"83\" data-end=\"148\"><img decoding=\"async\" class=\"alignnone wp-image-32586\" src=\"https:\/\/lecochonsavant.com\/wp-content\/uploads\/2025\/11\/rabais-20-300x41.jpg\" alt=\"\" width=\"417\" height=\"57\" srcset=\"https:\/\/lecochonsavant.com\/wp-content\/uploads\/2025\/11\/rabais-20-300x41.jpg 300w, https:\/\/lecochonsavant.com\/wp-content\/uploads\/2025\/11\/rabais-20-64x9.jpg 64w, https:\/\/lecochonsavant.com\/wp-content\/uploads\/2025\/11\/rabais-20.jpg 528w\" sizes=\"(max-width: 417px) 100vw, 417px\" \/><\/h3>\n<h3 data-start=\"83\" data-end=\"148\"><strong data-start=\"87\" data-end=\"148\">Bracelet en cuir premium \u2014 Fermoir magn\u00e9tique titane noir<\/strong><\/h3>\n<p data-start=\"150\" data-end=\"340\">Un bracelet discret\u2026 mais terriblement masculin. Cuir noir \u00e9pais, couture apparente, fermoir magn\u00e9tique massif en <strong data-start=\"264\" data-end=\"279\">titane noir<\/strong> : tout est pens\u00e9 pour un look sophistiqu\u00e9, viril et moderne.<\/p>\n<p data-start=\"342\" data-end=\"369\"><strong data-start=\"342\" data-end=\"367\">\ud83d\udd25 Caract\u00e9ristiques :<\/strong><\/p>\n<ul data-start=\"370\" data-end=\"649\">\n<li data-start=\"370\" data-end=\"412\">\n<p data-start=\"372\" data-end=\"412\">Cuir v\u00e9ritable, travaill\u00e9 et r\u00e9sistant<\/p>\n<\/li>\n<li data-start=\"413\" data-end=\"494\">\n<p data-start=\"415\" data-end=\"494\">Fermoir magn\u00e9tique <strong data-start=\"434\" data-end=\"452\">en titane noir<\/strong> : puissant, durable et hypoallerg\u00e9nique<\/p>\n<\/li>\n<li data-start=\"495\" data-end=\"550\">\n<p data-start=\"497\" data-end=\"550\">Couture contrast\u00e9e pour un style luxe &amp; minimaliste<\/p>\n<\/li>\n<li data-start=\"551\" data-end=\"592\">\n<p data-start=\"553\" data-end=\"592\">Confort absolu, se porte au quotidien<\/p>\n<\/li>\n<li data-start=\"593\" data-end=\"649\">\n<p data-start=\"595\" data-end=\"649\">Design \u00e9pur\u00e9 qui passe du casual au chic sans effort<\/p>\n<\/li>\n<\/ul>\n<p data-start=\"651\" data-end=\"749\"><strong data-start=\"651\" data-end=\"667\">\u2728 Pour qui ?<\/strong><br data-start=\"667\" data-end=\"670\" \/>Pour l\u2019homme qui aime les accessoires \u00e9l\u00e9gants, solides\u2026 et subtilement sexy.<\/p>\n<p data-start=\"751\" data-end=\"783\"><strong data-start=\"751\" data-end=\"783\">\ud83d\udca5 Effet garanti au poignet.<\/strong><\/p>\n<p><img decoding=\"async\" src=\"https:\/\/cf.cjdropshipping.com\/794dab6f-7a55-46ba-b8c2-33808857d27a.jpg\" \/><\/p>","protected":false},"excerpt":{"rendered":"<p>Bracelet en cuir premium \u2014 Fermoir magn\u00e9tique titane noir Un bracelet discret\u2026 mais terriblement masculin. Cuir noir \u00e9pais, couture apparente, fermoir magn\u00e9tique massif en titane noir : tout est pens\u00e9 pour un look sophistiqu\u00e9, viril et moderne. \ud83d\udd25 Caract\u00e9ristiques : Cuir v\u00e9ritable, travaill\u00e9 et r\u00e9sistant Fermoir magn\u00e9tique en titane noir : puissant, durable et hypoallerg\u00e9nique [&hellip;]<\/p>\n","protected":false},"featured_media":32005,"comment_status":"open","ping_status":"closed","template":"","meta":{"nf_dc_page":"","_bbp_topic_count":0,"_bbp_reply_count":0,"_bbp_total_topic_count":0,"_bbp_total_reply_count":0,"_bbp_voice_count":0,"_bbp_anonymous_reply_count":0,"_bbp_topic_count_hidden":0,"_bbp_reply_count_hidden":0,"_bbp_forum_subforum_count":0,"jetpack_publicize_message":"","jetpack_publicize_feature_enabled":true,"jetpack_social_post_already_shared":true,"jetpack_social_options":{"image_generator_settings":{"template":"highway","default_image_id":0,"font":"","enabled":false},"version":2}},"product_brand":[],"product_cat":[590],"product_tag":[595],"class_list":{"0":"post-32011","1":"product","2":"type-product","3":"status-publish","4":"has-post-thumbnail","6":"product_cat-bijoux","7":"product_tag-bracelet","9":"first","10":"instock","11":"taxable","12":"shipping-taxable","13":"purchasable","14":"product-type-variable"},"jetpack_publicize_connections":[],"_links":{"self":[{"href":"https:\/\/lecochonsavant.com\/en\/wp-json\/wp\/v2\/product\/32011","targetHints":{"allow":["GET"]}}],"collection":[{"href":"https:\/\/lecochonsavant.com\/en\/wp-json\/wp\/v2\/product"}],"about":[{"href":"https:\/\/lecochonsavant.com\/en\/wp-json\/wp\/v2\/types\/product"}],"replies":[{"embeddable":true,"href":"https:\/\/lecochonsavant.com\/en\/wp-json\/wp\/v2\/comments?post=32011"}],"wp:featuredmedia":[{"embeddable":true,"href":"https:\/\/lecochonsavant.com\/en\/wp-json\/wp\/v2\/media\/32005"}],"wp:attachment":[{"href":"https:\/\/lecochonsavant.com\/en\/wp-json\/wp\/v2\/media?parent=32011"}],"wp:term":[{"taxonomy":"product_brand","embeddable":true,"href":"https:\/\/lecochonsavant.com\/en\/wp-json\/wp\/v2\/product_brand?post=32011"},{"taxonomy":"product_cat","embeddable":true,"href":"https:\/\/lecochonsavant.com\/en\/wp-json\/wp\/v2\/product_cat?post=32011"},{"taxonomy":"product_tag","embeddable":true,"href":"https:\/\/lecochonsavant.com\/en\/wp-json\/wp\/v2\/product_tag?post=32011"}],"curies":[{"name":"wp","href":"https:\/\/api.w.org\/{rel}","templated":true}]}}