{"id":32020,"date":"2025-11-29T15:11:40","date_gmt":"2025-11-29T20:11:40","guid":{"rendered":"https:\/\/lecochonsavant.com\/produit\/bracelet-double-en-cuir-de-vache-vintage\/"},"modified":"2025-12-01T21:34:55","modified_gmt":"2025-12-02T02:34:55","slug":"bracelet-double-en-cuir-de-vache-vintage","status":"publish","type":"product","link":"https:\/\/lecochonsavant.com\/en\/product\/bracelet-double-en-cuir-de-vache-vintage\/","title":{"rendered":"Bracelet double tour en cuir tress\u00e9 \u2014 D\u00e9tails titane"},"content":{"rendered":"<p data-start=\"138\" data-end=\"397\"><img decoding=\"async\" class=\"alignnone wp-image-32586\" src=\"https:\/\/lecochonsavant.com\/wp-content\/uploads\/2025\/11\/rabais-20-300x41.jpg\" alt=\"\" width=\"373\" height=\"51\" srcset=\"https:\/\/lecochonsavant.com\/wp-content\/uploads\/2025\/11\/rabais-20-300x41.jpg 300w, https:\/\/lecochonsavant.com\/wp-content\/uploads\/2025\/11\/rabais-20-64x9.jpg 64w, https:\/\/lecochonsavant.com\/wp-content\/uploads\/2025\/11\/rabais-20.jpg 528w\" sizes=\"(max-width: 373px) 100vw, 373px\" \/><\/p>\n<p data-start=\"138\" data-end=\"397\">Un bracelet sobre, viril et \u00e9l\u00e9gant, pens\u00e9 pour ceux qui aiment un style affirm\u00e9 sans en faire trop. Le cuir tress\u00e9 apporte une texture riche et masculine, tandis que les d\u00e9tails m\u00e9talliques en <strong data-start=\"332\" data-end=\"342\">titane<\/strong> donnent une touche premium, moderne et indestructible.<\/p>\n<p data-start=\"399\" data-end=\"426\"><strong data-start=\"399\" data-end=\"424\">\ud83d\udd25 Caract\u00e9ristiques :<\/strong><\/p>\n<ul data-start=\"427\" data-end=\"686\">\n<li data-start=\"427\" data-end=\"480\">\n<p data-start=\"429\" data-end=\"480\">Bracelet <strong data-start=\"438\" data-end=\"453\">double tour<\/strong> en cuir v\u00e9ritable tress\u00e9<\/p>\n<\/li>\n<li data-start=\"481\" data-end=\"563\">\n<p data-start=\"483\" data-end=\"563\">\u00c9l\u00e9ments m\u00e9talliques en <strong data-start=\"507\" data-end=\"517\">titane<\/strong> : r\u00e9sistants, hypoallerg\u00e9niques et durables<\/p>\n<\/li>\n<li data-start=\"564\" data-end=\"595\">\n<p data-start=\"566\" data-end=\"595\">Fermoir magn\u00e9tique s\u00e9curis\u00e9<\/p>\n<\/li>\n<li data-start=\"596\" data-end=\"637\">\n<p data-start=\"598\" data-end=\"637\">Design minimaliste mais tr\u00e8s masculin<\/p>\n<\/li>\n<li data-start=\"638\" data-end=\"686\">\n<p data-start=\"640\" data-end=\"686\">Confortable au quotidien, ne s\u2019effiloche pas<\/p>\n<\/li>\n<\/ul>\n<p data-start=\"688\" data-end=\"811\"><strong data-start=\"688\" data-end=\"706\">\u2728 Id\u00e9al pour :<\/strong><br data-start=\"706\" data-end=\"709\" \/>Style urbain, soir\u00e9es, look biker chic, ou simplement pour ajouter une touche sensuelle \u00e0 ton poignet.<\/p>\n<p>&nbsp;<\/p>","protected":false},"excerpt":{"rendered":"<p>Un bracelet sobre, viril et \u00e9l\u00e9gant, pens\u00e9 pour ceux qui aiment un style affirm\u00e9 sans en faire trop. Le cuir tress\u00e9 apporte une texture riche et masculine, tandis que les d\u00e9tails m\u00e9talliques en titane donnent une touche premium, moderne et indestructible. \ud83d\udd25 Caract\u00e9ristiques : Bracelet double tour en cuir v\u00e9ritable tress\u00e9 \u00c9l\u00e9ments m\u00e9talliques en titane [&hellip;]<\/p>\n","protected":false},"featured_media":32014,"comment_status":"open","ping_status":"closed","template":"","meta":{"nf_dc_page":"","_bbp_topic_count":0,"_bbp_reply_count":0,"_bbp_total_topic_count":0,"_bbp_total_reply_count":0,"_bbp_voice_count":0,"_bbp_anonymous_reply_count":0,"_bbp_topic_count_hidden":0,"_bbp_reply_count_hidden":0,"_bbp_forum_subforum_count":0,"jetpack_publicize_message":"","jetpack_publicize_feature_enabled":true,"jetpack_social_post_already_shared":true,"jetpack_social_options":{"image_generator_settings":{"template":"highway","default_image_id":0,"font":"","enabled":false},"version":2}},"product_brand":[],"product_cat":[590],"product_tag":[595],"class_list":{"0":"post-32020","1":"product","2":"type-product","3":"status-publish","4":"has-post-thumbnail","6":"product_cat-bijoux","7":"product_tag-bracelet","9":"first","10":"instock","11":"taxable","12":"shipping-taxable","13":"purchasable","14":"product-type-variable"},"jetpack_publicize_connections":[],"_links":{"self":[{"href":"https:\/\/lecochonsavant.com\/en\/wp-json\/wp\/v2\/product\/32020","targetHints":{"allow":["GET"]}}],"collection":[{"href":"https:\/\/lecochonsavant.com\/en\/wp-json\/wp\/v2\/product"}],"about":[{"href":"https:\/\/lecochonsavant.com\/en\/wp-json\/wp\/v2\/types\/product"}],"replies":[{"embeddable":true,"href":"https:\/\/lecochonsavant.com\/en\/wp-json\/wp\/v2\/comments?post=32020"}],"wp:featuredmedia":[{"embeddable":true,"href":"https:\/\/lecochonsavant.com\/en\/wp-json\/wp\/v2\/media\/32014"}],"wp:attachment":[{"href":"https:\/\/lecochonsavant.com\/en\/wp-json\/wp\/v2\/media?parent=32020"}],"wp:term":[{"taxonomy":"product_brand","embeddable":true,"href":"https:\/\/lecochonsavant.com\/en\/wp-json\/wp\/v2\/product_brand?post=32020"},{"taxonomy":"product_cat","embeddable":true,"href":"https:\/\/lecochonsavant.com\/en\/wp-json\/wp\/v2\/product_cat?post=32020"},{"taxonomy":"product_tag","embeddable":true,"href":"https:\/\/lecochonsavant.com\/en\/wp-json\/wp\/v2\/product_tag?post=32020"}],"curies":[{"name":"wp","href":"https:\/\/api.w.org\/{rel}","templated":true}]}}