{"id":32033,"date":"2025-11-29T15:14:39","date_gmt":"2025-11-29T20:14:39","guid":{"rendered":"https:\/\/lecochonsavant.com\/produit\/multi-layer-vintage-cowhide-rope\/"},"modified":"2025-12-01T21:21:05","modified_gmt":"2025-12-02T02:21:05","slug":"multi-layer-vintage-cowhide-rope","status":"publish","type":"product","link":"https:\/\/lecochonsavant.com\/en\/product\/multi-layer-vintage-cowhide-rope\/","title":{"rendered":"Bracelet manchette en cuir tress\u00e9 \u2014 Style biker &#038; bondage"},"content":{"rendered":"<p data-start=\"159\" data-end=\"394\"><img decoding=\"async\" class=\"alignnone  wp-image-32586\" src=\"https:\/\/lecochonsavant.com\/wp-content\/uploads\/2025\/11\/rabais-20-300x41.jpg\" alt=\"\" width=\"417\" height=\"57\" srcset=\"https:\/\/lecochonsavant.com\/wp-content\/uploads\/2025\/11\/rabais-20-300x41.jpg 300w, https:\/\/lecochonsavant.com\/wp-content\/uploads\/2025\/11\/rabais-20-64x9.jpg 64w, https:\/\/lecochonsavant.com\/wp-content\/uploads\/2025\/11\/rabais-20.jpg 528w\" sizes=\"(max-width: 417px) 100vw, 417px\" \/><\/p>\n<p data-start=\"159\" data-end=\"394\">Une manchette en cuir large, brute et indomptable, avec tressage central et boutons-pression m\u00e9talliques r\u00e9glables. Le genre d\u2019accessoire qui donne imm\u00e9diatement une pr\u00e9sence plus masculine, plus affirm\u00e9e\u2026 et franchement plus <strong data-start=\"385\" data-end=\"393\">sexy<\/strong>.<\/p>\n<p data-start=\"396\" data-end=\"423\"><strong data-start=\"396\" data-end=\"421\">\ud83d\udd25 Caract\u00e9ristiques :<\/strong><\/p>\n<ul data-start=\"424\" data-end=\"663\">\n<li data-start=\"424\" data-end=\"461\">\n<p data-start=\"426\" data-end=\"461\">Bracelet manchette en cuir tress\u00e9<\/p>\n<\/li>\n<li data-start=\"462\" data-end=\"494\">\n<p data-start=\"464\" data-end=\"494\">Style biker \/ rock \/ bondage<\/p>\n<\/li>\n<li data-start=\"495\" data-end=\"519\">\n<p data-start=\"497\" data-end=\"519\">Largeur : <strong data-start=\"507\" data-end=\"517\">4,5 cm<\/strong><\/p>\n<\/li>\n<li data-start=\"520\" data-end=\"575\">\n<p data-start=\"522\" data-end=\"575\">Longueur : <strong data-start=\"533\" data-end=\"542\">23 cm<\/strong>, ajustable gr\u00e2ce aux pressions<\/p>\n<\/li>\n<li data-start=\"576\" data-end=\"620\">\n<p data-start=\"578\" data-end=\"620\">Structure solide, confortable et durable<\/p>\n<\/li>\n<li data-start=\"621\" data-end=\"663\">\n<p data-start=\"623\" data-end=\"663\">Look viril, accent fort sur le poignet<\/p>\n<\/li>\n<\/ul>\n<p data-start=\"665\" data-end=\"779\"><strong data-start=\"665\" data-end=\"683\">\u2728 Id\u00e9al pour :<\/strong><br data-start=\"683\" data-end=\"686\" \/>Sorties, soir\u00e9es, cosplay, cuir &amp; fetish, ou simplement pour affirmer ton style au quotidien.<\/p>\n<p>Size: 23 * 4.5CM <img decoding=\"async\" src=\"https:\/\/cf.cjdropshipping.com\/50c25a3c-2145-4866-ab64-5df685d3f6fc.png\" \/><\/p>","protected":false},"excerpt":{"rendered":"<p>Une manchette en cuir large, brute et indomptable, avec tressage central et boutons-pression m\u00e9talliques r\u00e9glables. Le genre d\u2019accessoire qui donne imm\u00e9diatement une pr\u00e9sence plus masculine, plus affirm\u00e9e\u2026 et franchement plus sexy. \ud83d\udd25 Caract\u00e9ristiques : Bracelet manchette en cuir tress\u00e9 Style biker \/ rock \/ bondage Largeur : 4,5 cm Longueur : 23 cm, ajustable gr\u00e2ce [&hellip;]<\/p>\n","protected":false},"featured_media":32023,"comment_status":"open","ping_status":"closed","template":"","meta":{"nf_dc_page":"","_bbp_topic_count":0,"_bbp_reply_count":0,"_bbp_total_topic_count":0,"_bbp_total_reply_count":0,"_bbp_voice_count":0,"_bbp_anonymous_reply_count":0,"_bbp_topic_count_hidden":0,"_bbp_reply_count_hidden":0,"_bbp_forum_subforum_count":0,"jetpack_publicize_message":"","jetpack_publicize_feature_enabled":true,"jetpack_social_post_already_shared":true,"jetpack_social_options":{"image_generator_settings":{"template":"highway","default_image_id":0,"font":"","enabled":false},"version":2}},"product_brand":[],"product_cat":[590],"product_tag":[595],"class_list":{"0":"post-32033","1":"product","2":"type-product","3":"status-publish","4":"has-post-thumbnail","6":"product_cat-bijoux","7":"product_tag-bracelet","9":"first","10":"instock","11":"taxable","12":"shipping-taxable","13":"purchasable","14":"product-type-variable"},"jetpack_publicize_connections":[],"_links":{"self":[{"href":"https:\/\/lecochonsavant.com\/en\/wp-json\/wp\/v2\/product\/32033","targetHints":{"allow":["GET"]}}],"collection":[{"href":"https:\/\/lecochonsavant.com\/en\/wp-json\/wp\/v2\/product"}],"about":[{"href":"https:\/\/lecochonsavant.com\/en\/wp-json\/wp\/v2\/types\/product"}],"replies":[{"embeddable":true,"href":"https:\/\/lecochonsavant.com\/en\/wp-json\/wp\/v2\/comments?post=32033"}],"wp:featuredmedia":[{"embeddable":true,"href":"https:\/\/lecochonsavant.com\/en\/wp-json\/wp\/v2\/media\/32023"}],"wp:attachment":[{"href":"https:\/\/lecochonsavant.com\/en\/wp-json\/wp\/v2\/media?parent=32033"}],"wp:term":[{"taxonomy":"product_brand","embeddable":true,"href":"https:\/\/lecochonsavant.com\/en\/wp-json\/wp\/v2\/product_brand?post=32033"},{"taxonomy":"product_cat","embeddable":true,"href":"https:\/\/lecochonsavant.com\/en\/wp-json\/wp\/v2\/product_cat?post=32033"},{"taxonomy":"product_tag","embeddable":true,"href":"https:\/\/lecochonsavant.com\/en\/wp-json\/wp\/v2\/product_tag?post=32033"}],"curies":[{"name":"wp","href":"https:\/\/api.w.org\/{rel}","templated":true}]}}