{"id":32071,"date":"2025-11-29T15:22:27","date_gmt":"2025-11-29T20:22:27","guid":{"rendered":"https:\/\/lecochonsavant.com\/produit\/bracelet-hip-hop-unisexe-entierement-serti-de-diamants-strass\/"},"modified":"2025-12-01T21:20:06","modified_gmt":"2025-12-02T02:20:06","slug":"bracelet-hip-hop-unisexe-entierement-serti-de-diamants-strass","status":"publish","type":"product","link":"https:\/\/lecochonsavant.com\/en\/product\/bracelet-hip-hop-unisexe-entierement-serti-de-diamants-strass\/","title":{"rendered":"Bracelet hip-hop unisexe \u2014  enti\u00e8rement serti de diamants (strass)"},"content":{"rendered":"<p data-start=\"140\" data-end=\"363\"><img decoding=\"async\" class=\"alignnone  wp-image-32586\" src=\"https:\/\/lecochonsavant.com\/wp-content\/uploads\/2025\/11\/rabais-20-300x41.jpg\" alt=\"\" width=\"410\" height=\"56\" srcset=\"https:\/\/lecochonsavant.com\/wp-content\/uploads\/2025\/11\/rabais-20-300x41.jpg 300w, https:\/\/lecochonsavant.com\/wp-content\/uploads\/2025\/11\/rabais-20-64x9.jpg 64w, https:\/\/lecochonsavant.com\/wp-content\/uploads\/2025\/11\/rabais-20.jpg 528w\" sizes=\"(max-width: 410px) 100vw, 410px\" \/><\/p>\n<p data-start=\"140\" data-end=\"363\">Ce bracelet enti\u00e8rement serti de strass diamant\u00e9s capte la lumi\u00e8re sous tous les angles. Un bijou audacieux, massif, qui donne instantan\u00e9ment du <strong data-start=\"285\" data-end=\"297\">charisme<\/strong>, du <strong data-start=\"302\" data-end=\"310\">flow<\/strong> et une touche de <strong data-start=\"325\" data-end=\"340\">luxe urbain<\/strong> \u00e0 n\u2019importe quel look.<\/p>\n<p data-start=\"365\" data-end=\"391\"><strong data-start=\"365\" data-end=\"389\">\u2728 Caract\u00e9ristiques :<\/strong><\/p>\n<ul data-start=\"392\" data-end=\"617\">\n<li data-start=\"392\" data-end=\"423\">\n<p data-start=\"394\" data-end=\"423\">Style hip-hop\/street luxe<\/p>\n<\/li>\n<li data-start=\"424\" data-end=\"485\">\n<p data-start=\"426\" data-end=\"485\">Maillons larges enti\u00e8rement sertis de strass scintillants<\/p>\n<\/li>\n<li data-start=\"486\" data-end=\"506\">\n<p data-start=\"488\" data-end=\"506\">Fermoir s\u00e9curis\u00e9<\/p>\n<\/li>\n<li data-start=\"507\" data-end=\"569\">\n<p data-start=\"509\" data-end=\"569\">Unisexe \u2014 parfait pour toutes les mains et tous les styles<\/p>\n<\/li>\n<li data-start=\"570\" data-end=\"617\">\n<p data-start=\"572\" data-end=\"617\">Confortable, brillant, impossible \u00e0 manquer<\/p>\n<\/li>\n<\/ul>\n<p data-start=\"619\" data-end=\"728\"><strong data-start=\"619\" data-end=\"638\">\ud83d\udd25 Id\u00e9al pour :<\/strong><br data-start=\"638\" data-end=\"641\" \/>Sorties, soir\u00e9es, shooting, mode urbaine, ou tout simplement pour briller au quotidien.<\/p>\n<h3 data-start=\"60\" data-end=\"99\"><strong data-start=\"64\" data-end=\"97\">Informations sur le produit :<\/strong><\/h3>\n<ul data-start=\"100\" data-end=\"450\">\n<li data-start=\"100\" data-end=\"230\">\n<p data-start=\"102\" data-end=\"126\"><strong data-start=\"102\" data-end=\"124\">Couleur \/ mod\u00e8le :<\/strong><\/p>\n<ul data-start=\"129\" data-end=\"230\">\n<li data-start=\"129\" data-end=\"178\">\n<p data-start=\"131\" data-end=\"178\">Bracelet diamant carr\u00e9 \u201cReverse Love\u201d \u2014 18 cm<\/p>\n<\/li>\n<li data-start=\"181\" data-end=\"230\">\n<p data-start=\"183\" data-end=\"230\">Bracelet diamant carr\u00e9 \u201cReverse Love\u201d \u2014 20 cm<\/p>\n<\/li>\n<\/ul>\n<\/li>\n<li data-start=\"231\" data-end=\"255\">\n<p data-start=\"233\" data-end=\"255\"><strong data-start=\"233\" data-end=\"245\">Public :<\/strong> Unisexe<\/p>\n<\/li>\n<li data-start=\"256\" data-end=\"311\">\n<p data-start=\"258\" data-end=\"311\"><strong data-start=\"258\" data-end=\"282\">Occasions d\u2019offrir :<\/strong> Anniversaire \/ c\u00e9l\u00e9bration<\/p>\n<\/li>\n<li data-start=\"312\" data-end=\"352\">\n<p data-start=\"314\" data-end=\"352\"><strong data-start=\"314\" data-end=\"325\">Style :<\/strong> Femme (inspir\u00e9 style JK)<\/p>\n<\/li>\n<li data-start=\"353\" data-end=\"379\">\n<p data-start=\"355\" data-end=\"379\"><strong data-start=\"355\" data-end=\"369\">Mat\u00e9riau :<\/strong> Alliage<\/p>\n<\/li>\n<li data-start=\"380\" data-end=\"407\">\n<p data-start=\"382\" data-end=\"407\"><strong data-start=\"382\" data-end=\"393\">Forme :<\/strong> G\u00e9om\u00e9trique<\/p>\n<\/li>\n<li data-start=\"408\" data-end=\"450\">\n<p data-start=\"410\" data-end=\"450\"><strong data-start=\"410\" data-end=\"435\">\u00c9l\u00e9ments populaires :<\/strong> Quadrilat\u00e8re<\/p>\n<\/li>\n<\/ul>\n<hr data-start=\"452\" data-end=\"455\" \/>\n<h3 data-start=\"457\" data-end=\"486\"><strong data-start=\"461\" data-end=\"484\">Liste d\u2019emballage :<\/strong><\/h3>\n<ul data-start=\"487\" data-end=\"505\">\n<li data-start=\"487\" data-end=\"505\">\n<p data-start=\"489\" data-end=\"505\"><strong data-start=\"489\" data-end=\"505\">Bracelet \u00d7 1<\/strong><\/p>\n<\/li>\n<\/ul>\n<p><b>Product Image:<\/b><\/p>\n<p><img decoding=\"async\" src=\"https:\/\/cf.cjdropshipping.com\/quick\/product\/806b7d94-0c9f-4533-9f09-d1119ad3a90f.jpg\" \/><br \/>\n<img decoding=\"async\" src=\"https:\/\/cf.cjdropshipping.com\/quick\/product\/d38e17a1-91a9-4f6d-b8da-137771db3bc2.jpg\" \/><\/p>","protected":false},"excerpt":{"rendered":"<p>Ce bracelet enti\u00e8rement serti de strass diamant\u00e9s capte la lumi\u00e8re sous tous les angles. Un bijou audacieux, massif, qui donne instantan\u00e9ment du charisme, du flow et une touche de luxe urbain \u00e0 n\u2019importe quel look. \u2728 Caract\u00e9ristiques : Style hip-hop\/street luxe Maillons larges enti\u00e8rement sertis de strass scintillants Fermoir s\u00e9curis\u00e9 Unisexe \u2014 parfait pour toutes [&hellip;]<\/p>\n","protected":false},"featured_media":32067,"comment_status":"open","ping_status":"closed","template":"","meta":{"nf_dc_page":"","_bbp_topic_count":0,"_bbp_reply_count":0,"_bbp_total_topic_count":0,"_bbp_total_reply_count":0,"_bbp_voice_count":0,"_bbp_anonymous_reply_count":0,"_bbp_topic_count_hidden":0,"_bbp_reply_count_hidden":0,"_bbp_forum_subforum_count":0,"jetpack_publicize_message":"","jetpack_publicize_feature_enabled":true,"jetpack_social_post_already_shared":true,"jetpack_social_options":{"image_generator_settings":{"template":"highway","default_image_id":0,"font":"","enabled":false},"version":2}},"product_brand":[],"product_cat":[590],"product_tag":[595],"class_list":{"0":"post-32071","1":"product","2":"type-product","3":"status-publish","4":"has-post-thumbnail","6":"product_cat-bijoux","7":"product_tag-bracelet","9":"first","10":"instock","11":"taxable","12":"shipping-taxable","13":"purchasable","14":"product-type-variable"},"jetpack_publicize_connections":[],"_links":{"self":[{"href":"https:\/\/lecochonsavant.com\/en\/wp-json\/wp\/v2\/product\/32071","targetHints":{"allow":["GET"]}}],"collection":[{"href":"https:\/\/lecochonsavant.com\/en\/wp-json\/wp\/v2\/product"}],"about":[{"href":"https:\/\/lecochonsavant.com\/en\/wp-json\/wp\/v2\/types\/product"}],"replies":[{"embeddable":true,"href":"https:\/\/lecochonsavant.com\/en\/wp-json\/wp\/v2\/comments?post=32071"}],"wp:featuredmedia":[{"embeddable":true,"href":"https:\/\/lecochonsavant.com\/en\/wp-json\/wp\/v2\/media\/32067"}],"wp:attachment":[{"href":"https:\/\/lecochonsavant.com\/en\/wp-json\/wp\/v2\/media?parent=32071"}],"wp:term":[{"taxonomy":"product_brand","embeddable":true,"href":"https:\/\/lecochonsavant.com\/en\/wp-json\/wp\/v2\/product_brand?post=32071"},{"taxonomy":"product_cat","embeddable":true,"href":"https:\/\/lecochonsavant.com\/en\/wp-json\/wp\/v2\/product_cat?post=32071"},{"taxonomy":"product_tag","embeddable":true,"href":"https:\/\/lecochonsavant.com\/en\/wp-json\/wp\/v2\/product_tag?post=32071"}],"curies":[{"name":"wp","href":"https:\/\/api.w.org\/{rel}","templated":true}]}}