{"id":32106,"date":"2025-11-29T16:08:37","date_gmt":"2025-11-29T21:08:37","guid":{"rendered":"https:\/\/lecochonsavant.com\/produit\/kit-de-6-manches-tatouage-pour-bras\/"},"modified":"2025-12-01T21:18:15","modified_gmt":"2025-12-02T02:18:15","slug":"kit-de-6-manches-tatouage-pour-bras","status":"publish","type":"product","link":"https:\/\/lecochonsavant.com\/en\/product\/kit-de-6-manches-tatouage-pour-bras\/","title":{"rendered":"Kit de 6 manches tatouage pour bras"},"content":{"rendered":"<h3 data-start=\"175\" data-end=\"211\"><img decoding=\"async\" class=\"alignnone  wp-image-32586\" src=\"https:\/\/lecochonsavant.com\/wp-content\/uploads\/2025\/11\/rabais-20-300x41.jpg\" alt=\"\" width=\"395\" height=\"54\" srcset=\"https:\/\/lecochonsavant.com\/wp-content\/uploads\/2025\/11\/rabais-20-300x41.jpg 300w, https:\/\/lecochonsavant.com\/wp-content\/uploads\/2025\/11\/rabais-20-64x9.jpg 64w, https:\/\/lecochonsavant.com\/wp-content\/uploads\/2025\/11\/rabais-20.jpg 528w\" sizes=\"(max-width: 395px) 100vw, 395px\" \/><\/h3>\n<h3 data-start=\"175\" data-end=\"211\"><strong data-start=\"179\" data-end=\"211\">Manches Tatouage \u2014 Pack de 6<\/strong><\/h3>\n<p data-start=\"213\" data-end=\"367\">Transforme instantan\u00e9ment ton look avec ces manches tatouage ultra-r\u00e9alistes. Effet \u00ab peau encr\u00e9e \u00bb garanti \u2014 sans aiguille, sans douleur, juste du style.<\/p>\n<p data-start=\"369\" data-end=\"401\"><strong data-start=\"369\" data-end=\"399\">\u2728 Pourquoi tu vas adorer :<\/strong><\/p>\n<ul data-start=\"402\" data-end=\"706\">\n<li data-start=\"402\" data-end=\"460\">\n<p data-start=\"404\" data-end=\"460\"><strong data-start=\"404\" data-end=\"431\">Effet tatouage bluffant<\/strong>, imprim\u00e9 haute d\u00e9finition.<\/p>\n<\/li>\n<li data-start=\"461\" data-end=\"530\">\n<p data-start=\"463\" data-end=\"530\"><strong data-start=\"463\" data-end=\"480\">Ultra confort<\/strong> : en nylon + spandex, frais, souple, respirant.<\/p>\n<\/li>\n<li data-start=\"531\" data-end=\"597\">\n<p data-start=\"533\" data-end=\"597\"><strong data-start=\"533\" data-end=\"554\">Prot\u00e8ge du soleil<\/strong> l\u2019\u00e9t\u00e9, garde une l\u00e9g\u00e8re chaleur l\u2019hiver.<\/p>\n<\/li>\n<li data-start=\"598\" data-end=\"661\">\n<p data-start=\"600\" data-end=\"661\"><strong data-start=\"600\" data-end=\"626\">Taille unique, unisexe<\/strong> : s\u2019ajuste parfaitement au bras.<\/p>\n<\/li>\n<li data-start=\"662\" data-end=\"706\">\n<p data-start=\"664\" data-end=\"706\"><strong data-start=\"664\" data-end=\"675\">Lavable<\/strong> : eau froide, s\u00e9chage \u00e0 l\u2019air.<\/p>\n<\/li>\n<\/ul>\n<p data-start=\"708\" data-end=\"791\"><strong data-start=\"708\" data-end=\"724\">\ud83d\udce6 Contenu :<\/strong><br data-start=\"724\" data-end=\"727\" \/>Pack de <strong data-start=\"735\" data-end=\"757\">6 manches de tatouage<\/strong> (motifs vari\u00e9s selon l\u2019ensemble).<\/p>\n<p data-start=\"793\" data-end=\"929\"><strong data-start=\"793\" data-end=\"814\">\ud83d\udd25 Parfait pour :<\/strong><br data-start=\"814\" data-end=\"817\" \/>Soir\u00e9es, festivals, s\u00e9ances photo, sport, cosplay \u2014 ou juste pour donner un edge sexy \u00e0 ton style du quotidien.<\/p>","protected":false},"excerpt":{"rendered":"<p>Manches Tatouage \u2014 Pack de 6 Transforme instantan\u00e9ment ton look avec ces manches tatouage ultra-r\u00e9alistes. Effet \u00ab peau encr\u00e9e \u00bb garanti \u2014 sans aiguille, sans douleur, juste du style. \u2728 Pourquoi tu vas adorer : Effet tatouage bluffant, imprim\u00e9 haute d\u00e9finition. Ultra confort : en nylon + spandex, frais, souple, respirant. Prot\u00e8ge du soleil l\u2019\u00e9t\u00e9, [&hellip;]<\/p>\n","protected":false},"featured_media":32105,"comment_status":"open","ping_status":"closed","template":"","meta":{"nf_dc_page":"","_bbp_topic_count":0,"_bbp_reply_count":0,"_bbp_total_topic_count":0,"_bbp_total_reply_count":0,"_bbp_voice_count":0,"_bbp_anonymous_reply_count":0,"_bbp_topic_count_hidden":0,"_bbp_reply_count_hidden":0,"_bbp_forum_subforum_count":0,"jetpack_publicize_message":"","jetpack_publicize_feature_enabled":true,"jetpack_social_post_already_shared":true,"jetpack_social_options":{"image_generator_settings":{"template":"highway","default_image_id":0,"font":"","enabled":false},"version":2}},"product_brand":[],"product_cat":[592],"product_tag":[594],"class_list":{"0":"post-32106","1":"product","2":"type-product","3":"status-publish","4":"has-post-thumbnail","6":"product_cat-cosmetique","7":"product_tag-tattoo","9":"first","10":"instock","11":"taxable","12":"shipping-taxable","13":"purchasable","14":"product-type-variable"},"jetpack_publicize_connections":[],"_links":{"self":[{"href":"https:\/\/lecochonsavant.com\/en\/wp-json\/wp\/v2\/product\/32106","targetHints":{"allow":["GET"]}}],"collection":[{"href":"https:\/\/lecochonsavant.com\/en\/wp-json\/wp\/v2\/product"}],"about":[{"href":"https:\/\/lecochonsavant.com\/en\/wp-json\/wp\/v2\/types\/product"}],"replies":[{"embeddable":true,"href":"https:\/\/lecochonsavant.com\/en\/wp-json\/wp\/v2\/comments?post=32106"}],"wp:featuredmedia":[{"embeddable":true,"href":"https:\/\/lecochonsavant.com\/en\/wp-json\/wp\/v2\/media\/32105"}],"wp:attachment":[{"href":"https:\/\/lecochonsavant.com\/en\/wp-json\/wp\/v2\/media?parent=32106"}],"wp:term":[{"taxonomy":"product_brand","embeddable":true,"href":"https:\/\/lecochonsavant.com\/en\/wp-json\/wp\/v2\/product_brand?post=32106"},{"taxonomy":"product_cat","embeddable":true,"href":"https:\/\/lecochonsavant.com\/en\/wp-json\/wp\/v2\/product_cat?post=32106"},{"taxonomy":"product_tag","embeddable":true,"href":"https:\/\/lecochonsavant.com\/en\/wp-json\/wp\/v2\/product_tag?post=32106"}],"curies":[{"name":"wp","href":"https:\/\/api.w.org\/{rel}","templated":true}]}}