{"id":32122,"date":"2025-11-29T16:16:54","date_gmt":"2025-11-29T21:16:54","guid":{"rendered":"https:\/\/lecochonsavant.com\/produit\/tatouages-temporaires-waterproof-body-art\/"},"modified":"2025-12-09T22:14:04","modified_gmt":"2025-12-10T03:14:04","slug":"tatouages-temporaires-waterproof-body-art","status":"publish","type":"product","link":"https:\/\/lecochonsavant.com\/en\/product\/tatouages-temporaires-waterproof-body-art\/","title":{"rendered":"Tatouages temporaires waterproof \u2014  Body art"},"content":{"rendered":"<p data-start=\"281\" data-end=\"538\"><img decoding=\"async\" class=\"alignnone wp-image-32586\" src=\"https:\/\/lecochonsavant.com\/wp-content\/uploads\/2025\/11\/rabais-20-300x41.jpg\" alt=\"\" width=\"380\" height=\"52\" srcset=\"https:\/\/lecochonsavant.com\/wp-content\/uploads\/2025\/11\/rabais-20-300x41.jpg 300w, https:\/\/lecochonsavant.com\/wp-content\/uploads\/2025\/11\/rabais-20-64x9.jpg 64w, https:\/\/lecochonsavant.com\/wp-content\/uploads\/2025\/11\/rabais-20.jpg 528w\" sizes=\"(max-width: 380px) 100vw, 380px\" \/><\/p>\n<p data-start=\"281\" data-end=\"538\">Transforme instantan\u00e9ment ton look avec ces tatouages temporaires ultra-r\u00e9alistes, inspir\u00e9s du style biomech et body art. Leur finition d\u00e9taill\u00e9e donne l\u2019illusion d\u2019un tatouage permanent, parfait pour cr\u00e9er un effet impact visuel puissant \u2014 sans engagement.<\/p>\n<p data-start=\"540\" data-end=\"564\"><strong data-start=\"540\" data-end=\"562\">Caract\u00e9ristiques :<\/strong><\/p>\n<ul data-start=\"565\" data-end=\"737\">\n<li data-start=\"565\" data-end=\"579\">\n<p data-start=\"567\" data-end=\"579\">Waterproof<\/p>\n<\/li>\n<li data-start=\"580\" data-end=\"599\">\n<p data-start=\"582\" data-end=\"599\">Tenue prolong\u00e9e<\/p>\n<\/li>\n<li data-start=\"600\" data-end=\"622\">\n<p data-start=\"602\" data-end=\"622\">Application facile<\/p>\n<\/li>\n<li data-start=\"623\" data-end=\"679\">\n<p data-start=\"625\" data-end=\"679\">Motifs complexes fa\u00e7on m\u00e9canique \/ cyber \/ organique<\/p>\n<\/li>\n<li data-start=\"680\" data-end=\"737\">\n<p data-start=\"682\" data-end=\"737\">Id\u00e9al pour photos, soir\u00e9es, festivals ou jeux de r\u00f4le<\/p>\n<\/li>\n<\/ul>\n<p data-start=\"739\" data-end=\"884\"><strong data-start=\"739\" data-end=\"758\">Effet garanti :<\/strong><br data-start=\"758\" data-end=\"761\" \/>Donne \u00e0 ton bras un look rebelle, sexy et affirm\u00e9, avec un tatouage qui attire les regards et met en valeur la musculature.<\/p>\n<h3 data-start=\"105\" data-end=\"123\"><strong data-start=\"109\" data-end=\"121\">Aper\u00e7u :<\/strong><\/h3>\n<ol data-start=\"124\" data-end=\"438\">\n<li data-start=\"124\" data-end=\"193\">\n<p data-start=\"127\" data-end=\"193\">Peut s\u2019utiliser sur la peau, le m\u00e9tal, la c\u00e9ramique ou le verre.<\/p>\n<\/li>\n<li data-start=\"194\" data-end=\"278\">\n<p data-start=\"197\" data-end=\"278\">Motifs imprim\u00e9s avec des couleurs vives, imitant parfaitement un vrai tatouage.<\/p>\n<\/li>\n<li data-start=\"279\" data-end=\"395\">\n<p data-start=\"282\" data-end=\"395\">Excellent choix comme tatouage temporaire, maquillage corporel, et peut aussi servir \u00e0 camoufler une cicatrice.<\/p>\n<\/li>\n<li data-start=\"396\" data-end=\"438\">\n<p data-start=\"399\" data-end=\"438\">Facile \u00e0 appliquer et facile \u00e0 retirer.<\/p>\n<\/li>\n<\/ol>\n<h3 data-start=\"440\" data-end=\"468\"><strong data-start=\"444\" data-end=\"466\">Caract\u00e9ristiques :<\/strong><\/h3>\n<ul data-start=\"469\" data-end=\"928\">\n<li data-start=\"469\" data-end=\"518\">\n<p data-start=\"471\" data-end=\"518\"><strong data-start=\"471\" data-end=\"485\">Mat\u00e9riau :<\/strong> sticker \u00e0 transfert d\u2019eau 175G<\/p>\n<\/li>\n<li data-start=\"519\" data-end=\"671\">\n<p data-start=\"521\" data-end=\"671\"><strong data-start=\"521\" data-end=\"533\">Atouts :<\/strong> waterproof et anti-transpiration, bonne respirabilit\u00e9. Le motif n\u2019est pas r\u00e9fl\u00e9chissant. Tr\u00e8s haute fid\u00e9lit\u00e9, sans danger pour la peau.<\/p>\n<\/li>\n<li data-start=\"672\" data-end=\"746\">\n<p data-start=\"674\" data-end=\"746\"><strong data-start=\"674\" data-end=\"685\">Dur\u00e9e :<\/strong> tient <strong data-start=\"692\" data-end=\"707\">3 \u00e0 5 jours<\/strong> selon la peau et les soins apport\u00e9s.<\/p>\n<\/li>\n<li data-start=\"747\" data-end=\"787\">\n<p data-start=\"749\" data-end=\"787\"><strong data-start=\"749\" data-end=\"772\">Taille du produit :<\/strong> 210 \u00d7 150 mm<\/p>\n<\/li>\n<li data-start=\"788\" data-end=\"833\">\n<p data-start=\"790\" data-end=\"833\"><strong data-start=\"790\" data-end=\"815\">Poids d\u2019une feuille :<\/strong> 9,6 g \/ feuille<\/p>\n<\/li>\n<li data-start=\"834\" data-end=\"928\">\n<p data-start=\"836\" data-end=\"928\"><strong data-start=\"836\" data-end=\"851\">Emballage :<\/strong> chaque tatouage est emball\u00e9 individuellement dans un sachet transparent OPP.<\/p>\n<\/li>\n<\/ul>\n<h3 data-start=\"930\" data-end=\"959\"><strong data-start=\"934\" data-end=\"957\">Contenu du paquet :<\/strong><\/h3>\n<ul data-start=\"960\" data-end=\"986\">\n<li data-start=\"960\" data-end=\"986\">\n<p data-start=\"962\" data-end=\"986\"><strong data-start=\"962\" data-end=\"986\">1 \u00d7 Sticker tatouage<\/strong><\/p>\n<\/li>\n<\/ul>\n<p><img decoding=\"async\" src=\"https:\/\/cf.cjdropshipping.com\/71395552-ed9f-4937-91c2-7db0d0be258c.jpg\" \/> <img decoding=\"async\" src=\"https:\/\/cf.cjdropshipping.com\/b4510afc-49d7-4190-a91b-e22ecdc177f5.jpg\" \/> <img decoding=\"async\" src=\"https:\/\/cf.cjdropshipping.com\/10d6c535-115b-4a67-a341-2e570793b8e3.jpg\" \/> <img decoding=\"async\" src=\"https:\/\/cf.cjdropshipping.com\/9fb8131f-ceea-4183-83df-1901b61662b2.jpg\" \/> <img decoding=\"async\" src=\"https:\/\/cf.cjdropshipping.com\/e29511ca-8d94-4dbb-b62b-f70f89d47700.jpg\" \/> <img decoding=\"async\" src=\"https:\/\/cf.cjdropshipping.com\/993c6fbf-8ee8-448e-a3c4-e6d8b76ee56e.jpg\" \/> <img decoding=\"async\" src=\"https:\/\/cf.cjdropshipping.com\/995f0a8e-a0c3-4b02-a451-6ff4a3e411a3.jpg\" \/><\/p>","protected":false},"excerpt":{"rendered":"<p>Transforme instantan\u00e9ment ton look avec ces tatouages temporaires ultra-r\u00e9alistes, inspir\u00e9s du style biomech et body art. Leur finition d\u00e9taill\u00e9e donne l\u2019illusion d\u2019un tatouage permanent, parfait pour cr\u00e9er un effet impact visuel puissant \u2014 sans engagement. Caract\u00e9ristiques : Waterproof Tenue prolong\u00e9e Application facile Motifs complexes fa\u00e7on m\u00e9canique \/ cyber \/ organique Id\u00e9al pour photos, soir\u00e9es, festivals [&hellip;]<\/p>\n","protected":false},"featured_media":32112,"comment_status":"open","ping_status":"closed","template":"","meta":{"nf_dc_page":"","_bbp_topic_count":0,"_bbp_reply_count":0,"_bbp_total_topic_count":0,"_bbp_total_reply_count":0,"_bbp_voice_count":0,"_bbp_anonymous_reply_count":0,"_bbp_topic_count_hidden":0,"_bbp_reply_count_hidden":0,"_bbp_forum_subforum_count":0,"jetpack_publicize_message":"","jetpack_publicize_feature_enabled":true,"jetpack_social_post_already_shared":true,"jetpack_social_options":{"image_generator_settings":{"template":"highway","default_image_id":0,"font":"","enabled":false},"version":2}},"product_brand":[],"product_cat":[592],"product_tag":[],"class_list":{"0":"post-32122","1":"product","2":"type-product","3":"status-publish","4":"has-post-thumbnail","6":"product_cat-cosmetique","8":"first","9":"instock","10":"taxable","11":"shipping-taxable","12":"purchasable","13":"product-type-variable"},"jetpack_publicize_connections":[],"_links":{"self":[{"href":"https:\/\/lecochonsavant.com\/en\/wp-json\/wp\/v2\/product\/32122","targetHints":{"allow":["GET"]}}],"collection":[{"href":"https:\/\/lecochonsavant.com\/en\/wp-json\/wp\/v2\/product"}],"about":[{"href":"https:\/\/lecochonsavant.com\/en\/wp-json\/wp\/v2\/types\/product"}],"replies":[{"embeddable":true,"href":"https:\/\/lecochonsavant.com\/en\/wp-json\/wp\/v2\/comments?post=32122"}],"wp:featuredmedia":[{"embeddable":true,"href":"https:\/\/lecochonsavant.com\/en\/wp-json\/wp\/v2\/media\/32112"}],"wp:attachment":[{"href":"https:\/\/lecochonsavant.com\/en\/wp-json\/wp\/v2\/media?parent=32122"}],"wp:term":[{"taxonomy":"product_brand","embeddable":true,"href":"https:\/\/lecochonsavant.com\/en\/wp-json\/wp\/v2\/product_brand?post=32122"},{"taxonomy":"product_cat","embeddable":true,"href":"https:\/\/lecochonsavant.com\/en\/wp-json\/wp\/v2\/product_cat?post=32122"},{"taxonomy":"product_tag","embeddable":true,"href":"https:\/\/lecochonsavant.com\/en\/wp-json\/wp\/v2\/product_tag?post=32122"}],"curies":[{"name":"wp","href":"https:\/\/api.w.org\/{rel}","templated":true}]}}